{"id":996,"date":"2023-11-01T15:25:29","date_gmt":"2023-11-01T20:25:29","guid":{"rendered":"https:\/\/ambpanama.esteri.it\/servizi-consolari-e-visti\/servizi-per-il-cittadino-italiano\/stato-civile\/registrare-un-matrimonio\/"},"modified":"2025-04-23T10:03:01","modified_gmt":"2025-04-23T15:03:01","slug":"registrare-un-matrimonio","status":"publish","type":"page","link":"https:\/\/ambpanama.esteri.it\/es\/servizi-consolari-e-visti\/servizi-per-il-cittadino-italiano\/stato-civile\/registrare-un-matrimonio\/","title":{"rendered":"Registrar un matrimonio"},"content":{"rendered":"<p style=\"text-align: justify;\">El matrimonio de un ciudadano italiano residente en Panam\u00e1 celebrado en el extranjero debe ser transcrito al Ayuntamiento italiano competente.<\/p>\n<p style=\"text-align: justify;\"><strong>Donde solicitar el servicio:<\/strong><\/p>\n<p style=\"text-align: justify; padding-left: 40px;\">a). present\u00e1ndose el ciudadano italiano interesado en la Embajada de Italia en Panam\u00e1, reservando una cita para \u00abServicios consulares\u00bb a trav\u00e9s del portal <a href=\"https:\/\/prenotami.esteri.it\/\">Prenot@mi<\/a>;<\/p>\n<p style=\"text-align: justify; padding-left: 40px;\">b). dirigi\u00e9ndose directamente a su Ayuntamiento de inscripci\u00f3n A.I.R.E. (en este caso es necesario dirigirse a la Oficina del Estado Civil municipal).<\/p>\n<p style=\"text-align: justify;\"><strong>I. DOCUMENTOS POR PRESENTAR PARA MATRIMONIOS EN PANAM\u00c1:<\/strong><\/p>\n<p style=\"text-align: justify; padding-left: 40px;\">a). <a href=\"https:\/\/ambpanama.esteri.it\/wp-content\/uploads\/2025\/03\/matrimonio.pdf\">Formulario<\/a>\u00a0de solicitud de transcripci\u00f3n, (se firma ante un funcionario);<br \/>\nb). Acta \u00edntegral de matrimonio en original, expedido por el \u00abTribunal Electoral\u00bb, con Apostilla emitida por el <a href=\"https:\/\/mire.gob.pa\/\">Ministerio de Relaciones Exteriores de Panama.;<\/a> con fecha de emisi\u00f3n no superior a un a\u00f1o<br \/>\nc). Traducci\u00f3n del documento original, debidamente acompa\u00f1ada de la apostilla en la firma del traductor. <strong>NOTA<\/strong>: La traducci\u00f3n debe realizarse desde el idioma original del documento al italiano y no se aceptar\u00e1n traducciones con firma digital.<br \/>\nd). Fotocopias de los documentos de identidad de ambos c\u00f3nyuges.<\/p>\n<p style=\"text-align: justify;\"><strong>Todos los documentos deber\u00e1n ser presentados en original y fotocopias de los mismos (legibles).<\/strong><\/p>\n<ul style=\"text-align: justify;\">\n<li>Si los documentos tienen escritos o anotaciones en el reverso de la hoja, deber\u00e1n presentarse tambi\u00e9n fotocopias del reverso de la citada hoja.<\/li>\n<\/ul>\n<p style=\"text-align: justify;\"><strong>II. DOCUMENTOS POR PRESENTAR PARA MATRIMONIOS EN OTROS PA\u00cdSES:<\/strong><\/p>\n<p style=\"text-align: justify; padding-left: 40px;\">a). <a href=\"https:\/\/ambpanama.esteri.it\/wp-content\/uploads\/2025\/03\/matrimonio.pdf\">Formulario<\/a>\u00a0de solicitud de transcripci\u00f3n, debidamente cumplimentado (se firma ante un funcionario)<br \/>\nb). Acta de matrimonio \u00edntegra en original expedida por la autoridad competente del pa\u00eds de origen; con fecha de emisi\u00f3n no superior a un a\u00f1o<br \/>\nc). Apostilla del Acta en original expedida por la Autoridad competente en el pa\u00eds de origen:<br \/>\nd). Traducci\u00f3n del documento original, debidamente acompa\u00f1ada de la apostilla en la firma del traductor. <strong>NOTA<\/strong>: La traducci\u00f3n debe realizarse desde el idioma original del documento al italiano y no se aceptar\u00e1n traducciones con firma digital.<br \/>\nd). Fotocopias de los documentos de identidad de ambos c\u00f3nyuges.<\/p>\n<p style=\"text-align: justify;\"><strong>Todos los documentos deber\u00e1n ser presentados en original y fotocopias de los mismos (legibles).<\/strong><\/p>\n<ul style=\"text-align: justify;\">\n<li><span class=\"Y2IQFc\" lang=\"es\">Si los documentos tienen escritos o anotaciones en el reverso de la hoja, deber\u00e1n presentarse tambi\u00e9n fotocopias del reverso de la citada hoja.<\/span><\/li>\n<\/ul>\n<div id=\"tw-target-text-container\" class=\"tw-ta-container F0azHf tw-nfl\" tabindex=\"0\">\n<p id=\"tw-target-text\" class=\"tw-data-text tw-text-large tw-ta\" dir=\"ltr\" style=\"text-align: justify;\" data-placeholder=\"Traduzione\"><strong><span class=\"Y2IQFc\" lang=\"es\">La Embajada enviar\u00e1 un correo electr\u00f3nico al interesado sobre la efectiva transmisi\u00f3n de la solicitud a la Autoridad competente. Por lo tanto, no es necesario solicitar informaci\u00f3n sobre el estado del tr\u00e1mite, ya que es responsabilidad de otras Autoridades.<\/span><\/strong><\/p>\n<p class=\"tw-data-text tw-text-large tw-ta\" dir=\"ltr\" style=\"text-align: justify;\" data-placeholder=\"Traduzione\"><strong><span class=\"Y2IQFc\" lang=\"es\">Se recomienda proporcionar una direcci\u00f3n de correo electr\u00f3nico v\u00e1lida y comunicar cualquier actualizaci\u00f3n de la misma.<\/span><\/strong><\/p>\n<\/div>\n","protected":false},"excerpt":{"rendered":"El matrimonio de un ciudadano italiano residente en Panam\u00e1 celebrado en el extranjero debe ser transcrito al Ayuntamiento italiano competente. Donde solicitar el servicio: a). present\u00e1ndose el ciudadano italiano interesado en la Embajada de Italia en Panam\u00e1, reservando una cita para \u00abServicios consulares\u00bb a trav\u00e9s del portal Prenot@mi; b). dirigi\u00e9ndose directamente a su Ayuntamiento de [&hellip;]","protected":false},"author":4,"featured_media":0,"parent":173,"menu_order":1,"comment_status":"closed","ping_status":"closed","template":"","meta":{"footnotes":""},"class_list":["post-996","page","type-page","status-publish","hentry"],"_links":{"self":[{"href":"https:\/\/ambpanama.esteri.it\/es\/wp-json\/wp\/v2\/pages\/996","targetHints":{"allow":["GET"]}}],"collection":[{"href":"https:\/\/ambpanama.esteri.it\/es\/wp-json\/wp\/v2\/pages"}],"about":[{"href":"https:\/\/ambpanama.esteri.it\/es\/wp-json\/wp\/v2\/types\/page"}],"author":[{"embeddable":true,"href":"https:\/\/ambpanama.esteri.it\/es\/wp-json\/wp\/v2\/users\/4"}],"replies":[{"embeddable":true,"href":"https:\/\/ambpanama.esteri.it\/es\/wp-json\/wp\/v2\/comments?post=996"}],"version-history":[{"count":6,"href":"https:\/\/ambpanama.esteri.it\/es\/wp-json\/wp\/v2\/pages\/996\/revisions"}],"predecessor-version":[{"id":7716,"href":"https:\/\/ambpanama.esteri.it\/es\/wp-json\/wp\/v2\/pages\/996\/revisions\/7716"}],"up":[{"embeddable":true,"href":"https:\/\/ambpanama.esteri.it\/es\/wp-json\/wp\/v2\/pages\/173"}],"wp:attachment":[{"href":"https:\/\/ambpanama.esteri.it\/es\/wp-json\/wp\/v2\/media?parent=996"}],"curies":[{"name":"wp","href":"https:\/\/api.w.org\/{rel}","templated":true}]}}