{"id":100,"date":"2023-04-11T18:24:48","date_gmt":"2023-04-11T16:24:48","guid":{"rendered":"https:\/\/ambasciatapraga.esteri.it\/?page_id=100"},"modified":"2024-11-22T14:50:45","modified_gmt":"2024-11-22T19:50:45","slug":"turismo","status":"publish","type":"page","link":"https:\/\/ambpanama.esteri.it\/it\/italia-e-panama\/diplomazia-culturale\/turismo\/","title":{"rendered":"Turismo"},"content":{"rendered":"<p><strong>Perch\u00e9 visitare l\u2019Italia?<\/strong><\/p>\n<p style=\"text-align: justify;\">Ci sono molte ragioni per cui gli stranieri potrebbero considerare di visitare l\u2019Italia. Eccone alcune:<\/p>\n<p style=\"text-align: justify;\"><strong>Storia e cultura<\/strong>: l\u2019Italia \u00e8 un paese ricco di storia e cultura. \u00c8 il luogo in cui sono nate molte delle grandi civilt\u00e0 dell\u2019antichit\u00e0, come gli antichi romani. Ci sono numerosi siti storici e archeologici da esplorare, come il Colosseo di Roma, Pompei e gli antichi siti di Ercolano.<\/p>\n<p style=\"text-align: justify;\"><strong>Arte e architettura<\/strong>: l\u2019Italia \u00e8 famosa per la sua ricca tradizione artistica e architettonica. Qui si trovano alcune delle opere d\u2019arte pi\u00f9 celebri al mondo, come il David di Michelangelo a Firenze e la Cappella Sistina nel Vaticano. Le citt\u00e0 italiane sono anche note per la loro architettura unica, come i canali di Venezia, i palazzi rinascimentali di Firenze e i monumenti di Roma.<\/p>\n<p style=\"text-align: justify;\"><strong>Cibo e vino<\/strong>: La cucina italiana \u00e8 rinomata in tutto il mondo. In Italia si pu\u00f2 gustare una variet\u00e0 di piatti deliziosi, come la pizza napoletana, la pasta fresca, i gelati artigianali e i formaggi regionali. Inoltre, l\u2019Italia \u00e8 una delle maggiori produttrici di vino al mondo, i viaggiatori possono apprezzare la visita delle regioni vinicole come la Toscana e il Piemonte.<\/p>\n<p style=\"text-align: justify;\"><strong>Paesaggi mozzafiato<\/strong>: L\u2019Italia offre una grande variet\u00e0 di paesaggi spettacolari. Ci sono le incantevoli coste dell\u2019Amalfitana e della Liguria, le Dolomiti alpine nel nord, i pittoreschi laghi della Lombardia e molte altre destinazioni naturali di grande bellezza. I turisti possono apprezzare escursioni in montagna, passeggiate lungo la costa e la visita di affascinanti borghi medievali.<\/p>\n<p style=\"text-align: justify;\"><strong>Ospitalit\u00e0 italiana<\/strong>: Gli italiani sono noti per la loro calda ospitalit\u00e0. I turisti possono aspettarsi di essere accolti con gentilezza e di godere dell\u2019atmosfera accogliente delle citt\u00e0 italiane.<br \/>\nGli italiani sono anche famosi per la loro passione per il calcio, e i turisti potrebbero vivere l\u2019esperienza unica di assistere a una partita di calcio italiana.<\/p>\n<p style=\"text-align: justify;\">Ogni viaggiatore ha gusti e interessi diversi, quindi l\u2019Italia offre una vasta gamma di esperienze per soddisfare le preferenze individuali.<\/p>\n<p><strong>Siti utili<\/strong><\/p>\n<p>ENIT \u2013 Agenzia Nazionale del Turismo \u2013\u00a0<a href=\"https:\/\/www.enit.it\/\">Roma<\/a><\/p>\n<p>MINISTERO DEL TURISMO \u2013 Sito\u00a0<a href=\"https:\/\/www.italia.it\/it\">Italia.it<\/a><\/p>\n","protected":false},"excerpt":{"rendered":"Perch\u00e9 visitare l\u2019Italia? Ci sono molte ragioni per cui gli stranieri potrebbero considerare di visitare l\u2019Italia. Eccone alcune: Storia e cultura: l\u2019Italia \u00e8 un paese ricco di storia e cultura. \u00c8 il luogo in cui sono nate molte delle grandi civilt\u00e0 dell\u2019antichit\u00e0, come gli antichi romani. Ci sono numerosi siti storici e archeologici da esplorare, [&hellip;]","protected":false},"author":1,"featured_media":0,"parent":44,"menu_order":0,"comment_status":"closed","ping_status":"closed","template":"","meta":{"footnotes":""},"class_list":["post-100","page","type-page","status-publish","hentry"],"_links":{"self":[{"href":"https:\/\/ambpanama.esteri.it\/it\/wp-json\/wp\/v2\/pages\/100","targetHints":{"allow":["GET"]}}],"collection":[{"href":"https:\/\/ambpanama.esteri.it\/it\/wp-json\/wp\/v2\/pages"}],"about":[{"href":"https:\/\/ambpanama.esteri.it\/it\/wp-json\/wp\/v2\/types\/page"}],"author":[{"embeddable":true,"href":"https:\/\/ambpanama.esteri.it\/it\/wp-json\/wp\/v2\/users\/1"}],"replies":[{"embeddable":true,"href":"https:\/\/ambpanama.esteri.it\/it\/wp-json\/wp\/v2\/comments?post=100"}],"version-history":[{"count":5,"href":"https:\/\/ambpanama.esteri.it\/it\/wp-json\/wp\/v2\/pages\/100\/revisions"}],"predecessor-version":[{"id":6756,"href":"https:\/\/ambpanama.esteri.it\/it\/wp-json\/wp\/v2\/pages\/100\/revisions\/6756"}],"up":[{"embeddable":true,"href":"https:\/\/ambpanama.esteri.it\/it\/wp-json\/wp\/v2\/pages\/44"}],"wp:attachment":[{"href":"https:\/\/ambpanama.esteri.it\/it\/wp-json\/wp\/v2\/media?parent=100"}],"curies":[{"name":"wp","href":"https:\/\/api.w.org\/{rel}","templated":true}]}}