{"id":123,"date":"2023-09-25T15:18:30","date_gmt":"2023-09-25T13:18:30","guid":{"rendered":"https:\/\/ambasciatatirana.esteri.it\/?page_id=123"},"modified":"2026-01-05T11:41:20","modified_gmt":"2026-01-05T16:41:20","slug":"contatti","status":"publish","type":"page","link":"https:\/\/ambpanama.esteri.it\/it\/chi-siamo\/contatti\/","title":{"rendered":"Contatti"},"content":{"rendered":"<p style=\"text-align: center;\"><strong>Ambasciata d&#8217;Italia Panama<\/strong><\/p>\n<p style=\"text-align: center;\">PH Plaza 58, 6\u00b0 piano<\/p>\n<p style=\"text-align: center;\">Calle 58 Este con Ricardo Arango<\/p>\n<p style=\"text-align: center;\">Obarrio, Citt\u00e1 di Panama<\/p>\n<p style=\"text-align: center;\">Apartado Postal 0816<\/p>\n<p style=\"text-align: center;\">Tel: (+507) 225 8948\/49\/50<\/p>\n<p>&nbsp;<\/p>\n<table class=\"table\" style=\"height: 29px;\" width=\"723\">\n<tbody>\n<tr>\n<td style=\"text-align: center;\"><strong>Orario di apertura al pubblico:<\/strong><\/td>\n<\/tr>\n<\/tbody>\n<\/table>\n<table class=\"table\" style=\"height: 48px;\" width=\"723\" frame=\"border\" rules=\"all\">\n<tbody>\n<tr>\n<td style=\"text-align: center;\">lunedi &#8211; mercoledi &#8211; venerdi 9.00 &#8211; 12.30<br \/>\nmartedi e giovedi 13.30 &#8211; 15.30<\/td>\n<\/tr>\n<\/tbody>\n<\/table>\n<p><strong>Contatti telefonici per i Servizi Consolari:<\/strong><\/p>\n<p style=\"text-align: justify;\">A causa dell\u2019elevata affluenza di utenti, negli orari di apertura al pubblico il personale addetto ai servizi consolari potrebbe essere impossibilitato a rispondere al telefono in quanto impegnato allo sportello. Si suggerisce pertanto di contattare telefonicamente gli Uffici nei seguenti orari: luned\u00ec e mercoled\u00ec dalle 14:00 alle 16:00, marted\u00ec, gioved\u00ec e venerd\u00ec dalle 10:00 alle 12:00, o di inoltrare le richieste per posta elettronica agli indirizzi indicati di seguito in questa pagina.<\/p>\n<p>Prima di telefonare si raccomanda inoltre di consultare le informazioni sui diversi servizi consolari presenti su questo sito.<\/p>\n<table class=\"table\">\n<tbody>\n<tr>\n<td><strong>Contatti email:<\/strong><\/td>\n<\/tr>\n<\/tbody>\n<\/table>\n<table class=\"table\" style=\"height: 318px;\" width=\"547\" frame=\"vsides\" rules=\"all\">\n<tbody>\n<tr>\n<td><strong>Cancelleria Consolare (Ufficio A.I.R.E.,<\/strong><\/p>\n<p><strong>Stato Civile, Cittadinanza, Navigazione,<\/strong><\/p>\n<p><strong>Assistenza Sociale, Scuole e Dichiarazioni di Valore):<\/strong><\/td>\n<td><a href=\"mailto:consolare.panama@esteri.it\">consolare.panama@esteri.it<\/a><\/td>\n<\/tr>\n<tr>\n<td><strong>Ufficio Passaporti<\/strong><\/td>\n<td><a href=\"mailto:panama.passaporti@esteri.it\">panama.passaporti@esteri.it<\/a><\/td>\n<\/tr>\n<tr>\n<td><strong>Ufficio Visti<\/strong><\/td>\n<td><a href=\"mailto:panama.visti@esteri.it\">panama.visti@esteri.it<\/a><\/td>\n<\/tr>\n<tr>\n<td><strong>Ufficio Amministrativo &#8211; Contabile<\/strong><\/td>\n<td><a href=\"mailto:panama.visti@esteri.it\">p<\/a><a href=\"mailto:anama.contabile@esteri.it\">anama.contabile@esteri.it<\/a><\/td>\n<\/tr>\n<tr>\n<td><strong>Posta Elettronica Certificata (PEC)<\/strong>indirizzo abilitato esclusivamente alla ricezione di posta elettronica certificata (<strong>PEC<\/strong>)<\/td>\n<td><a href=\"mailto:amb.panama@cert.esteri.it\">amb.panama@cert.esteri.it<\/a><\/td>\n<\/tr>\n<tr>\n<td><strong>Relazioni con il pubblico<\/strong><\/td>\n<td><a href=\"mailto:ambpana.mail@esteri.it\">ambpana.mail@esteri.it<\/a><\/td>\n<\/tr>\n<\/tbody>\n<\/table>\n<table class=\"table\" width=\"547\" frame=\"vsides\" rules=\"all\">\n<tbody>\n<tr>\n<\/tbody>\n<\/table>\n<p><strong>Telefono per le emergenze durante gli orari di chiusura:<\/strong><\/p>\n<p style=\"text-align: justify;\">+507) 6942 7852. Il numero di telefono,\u00a0<strong>ESCLUSIVAMENTE<\/strong> per emergenze, \u00e8 attivo da luned\u00ec a venerd\u00ec dalle 15.30 alle 22.00, sabato e domenica dalle 08.00 alle 22.00 e il Funzionario di Turno del Ministero degli Esteri (24\/7) Tel. <strong>+39-0636912666<\/strong>Si fa presente che\u00a0<strong>i numeri di emergenza vanno utilizzati esclusivamente per la gestione di situazioni di eccezionale emergenza che richiedono interventi immediati e non differibili da parte del Ministero degli Esteri a tutela dei cittadini italiani all\u2019estero. Tali numeri non devono essere usati per richieste generiche di informazioni relative a pratiche amministrative.<\/strong><\/p>\n<p>&nbsp;<\/p>\n","protected":false},"excerpt":{"rendered":"Ambasciata d&#8217;Italia Panama PH Plaza 58, 6\u00b0 piano Calle 58 Este con Ricardo Arango Obarrio, Citt\u00e1 di Panama Apartado Postal 0816 Tel: (+507) 225 8948\/49\/50 &nbsp; Orario di apertura al pubblico: lunedi &#8211; mercoledi &#8211; venerdi 9.00 &#8211; 12.30 martedi e giovedi 13.30 &#8211; 15.30 Contatti telefonici per i Servizi Consolari: A causa dell\u2019elevata affluenza [&hellip;]","protected":false},"author":1,"featured_media":0,"parent":13,"menu_order":4,"comment_status":"closed","ping_status":"closed","template":"","meta":{"footnotes":""},"class_list":["post-123","page","type-page","status-publish","hentry"],"_links":{"self":[{"href":"https:\/\/ambpanama.esteri.it\/it\/wp-json\/wp\/v2\/pages\/123","targetHints":{"allow":["GET"]}}],"collection":[{"href":"https:\/\/ambpanama.esteri.it\/it\/wp-json\/wp\/v2\/pages"}],"about":[{"href":"https:\/\/ambpanama.esteri.it\/it\/wp-json\/wp\/v2\/types\/page"}],"author":[{"embeddable":true,"href":"https:\/\/ambpanama.esteri.it\/it\/wp-json\/wp\/v2\/users\/1"}],"replies":[{"embeddable":true,"href":"https:\/\/ambpanama.esteri.it\/it\/wp-json\/wp\/v2\/comments?post=123"}],"version-history":[{"count":6,"href":"https:\/\/ambpanama.esteri.it\/it\/wp-json\/wp\/v2\/pages\/123\/revisions"}],"predecessor-version":[{"id":8552,"href":"https:\/\/ambpanama.esteri.it\/it\/wp-json\/wp\/v2\/pages\/123\/revisions\/8552"}],"up":[{"embeddable":true,"href":"https:\/\/ambpanama.esteri.it\/it\/wp-json\/wp\/v2\/pages\/13"}],"wp:attachment":[{"href":"https:\/\/ambpanama.esteri.it\/it\/wp-json\/wp\/v2\/media?parent=123"}],"curies":[{"name":"wp","href":"https:\/\/api.w.org\/{rel}","templated":true}]}}