{"id":14,"date":"2023-04-11T17:08:52","date_gmt":"2023-04-11T15:08:52","guid":{"rendered":"https:\/\/ambasciatapraga.esteri.it\/?page_id=14"},"modified":"2024-09-17T10:49:05","modified_gmt":"2024-09-17T15:49:05","slug":"italia-e-panama","status":"publish","type":"page","link":"https:\/\/ambpanama.esteri.it\/it\/italia-e-panama\/","title":{"rendered":"Italia e Panama"},"content":{"rendered":"<p class=\"boxLevel03\" style=\"text-align: justify;\">Le relazioni tra i due Paesi sono caratterizzate da una lunga amicizia, naturale simpatia e volont\u00e0 di dialogo.<\/p>\n<p class=\"boxLevel03\" style=\"text-align: justify;\">D&#8217;altronde, la presenza italiana nel Paese\u00a0\u00e9 antica,\u00a0e risale\u00a0alla scoperta stessa dell&#8217;istmo da parte di Cristoforo Colombo,\u00a0cui fece seguito l&#8217;arrivo di commercianti genovesi che si installarono nell&#8217;allora citt\u00e1 di Panama\u00a0(oggi Panama Viejo). In seguito, con la costruzione della ferrovia e ancor pi\u00fa con il primo progetto francese per la costruzione del Canale, la collettivit\u00e1 italiana \u00e9 cresciuta sia come numeri sia come importanza e contributo allo sviluppo socio-economico del Paese. Oggi a Panama vi sono infatti\u00a0quasi 13.000 italiani iscritti all\u2019AIRE.<\/p>\n<p class=\"boxLevel03\" style=\"text-align: justify;\">In questa sezione i collegamenti agli approfondimenti, aggiornamenti e notizie dei rapporti bilaterali tra Italia e Panama nei diversi ambiti di cooperazione politica, economica, culturale e allo sviluppo.<\/p>\n","protected":false},"excerpt":{"rendered":"Le relazioni tra i due Paesi sono caratterizzate da una lunga amicizia, naturale simpatia e volont\u00e0 di dialogo. D&#8217;altronde, la presenza italiana nel Paese\u00a0\u00e9 antica,\u00a0e risale\u00a0alla scoperta stessa dell&#8217;istmo da parte di Cristoforo Colombo,\u00a0cui fece seguito l&#8217;arrivo di commercianti genovesi che si installarono nell&#8217;allora citt\u00e1 di Panama\u00a0(oggi Panama Viejo). In seguito, con la costruzione della [&hellip;]","protected":false},"author":1,"featured_media":0,"parent":0,"menu_order":4,"comment_status":"closed","ping_status":"closed","template":"","meta":{"footnotes":""},"class_list":["post-14","page","type-page","status-publish","hentry"],"_links":{"self":[{"href":"https:\/\/ambpanama.esteri.it\/it\/wp-json\/wp\/v2\/pages\/14","targetHints":{"allow":["GET"]}}],"collection":[{"href":"https:\/\/ambpanama.esteri.it\/it\/wp-json\/wp\/v2\/pages"}],"about":[{"href":"https:\/\/ambpanama.esteri.it\/it\/wp-json\/wp\/v2\/types\/page"}],"author":[{"embeddable":true,"href":"https:\/\/ambpanama.esteri.it\/it\/wp-json\/wp\/v2\/users\/1"}],"replies":[{"embeddable":true,"href":"https:\/\/ambpanama.esteri.it\/it\/wp-json\/wp\/v2\/comments?post=14"}],"version-history":[{"count":5,"href":"https:\/\/ambpanama.esteri.it\/it\/wp-json\/wp\/v2\/pages\/14\/revisions"}],"predecessor-version":[{"id":6157,"href":"https:\/\/ambpanama.esteri.it\/it\/wp-json\/wp\/v2\/pages\/14\/revisions\/6157"}],"wp:attachment":[{"href":"https:\/\/ambpanama.esteri.it\/it\/wp-json\/wp\/v2\/media?parent=14"}],"curies":[{"name":"wp","href":"https:\/\/api.w.org\/{rel}","templated":true}]}}