{"id":1769,"date":"2023-11-20T04:21:12","date_gmt":"2023-11-20T09:21:12","guid":{"rendered":"https:\/\/ambpanama.esteri.it\/?page_id=1769"},"modified":"2024-08-14T02:57:37","modified_gmt":"2024-08-14T07:57:37","slug":"visa-de-estudio-del-idioma-italiano-y-o-de-otros-cursos","status":"publish","type":"page","link":"https:\/\/ambpanama.esteri.it\/it\/servizi-consolari-e-visti\/servizi-per-il-cittadino-straniero\/visti\/visa-de-estudio-del-idioma-italiano-y-o-de-otros-cursos\/","title":{"rendered":"Visto di studio della lingua italiana e\/o di altri corsi"},"content":{"rendered":"<p>Per informazioni generali su questo tipo di <strong>VISTO<\/strong>, si prega di visitare il seguente sito del Governo italiano:\u00a0<a href=\"http:\/\/vistoperitalia.esteri.it\/\">vistoperitalia.esteri.it<\/a><\/p>\n<p><strong>A cosa serve e chi pu\u00f2 richiederlo?<\/strong><\/p>\n<ol>\n<li>Questo visto consente l\u2019ingresso in Italia ai cittadini stranieri che desiderano\u00a0<strong><u>perfezionare<\/u><\/strong> la conoscenza della lingua italiana in Italia. Le richieste di coloro che non hanno nessuna conoscenza della lingua italiana saranno valutate caso per caso dall\u2019Ambasciata d\u2019Italia a Panama.<\/li>\n<li>Consente l\u2019ingresso anche a coloro che desiderano approfondire la conoscenza di altri tipi di studi\/corsi (es. Moda-Arte-Cucina-Ecc.) purch\u00e9 il corso in questione rappresenti una continuazione di studi precedenti gi\u00e0 conseguiti in precedenza (questi requisiti non si applicano al visto per Studi Universitari, Scambio, Post-Laurea).<\/li>\n<\/ol>\n<p>Il visto pu\u00f2 essere richiesto tre mesi prima della data di inizio del corso e fino a 1 mese prima della data di inizio del corso.<\/p>\n<p><strong>Tipo di visto:<\/strong>\u00a0visto \u201cD\u201d per soggiorni di lunga durata (da 91 a 365 giorni).<\/p>\n<p><strong>REQUISITI<\/strong>: Il fascicolo di richiesta del visto deve essere presentato seguendo il rigoroso ordine indicato.<\/p>\n<ol>\n<li><a href=\"https:\/\/ambpanama.esteri.it\/wp-content\/uploads\/2023\/11\/formulario_visto_nazionale_-italiano.pdf\">Modulo di richiesta di visto Nazionale<\/a> debitamente compilato in tutti i campi e firmato.<\/li>\n<li><strong> Due fotografie <\/strong>(3,5 cm x 4 cm), sfondo bianco a colore (identiche e recenti), una delle quali deve essere incollata al modulo nella casella corrispondente.<\/li>\n<li><strong> Passaporto valido <\/strong>(con validit\u00e0 di almeno 3 mesi oltre la durata del visto) con almeno due pagine libere e una\u00a0<strong>copia <\/strong>semplice del\u00a0<strong>passaporto<\/strong>\u00a0(solo la pagina del passaporto contenente i dati personali del titolare).<\/li>\n<li>Pagamento dei diritti consolari in contanti (si paga il giorno stesso dell\u2019appuntamento, vedere la <a href=\"https:\/\/ambpanama.esteri.it\/it\/servizi-consolari-e-visti\/servizi-per-il-cittadino-italiano\/diritti-consolari\/\">Tabella dei diritti consolari<\/a>).<\/li>\n<li><strong> Carta d\u2019identit\u00e0 <\/strong>\u2013 per gli stranieri,\u00a0<em>c\u00e9dula de extranjer\u00eda<\/em>o carne de residencia (in entrambi i casi originale e copia ingrandita e leggibile).<\/li>\n<li><strong> Certificato di iscrizione <\/strong>in italiano dell\u2019Istituto\/Accademia che terr\u00e0 il corso di lingua italiana (o di un altro corso scelto) con la descrizione del livello (base\/intermedio\/avanzato) che si vuole frequentare, la data di inizio, la durata (in giorni) o, in alternativa, la data di fine del corso e le ore giornaliere del corso (1 originale + 1 copia). In caso di frequentare un corso di lingua italiana, il certificato deve riportare anche il livello iniziale e finale del corso.<\/li>\n<li><strong> Per i corsi diversi dai corsi di lingua italiana <\/strong>(vedi punto B) il richiedente deve presentare il certificato di iscrizione (vedi punto 6), nel quale si indichi anche la lingua in cui si terr\u00e0 il corso, e la documentazione di studio precedentemente ottenuta del richiedente, debitamente apostillata, che dimostri che ha gi\u00e0 acquisito una conoscenza dello studio che desidera perfezionare in Italia.<\/li>\n<li><strong> Dichiarazione di Valore<\/strong>: (non richiesta per i corsi di lingua italiana): copia semplice rilasciata dal corrispondente Ufficio dell\u2019Ambasciata italiana. Gli studenti che hanno bisogno di Dichiarazione di Valore devono previamente contattare l\u2019Ufficio Studi dell\u2019Ambasciata d\u2019Italia all\u2019indirizzo mail: <a href=\"mailto:panama.segreteriacm@esteri.it\">panama.segreteriacm@esteri.it<\/a>.<\/li>\n<li><strong> Dimostrare la disponibilit\u00e0 di mezzi economici <\/strong>(per tutta la durata del corso di studi) che devono essere costanti nel tempo (non di ultimo momento) e disponibili il giorno della richiesta di visto secondo i valori indicati nella Tabella A allegata alla Direttiva del Ministero dell\u2019Interno del 01.03.2000 che prevede la disponibilit\u00e0 del seguente importo minimo:\u00a0<strong>206,58 Euro di base + 27,89 Euro x ogni giorno <\/strong>di durata del corso (esempio: per corsi di 365 giorni: 27,89\u00d7365+206,58=<strong>386,43<\/strong>\u00a0Euro) dimostrabili attraverso una delle seguenti opzioni:<\/li>\n<\/ol>\n<ol>\n<li style=\"list-style-type: none;\">\n<ol>\n<li><strong>Disponibilit\u00e0 di un conto corrente bancario <\/strong>a nome dello studente o dei genitori presso una\u00a0<u>Banca italiana\/U.E.<\/u>\u00a0Tale disponibilit\u00e0 deve essere dimostrata attraverso gli estratti bancari del conto (o dei conti) degli ultimi sei mesi precedenti alla data dell\u2019appuntamento di richiesta del visto (originale, debitamente timbrato dalla Banca emittente \u2013 non sono accettati documenti scaricati da Internet privi dei criteri di cui sopra). NON \u00c8 ACCETTATO IL SOLO ATTESTATO DEL BANCO CON IL SALDO ATTUALE DEL CONTO CORRENTE, N\u00c9 IL SUPPORTO DELLA CARTA DI CREDITO. NEL CASO IN CUI NON SIANO DISPONIBILI GLI ULTIMI ESTRATTI BANCARI, SI RICHIEDONO I MOVIMENTI BANCARI CON IL SALDO CORRENTE.<\/li>\n<li><strong>Disponibilit\u00e0 di un conto bancario<\/strong>\u00a0a nome dello studente o dei genitori in una\u00a0<u>banca del Paese di residenza<\/u>. Tale disponibilit\u00e0 deve essere dimostrata attraverso gli estratti bancari del conto (o dei conti) degli ultimi sei mesi precedenti alla data dell\u2019appuntamento del visto. Si devono presentare gli originali debitamente timbrati dalla Banca emittente \u2013 non sono accettati documenti scaricati da Internet senza i criteri di cui sopra. NON \u00c8 ACCETTATO IL SOLO ATTESTATO DEL BANCO CON IL SALDO ATTUALE DEL CONTO CORRENTE, N\u00c9 IL SUPPORTO DELLA CARTA DI CREDITO. NEL CASO IN CUI NON SIANO DISPONIBILI GLI ULTIMI ESTRATTI BANCARI, SI RICHIEDONO I MOVIMENTI BANCARI CON IL SALDO CORRENTE.<\/li>\n<li><strong>Quando le spese sono a carico dei genitori<\/strong>:\u00a0<u>lettera d\u2019impegno autenticata dei genitori presso un Ufficio Notarile<\/u>\u00a0+ estratti bancari del conto (o dei conti) dei genitori degli ultimi sei mesi precedenti alla data dell\u2019appuntamento di richiesta del visto (in originale, debitamente timbrato dalla Banca emittente) + lettera di lavoro dei genitori (in originale).\u00a0<strong>Nota<\/strong>: in questo caso \u00e8 necessario presentare anche una copia semplice e leggibile dell&#8217;atto di nascita del richiedente del visto che attesti la filiazione. NON \u00c8 ACCETTATO IL SOLO ATTESTATO DEL BANCO CON IL SALDO ATTUALE DEL CONTO CORRENTE, N\u00c9 IL SUPPORTO DELLA CARTA DI CREDITO. NEL CASO IN CUI NON SIANO DISPONIBILI GLI ULTIMI ESTRATTI BANCARI, SI RICHIEDONO I MOVIMENTI BANCARI CON IL SALDO CORRENTE.<\/li>\n<li>Nel caso la persona sia beneficiaria di borse di studio erogate da enti riconosciuti (es. Universit\u00e0, IFARHU, governo, ecc.) la lettera dell\u2019ente deve indicare il nome del borsista, lo scopo della borsa di studio e l\u2019importo esatto assegnato in dollari americani; deve essere firmata dal responsabile dell\u2019ente concedente e accompagnata dalla fotocopia della carta d\u2019identit\u00e0 del borsista.<\/li>\n<li>L\u2019Ambasciata si riserva il diritto di accettare transazioni bancarie da conti attivi in un Paese diverso da Panama\/Stati di accreditamento o dall\u2019Unione Europea.<\/li>\n<\/ol>\n<\/li>\n<\/ol>\n<ol start=\"10\">\n<li><strong> Prova di conoscenza della lingua italiana<\/strong>, se presente (anche tramite certificato\/i di corso\/i di lingua italiana frequentato\/i precedentemente, che indichino il livello di conoscenza ottenuto)<\/li>\n<li><strong> Per altri corsi <\/strong>(diversi da quelli di lingua italiana \u2013 vedi punto B); se questi sono tenuti in inglese, dovr\u00e0 presentare un certificato ufficiale di livello<strong> B2<\/strong> rilasciata esclusivamente da uno dei seguenti tre enti: <strong>TOEFL<\/strong>, <strong>MICHIGAN, IELTS<\/strong>. Il certificato non pu\u00f2 risalire a pi\u00f9 di due anni prima della data di presentazione della domanda di visto.<\/li>\n<li><strong> Dimostrazione della disponibilit\u00e0 di alloggio <\/strong>attraverso una delle seguenti opzioni:<br \/>\na. Prenotazione di un albergo\/residenza che copra i primi 10 giorni dalla data di arrivo in Italia.<br \/>\nb. Lettera d\u2019invito rilasciata da un cittadino italiano\/europeo o straniero regolarmente residente in Italia.<\/li>\n<li><strong> Assicurazione medica <\/strong>con copertura di 30.000 euro negli Stati Schengen per i primi 10 giorni dalla partenza. <strong>NOTA<\/strong>: l&#8217;assicurazione deve essere effettuata presso agenzie nel paese di residenza o direttamente in Italia, non si accettano prenotazioni e\/o acquisti effettuati tramite siti internet. L&#8217;assicurazione deve essere a nome dello\/della studente\/ssa.<\/li>\n<li><strong> Prenotazione di un volo <\/strong>di andata e ritorno con destinazione finale Italia (copia) e dimostrazione della disponibilit\u00e0 economica per l\u2019acquisto del\u00a0<u>biglietto di ritorno <\/u>al paese di residenza, nel caso sia presentato solo il biglietto di andata.\u00a0<strong>Si precisa che il viaggio deve essere effettuato al massimo 8 giorni prima dell\u2019inizio del corso. Non saranno accettate domande con date di viaggio precedenti. NOTA: <\/strong>La prenotazione aerea deve essere effettuata direttamente presso la compagnia aerea o un&#8217;agenzia di viaggio nel paese di residenza o direttamente in Italia (non si accettano prenotazioni effettuate online). La prenotazione aerea deve essere a nome dello\/della studente\/ssa.<\/li>\n<\/ol>\n<p><strong>NOTE:<\/strong><\/p>\n<ul>\n<li>La procedura \u00e8 strettamente personale.\u00a0<u>L\u2019Ambasciata non ha autorizzato alcuna agenzia o intermediario per la richiesta del visto<\/u>.<\/li>\n<li>La lettera di iscrizione al corso di cui ai punti 6 (Lingue) e 7 (Altri corsi), cos\u00ec some la lettera di invito (punto 12b) devono <strong>essere sempre accompagnate da una copia della carta d\u2019identit\u00e0 del dichiarante con firma visibile e da una copia del\u00a0<em>Permesso di Soggiorno<\/em>\u00a0in corso di validit\u00e0 se il sottoscritto \u00e8 un cittadino straniero regolarmente residente in Italia<\/strong>.<\/li>\n<li>Il certificato di cui ai punti 6 e 7 deve essere sempre accompagnato da una copia della carta d\u2019identit\u00e0 del titolare o del delegato della scuola di lingua o di altra scuola che ha rilasciato il certificato.<\/li>\n<li><strong>Non sono accettate garanzie finanziarie da parte di terzi<\/strong>\u00a0residenti in Italia o all\u2019estero che non siano parenti stretti come indicato al punto 9c.<\/li>\n<li>La mancata presentazione di uno dei documenti sopra indicati pu\u00f2 comportare il rifiuto della domanda di visto allo sportello. La domanda <strong>NON POTR\u00c0 ESSERE ACCETTATA<\/strong>. L\u2019Ambasciata d\u2019Italia si riserva il diritto di verificare il livello di conoscenza della lingua italiana e di richiedere qualsiasi altra documentazione ritenuta necessaria.<\/li>\n<li>L\u2019Ambasciata d\u2019Italia si riserva il diritto di richiedere la documentazione aggiuntiva che ritiene necessaria attraverso il documento denominato \u201c<em>Preavviso di Rigetto<\/em>\u201d che pu\u00f2 essere rilasciato pochi giorni dopo aver esaminato la domanda di visto.<\/li>\n<li>Il visto (se concesso) pu\u00f2 essere concesso con una data di ingresso in Italia qualche giorno prima dell\u2019inizio degli studi, come indicato nella lettera dell\u2019Istituto o Accademia italiana (vedi\u00a0<strong>punto 6 \u2013 7<\/strong>). Coloro che desiderano entrare in Italia prima di tale data possono farlo come turisti (senza visto) per un massimo di 3 mesi se la loro nazionalit\u00e0 \u00e8 esente dalla richiesta di un visto turistico.<\/li>\n<li>Poich\u00e9 il visto \u00e8 una concessione, anche se vengono presentati tutti i documenti richiesti, questo pu\u00f2 essere concesso o rifiutato. In quest\u2019ultimo caso, verr\u00e0 rilasciato un \u201c<em>Provvedimento di Diniego<\/em>\u201c.<\/li>\n<li>Se il visto viene concesso, il titolare, una volta arrivato in Italia, deve richiedere il Permesso di Soggiorno alle autorit\u00e0 italiane competenti entro i primi otto giorni lavorativi.<\/li>\n<\/ul>\n","protected":false},"excerpt":{"rendered":"Per informazioni generali su questo tipo di VISTO, si prega di visitare il seguente sito del Governo italiano:\u00a0vistoperitalia.esteri.it A cosa serve e chi pu\u00f2 richiederlo? Questo visto consente l\u2019ingresso in Italia ai cittadini stranieri che desiderano\u00a0perfezionare la conoscenza della lingua italiana in Italia. Le richieste di coloro che non hanno nessuna conoscenza della lingua italiana [&hellip;]","protected":false},"author":1,"featured_media":0,"parent":89,"menu_order":4,"comment_status":"closed","ping_status":"closed","template":"","meta":{"footnotes":""},"class_list":["post-1769","page","type-page","status-publish","hentry"],"_links":{"self":[{"href":"https:\/\/ambpanama.esteri.it\/it\/wp-json\/wp\/v2\/pages\/1769","targetHints":{"allow":["GET"]}}],"collection":[{"href":"https:\/\/ambpanama.esteri.it\/it\/wp-json\/wp\/v2\/pages"}],"about":[{"href":"https:\/\/ambpanama.esteri.it\/it\/wp-json\/wp\/v2\/types\/page"}],"author":[{"embeddable":true,"href":"https:\/\/ambpanama.esteri.it\/it\/wp-json\/wp\/v2\/users\/1"}],"replies":[{"embeddable":true,"href":"https:\/\/ambpanama.esteri.it\/it\/wp-json\/wp\/v2\/comments?post=1769"}],"version-history":[{"count":6,"href":"https:\/\/ambpanama.esteri.it\/it\/wp-json\/wp\/v2\/pages\/1769\/revisions"}],"predecessor-version":[{"id":5173,"href":"https:\/\/ambpanama.esteri.it\/it\/wp-json\/wp\/v2\/pages\/1769\/revisions\/5173"}],"up":[{"embeddable":true,"href":"https:\/\/ambpanama.esteri.it\/it\/wp-json\/wp\/v2\/pages\/89"}],"wp:attachment":[{"href":"https:\/\/ambpanama.esteri.it\/it\/wp-json\/wp\/v2\/media?parent=1769"}],"curies":[{"name":"wp","href":"https:\/\/api.w.org\/{rel}","templated":true}]}}