{"id":1774,"date":"2023-11-20T04:53:43","date_gmt":"2023-11-20T09:53:43","guid":{"rendered":"https:\/\/ambpanama.esteri.it\/?page_id=1774"},"modified":"2024-08-14T03:03:34","modified_gmt":"2024-08-14T08:03:34","slug":"visa-de-estudio-de-intercambio-para-efectuar-un-periodo-de-estudios-en-una-universidad-operante-en-italia","status":"publish","type":"page","link":"https:\/\/ambpanama.esteri.it\/it\/servizi-consolari-e-visti\/servizi-per-il-cittadino-straniero\/visti\/visa-de-estudio-de-intercambio-para-efectuar-un-periodo-de-estudios-en-una-universidad-operante-en-italia\/","title":{"rendered":"Visto di scambio per un periodo di studio presso un\u2019universit\u00e0 operante in Italia"},"content":{"rendered":"<p><strong>Visto di scambio per un periodo di studio presso un\u2019universit\u00e0 operante in Italia (questa categoria comprende anche i programmi di doppia laurea).<\/strong><\/p>\n<p>Per informazioni generali su questo tipo di VISTO, si prega di visitare il seguente sito del Governo italiano:\u00a0<a href=\"http:\/\/vistoperitalia.esteri.it\/\">vistoperitalia.esteri.it<\/a><\/p>\n<p><strong>A cosa serve e chi pu\u00f2 utilizzarlo?<\/strong><\/p>\n<p>Questo visto consente ai cittadini stranieri maggiorenni di entrare in Italia se, frequentando attualmente l\u2019universit\u00e0 desiderano studiare presso un\u2019universit\u00e0 operante in Italia, a condizione che sia gi\u00e0 in vigore uno specifico accordo di scambio tra le due universit\u00e0, senza il quale non \u00e8 possibile ottenere questo visto. Per richiedere questo tipo di visto, il periodo di studio da svolgere in Italia deve essere inteso come completamento dei semestri mancanti (ad esempio, se lo studente ha completato 9 cicli di studio su 10 presso l\u2019Universit\u00e0, il visto si applicher\u00e0 per la durata necessaria a completare il ciclo mancante).<\/p>\n<p>In nessun caso, la richiesta di questo tipo di visto di studio consentir\u00e0 allo studente di richiedere un altro tipo di visto di studio.<\/p>\n<p>Il visto pu\u00f2 essere richiesto tre mesi prima della data di inizio del corso e fino a 1 mese prima della data di inizio del corso.<\/p>\n<p><strong>Tipo di visto<\/strong>: \u201cD\u201d visto per soggiorni di lunga durata (da pi\u00f9 di 90 giorni fino a 365 giorni).<\/p>\n<p><strong>REQUISITI<\/strong>: Devono essere presentati seguendo il rigoroso ordine sotto indicato:<\/p>\n<ol>\n<li><a href=\"https:\/\/ambpanama.esteri.it\/wp-content\/uploads\/2023\/11\/formulario_visto_nazionale_-italiano.pdf\">Modulo di richiesta di visto Nazionale\u00a0<\/a>debitamente compilato in tutti i campi e firmato.<\/li>\n<li><strong>Due fotografie<\/strong> (3,5 cm x 4 cm), sfondo bianco a colore (identiche e recenti), una delle quali deve essere incollata al modulo nella casella corrispondente.<\/li>\n<li><strong>Passaporto valido<\/strong>\u00a0(con validit\u00e0 di almeno 3 mesi oltre la durata del visto) con almeno due pagine libere e una\u00a0<strong>copia<\/strong>\u00a0semplice del\u00a0<strong>passaporto<\/strong>\u00a0(solo la pagina del passaporto contenente i dati personali del titolare).<\/li>\n<li>Pagamento dei diritti consolari\u00a0in contanti (si pagano il giorno stesso dell\u2019appuntamento, vedere <a href=\"https:\/\/ambpanama.esteri.it\/it\/servizi-consolari-e-visti\/servizi-per-il-cittadino-italiano\/diritti-consolari\/\">Tabella dei diritti consolari<\/a>)<\/li>\n<li><strong>Carta d\u2019identit\u00e0<\/strong>\u2013 per gli stranieri\u00a0<em>c\u00e9dula de extranjer\u00eda \/ carne de migracion<\/em>, in corso di validit\u00e0 (in entrambi i casi solo una copia ingrandita e leggibile).<\/li>\n<li><strong>Pre-iscrizione sul portale Universitaly, stampata e firmata<\/strong>.<\/li>\n<li><strong>Lettera di accettazione dell\u2019Universit\u00e0 italiana<\/strong>\u00a0con l\u2019indicazione della data di inizio degli studi, della durata del corso e con la specificazione del corso di studi e della lingua in cui verr\u00e0 svolto (<u>originale e copia<\/u>).<\/li>\n<li>Lettera di presentazione dell\u2019Universit\u00e0 attuale con l\u2019indicazione dei dati anagrafici dello studente e dell\u2019Accordo esistente in base al quale le due Universit\u00e0 (italiana e locale) hanno stabilito questo accordo, con la specificazione del corso di studi da svolgere.<\/li>\n<li>Una copia semplice dell\u2019accordo esistente tra le due Universit\u00e0 (in italiano o in spagnolo) se l\u2019Universit\u00e0 non l\u2019ha gi\u00e0 registrato presso l\u2019Ambasciata.<\/li>\n<li><strong>Dichiarazione di Valore<\/strong>: copia semplice rilasciata dal corrispondente Ufficio dell\u2019Ambasciata italiana. Gli studenti che hanno bisogno della Dichiarazione di Valore devono previamente contattare l\u2019Ufficio Studi dell\u2019Ambasciata d\u2019Italia all\u2019indirizzo mail: <a href=\"mailto:panama.segreteriacm@esteri.it\">panama.segreteriacm@esteri.it<\/a>.<\/li>\n<li>Se il corso dura pi\u00f9 di sei mesi ed \u00e8 tenuto in italiano, \u00e8 necessario presentare una certificazione ufficiale di livello <strong>B2<\/strong> rilasciata da uno dei seguenti enti: <strong>CILS; CELI; PLIDA<\/strong>. Tuttavia, l\u2019Ambasciata d\u2019Italia si riserva il diritto di verificare il livello di conoscenza della lingua italiana durante il colloquio e di richiedere qualsiasi documentazione aggiuntiva ritenuta necessaria. Se il corso dura pi\u00f9 di sei mesi ed \u00e8 tenuto in lingua inglese, \u00e8 necessario presentare una certificazione ufficiale di livello <strong>B2<\/strong> rilasciata esclusivamente da uno dei seguenti tre enti: <strong>TOEFL, MICHIGAN, IELTS.<\/strong> In entrambi i casi la certificazione non pu\u00f2 risalire a pi\u00f9 di due anni prima della data di presentazione della domanda di visto.<\/li>\n<li><strong>Dimostrare la disponibilit\u00e0 di mezzi economici<\/strong>\u00a0(per tutta la durata del corso di studi) che devono essere costanti nel tempo (non di ultimo momento) e disponibili il giorno della richiesta di visto secondo i valori indicati nella Tabella A allegata alla Direttiva del Ministero dell\u2019Interno del 01.03.2000 che prevede la disponibilit\u00e0 del seguente importo minimo:\u00a0<strong>206,58 Euro di base + 27,89 Euro x ogni giorno<\/strong>\u00a0della durata del corso, (esempio: per corsi di 365 giorni: 27,89\u00d7365+206,58=<strong>386,43<\/strong>\u00a0Euro) dimostrabili attraverso una delle seguenti opzioni:<\/li>\n<\/ol>\n<ol>\n<li style=\"list-style-type: none;\">\n<ol>\n<li><strong>Disponibilit\u00e0 di un conto corrente bancario <\/strong>a nome dello studente o dei genitori presso una\u00a0<u>Banca italiana\/U.E<\/u>. Tale disponibilit\u00e0 deve essere dimostrata\u00a0attraverso gli estratti bancari del conto (o dei conti)\u00a0degli ultimi sei mesi precedenti alla data dell\u2019appuntamento di richiesta del visto (originale, debitamente timbrato dalla Banca emittente \u2013 non sono accettati documenti scaricati da Internet privi dei criteri di cui sopra).\u00a0NON \u00c8 ACCETTATO IL SOLO ATTESTATO DEL BANCO CON IL SALDO ATTUALE DEL CONTO CORRENTE, N\u00c9 IL SUPPORTO DELLA CARTA DI CREDITO. NEL CASO IN CUI NON SIANO DISPONIBILI GLI ULTIMI ESTRATTI BANCARI, SI RICHIEDONO I MOVIMENTI BANCARI CON IL SALDO CORRENTE.<\/li>\n<li><strong>Disponibilit\u00e0 di un conto bancario <\/strong>a nome dello studente o dei genitori in una\u00a0<u>banca del Paese di residenza<\/u>. Tale disponibilit\u00e0 deve essere dimostrata attraverso gli estratti bancari del conto (o dei conti) degli ultimi sei mesi precedenti alla data dell\u2019appuntamento del visto. Si devono presentare gli originali debitamente timbrati dalla Banca emittente \u2013 non sono accettati documenti scaricati da Internet senza i criteri di cui sopra. NON \u00c8 ACCETTATO IL SOLO ATTESTATO DEL BANCO CON IL SALDO ATTUALE DEL CONTO CORRENTE, N\u00c9 IL SUPPORTO DELLA CARTA DI CREDITO. NEL CASO IN CUI NON SIANO DISPONIBILI GLI ULTIMI ESTRATTI BANCARI, SI RICHIEDONO I MOVIMENTI BANCARI CON IL SALDO CORRENTE.<\/li>\n<li><strong>Quando le spese sono a carico dei genitori<\/strong>:\u00a0<u>lettera d\u2019impegno autenticata dei genitori presso un Ufficio Notarile<\/u>+ estratti bancari del conto (o dei conti) dei genitori degli ultimi sei mesi precedenti alla data dell\u2019appuntamento di richiesta del visto in originale, debitamente timbrato dalla Banca emittente + lettera di lavoro dei genitori. <strong>Nota<\/strong>: in questo caso \u00e8 necessario presentare anche una copia semplice e leggibile del atto di nascita del richiedente del visto che attesti la filiazione. NON \u00c8 ACCETTATO IL SOLO ATTESTATO DEL BANCO CON IL SALDO ATTUALE DEL CONTO CORRENTE, N\u00c9 IL SUPPORTO DELLA CARTA DI CREDITO. NEL CASO IN CUI NON SIANO DISPONIBILI GLI ULTIMI ESTRATTI BANCARI, SI RICHIEDONO I MOVIMENTI BANCARI CON IL SALDO CORRENTE.<\/li>\n<li>Nel caso la persona sia beneficiaria di borse di studio erogate da enti riconosciuti (es. Universit\u00e0, IFARHU, governo, ecc.) la lettera dell\u2019ente deve indicare il nome del borsista, lo scopo della borsa di studio e l\u2019importo esatto assegnato in dollari americani; deve essere firmata dal responsabile dell\u2019ente concedente e accompagnata dalla fotocopia della carta d\u2019identit\u00e0 del borsista.<\/li>\n<li>L\u2019Ambasciata si riserva il diritto di accettare transazioni bancarie da conti attivi in un Paese diverso da Panama\/Stati di accreditamento o dall\u2019Unione Europea.<\/li>\n<\/ol>\n<\/li>\n<\/ol>\n<p>&nbsp;<\/p>\n<ol start=\"13\">\n<li><strong>Dimostrazione della disponibilit\u00e0 di alloggio<\/strong>\u00a0attraverso una delle seguenti opzioni:<\/li>\n<li style=\"list-style-type: none;\">\n<ul>\n<li>Prenotazione di un albergo\/residenza che copra i primi 10 giorni dalla data di arrivo in Italia.<\/li>\n<li>Lettera d\u2019invito rilasciata da un cittadino italiano\/europeo o straniero regolarmente residente in Italia.<\/li>\n<\/ul>\n<\/li>\n<\/ol>\n<ol start=\"14\">\n<li><strong>Assicurazione medica<\/strong>\u00a0con copertura di 30.000 euro negli Stati Schengen per i primi 10 giorni dalla partenza. <strong>NOTA<\/strong>: l&#8217;assicurazione deve essere effettuata presso agenzie all&#8217;interno del paese di residenza o direttamente in Italia, non si accettano prenotazioni e\/o acquisti effettuati tramite siti internet. L&#8217;assicurazione deve essere a nome dello\/della studente\/ssa.<\/li>\n<li><strong>Prenotazione di un volo<\/strong>\u00a0di andata e ritorno con destinazione finale Italia (copia) e dimostrazione della disponibilit\u00e0 economica per l\u2019acquisto del\u00a0<u>biglietto di ritorno<\/u>\u00a0al paese di residenza nel caso sia presentato solo il biglietto di andata.\u00a0<strong>Si precisa che il viaggio deve essere effettuato al massimo 8 giorni prima dell\u2019inizio del corso. Non saranno accettate domande con date di viaggio precedenti. NOTA: <\/strong>La prenotazione aerea deve essere effettuata direttamente dalla compagnia aerea o da un&#8217;agenzia di viaggi nel paese di residenza o direttamente in Italia (non si accettano prenotazioni effettuate online). La prenotazione aerea deve essere a nome dello\/della studente\/ssa.<\/li>\n<\/ol>\n<p><strong>NOTE:<\/strong><\/p>\n<ol start=\"13\">\n<li style=\"list-style-type: none;\">\n<ul>\n<li>La procedura \u00e8 strettamente personale.\u00a0<u>L\u2019Ambasciata non ha autorizzato alcuna agenzia o intermediario per la richiesta del visto<\/u>.<\/li>\n<li><strong>Non sono accettate garanzie finanziarie da parte di terzi<\/strong>\u00a0residenti in Italia o all\u2019estero che non siano parenti stretti come indicato al punto 12c.<\/li>\n<li>La lettera dell\u2019Universit\u00e0 italiana (<strong>punto 7<\/strong>), se non \u00e8 stata inviata all\u2019Ambasciata tramite e-mail, deve\u00a0<strong>essere presentata sempre accompagnata da una copia della carta d\u2019identit\u00e0 del dichiarante con firma visibile e<\/strong>, se il sottoscritto \u00e8 un cittadino straniero regolarmente residente in Italia, deve allegare una copia del\u00a0<em>Permesso di Soggiorno<\/em>\u00a0in corso di validit\u00e0.<\/li>\n<li>Se il richiedente visto ha un\u2019et\u00e0 compresa tra i 14 e i 17 anni, deve essere anche presentato l\u2019atto di nascita del medesimo.<\/li>\n<li>Se il richiedente visto ha un\u2019et\u00e0 compresa tra i 14 e i 17 anni, deve essere anche presentato il\u00a0<strong>permesso di lasciare il Paese <\/strong><strong>rilasciato dalle autorit\u00e0 competenti <\/strong>(apostillato e tradotto in originale e copia).<\/li>\n<li>La mancata presentazione di uno dei documenti sopra indicati pu\u00f2 comportare il rifiuto della domanda di visto allo sportello. La domanda NON POTR\u00c0 ESSERE ACCETTATA.<\/li>\n<li>La lettera di accettazione dell\u2019Universit\u00e0 (<strong>punto 8<\/strong>) deve essere sempre accompagnata da una copia del documento d\u2019identit\u00e0 del dichiarante con firma visibile. La mancata presentazione di uno dei documenti sopra indicati pu\u00f2 comportare il rifiuto della domanda di visto allo sportello.<\/li>\n<li>L\u2019Ambasciata d\u2019Italia si riserva il diritto di verificare il livello di conoscenza della lingua italiana e di richiedere qualsiasi altra documentazione ritenuta necessaria.<\/li>\n<li>L\u2019Ambasciata d\u2019Italia si riserva il diritto di richiedere la documentazione aggiuntiva che ritiene necessaria attraverso il documento denominato \u201c<em>Preavviso di Rigetto<\/em>\u201d che pu\u00f2 essere rilasciato pochi giorni dopo aver esaminato la domanda di visto.<\/li>\n<li>Il visto (se concesso) pu\u00f2 essere concesso con una data di ingresso in Italia qualche giorno prima dell\u2019inizio degli studi, come indicato nella lettera dell\u2019Universit\u00e0 italiana (vedi\u00a0<strong>punto 7<\/strong>). Coloro che desiderano entrare in Italia prima di tale data possono farlo come turisti (senza visto) per un massimo di 3 mesi se la loro nazionalit\u00e0 \u00e8 esente dalla richiesta di un visto turistico.<\/li>\n<li>Poich\u00e9 il visto \u00e8 una concessione, anche se vengono presentati tutti i documenti richiesti, questo pu\u00f2 essere concesso o rifiutato. In quest\u2019ultimo caso, verr\u00e0 rilasciato un \u201c<em>Provvedimento di Diniego<\/em>\u201c.<\/li>\n<li>Se il visto viene concesso, il titolare, una volta arrivato in Italia, deve richiedere il Permesso di Soggiorno alle autorit\u00e0 italiane competenti entro i primi otto giorni lavorativi.<\/li>\n<\/ul>\n<\/li>\n<\/ol>\n","protected":false},"excerpt":{"rendered":"Visto di scambio per un periodo di studio presso un\u2019universit\u00e0 operante in Italia (questa categoria comprende anche i programmi di doppia laurea). Per informazioni generali su questo tipo di VISTO, si prega di visitare il seguente sito del Governo italiano:\u00a0vistoperitalia.esteri.it A cosa serve e chi pu\u00f2 utilizzarlo? Questo visto consente ai cittadini stranieri maggiorenni di [&hellip;]","protected":false},"author":1,"featured_media":0,"parent":89,"menu_order":6,"comment_status":"closed","ping_status":"closed","template":"","meta":{"footnotes":""},"class_list":["post-1774","page","type-page","status-publish","hentry"],"_links":{"self":[{"href":"https:\/\/ambpanama.esteri.it\/it\/wp-json\/wp\/v2\/pages\/1774","targetHints":{"allow":["GET"]}}],"collection":[{"href":"https:\/\/ambpanama.esteri.it\/it\/wp-json\/wp\/v2\/pages"}],"about":[{"href":"https:\/\/ambpanama.esteri.it\/it\/wp-json\/wp\/v2\/types\/page"}],"author":[{"embeddable":true,"href":"https:\/\/ambpanama.esteri.it\/it\/wp-json\/wp\/v2\/users\/1"}],"replies":[{"embeddable":true,"href":"https:\/\/ambpanama.esteri.it\/it\/wp-json\/wp\/v2\/comments?post=1774"}],"version-history":[{"count":4,"href":"https:\/\/ambpanama.esteri.it\/it\/wp-json\/wp\/v2\/pages\/1774\/revisions"}],"predecessor-version":[{"id":5175,"href":"https:\/\/ambpanama.esteri.it\/it\/wp-json\/wp\/v2\/pages\/1774\/revisions\/5175"}],"up":[{"embeddable":true,"href":"https:\/\/ambpanama.esteri.it\/it\/wp-json\/wp\/v2\/pages\/89"}],"wp:attachment":[{"href":"https:\/\/ambpanama.esteri.it\/it\/wp-json\/wp\/v2\/media?parent=1774"}],"curies":[{"name":"wp","href":"https:\/\/api.w.org\/{rel}","templated":true}]}}