{"id":1782,"date":"2023-11-20T04:57:49","date_gmt":"2023-11-20T09:57:49","guid":{"rendered":"https:\/\/ambpanama.esteri.it\/?page_id=1782"},"modified":"2024-08-14T03:20:55","modified_gmt":"2024-08-14T08:20:55","slug":"visa-de-estudio-para-la-inscripcion-en-una-universidad-operante-en-italia","status":"publish","type":"page","link":"https:\/\/ambpanama.esteri.it\/it\/servizi-consolari-e-visti\/servizi-per-il-cittadino-straniero\/visti\/visa-de-estudio-para-la-inscripcion-en-una-universidad-operante-en-italia\/","title":{"rendered":"Visto di studio per l\u2019iscrizione a un\u2019universit\u00e0 operante in Italia"},"content":{"rendered":"<p>Per informazioni generali su questo tipo di VISTO, si prega di visitare il seguente sito del Governo italiano:\u00a0<a href=\"http:\/\/vistoperitalia.esteri.it\/\">vistoperitalia.esteri.it<\/a><\/p>\n<p><strong>A cosa serve e chi pu\u00f2 utilizzarlo?<\/strong><\/p>\n<p>Questo visto consente l\u2019ingresso di cittadini panamensi e\/o stranieri residenti in PANAMA o in uno degli Stati di accreditamento che, in possesso di un diploma desiderano continuare gli studi Universitari (corso di\u00a0<em>pregrado<\/em>\/Laurea e Laurea Magistrale\/Master of Science) presso un\u2019Universit\u00e0 regolarmente operante in Italia.<\/p>\n<p>Il visto pu\u00f2 essere richiesto\u00a0<u>tre mesi prima<\/u>\u00a0della data di inizio del corso e fino ad 1 mese prima della data di inizio.<\/p>\n<p>Ogni anno il Ministero dell\u2019Istruzione italiano emette le rispettive istruzioni operative per l\u2019iscrizione, pertanto, prima di richiedere il visto, lo studente deve consultare il sito dell\u2019Ambasciata per avviare le procedure di:<\/p>\n<ol>\n<li>la\u00a0<a href=\"https:\/\/www.universitaly.it\/\"><strong>preiscrizione<\/strong><\/a>\u00a0all\u2019Universit\u00e0 italiana prescelta (P.U.) attraverso il Portale Universitaly;<\/li>\n<li>il rilascio dell\u2019indispensabile\u00a0<strong>\u201c<\/strong><a href=\"https:\/\/ambpanama.esteri.it\/it\/servizi-consolari-e-visti\/servizi-per-il-cittadino-straniero\/dichiarazione-di-valore\/\">Dichiarazione di Valore<\/a>\u201d per convalidare gli studi precedentemente effettuati in Panama oppure in uno degli Stati di accreditamento.<\/li>\n<\/ol>\n<p><strong>Solo dopo che l\u2019Universit\u00e0 italiana avr\u00e0 accettato la pre-iscrizione (che dovr\u00e0 essere presentata stampata e firmata il giorno dell\u2019appuntamento per la richiesta del visto) e l\u2019Ufficio Studi dell\u2019Ambasciata avr\u00e0 rilasciato la \u201cDichiarazione di Valore\u201d (a seconda del caso), lo studente potr\u00e0 richiedere l\u2019appuntamento per il VISTO.<\/strong><\/p>\n<p><strong>Tipo di visto:<\/strong>\u00a0visto \u201cD\u201d per soggiorni di lunga durata (da pi\u00f9 di 90 giorni a 365 giorni).<\/p>\n<p><strong>REQUISITI<\/strong>: Devono essere presentati seguendo il rigoroso ordine sotto indicato:<\/p>\n<ol>\n<li><a href=\"https:\/\/ambpanama.esteri.it\/wp-content\/uploads\/2023\/11\/formulario_visto_nazionale_-italiano.pdf\"><strong>Modulo di richiesta di visto Nazionale<\/strong>\u00a0<\/a>debitamente compilato in tutti i campi e firmato.<\/li>\n<li><strong>Due fotografie<\/strong> (3,5 cm x 4 cm), sfondo bianco a colore (identiche e recenti), una delle quali deve essere incollata al modulo nella casella corrispondente.<\/li>\n<li><strong>Passaporto valido<\/strong>\u00a0(con validit\u00e0 di almeno 3 mesi oltre la durata del visto) con almeno due pagine libere e una\u00a0<strong>copia<\/strong>\u00a0semplice del\u00a0<strong>passaporto<\/strong>\u00a0(solo la pagina del passaporto contenente i dati personali del titolare).<\/li>\n<li>Pagamento dei diritti consolari\u00a0in contanti (si pagano il giorno stesso dell\u2019appuntamento, vedere la <a href=\"https:\/\/ambpanama.esteri.it\/it\/servizi-consolari-e-visti\/servizi-per-il-cittadino-italiano\/diritti-consolari\/\">Tabella dei diritti consolari<\/a>)<\/li>\n<li><strong>Carta d\u2019identit\u00e0 <\/strong>\u2013 per gli stranieri\u00a0<em>c\u00e9dula de extranjer\u00eda o carne de residencia<\/em>, in corso di validit\u00e0 (in entrambi i casi solo una copia ingrandita e leggibile).<\/li>\n<li><strong>Preiscrizione sul portale Universitaly, stampata e firmata<\/strong>.<\/li>\n<li><strong>Lettera di accettazione dell\u2019Universit\u00e0 italiana<\/strong>\u00a0(accettazione dell\u2019iscrizione con indicazione del corso che si frequenter\u00e0, della data di inizio e della\u00a0<strong>durata<\/strong>\u00a0del corso o, in alternativa, la data di fine del corso, la\u00a0<strong>lingua<\/strong>\u00a0in cui il corso sar\u00e0 eseguito) (1 originale e 1 copia).<\/li>\n<li><strong>Dichiarazione di Valore<\/strong>: copia semplice rilasciata dal corrispondente Ufficio dell\u2019Ambasciata italiana. Gli studenti che hanno bisogno della Dichiarazione di Valore devono previamente contattare l\u2019Ufficio Studi dell\u2019Ambasciata d\u2019Italia all\u2019indirizzo mail:\u00a0<a href=\"mailto:panama.segreteriacm@esteri.it\">panama.segreteriacm@esteri.it<\/a><\/li>\n<li>Se il corso di studi \u00e8 tenuto in italiano, \u00e8 necessario presentare una certificazione ufficiale di livello <strong>B2<\/strong> rilasciata da uno dei seguenti enti: <strong>CILS; CELI; PLIDA<\/strong>. Tuttavia, l\u2019Ambasciata d\u2019Italia si riserva il diritto di verificare il livello di conoscenza della lingua italiana durante il colloquio e di richiedere qualsiasi documentazione aggiuntiva ritenuta necessaria. Se il corso \u00e8 tenuto in lingua inglese, \u00e8 necessario presentare una certificazione ufficiale di livello <strong>B2<\/strong> rilasciata esclusivamente da uno dei seguenti tre enti: <strong>TOEFL, MICHIGAN, IELTS.<\/strong> In entrambi i casi la certificazione non pu\u00f2 risalire a pi\u00f9 di due anni prima della data di presentazione della domanda di visto.<\/li>\n<li><strong>Dimostrare la disponibilit\u00e0 di mezzi economici<\/strong>\u00a0(per tutta la durata del corso di studi) che devono essere costanti nel tempo (non di ultimo momento) e disponibili il giorno della richiesta di visto. Per l\u2019anno accademico 2024\/2025, l\u2019ammontare a dimostrare \u00e8 stato stabilito di\u00a0<strong><u>non meno di 467,65 euro per ogni mese, pari a 6.079,45 euro<\/u><\/strong>\u00a0annui, dimostrabili attraverso una delle seguenti opzioni:<\/li>\n<\/ol>\n<ol>\n<li style=\"list-style-type: none;\">\n<ol>\n<li><strong>Disponibilit\u00e0 di un conto corrente bancario <\/strong>a nome dello studente o dei genitori presso una\u00a0<u>Banca italiana\/U.E<\/u>. Tale disponibilit\u00e0 deve essere dimostrata\u00a0attraverso gli estratti bancari del conto (o dei conti)\u00a0degli ultimi sei mesi precedenti alla data dell\u2019appuntamento di richiesta del visto (originale, debitamente timbrato dalla Banca emittente \u2013 non sono accettati documenti scaricati da Internet privi dei criteri di cui sopra).\u00a0NON \u00c8 ACCETTATO IL SOLO ATTESTATO DEL BANCO CON IL SALDO ATTUALE DEL CONTO CORRENTE, N\u00c9 IL SUPPORTO DELLA CARTA DI CREDITO. NEL CASO IN CUI NON SIANO DISPONIBILI GLI ULTIMI ESTRATTI BANCARI, SI RICHIEDONO I MOVIMENTI BANCARI CON IL SALDO CORRENTE.<\/li>\n<li><strong>Disponibilit\u00e0 di un conto bancario <\/strong>a nome dello studente o dei genitori in una\u00a0<u>banca del Paese di residenza<\/u>. Tale disponibilit\u00e0 deve essere dimostrata attraverso gli estratti bancari del conto (o dei conti) degli ultimi sei mesi precedenti alla data dell\u2019appuntamento del visto. Si devono presentare gli originali debitamente timbrati dalla Banca emittente \u2013 non sono accettati documenti scaricati da Internet senza i criteri di cui sopra). NON \u00c8 ACCETTATO IL SOLO ATTESTATO DEL BANCO CON IL SALDO ATTUALE DEL CONTO CORRENTE, N\u00c9 IL SUPPORTO DELLA CARTA DI CREDITO. NEL CASO IN CUI NON SIANO DISPONIBILI GLI ULTIMI ESTRATTI BANCARI, SI RICHIEDONO I MOVIMENTI BANCARI CON IL SALDO CORRENTE.<\/li>\n<li><strong>Quando le spese sono a carico dei genitori<\/strong>:\u00a0<u>lettera d\u2019impegno autenticata dei genitori presso un Ufficio Notarile<\/u>+ estratti bancari del conto (o dei conti) dei genitori degli ultimi sei mesi precedenti alla data dell\u2019appuntamento di richiesta del visto (in originale, debitamente timbrato dalla Banca emittente + lettera di lavoro dei genitori\u00a0<strong>Nota<\/strong>: in questo caso \u00e8 necessario presentare anche una copia semplice e leggibile del atto di nascita del richiedente del visto che attesti la filiazione. NON \u00c8 ACCETTATO IL SOLO ATTESTATO DEL BANCO CON IL SALDO ATTUALE DEL CONTO CORRENTE, N\u00c9 IL SUPPORTO DELLA CARTA DI CREDITO. NEL CASO IN CUI NON SIANO DISPONIBILI GLI ULTIMI ESTRATTI BANCARI, SI RICHIEDONO I MOVIMENTI BANCARI CON IL SALDO CORRENTE.<\/li>\n<li>Nel caso la persona sia beneficiaria di borse di studio erogate da enti riconosciuti (es. Universit\u00e0, IFARHU, governo, ecc.) la lettera dell\u2019ente deve indicare il nome del borsista, lo scopo della borsa di studio e l\u2019importo esatto assegnato in dollari americani; deve essere firmata dal responsabile dell\u2019ente concedente e accompagnata dalla fotocopia della carta d\u2019identit\u00e0 del borsista.<\/li>\n<li>L\u2019Ambasciata si riserva il diritto di accettare transazioni bancarie da conti attivi in un Paese diverso da Panama\/Stati di accreditamento o dall\u2019Unione Europea.<\/li>\n<\/ol>\n<\/li>\n<\/ol>\n<ol start=\"11\">\n<li><strong>Dimostrazione della disponibilit\u00e0 di alloggio<\/strong>\u00a0attraverso una delle seguenti opzioni:<\/li>\n<\/ol>\n<ol>\n<li style=\"list-style-type: none;\">\n<ol>\n<li>Prenotazione di un albergo\/residenza che copra i primi 10 giorni dalla data di arrivo in Italia.<\/li>\n<li>Lettera d\u2019invito rilasciata da un cittadino italiano\/europeo o straniero regolarmente residente in Italia.<\/li>\n<\/ol>\n<\/li>\n<\/ol>\n<ol start=\"12\">\n<li><strong>Assicurazione medica<\/strong>\u00a0con copertura di 30.000 euro negli Stati Schengen per i primi 10 giorni dalla partenza. <strong>NOTA<\/strong>: l&#8217;assicurazione deve essere effettuata presso agenzie all&#8217;interno del paese di residenza o direttamente in Italia, non si accettano prenotazioni e\/o acquisti effettuati tramite siti internet. L&#8217;assicurazione deve essere a nome dello\/della studente\/ssa.<\/li>\n<li><strong>Prenotazione di un volo<\/strong>\u00a0di andata e ritorno con destinazione finale Italia (copia) e dimostrazione della disponibilit\u00e0 economica per l\u2019acquisto del\u00a0<u>biglietto di ritorno<\/u>\u00a0nel paese di residenza, nel caso sia presentato solo il biglietto di andata.\u00a0<strong>Si precisa che il viaggio deve essere effettuato al massimo 8 giorni prima dell\u2019inizio del corso. Non saranno accettate domande con date di viaggio precedenti. NOTA: <\/strong>La prenotazione aerea deve essere effettuata direttamente dalla compagnia aerea o da un&#8217;agenzia di viaggi nel paese di residenza o direttamente in Italia (non si accettano prenotazioni effettuate online). La prenotazione aerea deve essere a nome dello\/della studente\/ssa.<\/li>\n<\/ol>\n<p><strong><u>NOTE<\/u><\/strong><strong>:<\/strong><\/p>\n<ul>\n<li>La procedura \u00e8 strettamente personale.\u00a0<u>L\u2019Ambasciata non ha autorizzato alcuna agenzia o intermediario per la richiesta del visto<\/u>.<\/li>\n<li><strong>Non sono accettate garanzie finanziarie da parte di terzi<\/strong>\u00a0residenti in Italia o all\u2019estero che non siano parenti stretti come indicato al punto 10c.<\/li>\n<li>La lettera dell\u2019Universit\u00e0 italiana (<strong>punto 7<\/strong>), se non \u00e8 stata inviata all\u2019Ambasciata tramite raccomandata, deve\u00a0<strong>essere presentata sempre accompagnata da una copia della carta d\u2019identit\u00e0 del dichiarante con firma visibile e<\/strong>, se il sottoscritto \u00e8 un cittadino straniero regolarmente residente in Italia, deve allegare una copia del\u00a0<em>Permesso di Soggiorno<\/em>\u00a0in corso di validit\u00e0.<\/li>\n<li>Se il richiedente visto ha un\u2019et\u00e0 compresa tra i 17 e i 18 anni, deve essere anche presentato l\u2019atto di nascita del medesimo.<\/li>\n<li>Se il richiedente visto ha un\u2019et\u00e0 compresa tra i 17 e i 18 anni, deve essere anche presentato il <strong>permesso di lasciare il Paese rilasciato dalle autorit\u00e0 competenti <\/strong>(apostillato e tradotto in originale e copia).<\/li>\n<li>La mancata presentazione di uno dei documenti sopra indicati pu\u00f2 comportare il rifiuto della domanda di visto allo sportello. La domanda NON POTR\u00c0 ESSERE ACCETTATA<\/li>\n<li>La certificazione del punto 11 deve essere sempre accompagnata da una\u00a0<strong>copia del documento d\u2019identit\u00e0 del dichiarante con firma visibile<\/strong>.<\/li>\n<li>L\u2019Ambasciata d\u2019Italia si riserva il diritto di verificare il livello di conoscenza della lingua italiana e di richiedere qualsiasi altra documentazione ritenuta necessaria.<\/li>\n<li>L\u2019Ambasciata d\u2019Italia si riserva il diritto di richiedere la documentazione aggiuntiva che ritiene necessaria attraverso il documento denominato \u201cPreavviso di Rigetto\u201d che pu\u00f2 essere rilasciato pochi giorni dopo aver esaminato la domanda di visto.<\/li>\n<li>Il visto (se concesso) pu\u00f2 essere concesso con una data di ingresso in Italia qualche giorno prima dell\u2019inizio degli studi, come indicato nella lettera dell\u2019Universit\u00e0 italiana (vedi\u00a0<strong>punto 7<\/strong>). Coloro che desiderano entrare in Italia prima di tale data possono farlo come turisti (senza visto) per un massimo di 3 mesi se la loro nazionalit\u00e0 \u00e8 esente dalla richiesta di un visto turistico.<\/li>\n<li>Poich\u00e9 il visto \u00e8 una concessione, anche se vengono presentati tutti i documenti richiesti, questo pu\u00f2 essere concesso o rifiutato. In quest\u2019ultimo caso, verr\u00e0 rilasciato un \u201c<em>Provvedimento di Diniego<\/em>\u201c.<\/li>\n<li>Se il visto viene concesso, il titolare, una volta arrivato in Italia, deve richiedere il Permesso di Soggiorno alle autorit\u00e0 italiane competenti entro i primi otto giorni lavorativi.<\/li>\n<\/ul>\n","protected":false},"excerpt":{"rendered":"Per informazioni generali su questo tipo di VISTO, si prega di visitare il seguente sito del Governo italiano:\u00a0vistoperitalia.esteri.it A cosa serve e chi pu\u00f2 utilizzarlo? Questo visto consente l\u2019ingresso di cittadini panamensi e\/o stranieri residenti in PANAMA o in uno degli Stati di accreditamento che, in possesso di un diploma desiderano continuare gli studi Universitari [&hellip;]","protected":false},"author":1,"featured_media":0,"parent":89,"menu_order":10,"comment_status":"closed","ping_status":"closed","template":"","meta":{"footnotes":""},"class_list":["post-1782","page","type-page","status-publish","hentry"],"_links":{"self":[{"href":"https:\/\/ambpanama.esteri.it\/it\/wp-json\/wp\/v2\/pages\/1782","targetHints":{"allow":["GET"]}}],"collection":[{"href":"https:\/\/ambpanama.esteri.it\/it\/wp-json\/wp\/v2\/pages"}],"about":[{"href":"https:\/\/ambpanama.esteri.it\/it\/wp-json\/wp\/v2\/types\/page"}],"author":[{"embeddable":true,"href":"https:\/\/ambpanama.esteri.it\/it\/wp-json\/wp\/v2\/users\/1"}],"replies":[{"embeddable":true,"href":"https:\/\/ambpanama.esteri.it\/it\/wp-json\/wp\/v2\/comments?post=1782"}],"version-history":[{"count":4,"href":"https:\/\/ambpanama.esteri.it\/it\/wp-json\/wp\/v2\/pages\/1782\/revisions"}],"predecessor-version":[{"id":5181,"href":"https:\/\/ambpanama.esteri.it\/it\/wp-json\/wp\/v2\/pages\/1782\/revisions\/5181"}],"up":[{"embeddable":true,"href":"https:\/\/ambpanama.esteri.it\/it\/wp-json\/wp\/v2\/pages\/89"}],"wp:attachment":[{"href":"https:\/\/ambpanama.esteri.it\/it\/wp-json\/wp\/v2\/media?parent=1782"}],"curies":[{"name":"wp","href":"https:\/\/api.w.org\/{rel}","templated":true}]}}