{"id":1790,"date":"2023-11-20T05:05:25","date_gmt":"2023-11-20T10:05:25","guid":{"rendered":"https:\/\/ambpanama.esteri.it\/?page_id=1790"},"modified":"2024-08-14T03:24:14","modified_gmt":"2024-08-14T08:24:14","slug":"visa-para-trabajo-dependiente","status":"publish","type":"page","link":"https:\/\/ambpanama.esteri.it\/it\/servizi-consolari-e-visti\/servizi-per-il-cittadino-straniero\/visti\/visa-para-trabajo-dependiente\/","title":{"rendered":"Visto per lavoro subordinato"},"content":{"rendered":"<p>Per informazioni generali su questo tipo di VISTO, si prega di visitare il seguente sito del Governo italiano:\u00a0<a href=\"http:\/\/vistoperitalia.esteri.it\/\">vistoperitalia.esteri.it<\/a><\/p>\n<p><strong>A cosa serve e chi pu\u00f2 utilizzarlo:<\/strong><\/p>\n<p>Il visto per Lavoro Subordinato consente a un cittadino straniero di entrare e risiedere in Italia per svolgere un\u2019attivit\u00e0 lavorativa a carico, sia essa assunta da una Persona Fisica o giuridica residente in Italia.<\/p>\n<p><em>La procedura inizia in Italia, dove la stessa Persona Fisica o Giuridica richiede all\u2019ente territoriale italiano competente la rispettiva autorizzazione al lavoro (Nulla Osta). Una volta che l\u2019ente italiano competente ha rilasciato <strong>l\u2019AUTORIZZAZIONE<\/strong>, il lavoratore residente in Panama oppure in uno degli Stati di accreditamento pu\u00f2 richiedere il visto.<\/em><\/p>\n<p>Il visto pu\u00f2 essere richiesto tre mesi prima della data del viaggio e fino ad 1 mese prima della data del viaggio.<\/p>\n<p><strong>Tipo di visto<\/strong>: \u201cD\u201d visto per soggiorni di lunga durata (da pi\u00f9 di 90 giorni fino a 365 giorni).<\/p>\n<p><strong>REQUISITI<\/strong>: Devono essere presentati seguendo il rigoroso ordine sotto indicato:<\/p>\n<ol>\n<li><a href=\"https:\/\/ambpanama.esteri.it\/wp-content\/uploads\/2023\/11\/formulario_visto_nazionale_-italiano.pdf\">Modulo di richiesta di visto Nazionale\u00a0<\/a>debitamente compilato in tutti i campi e firmato.<\/li>\n<li><strong>Due fotografie<\/strong> (3,5 cm x 4 cm), sfondo bianco a colore (identiche e recenti), una delle quali deve essere incollata al modulo nella casella corrispondente.<\/li>\n<li><strong>Passaporto valido<\/strong>\u00a0(con validit\u00e0 di almeno 3 mesi oltre la durata del visto) con almeno due pagine libere e una\u00a0<strong>copia<\/strong>\u00a0semplice del\u00a0<strong>passaporto<\/strong>\u00a0(solo la pagina del passaporto contenente i dati personali del titolare).<\/li>\n<li><strong>Pagamento dei diritti consolari<\/strong>\u00a0in contanti (si pagano il giorno stesso dell\u2019appuntamento, vedere la <a href=\"https:\/\/ambpanama.esteri.it\/it\/servizi-consolari-e-visti\/servizi-per-il-cittadino-italiano\/diritti-consolari\/\">Tabella dei diritti consolari<\/a>)<\/li>\n<li><strong>Carta d\u2019identit\u00e0 <\/strong>\u2013 per gli stranieri\u00a0<em>c\u00e9dula de extranjer\u00eda o carne de residencia<\/em>, in corso di validit\u00e0 (in entrambi i casi solo una copia ingrandita e leggibile).<\/li>\n<li><strong>Originale e copia del \u201cNulla Osta\u201d<\/strong>\u00a0rilasciato dalla Prefettura \u2013 S.U.I. (Sportello Unico Immigrazione).<\/li>\n<li><strong>Copia della promessa di assunzione o del contratto di lavoro in Italia<\/strong>\u00a0firmato dalle parti.<\/li>\n<li><strong>Prenotazione di un volo<\/strong>\u00a0di sola andata con destinazione finale Italia. <strong>NOTA<\/strong>: La prenotazione aerea deve essere effettuata direttamente dalla compagnia aerea o da un&#8217;agenzia di viaggi nel paese di residenza o direttamente in Italia (non si accettano prenotazioni effettuate online). La prenotazione aerea deve essere a nome del\/della richiedente.<\/li>\n<\/ol>\n<p><strong>NOTE:<\/strong><\/p>\n<ul>\n<li>La procedura \u00e8 strettamente personale.\u00a0<u>L\u2019Ambasciata non ha autorizzato alcuna agenzia o intermediario per la richiesta del visto<\/u>.<\/li>\n<li>Si ricorda che l\u2019Ufficio Visti non pu\u00f2 ricevere la domanda di visto finch\u00e9\u00a0<strong>l\u2019Ambasciata non riceve il Nulla Osta trasmesso dall\u2019Ufficio S.U.I. (Prefettura in Italia).<\/strong><\/li>\n<li>Si ricorda che il \u201c<em>Nulla Osta<\/em>\u201d\u00a0<strong>ha una validit\u00e0 di 6 mesi<\/strong>\u00a0(dalla data di emissione del S.U.I.) e\u00a0<strong>deve essere utilizzato prima della sua scadenza<\/strong>.<\/li>\n<li>La mancata presentazione di uno dei documenti sopra indicati pu\u00f2 comportare il rifiuto della domanda di visto allo sportello. L\u2019Ambasciata d\u2019Italia si riserva il diritto di richiedere la documentazione aggiuntiva che ritiene necessaria attraverso il documento denominato \u201c<em>Preavviso di Rigetto<\/em>\u201d che pu\u00f2 essere rilasciato pochi giorni dopo aver esaminato la domanda di visto.<\/li>\n<li>Poich\u00e9 il visto \u00e8 una concessione, anche se vengono presentati tutti i documenti richiesti, questo pu\u00f2 essere concesso o rifiutato. In quest\u2019ultimo caso, verr\u00e0 rilasciato un \u201c<em>Provvedimento di Diniego<\/em>\u201c.<\/li>\n<li>Se il visto viene concesso, il titolare, una volta arrivato in Italia, deve richiedere il\u00a0<em>Permesso di Soggiorno<\/em>\u00a0alle autorit\u00e0 italiane competenti entro i primi otto giorni lavorativi.<\/li>\n<\/ul>\n","protected":false},"excerpt":{"rendered":"Per informazioni generali su questo tipo di VISTO, si prega di visitare il seguente sito del Governo italiano:\u00a0vistoperitalia.esteri.it A cosa serve e chi pu\u00f2 utilizzarlo: Il visto per Lavoro Subordinato consente a un cittadino straniero di entrare e risiedere in Italia per svolgere un\u2019attivit\u00e0 lavorativa a carico, sia essa assunta da una Persona Fisica o [&hellip;]","protected":false},"author":1,"featured_media":0,"parent":89,"menu_order":14,"comment_status":"closed","ping_status":"closed","template":"","meta":{"footnotes":""},"class_list":["post-1790","page","type-page","status-publish","hentry"],"_links":{"self":[{"href":"https:\/\/ambpanama.esteri.it\/it\/wp-json\/wp\/v2\/pages\/1790","targetHints":{"allow":["GET"]}}],"collection":[{"href":"https:\/\/ambpanama.esteri.it\/it\/wp-json\/wp\/v2\/pages"}],"about":[{"href":"https:\/\/ambpanama.esteri.it\/it\/wp-json\/wp\/v2\/types\/page"}],"author":[{"embeddable":true,"href":"https:\/\/ambpanama.esteri.it\/it\/wp-json\/wp\/v2\/users\/1"}],"replies":[{"embeddable":true,"href":"https:\/\/ambpanama.esteri.it\/it\/wp-json\/wp\/v2\/comments?post=1790"}],"version-history":[{"count":3,"href":"https:\/\/ambpanama.esteri.it\/it\/wp-json\/wp\/v2\/pages\/1790\/revisions"}],"predecessor-version":[{"id":5186,"href":"https:\/\/ambpanama.esteri.it\/it\/wp-json\/wp\/v2\/pages\/1790\/revisions\/5186"}],"up":[{"embeddable":true,"href":"https:\/\/ambpanama.esteri.it\/it\/wp-json\/wp\/v2\/pages\/89"}],"wp:attachment":[{"href":"https:\/\/ambpanama.esteri.it\/it\/wp-json\/wp\/v2\/media?parent=1790"}],"curies":[{"name":"wp","href":"https:\/\/api.w.org\/{rel}","templated":true}]}}