{"id":1795,"date":"2023-11-20T05:08:53","date_gmt":"2023-11-20T10:08:53","guid":{"rendered":"https:\/\/ambpanama.esteri.it\/?page_id=1795"},"modified":"2024-08-14T03:26:54","modified_gmt":"2024-08-14T08:26:54","slug":"visa-para-actividad-deportiva","status":"publish","type":"page","link":"https:\/\/ambpanama.esteri.it\/it\/servizi-consolari-e-visti\/servizi-per-il-cittadino-straniero\/visti\/visa-para-actividad-deportiva\/","title":{"rendered":"Visto per attivit\u00e0 sportiva"},"content":{"rendered":"<p>Per informazioni generali su questo tipo di VISTO, visitate il seguente sito del Governo italiano:\u00a0<a href=\"http:\/\/vistoperitalia.esteri.it\/\">vistoperitalia.esteri.it<\/a><\/p>\n<p><strong>A cosa serve e chi pu\u00f2 richiederlo<\/strong>:<\/p>\n<p>Il visto per attivit\u00e0 Sportiva consente ai professionisti dello sport di entrare e risiedere in Italia per svolgere la loro professione di atleti\/allenatori\/ecc. presso un\u2019organizzazione sportiva italiana.<\/p>\n<p><em>La procedura inizia in Italia, dove l\u2019Ente sportivo stesso richiede al <strong>C.O.N.I.<\/strong> (Comitato Olimpico Nazionale Italiano) la rispettiva autorizzazione a svolgere l\u2019attivit\u00e0 sportiva<\/em>.\u00a0<em>Una volta che l\u2019Ente italiano competente ha rilasciato tale autorizzazione, l\u2019atleta\/allenatore residente in Panama oppure in uno degli Stati di accreditamento pu\u00f2 richiedere il visto.<\/em><\/p>\n<p>Il visto pu\u00f2 essere richiesto tre mesi prima della data del viaggio e fino ad 1 mese prima della data del viaggio.<\/p>\n<p><strong>Tipo di visto<\/strong>: \u201cD\u201d visto per soggiorni di lunga durata (da pi\u00f9 di 90 giorni fino a 365 giorni).<\/p>\n<p><strong>REQUISITI<\/strong>: Devono essere presentati seguendo il rigoroso ordine sotto indicato:<\/p>\n<ol>\n<li><a href=\"https:\/\/ambpanama.esteri.it\/wp-content\/uploads\/2023\/11\/formulario_visto_nazionale_-italiano.pdf\">Modulo di richiesta di visto Nazionale\u00a0<\/a>debitamente compilato in tutti i campi e firmato.<\/li>\n<li><strong>Due fotografie<\/strong> (3,5 cm x 4 cm), sfondo bianco a colore (identiche e recenti), una delle quali deve essere incollata al modulo nella casella corrispondente.<\/li>\n<li><strong>Passaporto valido<\/strong>\u00a0(con validit\u00e0 di almeno 3 mesi oltre la durata del visto) con almeno due pagine libere e una\u00a0<strong>copia<\/strong>\u00a0semplice del\u00a0<strong>passaporto<\/strong>\u00a0(solo la pagina del passaporto contenente i dati personali del titolare).<\/li>\n<li><strong>Pagamento dei diritti consolari<\/strong>\u00a0in contanti (si pagano il giorno stesso dell\u2019appuntamento, vedere la <a href=\"https:\/\/ambpanama.esteri.it\/it\/servizi-consolari-e-visti\/servizi-per-il-cittadino-italiano\/diritti-consolari\/\">Tabella dei diritti consolari<\/a>)<\/li>\n<li><strong>Carta d\u2019identit\u00e0<\/strong>\u2013 per gli stranieri\u00a0<em>c\u00e9dula de extranjer\u00eda o carne de residencia<\/em>, in corso di validit\u00e0 (in entrambi i casi solo una copia ingrandita e leggibile).<\/li>\n<li><strong>Copia della tessera professionale sportiva<\/strong>.<\/li>\n<li><strong>Copia dell\u2019autorizzazione C.O.N.I.<\/strong>\u00a0rilasciata dallo stesso ente.<\/li>\n<li><strong>Copia del \u201cCodice Fiscale Italiano\u201d<\/strong>.<\/li>\n<li><strong>Lettera della Federazione dello sport<\/strong>\u00a0di appartenenza (es. Federazione ciclistica panamense) che indichi:<br \/>\na. Nome e cognome dell\u2019atleta.<br \/>\nb. Professione sportiva per la quale \u00e8 riconosciuto.<br \/>\nc. Tipo di attivit\u00e0 sportiva che ha sviluppato in panama \/ Stati di accreditamento.<br \/>\nd. Squadra in cui ha sviluppato l\u2019attivit\u00e0.<br \/>\ne. Tempo di iscrizione nella rispettiva Federazione e numero di iscrizione.<\/li>\n<li><strong>Copia semplice del \u201c<\/strong><em><strong>Permesso di Soggiorno<\/strong><\/em><strong>\u201d e del \u201cCodice Fiscale Italiano\u201d<\/strong>: solo per gli atleti che sono stati precedentemente in Italia con lo stesso tipo di visto.<\/li>\n<li><strong>Prenotazione del volo<\/strong>\u00a0di sola andata con destinazione finale Italia. <strong>NOTA<\/strong>: La prenotazione aerea deve essere effettuata direttamente dalla compagnia aerea o da un&#8217;agenzia di viaggi nel paese di residenza o direttamente in Italia (non si accettano prenotazioni effettuate online). La prenotazione aerea deve essere a nome del\/della richiedente.<\/li>\n<\/ol>\n<p><strong>NOTE:<\/strong><\/p>\n<ul>\n<li>La procedura \u00e8 strettamente personale.\u00a0<u>L\u2019Ambasciata non ha autorizzato alcuna agenzia o intermediario per la richiesta del visto<\/u>.<\/li>\n<li>Si ricorda che senza\u00a0<strong>l\u2019autorizzazione del C.O.N.I.<\/strong>\u00a0(<strong>dell\u2019Italia<\/strong>) il visto non pu\u00f2 essere elaborato.<\/li>\n<li>La dichiarazione di cui al\u00a0<strong>punto 9<\/strong>\u00a0deve essere sempre accompagnata da una copia del documento di identit\u00e0 del dichiarante con firma leggibile.<\/li>\n<li>Se il richiedente visto \u00e8 un minorenne, deve essere anche presentata l\u2019autorizzazione rilasciata dalla competente DTL (Direzione Territoriale del Lavoro)<\/li>\n<li>Se il richiedente visto \u00e8 un minorenne, deve essere anche presentato l\u2019atto di nascita del medesimo<\/li>\n<li>Se il richiedente visto \u00e8 un minorenne, deve essere anche presentato il\u00a0<strong>permesso di lasciare il Paese rilasciato dalla competente autorit\u00e0 (apostillato e tradotto) <\/strong>(originale e copia).<\/li>\n<li>La mancata presentazione di uno dei documenti sopra indicati pu\u00f2 comportare il rifiuto della domanda di visto allo sportello. L\u2019Ambasciata d\u2019Italia si riserva il diritto di verificare il livello di conoscenza della lingua italiana e di richiedere qualsiasi altra documentazione ritenuta necessaria.<\/li>\n<li>L\u2019Ambasciata d\u2019Italia si riserva il diritto di richiedere la documentazione aggiuntiva che ritiene necessaria attraverso il documento denominato \u201cPreavviso di Rigetto\u201d che pu\u00f2 essere rilasciato pochi giorni dopo aver esaminato la domanda di visto.<\/li>\n<li>Poich\u00e9 il visto \u00e8 una concessione, anche se vengono presentati tutti i documenti richiesti, questo pu\u00f2 essere concesso o rifiutato. In quest\u2019ultimo caso, verr\u00e0 rilasciato un \u201c<em>Provvedimento di Diniego<\/em>\u201c.<\/li>\n<li>Se il visto viene concesso, il titolare, una volta arrivato in Italia, deve richiedere il <em>Permesso di Soggiorno<\/em>\u00a0alle autorit\u00e0 italiane competenti entro i primi otto giorni lavorativi.<\/li>\n<\/ul>\n","protected":false},"excerpt":{"rendered":"Per informazioni generali su questo tipo di VISTO, visitate il seguente sito del Governo italiano:\u00a0vistoperitalia.esteri.it A cosa serve e chi pu\u00f2 richiederlo: Il visto per attivit\u00e0 Sportiva consente ai professionisti dello sport di entrare e risiedere in Italia per svolgere la loro professione di atleti\/allenatori\/ecc. presso un\u2019organizzazione sportiva italiana. La procedura inizia in Italia, dove [&hellip;]","protected":false},"author":1,"featured_media":0,"parent":89,"menu_order":16,"comment_status":"closed","ping_status":"closed","template":"","meta":{"footnotes":""},"class_list":["post-1795","page","type-page","status-publish","hentry"],"_links":{"self":[{"href":"https:\/\/ambpanama.esteri.it\/it\/wp-json\/wp\/v2\/pages\/1795","targetHints":{"allow":["GET"]}}],"collection":[{"href":"https:\/\/ambpanama.esteri.it\/it\/wp-json\/wp\/v2\/pages"}],"about":[{"href":"https:\/\/ambpanama.esteri.it\/it\/wp-json\/wp\/v2\/types\/page"}],"author":[{"embeddable":true,"href":"https:\/\/ambpanama.esteri.it\/it\/wp-json\/wp\/v2\/users\/1"}],"replies":[{"embeddable":true,"href":"https:\/\/ambpanama.esteri.it\/it\/wp-json\/wp\/v2\/comments?post=1795"}],"version-history":[{"count":3,"href":"https:\/\/ambpanama.esteri.it\/it\/wp-json\/wp\/v2\/pages\/1795\/revisions"}],"predecessor-version":[{"id":5187,"href":"https:\/\/ambpanama.esteri.it\/it\/wp-json\/wp\/v2\/pages\/1795\/revisions\/5187"}],"up":[{"embeddable":true,"href":"https:\/\/ambpanama.esteri.it\/it\/wp-json\/wp\/v2\/pages\/89"}],"wp:attachment":[{"href":"https:\/\/ambpanama.esteri.it\/it\/wp-json\/wp\/v2\/media?parent=1795"}],"curies":[{"name":"wp","href":"https:\/\/api.w.org\/{rel}","templated":true}]}}