{"id":1797,"date":"2023-11-20T05:09:59","date_gmt":"2023-11-20T10:09:59","guid":{"rendered":"https:\/\/ambpanama.esteri.it\/?page_id=1797"},"modified":"2024-08-14T03:34:29","modified_gmt":"2024-08-14T08:34:29","slug":"visa-de-reingreso","status":"publish","type":"page","link":"https:\/\/ambpanama.esteri.it\/it\/servizi-consolari-e-visti\/servizi-per-il-cittadino-straniero\/visti\/visa-de-reingreso\/","title":{"rendered":"Visto di reingresso"},"content":{"rendered":"<p>Per informazioni generali su questo tipo di VISTO, si prega di visitare il seguente sito del Governo italiano:\u00a0<a href=\"http:\/\/vistoperitalia.esteri.it\/\">vistoperitalia.esteri.it<\/a><\/p>\n<p><strong>A cosa serve e chi pu\u00f2 utilizzarlo?<\/strong><\/p>\n<p>Il Visto di reingresso pu\u00f2 essere richiesto dai cittadini stranieri gi\u00e0 regolarmente residenti in Italia che si trovino temporaneamente in Panama oppure in uno degli Stati di accreditamento con il \u201cPermesso di Soggiorno\u201d in una delle seguenti condizioni:<\/p>\n<ol>\n<li>Permesso di Soggiorno scaduto da non pi\u00f9 di 60 giorni e di cui il titolare ha chiesto il rinnovo alle autorit\u00e0 italiane nei termini di legge;<\/li>\n<li>\u201cPermesso di Soggiorno\u201d scaduto da non pi\u00f9 di 60 giorni e di cui il titolare NON ha richiesto il rinnovo nei termini di legge. Il termine di 60 giorni \u00e8 esteso a 6 mesi in caso di comprovati gravi motivi di salute personale o di un parente stretto (genitori, coniugi, figli).<\/li>\n<li>In corso di validit\u00e0, ma rubato o smarrito.<\/li>\n<\/ol>\n<p><strong>Nota<\/strong>: Il rilascio del visto \u00e8 subordinato all\u2019autorizzazione da parte della Questura italiana competente per territorio.<\/p>\n<p>Il visto pu\u00f2 essere richiesto\u00a0<u>tre mesi prima<\/u>\u00a0della data di inizio del viaggio e fino aa 1 mese prima della data del viaggio.<\/p>\n<p><strong>Tipo di visto:<\/strong>\u00a0visto \u201cD\u201d per soggiorni di lunga durata superiori a 90 giorni.<\/p>\n<p><strong>REQUISITI<\/strong>:<\/p>\n<ol>\n<li><a href=\"https:\/\/ambpanama.esteri.it\/wp-content\/uploads\/2023\/11\/formulario_visto_nazionale_-italiano.pdf\">Modulo di richiesta di visto Nazionale\u00a0<\/a>debitamente compilato in tutti i campi e firmato.<\/li>\n<li><strong>Due fotografie<\/strong> (3,5 cm x 4 cm), sfondo bianco a colore (identiche e recenti), una delle quali deve essere incollata al modulo nella casella corrispondente.<\/li>\n<li><strong>Passaporto valido<\/strong>\u00a0(con validit\u00e0 di almeno 3 mesi oltre la durata del visto) con almeno due pagine libere e una\u00a0<strong>copia<\/strong>\u00a0semplice del\u00a0<strong>passaporto<\/strong>\u00a0(solo la pagina del passaporto contenente i dati personali del titolare).<\/li>\n<li><strong>Pagamento dei diritti consolari in contanti<\/strong>\u00a0(si pagano il giorno stesso dell\u2019appuntamento, vedere la <a href=\"https:\/\/ambpanama.esteri.it\/it\/servizi-consolari-e-visti\/servizi-per-il-cittadino-italiano\/diritti-consolari\/\">Tabella dei diritti consolari<\/a>)<\/li>\n<li><strong>Carta d\u2019identit\u00e0 <\/strong>\u2013 per gli stranieri\u00a0<em>c\u00e9dula de extranjer\u00eda o carne de residencia<\/em>, in corso di validit\u00e0 (in entrambi i casi solo una copia ingrandita e leggibile).<\/li>\n<li><strong>A seconda dei casi \u00e8 necessario portare<\/strong>:\n<ul>\n<li><strong>Nel primo caso<\/strong>: copia semplice del \u201cPermesso di Soggiorno\u201d anche se con scadenza non superiore a 60 giorni e copia della domanda di rinnovo presentata alla Questura, compresa la copia del versamento effettuato a Poste Italiane (fotocopia leggibile).<\/li>\n<li><strong>Nel secondo caso<\/strong>: copia semplice del \u201cPermesso di Soggiorno\u201d anche se con scadenza non superiore a 60 giorni <em>e un certificato recente di movimenti migratori rilasciato dall\u2019ufficio di Migrazione del paese di residenza<\/em>. In caso di gravi motivi di salute personale o di un parente stretto, \u00e8 necessario presentare anche il certificato medico legalizzato e apostillato, insieme al atto di nascita con il quale si possa verificare la parentela con il parente malato.<\/li>\n<li><strong>Nel terzo caso<\/strong>: un modulo compilato e firmato che denunci il furto o lo smarrimento del \u201cPermesso di Soggiorno\u201d, una fotocopia del \u201cPermesso di Soggiorno\u201d, se disponibile, <em>e un certificato recente di movimenti migratori rilasciato dall\u2019ufficio Migrazione del paese di residenza<\/em>.<\/li>\n<\/ul>\n<\/li>\n<\/ol>\n<ol start=\"7\">\n<li>Prenotazione di volo di andata e ritorno con destinazione finale Italia. <strong>NOTA<\/strong>: La prenotazione aerea deve essere effettuata direttamente dalla compagnia aerea o da un&#8217;agenzia di viaggi nel paese di residenza o direttamente in Italia (non si accettano prenotazioni effettuate online). La prenotazione aerea deve essere a nome del\/della richiedente.<\/li>\n<\/ol>\n<p><strong><u>NOTE<\/u><\/strong><strong>:<\/strong><\/p>\n<ul>\n<li>La procedura \u00e8 strettamente personale.\u00a0<u>L\u2019Ambasciata non ha autorizzato alcuna agenzia o intermediario per la richiesta del visto<\/u>.<\/li>\n<li>I tempi di consegna del visto dipendono dai tempi di risposta della Questura italiana incaricata di rilasciare il relativo nulla osta <strong>(\u201cNulla Osta\u201d)<\/strong> necessario per la concessione del visto.<\/li>\n<li>La mancata presentazione di uno dei documenti sopra indicati pu\u00f2 comportare il rifiuto della domanda di visto allo sportello. L\u2019Ambasciata d\u2019Italia si riserva il diritto di richiedere la documentazione aggiuntiva che ritiene necessaria attraverso il documento denominato \u201cPreavviso di Rigetto\u201d che pu\u00f2 essere rilasciato pochi giorni dopo aver esaminato la domanda di visto.<\/li>\n<li>Poich\u00e9 il visto \u00e8 una concessione, anche se vengono presentati tutti i documenti richiesti, questo pu\u00f2 essere concesso o rifiutato. In quest\u2019ultimo caso, verr\u00e0 rilasciato un \u201c<em>Provvedimento di Diniego<\/em>\u201c.<\/li>\n<\/ul>\n","protected":false},"excerpt":{"rendered":"Per informazioni generali su questo tipo di VISTO, si prega di visitare il seguente sito del Governo italiano:\u00a0vistoperitalia.esteri.it A cosa serve e chi pu\u00f2 utilizzarlo? Il Visto di reingresso pu\u00f2 essere richiesto dai cittadini stranieri gi\u00e0 regolarmente residenti in Italia che si trovino temporaneamente in Panama oppure in uno degli Stati di accreditamento con il [&hellip;]","protected":false},"author":1,"featured_media":0,"parent":89,"menu_order":18,"comment_status":"closed","ping_status":"closed","template":"","meta":{"footnotes":""},"class_list":["post-1797","page","type-page","status-publish","hentry"],"_links":{"self":[{"href":"https:\/\/ambpanama.esteri.it\/it\/wp-json\/wp\/v2\/pages\/1797","targetHints":{"allow":["GET"]}}],"collection":[{"href":"https:\/\/ambpanama.esteri.it\/it\/wp-json\/wp\/v2\/pages"}],"about":[{"href":"https:\/\/ambpanama.esteri.it\/it\/wp-json\/wp\/v2\/types\/page"}],"author":[{"embeddable":true,"href":"https:\/\/ambpanama.esteri.it\/it\/wp-json\/wp\/v2\/users\/1"}],"replies":[{"embeddable":true,"href":"https:\/\/ambpanama.esteri.it\/it\/wp-json\/wp\/v2\/comments?post=1797"}],"version-history":[{"count":2,"href":"https:\/\/ambpanama.esteri.it\/it\/wp-json\/wp\/v2\/pages\/1797\/revisions"}],"predecessor-version":[{"id":4913,"href":"https:\/\/ambpanama.esteri.it\/it\/wp-json\/wp\/v2\/pages\/1797\/revisions\/4913"}],"up":[{"embeddable":true,"href":"https:\/\/ambpanama.esteri.it\/it\/wp-json\/wp\/v2\/pages\/89"}],"wp:attachment":[{"href":"https:\/\/ambpanama.esteri.it\/it\/wp-json\/wp\/v2\/media?parent=1797"}],"curies":[{"name":"wp","href":"https:\/\/api.w.org\/{rel}","templated":true}]}}