{"id":1801,"date":"2023-11-20T05:24:28","date_gmt":"2023-11-20T10:24:28","guid":{"rendered":"https:\/\/ambpanama.esteri.it\/?page_id=1801"},"modified":"2024-08-14T03:37:02","modified_gmt":"2024-08-14T08:37:02","slug":"visa-de-turismo-visita-familiar","status":"publish","type":"page","link":"https:\/\/ambpanama.esteri.it\/it\/servizi-consolari-e-visti\/servizi-per-il-cittadino-straniero\/visti\/visa-de-turismo-visita-familiar\/","title":{"rendered":"Visto per turismo\/ visita famiglia-amici"},"content":{"rendered":"<p>Per informazioni generali su questo tipo di VISTO, si prega di visitare il seguente sito del Governo italiano:\u00a0<a href=\"http:\/\/vistoperitalia.esteri.it\/\">vistoperitalia.esteri.it<\/a><\/p>\n<p><strong>I cittadini panamensi sono esentati dal richiedere un visto quando si recano nell\u2019area Schengen per turismo\/affari\/missione\/gara sportiva\/studio\/invito, per un massimo di 90 giorni nell\u2019arco di 180 giorni. Il conteggio dei giorni inizia dal primo giorno di ingresso nell\u2019area Schengen (come risulta dal timbro sul passaporto).<\/strong><\/p>\n<p><strong>A cosa serve e chi pu\u00f2 richiederlo<\/strong>:<\/p>\n<p>Questo visto consente al viaggiatore di entrare e viaggiare nell\u2019area Schengen (*) per motivi di turismo\/visita familiare. Attualmente, i Paesi che aderiscono al trattato di Schengen sono i seguenti:<\/p>\n<p>(*) Austria, Belgio, Croazia, Danimarca, Estonia, Francia, Finlandia, Germania, Grecia, Islanda, Italia, Lettonia, Lituania, Lussemburgo, Malta, Norvegia, Paesi Bassi, Polonia, Portogallo, Slovacchia, Slovenia, Spagna, Svezia, Svizzera, Ungheria.<\/p>\n<p><strong>Nota<\/strong>: se il viaggiatore visita diversi Paesi Schengen, il visto deve essere richiesto all\u2019Ambasciata del Paese in cui il viaggiatore trascorre pi\u00f9 tempo.<\/p>\n<p>Il visto pu\u00f2 essere richiesto tre mesi prima della data del viaggio e fino ad 1 mese prima della data del viaggio.<\/p>\n<p><strong>Tipo di visto:<\/strong>\u00a0\u201cC\u201d: visto di breve durata, soggiorno fino a un massimo di 90 giorni entro 180 giorni.<\/p>\n<p><strong>REQUISITI<\/strong>: Devono essere presentati seguendo il rigoroso ordine sotto indicato:<\/p>\n<ol>\n<li><a href=\"https:\/\/ambpanama.esteri.it\/wp-content\/uploads\/2024\/06\/VISTO-SCHENGEN-ITA.pdf\">Modulo di richiesta di visto Schengen\u00a0<\/a>debitamente compilato in tutti i campi e firmato.<\/li>\n<li><strong>Due fotografie<\/strong> (3,5 cm x 4 cm), sfondo bianco a colore (identiche e recenti), una delle quali deve essere incollata al modulo nella casella corrispondente.<\/li>\n<li><strong>Passaporto valido<\/strong>\u00a0(con validit\u00e0 di almeno 3 mesi oltre la durata del visto) con almeno due pagine libere e una\u00a0<strong>copia<\/strong>\u00a0semplice del\u00a0<strong>passaporto<\/strong>\u00a0(solo la pagina del passaporto contenente i dati personali del titolare).<\/li>\n<li>Pagamento dei diritti consolari in contanti\u00a0(si pagano il giorno stesso dell\u2019appuntamento, vedere la <a href=\"https:\/\/ambpanama.esteri.it\/it\/servizi-consolari-e-visti\/servizi-per-il-cittadino-italiano\/diritti-consolari\/\">tabella dei diritti consolari<\/a>)<\/li>\n<li><strong>Carta d\u2019identit\u00e0 <\/strong>\u2013 per gli stranieri\u00a0<em>c\u00e9dula de extranjer\u00eda o carne de residencia<\/em>, in corso di validit\u00e0 (in entrambi i casi solo una copia ingrandita e leggibile).<\/li>\n<li><strong>Assicurazione di assistenza medica in viaggio valida per l\u2019area Schengen<\/strong>\u00a0con le seguenti coperture:<\/li>\n<\/ol>\n<ul>\n<li style=\"list-style-type: none;\">\n<ul>\n<li>Assistenza medica per malattia: copertura minima di 30.000 euro.<\/li>\n<li>Assistenza medica per infortuni: copertura minima di 30.000 euro.<\/li>\n<li>Rimpatrio: copertura minima di 30.000 euro.<\/li>\n<\/ul>\n<\/li>\n<\/ul>\n<p style=\"padding-left: 40px;\">La compagnia assicurativa deve avere un rappresentante\/sede in Europa. L\u2019assicurazione di viaggio non pu\u00f2 avere una franchigia. L\u2019assicurazione deve essere valida per la durata del visto (originale e copia). <strong>NOTA<\/strong>: l&#8217;assicurazione deve essere effettuata presso agenzie all&#8217;interno del paese di residenza o direttamente in Italia, non si accettano prenotazioni e\/o acquisti effettuati tramite siti internet. L&#8217;assicurazione deve essere a nome dello\/della studente\/ssa.<\/p>\n<ol start=\"7\">\n<li><strong>Prenotazione alberghiera e programma di viaggio nell\u2019area Schengen<\/strong>\u00a0\u2013 chiari e leggibili.<\/li>\n<li><strong>Solo nel caso in cui abbiate un invito da parte di un cittadino italiano<\/strong>\u00a0e\/o europeo o di un cittadino straniero regolarmente soggiornante in Italia, dovrete presentare la Lettera di invito scritta e firmata dalla persona che vi invita secondo le indicazioni della legge.<\/li>\n<li><strong>Gli estratti conto dei libretti di risparmio e\/o dei conti correnti<\/strong>\u00a0degli ultimi sei mesi, nonch\u00e9 le eventuali carte di credito nazionali e internazionali (in originale e in copia) vidimate dalla banca. NON \u00c8 ACCETTABILE IL SOLO ESTRATTO CONTO DEL CONTO CORRENTE.<\/li>\n<li><strong>Lettera di presentazione del datore di lavoro<\/strong>\u00a0che indichi l\u2019anzianit\u00e0 di servizio, la posizione, lo stipendio e il periodo di ferie o permessi concessi, nonch\u00e9 le ultime tre buste paga. S<strong>e siete imprenditori e\/o professionisti<\/strong>, allegate una\u00a0<strong>copia del \u201cpermiso de operacion\u201d<\/strong>, y copia del \u201c<strong>Paz y salvo<\/strong>\u201d delle tasse, nonch\u00e9 i movimenti bancari della vostra azienda degli ultimi tre mesi (originale e copia).<\/li>\n<li><strong>Se il richiedente il visto turistico non pu\u00f2 dimostrare una disponibilit\u00e0 economica personale<\/strong>\u00a0(in quanto minorenne, studente, casalinga, pensionato, ecc.), la persona responsabile del suo mantenimento (padre, madre, coniuge, figlio) deve redigere una lettera di impegno a coprire le spese nell\u2019area Schengen firmata davanti a un notaio, con una copia del suo documento d\u2019identit\u00e0 e, a seconda dei casi, dello stato civile di matrimonio o di nascita per dimostrare il rapporto di parentela (allegare informazioni finanziarie sulle sue entrate economiche come indicato al punto 9). I pensionati devono presentare le ultime tre buste paga e\/o qualsiasi altro documento comprovante il loro reddito (originale e copia).<\/li>\n<li><strong>Gli studenti devono presentare il certificato scolastico<\/strong> (in originale) anche se sono in vacanza. Se viaggiano durante il periodo scolastico, devono presentare l\u2019autorizzazione della scuola per assentarsi dalle lezioni.<\/li>\n<li><strong>Prenotazione di un volo<\/strong>\u00a0di andata e ritorno con eventuale prenotazione di biglietti per trasferimenti all\u2019interno dell\u2019area Schengen. <strong>NOTA<\/strong>: La prenotazione aerea deve essere effettuata direttamente dalla compagnia aerea o da un&#8217;agenzia di viaggi nel paese di residenza o direttamente in Italia (non si accettano prenotazioni effettuate online). La prenotazione aerea deve essere a nome del\/della richiedente.<\/li>\n<\/ol>\n<p><strong>NOTE:<\/strong><\/p>\n<ul>\n<li>La procedura \u00e8 strettamente personale.\u00a0<u>L\u2019Ambasciata non ha autorizzato alcuna agenzia o intermediario per la richiesta del visto<\/u>.<\/li>\n<li>Per i minori di 18 anni che viaggiano con i genitori, \u00e8 necessaria la presenza di entrambi i genitori all\u2019Ambasciata e una copia del certificato di nascita del minore.<\/li>\n<li>Nel caso in cui il minore viaggi da solo o con uno dei genitori, \u00e8 necessario allegare la rispettiva\u00a0<strong>autorizzazione a lasciare il Paese<\/strong> <strong>rilasciata dalla autorit\u00e0 competente<\/strong> (apostillata e tradotta in originale e copia).<\/li>\n<li>Alla presentazione dei documenti indicati ai punti 8, 9 e 11, deve essere allegata anche una copia di un documento d\u2019identit\u00e0 (<em>carta d\u2019identit\u00e0<\/em>, passaporto) che riporti chiaramente la firma della persona che ha firmato il rispettivo documento.<\/li>\n<li>La mancata presentazione di uno dei documenti sopra indicati pu\u00f2 comportare il rifiuto della domanda di visto allo sportello.<\/li>\n<li>L\u2019Ambasciata d\u2019Italia si riserva il diritto di richiedere la documentazione aggiuntiva che ritiene necessaria attraverso il documento denominato \u201c<em>Preavviso di Rigetto<\/em>\u201d che pu\u00f2 essere rilasciato pochi giorni dopo aver esaminato la domanda di visto.<\/li>\n<li>La presentazione della documentazione richiesta non comporta necessariamente la concessione del visto. Poich\u00e9 il visto \u00e8 una concessione, anche se vengono presentati tutti i documenti richiesti, questo pu\u00f2 essere concesso o rifiutato. In quest\u2019ultimo caso, verr\u00e0 rilasciato un \u201c<em>Provvedimento di Diniego<\/em>\u201c.<\/li>\n<\/ul>\n","protected":false},"excerpt":{"rendered":"Per informazioni generali su questo tipo di VISTO, si prega di visitare il seguente sito del Governo italiano:\u00a0vistoperitalia.esteri.it I cittadini panamensi sono esentati dal richiedere un visto quando si recano nell\u2019area Schengen per turismo\/affari\/missione\/gara sportiva\/studio\/invito, per un massimo di 90 giorni nell\u2019arco di 180 giorni. Il conteggio dei giorni inizia dal primo giorno di ingresso [&hellip;]","protected":false},"author":1,"featured_media":0,"parent":89,"menu_order":20,"comment_status":"closed","ping_status":"closed","template":"","meta":{"footnotes":""},"class_list":["post-1801","page","type-page","status-publish","hentry"],"_links":{"self":[{"href":"https:\/\/ambpanama.esteri.it\/it\/wp-json\/wp\/v2\/pages\/1801","targetHints":{"allow":["GET"]}}],"collection":[{"href":"https:\/\/ambpanama.esteri.it\/it\/wp-json\/wp\/v2\/pages"}],"about":[{"href":"https:\/\/ambpanama.esteri.it\/it\/wp-json\/wp\/v2\/types\/page"}],"author":[{"embeddable":true,"href":"https:\/\/ambpanama.esteri.it\/it\/wp-json\/wp\/v2\/users\/1"}],"replies":[{"embeddable":true,"href":"https:\/\/ambpanama.esteri.it\/it\/wp-json\/wp\/v2\/comments?post=1801"}],"version-history":[{"count":2,"href":"https:\/\/ambpanama.esteri.it\/it\/wp-json\/wp\/v2\/pages\/1801\/revisions"}],"predecessor-version":[{"id":4924,"href":"https:\/\/ambpanama.esteri.it\/it\/wp-json\/wp\/v2\/pages\/1801\/revisions\/4924"}],"up":[{"embeddable":true,"href":"https:\/\/ambpanama.esteri.it\/it\/wp-json\/wp\/v2\/pages\/89"}],"wp:attachment":[{"href":"https:\/\/ambpanama.esteri.it\/it\/wp-json\/wp\/v2\/media?parent=1801"}],"curies":[{"name":"wp","href":"https:\/\/api.w.org\/{rel}","templated":true}]}}