{"id":1808,"date":"2023-11-20T05:25:58","date_gmt":"2023-11-20T10:25:58","guid":{"rendered":"https:\/\/ambpanama.esteri.it\/?page_id=1808"},"modified":"2024-08-14T03:29:22","modified_gmt":"2024-08-14T08:29:22","slug":"visa-de-negocios","status":"publish","type":"page","link":"https:\/\/ambpanama.esteri.it\/it\/servizi-consolari-e-visti\/servizi-per-il-cittadino-straniero\/visti\/visa-de-negocios\/","title":{"rendered":"Visto per Affari \/ invito"},"content":{"rendered":"<p>Per informazioni generali su questo tipo di VISTO, si prega di visitare il seguente sito del Governo italiano:\u00a0<a href=\"http:\/\/www.vistoperitalia.esteri.it\/\">vistoperitalia.esteri.it\u00a0<\/a><\/p>\n<p>Il visto pu\u00f2 essere richiesto tre mesi prima della data del viaggio e fino ad 1 mese prima della data del viaggio.<\/p>\n<p><strong>Tipo di visto<\/strong>: \u201cC\u201d visto per soggiorni di corta durata (meno di 90 giorni).<\/p>\n<p><strong>A cosa serve e chi pu\u00f2 richiederlo? <\/strong><strong>\u00a0<\/strong><\/p>\n<p>Per il personale di aziende che necessitano di brevi corsi di formazione, visitare gli stabilimenti, di aziende italiane con le quali hanno gi\u00e0 stabilito un rapporto commerciale duraturo; titolari, rappresentanti, personale di imprese che intrattengono rapporti commerciali con imprese italiane e che viaggiano allo scopo di stabilire, finalizzare, modificare, trattare contratti e\/o questioni commerciali.<\/p>\n<p><strong>REQUISITI<\/strong>: Devono essere presentati seguendo il rigoroso ordine sotto indicato:<\/p>\n<ol>\n<li><a href=\"https:\/\/ambpanama.esteri.it\/wp-content\/uploads\/2024\/06\/VISTO-SCHENGEN-ITA.pdf\"><strong>Modulo di richiesta di visto Schengen<\/strong>\u00a0<\/a>debitamente compilato in tutti i campi e firmato.<\/li>\n<li><strong>Due fotografie<\/strong> (3,5 cm x 4 cm), sfondo bianco a colore (identiche e recenti), una delle quali deve essere incollata al modulo nella casella corrispondente.<\/li>\n<li><strong>Passaporto valido<\/strong>\u00a0(con validit\u00e0 di almeno 3 mesi oltre la durata del visto) con almeno due pagine libere e una\u00a0<strong>copia<\/strong>\u00a0semplice del\u00a0<strong>passaporto<\/strong>\u00a0(solo la pagina del passaporto contenente i dati personali del titolare).<\/li>\n<li><strong>Pagamento dei diritti consolari<\/strong>\u00a0in contanti (si pagano il giorno stesso dell\u2019appuntamento, vedere la <a href=\"https:\/\/ambpanama.esteri.it\/it\/servizi-consolari-e-visti\/servizi-per-il-cittadino-italiano\/diritti-consolari\/\">Tabella dei diritti consolari<\/a>)<\/li>\n<li><strong>Carta d\u2019identit\u00e0 <\/strong>\u2013 per gli stranieri\u00a0<em>c\u00e9dula de extranjer\u00eda o carne de residencia<\/em>, in corso di validit\u00e0 (in entrambi i casi solo una copia ingrandita e leggibile).<\/li>\n<li><strong>Documentazione locale attestante l&#8217;effettivo status di operatore economico &#8211; commerciale<\/strong> (ad esempio: licenza di esercizio, certificato della camera di commercio italiana, contratto, ecc.)<\/li>\n<li><strong>Programma dell&#8217;intero soggiorno in Italia, <\/strong>con le indicazioni e i contatti aziendali previsti o lettera di invito dell&#8217;azienda italiana (secondo il seguente modello e in originale) con copia di un documento di identit\u00e0 di chi firma la lettera. (in originale) rilasciata da un cittadino italiano\/europeo o straniero regolarmente residente in Italia accompagnata dalla copia della carta d&#8217;identit\u00e0 del dichiarante con la firma visibile. <strong>NOTA<\/strong><strong>: <\/strong>La lettera di invito pu\u00f2 essere inviata telematicamente solo e direttamente dalla Societ\u00e0 italiana invitante alla seguente e-mail\u00a0<a href=\"mailto:panama.visti@esteri.it\">panama.visti@esteri.it<\/a><\/li>\n<li><strong>Disponibilit\u00e0 di alloggio<\/strong><strong>, <\/strong>prenotazione alberghiera, nel caso in cui la lettera di invito da parte della societ\u00e0 italiana indichi che si prendono cura dell&#8217;alloggio dovr\u00e0 allegare la documentazione che conferma quanto sopra, (es. Prenotazione alberghiera, contratto di affitto, ecc.) Nel caso in cui la societ\u00e0 operante sul territorio nazionale si faccia carico dell&#8217;alloggio del richiedente, si dovr\u00e0 allegare la documentazione che confermi quanto sopra. (es. Lettera di dichiarazione, Prenotazione di hotel, contratto di affitto, ecc.) <strong>NOTA<\/strong><strong>:<\/strong> in caso di prenotazione alberghiera questa dev\u2019essere fatta a nome del\/della richiedente.<\/li>\n<li><strong>Lettera di lavoro<\/strong> (originale e copia)<\/li>\n<li><strong>Estratti conto <\/strong><strong>di risparmio <\/strong>e\/o conti correnti degli ultimi sei mesi, nonch\u00e9 delle eventuali carte di credito nazionali e internazionali (originale e copia). Con la dimostrazione di mezzi economici che devono essere costanti nel tempo e non all&#8217;ultimo momento secondo i valori indicati nella tabella A allegata alla direttiva del Ministero degli Interni italiano del 01.03.2000 che prevede la disponibilit\u00e0 del seguente importo minimo: 206,58 Euro base + 27,89 Euro per ogni giorno.<\/li>\n<li><strong>Prenotazione di volo <\/strong>andata e ritorno: la prenotazione deve avere come destinazione finale l&#8217;Italia. <strong>NOTA<\/strong><strong>: <\/strong>La prenotazione aerea deve essere effettuata direttamente presso la compagnia aerea o un&#8217;agenzia di viaggio nel paese di residenza o direttamente in Italia (non si accettano prenotazioni effettuate online). La prenotazione aerea deve essere a nome del\/della richiedente.<\/li>\n<li><strong>Assicurazione di assistenza medica in viaggio valida per l\u2019area Schengen <\/strong>con le seguenti coperture:<\/li>\n<\/ol>\n<ul>\n<li>Assistenza medica per malattia: copertura minima di 30.000 euro.<\/li>\n<li>Assistenza medica per infortuni: copertura minima di 30.000 euro.<\/li>\n<li>Rimpatrio: copertura minima di 30.000 euro.<\/li>\n<\/ul>\n<p style=\"padding-left: 40px;\">La compagnia assicurativa deve avere un rappresentante\/sede in Europa. L\u2019assicurazione di viaggio non pu\u00f2 avere una franchigia. L\u2019assicurazione deve essere valida per la durata del visto (originale e copia) <strong>NOTA<\/strong>: l&#8217;assicurazione deve essere effettuata presso agenzie all&#8217;interno del paese di residenza o direttamente in Italia, non si accettano prenotazioni e\/o acquisti effettuati tramite siti internet. L&#8217;assicurazione deve essere a nome del\/la richiedente.<\/p>\n<p><strong>NOTE:<\/strong><\/p>\n<ul>\n<li>L&#8217;Ambasciata non ha autorizzato nessuna agenzia o intermediario per il trattamento dei visti.<\/li>\n<li>L&#8217;assenza di uno dei documenti di cui sopra comporter\u00e0 il rifiuto dello sportello della domanda di visto (il che non significa che il visto \u00e8 stato rifiutato, ma che non \u00e8 stato possibile ricevere il fascicolo).<\/li>\n<li>L&#8217;Ambasciata si riserva il diritto di richiedere altri documenti che ritenga necessari.<\/li>\n<li>La presentazione della documentazione richiesta non comporta necessariamente la concessione del visto.<\/li>\n<li>Il visto \u00e8 una concessione, quindi anche presentando tutti i documenti richiesti pu\u00f2 essere concesso o rifiutato.<\/li>\n<li>&#8221; In quest&#8217;ultimo caso sar\u00e0 consegnato il &#8220;Provvedimento di Diniego\u201d.<\/li>\n<\/ul>\n","protected":false},"excerpt":{"rendered":"Per informazioni generali su questo tipo di VISTO, si prega di visitare il seguente sito del Governo italiano:\u00a0vistoperitalia.esteri.it\u00a0 Il visto pu\u00f2 essere richiesto tre mesi prima della data del viaggio e fino ad 1 mese prima della data del viaggio. Tipo di visto: \u201cC\u201d visto per soggiorni di corta durata (meno di 90 giorni). A [&hellip;]","protected":false},"author":1,"featured_media":0,"parent":89,"menu_order":22,"comment_status":"closed","ping_status":"closed","template":"","meta":{"footnotes":""},"class_list":["post-1808","page","type-page","status-publish","hentry"],"_links":{"self":[{"href":"https:\/\/ambpanama.esteri.it\/it\/wp-json\/wp\/v2\/pages\/1808","targetHints":{"allow":["GET"]}}],"collection":[{"href":"https:\/\/ambpanama.esteri.it\/it\/wp-json\/wp\/v2\/pages"}],"about":[{"href":"https:\/\/ambpanama.esteri.it\/it\/wp-json\/wp\/v2\/types\/page"}],"author":[{"embeddable":true,"href":"https:\/\/ambpanama.esteri.it\/it\/wp-json\/wp\/v2\/users\/1"}],"replies":[{"embeddable":true,"href":"https:\/\/ambpanama.esteri.it\/it\/wp-json\/wp\/v2\/comments?post=1808"}],"version-history":[{"count":4,"href":"https:\/\/ambpanama.esteri.it\/it\/wp-json\/wp\/v2\/pages\/1808\/revisions"}],"predecessor-version":[{"id":5190,"href":"https:\/\/ambpanama.esteri.it\/it\/wp-json\/wp\/v2\/pages\/1808\/revisions\/5190"}],"up":[{"embeddable":true,"href":"https:\/\/ambpanama.esteri.it\/it\/wp-json\/wp\/v2\/pages\/89"}],"wp:attachment":[{"href":"https:\/\/ambpanama.esteri.it\/it\/wp-json\/wp\/v2\/media?parent=1808"}],"curies":[{"name":"wp","href":"https:\/\/api.w.org\/{rel}","templated":true}]}}