{"id":1815,"date":"2023-11-20T05:30:31","date_gmt":"2023-11-20T10:30:31","guid":{"rendered":"https:\/\/ambpanama.esteri.it\/?page_id=1815"},"modified":"2024-08-14T03:31:50","modified_gmt":"2024-08-14T08:31:50","slug":"visa-para-marinos","status":"publish","type":"page","link":"https:\/\/ambpanama.esteri.it\/it\/servizi-consolari-e-visti\/servizi-per-il-cittadino-straniero\/visti\/visa-para-marinos\/","title":{"rendered":"Visto di transito per marittimi"},"content":{"rendered":"<p>Per informazioni generali su questo tipo di VISTO, si prega di visitare il seguente sito del Governo italiano:\u00a0<a href=\"http:\/\/vistoperitalia.esteri.it\/\">vistoperitalia.esteri.it<\/a><\/p>\n<p><strong>A cosa serve e chi pu\u00f2 utilizzarlo:<\/strong><\/p>\n<p>si rilascia ai marittimi (intesi come gente di mare) che hanno necessit\u00e0 di essere imbarcati o sbarcati da navi, battenti bandiera straniera, presso porti italiani o nello spazio Schengen, a fronte di conferma della presenza della nave rilasciata dalla competente Capitaneria di porto italiana.<\/p>\n<p>Pu\u00f2 essere rilasciato anche a marittimi imbarcati su navi battente bandiera italiana unicamente in caso di sbarco per fine ingaggio previsto in un porto italiano<\/p>\n<p>Il visto pu\u00f2 essere richiesto tre mesi prima della data del viaggio e fino ad 1 mese prima della data del viaggio.<\/p>\n<p><strong>Tipo di visto<\/strong>: \u201cC\u201d visto per soggiorni di breve durata (fino a 90 giorni fino)<\/p>\n<p><strong>REQUISITI<\/strong>: Devono essere presentati seguendo il rigoroso ordine sotto indicato:<\/p>\n<ol>\n<li><a href=\"https:\/\/ambpanama.esteri.it\/wp-content\/uploads\/2024\/06\/VISTO-SCHENGEN-ITA.pdf\">Modulo di richiesta di visto Schengen\u00a0<\/a>debitamente compilato in tutti i campi e firmato.<\/li>\n<li><strong>Due fotografie<\/strong> (3,5 cm x 4 cm), sfondo bianco a colore (identiche e recenti), una delle quali deve essere incollata al modulo nella casella corrispondente.<\/li>\n<li><strong>Passaporto valido<\/strong>\u00a0(con validit\u00e0 di almeno 3 mesi oltre la durata del visto) con almeno due pagine libere e una\u00a0<strong>copia semplice del<\/strong>\u00a0<strong>passaporto<\/strong>\u00a0(solo la pagina del passaporto contenente i dati personali del titolare).<\/li>\n<li><strong>Pagamento dei diritti consolari<\/strong>\u00a0in contanti (si pagano il giorno stesso dell\u2019appuntamento, vedere la <a href=\"https:\/\/ambpanama.esteri.it\/it\/servizi-consolari-e-visti\/servizi-per-il-cittadino-italiano\/diritti-consolari\/\">Tabella dei diritti consolari<\/a>)<\/li>\n<li><strong>Carta d\u2019identit\u00e0 <\/strong>\u2013 per gli stranieri\u00a0<em>c\u00e9dula de extranjer\u00eda o carne de residencia<\/em>, in corso di validit\u00e0 (in entrambi i casi solo una copia ingrandita e leggibile).<\/li>\n<li><strong>Richiesta formale e sostanziale della compagnia di navigazione<\/strong><\/li>\n<li>Copia del contratto di lavoro<\/li>\n<li>una copia del \u201c<strong>contratto d\u2019appalto<\/strong>\u201d<\/li>\n<li>Copia del libretto marittimo e dei certificati che lo accreditano per lo svolgimento di attivit\u00e0 lavorativa a bordo come \u201cgente di mare\u201d<\/li>\n<li>Dimostrazione dell\u2019effettiva necessit\u00e0 o convenienza di transitare attraverso lo spazio Schengen<\/li>\n<li>Dimostrazione del possesso di mezzi economici di sostentamento, nella misura prevista dalla Direttiva del Ministero dell\u2019Interno 1.3.2000\u00a0<a href=\"https:\/\/vistoperitalia.esteri.it\/Moduli\/it\/Direttiva_MinInterno_1-3-2000.pdf\">(visualizza)<\/a><\/li>\n<li>Disponibilit\u00e0 di un alloggio (prenotazione alberghiera, dichiarazione di ospitalit\u00e0), se sono previste soste durante il transito<\/li>\n<li>Assicurazione medica con la seguente copertura:\n<ol>\n<li>Assistenza medica per malattia: copertura minima di 30.000 euro.<\/li>\n<li>Assistenza medica per infortuni: copertura minima di 30.000 euro.<\/li>\n<li>Rimpatrio: copertura minima di 30.000 euro.<\/li>\n<\/ol>\n<\/li>\n<\/ol>\n<p style=\"padding-left: 40px;\">La compagnia assicurativa deve avere un rappresentante\/sede in Europa. L\u2019assicurazione di viaggio non pu\u00f2 avere una franchigia. L\u2019assicurazione deve essere valida per la durata del visto (originale e copia). <strong>NOTA<\/strong>: l&#8217;assicurazione deve essere effettuata presso agenzie all&#8217;interno del paese di residenza o direttamente in Italia, non si accettano prenotazioni e\/o acquisti effettuati tramite siti internet. L&#8217;assicurazione deve essere a nome del\/la richiedente<\/p>\n<ol start=\"14\">\n<li>Prenotazione di un volo di sola andata con destinazione finale Italia. <strong>NOTA<\/strong>: La prenotazione aerea deve essere effettuata direttamente dalla compagnia aerea o da un&#8217;agenzia di viaggi nel paese di residenza o direttamente in Italia (non si accettano prenotazioni effettuate online). La prenotazione aerea deve essere a nome del\/della richiedente.<\/li>\n<\/ol>\n<p>&nbsp;<\/p>\n<p><strong>Note:<\/strong><\/p>\n<ul>\n<li>La procedura \u00e8 strettamente personale.\u00a0<u>L\u2019Ambasciata non ha autorizzato alcuna agenzia o intermediario per la richiesta del visto<\/u>.<\/li>\n<li>La mancata presentazione di uno dei documenti sopra indicati pu\u00f2 comportare il rifiuto della domanda di visto allo sportello. L\u2019Ambasciata d\u2019Italia si riserva il diritto di richiedere la documentazione aggiuntiva che ritiene necessaria attraverso il documento denominato \u201c<em>Preavviso di Rigetto<\/em>\u201d che pu\u00f2 essere rilasciato pochi giorni dopo aver esaminato la domanda di visto.<\/li>\n<li>Poich\u00e9 il visto \u00e8 una concessione, anche se vengono presentati tutti i documenti richiesti, questo pu\u00f2 essere concesso o rifiutato. In quest\u2019ultimo caso, verr\u00e0 rilasciato un \u201c<em>Provvedimento di Diniego<\/em>\u201c.<\/li>\n<\/ul>\n","protected":false},"excerpt":{"rendered":"Per informazioni generali su questo tipo di VISTO, si prega di visitare il seguente sito del Governo italiano:\u00a0vistoperitalia.esteri.it A cosa serve e chi pu\u00f2 utilizzarlo: si rilascia ai marittimi (intesi come gente di mare) che hanno necessit\u00e0 di essere imbarcati o sbarcati da navi, battenti bandiera straniera, presso porti italiani o nello spazio Schengen, a [&hellip;]","protected":false},"author":1,"featured_media":0,"parent":89,"menu_order":24,"comment_status":"closed","ping_status":"closed","template":"","meta":{"footnotes":""},"class_list":["post-1815","page","type-page","status-publish","hentry"],"_links":{"self":[{"href":"https:\/\/ambpanama.esteri.it\/it\/wp-json\/wp\/v2\/pages\/1815","targetHints":{"allow":["GET"]}}],"collection":[{"href":"https:\/\/ambpanama.esteri.it\/it\/wp-json\/wp\/v2\/pages"}],"about":[{"href":"https:\/\/ambpanama.esteri.it\/it\/wp-json\/wp\/v2\/types\/page"}],"author":[{"embeddable":true,"href":"https:\/\/ambpanama.esteri.it\/it\/wp-json\/wp\/v2\/users\/1"}],"replies":[{"embeddable":true,"href":"https:\/\/ambpanama.esteri.it\/it\/wp-json\/wp\/v2\/comments?post=1815"}],"version-history":[{"count":3,"href":"https:\/\/ambpanama.esteri.it\/it\/wp-json\/wp\/v2\/pages\/1815\/revisions"}],"predecessor-version":[{"id":5191,"href":"https:\/\/ambpanama.esteri.it\/it\/wp-json\/wp\/v2\/pages\/1815\/revisions\/5191"}],"up":[{"embeddable":true,"href":"https:\/\/ambpanama.esteri.it\/it\/wp-json\/wp\/v2\/pages\/89"}],"wp:attachment":[{"href":"https:\/\/ambpanama.esteri.it\/it\/wp-json\/wp\/v2\/media?parent=1815"}],"curies":[{"name":"wp","href":"https:\/\/api.w.org\/{rel}","templated":true}]}}