{"id":1819,"date":"2023-11-20T05:34:04","date_gmt":"2023-11-20T10:34:04","guid":{"rendered":"https:\/\/ambpanama.esteri.it\/?page_id=1819"},"modified":"2024-08-14T03:33:09","modified_gmt":"2024-08-14T08:33:09","slug":"visa-de-residencia-electiva","status":"publish","type":"page","link":"https:\/\/ambpanama.esteri.it\/it\/servizi-consolari-e-visti\/servizi-per-il-cittadino-straniero\/visti\/visa-de-residencia-electiva\/","title":{"rendered":"Visto per residenza elettiva"},"content":{"rendered":"<p>Per informazioni generali su questo tipo di VISTO, si prega di visitare il seguente sito del Governo italiano:\u00a0<a href=\"http:\/\/www.vistoperitalia.esteri.it\/\">visto per l\u2019Italia<\/a><\/p>\n<p><strong>Tipo di visto:<\/strong>\u00a0visto \u201cD\u201d per soggiorni di lunga durata superiori a 90 giorni.<\/p>\n<p><strong>A cosa serve: <\/strong><\/p>\n<p>consente l&#8217;ingresso in Italia, a scopo di residenza, agli stranieri che intendono stabilirsi nel nostro paese e possono mantenersi in modo indipendente, senza esercitare alcuna attivit\u00e0 lavorativa.<\/p>\n<p><strong>REQUISITI<\/strong>: Devono essere presentati seguendo il rigoroso ordine sotto indicato:<\/p>\n<ol>\n<li><a href=\"https:\/\/ambpanama.esteri.it\/wp-content\/uploads\/2023\/11\/formulario_visto_nazionale_-italiano.pdf\"><strong>Modulo di richiesta di visto Nazionale<\/strong>\u00a0<\/a>debitamente compilato in tutti i campi e firmato.<\/li>\n<\/ol>\n<ol>\n<li><strong>Due fotografie<\/strong> (3,5 cm x 4 cm), sfondo bianco a colore (identiche e recenti), una delle quali deve essere incollata al modulo nella casella corrispondente.<\/li>\n<li><strong>Passaporto valido<\/strong>\u00a0(con validit\u00e0 di almeno 3 mesi oltre la durata del visto) con almeno due pagine libere e una\u00a0<strong>copia<\/strong>\u00a0semplice del\u00a0<strong>passaporto<\/strong>\u00a0(solo la pagina del passaporto contenente i dati personali del titolare).<\/li>\n<li><strong>Pagamento dei diritti consolari in contanti<\/strong>\u00a0(si pagano il giorno stesso dell\u2019appuntamento, vedere la <a href=\"https:\/\/ambpanama.esteri.it\/it\/servizi-consolari-e-visti\/servizi-per-il-cittadino-italiano\/diritti-consolari\/\">Tabella dei diritti consolari<\/a>)<\/li>\n<li><strong>Carta d\u2019identit\u00e0 <\/strong>\u2013 per gli stranieri\u00a0<em>c\u00e9dula de extranjer\u00eda o carne de residencia<\/em>, in corso di validit\u00e0 (in entrambi i casi solo una copia ingrandita e leggibile).<\/li>\n<li><strong>Assicurazione di assistenza medica in viaggio valida per l\u2019area Schengen<\/strong>\u00a0con le seguenti coperture:<\/li>\n<\/ol>\n<ul>\n<li style=\"list-style-type: none;\">\n<ul>\n<li>Assistenza medica per malattia: copertura minima di 30.000 euro.<\/li>\n<li>Assistenza medica per infortuni: copertura minima di 30.000 euro.<\/li>\n<li>Rimpatrio: copertura minima di 30.000 euro.<\/li>\n<\/ul>\n<\/li>\n<\/ul>\n<p style=\"padding-left: 40px;\">La compagnia assicurativa deve avere un rappresentante\/sede in Europa. L\u2019assicurazione di viaggio non pu\u00f2 avere una franchigia. L\u2019assicurazione deve essere valida per la durata del visto (originale e copia). <strong>NOTA<\/strong>: l&#8217;assicurazione deve essere effettuata presso agenzie all&#8217;interno del paese di residenza o direttamente in Italia, non si accettano prenotazioni e\/o acquisti effettuati tramite siti internet. L&#8217;assicurazione deve essere a nome del\/la richiedente.<\/p>\n<ol start=\"6\">\n<li><strong>Disponibilit\u00e0 di un alloggio <\/strong>da eleggere in residenza, propriet\u00e0 o affitto con un contratto gi\u00e0 stipulato direttamente in Italia (originale e copia).<\/li>\n<li><strong>Estratti conto <\/strong>di risparmio e\/o conti correnti degli ultimi sei mesi, nonch\u00e9 delle eventuali carte di credito nazionali e internazionali (originale e copia)<\/li>\n<li>Documentazione giustificativa ed ampie risorse economiche autonome, stabili e regolari, di cui si possa ragionevolmente supporre la continuit\u00e0 nel tempo, provenienti da fonti diverse da attivit\u00e0 di lavoro subordinato.<\/li>\n<li><strong>Prenotazione di un volo<\/strong>\u00a0di andata e ritorno con destinazione finale Italia. Se si richiede un visto di tipo D, la prenotazione pu\u00f2 essere anche di sola andata. <strong>NOTA<\/strong>: La prenotazione aerea deve essere effettuata direttamente dalla compagnia aerea o da un&#8217;agenzia di viaggi nel paese di residenza o direttamente in Italia (non si accettano prenotazioni effettuate online).<\/li>\n<\/ol>\n<p><strong>NOTE<\/strong>:<\/p>\n<ul>\n<li>L&#8217;Ambasciata non ha autorizzato nessuna agenzia o intermediario per il trattamento dei visti.<\/li>\n<li>L&#8217;assenza di uno dei documenti di cui sopra comporter\u00e0 il rifiuto dello sportello della domanda di visto (il che non significa che il visto \u00e8 stato rifiutato, ma che non \u00e8 stato possibile ricevere il fascicolo).<\/li>\n<li>L&#8217;Ambasciata si riserva il diritto di richiedere altri documenti che ritenga necessari.<\/li>\n<li>La presentazione della documentazione richiesta non comporta necessariamente la concessione del visto.<\/li>\n<li>l visto \u00e8 una concessione, quindi anche presentando tutti i documenti richiesti pu\u00f2 essere concesso o rifiutato<\/li>\n<li>In quest&#8217;ultimo caso sar\u00e0 consegnato il &#8220;Provvedimento di Diniego&#8221;.<\/li>\n<\/ul>\n","protected":false},"excerpt":{"rendered":"Per informazioni generali su questo tipo di VISTO, si prega di visitare il seguente sito del Governo italiano:\u00a0visto per l\u2019Italia Tipo di visto:\u00a0visto \u201cD\u201d per soggiorni di lunga durata superiori a 90 giorni. A cosa serve: consente l&#8217;ingresso in Italia, a scopo di residenza, agli stranieri che intendono stabilirsi nel nostro paese e possono mantenersi [&hellip;]","protected":false},"author":1,"featured_media":0,"parent":89,"menu_order":26,"comment_status":"closed","ping_status":"closed","template":"","meta":{"footnotes":""},"class_list":["post-1819","page","type-page","status-publish","hentry"],"_links":{"self":[{"href":"https:\/\/ambpanama.esteri.it\/it\/wp-json\/wp\/v2\/pages\/1819","targetHints":{"allow":["GET"]}}],"collection":[{"href":"https:\/\/ambpanama.esteri.it\/it\/wp-json\/wp\/v2\/pages"}],"about":[{"href":"https:\/\/ambpanama.esteri.it\/it\/wp-json\/wp\/v2\/types\/page"}],"author":[{"embeddable":true,"href":"https:\/\/ambpanama.esteri.it\/it\/wp-json\/wp\/v2\/users\/1"}],"replies":[{"embeddable":true,"href":"https:\/\/ambpanama.esteri.it\/it\/wp-json\/wp\/v2\/comments?post=1819"}],"version-history":[{"count":3,"href":"https:\/\/ambpanama.esteri.it\/it\/wp-json\/wp\/v2\/pages\/1819\/revisions"}],"predecessor-version":[{"id":5193,"href":"https:\/\/ambpanama.esteri.it\/it\/wp-json\/wp\/v2\/pages\/1819\/revisions\/5193"}],"up":[{"embeddable":true,"href":"https:\/\/ambpanama.esteri.it\/it\/wp-json\/wp\/v2\/pages\/89"}],"wp:attachment":[{"href":"https:\/\/ambpanama.esteri.it\/it\/wp-json\/wp\/v2\/media?parent=1819"}],"curies":[{"name":"wp","href":"https:\/\/api.w.org\/{rel}","templated":true}]}}