{"id":354,"date":"2023-11-01T15:24:23","date_gmt":"2023-11-01T20:24:23","guid":{"rendered":"https:\/\/ambpanama.esteri.it\/?page_id=354"},"modified":"2026-01-07T11:32:07","modified_gmt":"2026-01-07T16:32:07","slug":"registrare-una-nascita","status":"publish","type":"page","link":"https:\/\/ambpanama.esteri.it\/it\/servizi-consolari-e-visti\/servizi-per-il-cittadino-italiano\/stato-civile\/registrare-una-nascita\/","title":{"rendered":"Registrare una nascita"},"content":{"rendered":"<p><strong>La Legge n.74 del 23\/05\/2025<\/strong>, che ha convertito con modificazioni il decreto-legge n.36 del 28\/03\/2025,<strong>\u00a0ha introdotto importanti limitazioni alla trasmissione della cittadinanza italiana e di conseguenza anche alla procedura di trascrizione degli atti di nascita dei minori nati all\u2019estero.<\/strong><\/p>\n<p>La nuova legge di cittadinanza ha introdotto il principio per cui \u00e8 considerato<strong>\u00a0non avere mai acquistato la cittadinanza italiana chi \u00e8 nato all\u2019estero,\u00a0<\/strong>anche prima della data di entrata in vigore dalla legge n.74 del 23\/05\/2025,<strong>\u00a0ed \u00e8 in possesso di altra cittadinanza o anche solo del diritto ad acquistarla<\/strong>,\u00a0<strong><u>salvo<\/u><\/strong>\u00a0che ricorra una delle condizioni di seguito illustrate.<\/p>\n<h4><strong>ACQUISTO AUTOMATICO DELLA CITTADINANZA ITALIANA DA PARTE DEI FIGLI MINORENNI NATI ALL\u2019ESTERO DI CITTADINI ITALIANI.<br \/>\n<\/strong><\/h4>\n<h5>Il minore\u00a0<strong><u>nato all\u2019estero<\/u><\/strong>\u00a0da genitori italiani \u00e8 considerato<strong>\u00a0automaticamente\u00a0<\/strong>cittadino italiano\u00a0<strong>solo\u00a0se\u00a0<\/strong>ricorre almeno una delle seguenti condizioni:<\/h5>\n<ol>\n<li><strong><em>Alla data di nascita i<\/em><\/strong><strong><em>l minore pu\u00f2 ottenere\u00a0<u>esclusivamente<\/u>\u00a0la cittadinanza italiana, cio\u00e8 non ha n\u00e9 pu\u00f2 avere nessun\u2019altra cittadinanza per esempio iure sanguinis, iure soli, cittadinanza per opzione, ecc.<br \/>\n<\/em><\/strong><em>Questa casistica solitamente NON si applica ai bambini in Panama, poich\u00e9 generalmente essi hanno diritto alla cittadinanza panamense (anche qualora i genitori decidano di non richiederla).<br \/>\n<\/em>Alla richiesta di trascrizione devono essere allegati documenti idonei a dimostrare che il minore non si trovi alla nascita nella possibilit\u00e0 di acquisire una qualsiasi cittadinanza straniera.<\/li>\n<li><strong><em>Alla data di nascita del minore, un ascendente\u00a0<u>di primo o di secondo grado<\/u>\u00a0(genitori\/nonni)\u00a0<u>possiede<\/u>\u00a0(o possedeva al momento della morte),\u00a0<u>esclusivamente<\/u>\u00a0la cittadinanza italiana<\/em><\/strong><strong><em>.<\/em><\/strong><em><br \/>\n<\/em>Alla richiesta di trascrizione deve essere allegata documentazione idonea a dimostrare in maniera incontrovertibile che, al momento della nascita del minore, uno dei genitori o dei nonni fosse esclusivamente cittadino italiano (o lo fosse al momento della morte, se essa \u00e8 avvenuta prima della nascita del minore).<br \/>\nLa responsabilit\u00e0 di fornire una valida prova di non naturalizzazione, rilasciata dalle competenti autorit\u00e0 di tutti i paesi in cui l\u2019ascendente abbia eventualmente risieduto, \u00e8\u00a0<u>esclusivamente a carico del richiedente<\/u>. Non sar\u00e0 ritenuta valida alcuna autodichiarazione sul mancato possesso di altra cittadinanza.<\/li>\n<li><strong><em>Il\u00a0<u>genitore<\/u>\u00a0cittadino italiano\u00a0<u>\u00e8 stato residente in Italia per almeno 2 anni continuativi<\/u>\u00a0successivamente all\u2019acquisto della cittadinanza italiana e\u00a0<\/em><\/strong><strong><em>prima della data di nascita del figlio\/a.<br \/>\n<\/em><\/strong><em><strong>***<\/strong>Procedura consigliata a tutti i\u00a0concittadini nati in Italia\u00a0e che abbiano vissuto almeno 2 anni continuativi in Italia prima della nascita del figlio\/a<strong>***<\/strong><br \/>\n<\/em>Il genitore nato\u00a0cittadino italiano, anche in possesso di altra cittadinanza, oppure il genitore che ha acquistato la cittadinanza per matrimonio, per residenza, o per beneficio di legge, deve dimostrare di aver risieduto in Italia per almeno\u00a0<u>2 anni continuativi\u00a0successivamente all\u2019acquisto della cittadinanza italiana e prima della data di nascita del figlio\/a.<\/u>\u00a0Non rileva la residenza in Italia del cittadino italiano prima dell\u2019acquisto della cittadinanza italiana, n\u00e9 la residenza in Italia del genitore straniero e non sar\u00e0 ritenuta valida alcuna autodichiarazione riguardo alla residenza<br \/>\nLa responsabilit\u00e0 di fornire una valida prova di residenza \u00e8\u00a0<u>esclusivamente a carico del richiedente<\/u>.<\/li>\n<\/ol>\n<p><strong><u>DOCUMENTI DA PRESENTARE PER I FIGLI NATI IN PANAMA<\/u><\/strong><\/p>\n<p style=\"text-align: justify;\">a). <a href=\"https:\/\/ambpanama.esteri.it\/wp-content\/uploads\/2025\/04\/nascita.pdf\"><strong>Modulo<\/strong><\/a>\u00a0di richiesta di trascrizione, debitamente compilato e firmato per entrambi genitori;<\/p>\n<p style=\"text-align: justify;\">b). <strong>Atto integrale di nascita<\/strong> in originale, rilasciato dal &#8220;Tribunal Electoral&#8221;, munito di Apostille rilasciata dal <a href=\"https:\/\/mire.gob.pa\/\">Ministero degli Affari Esteri di Panama.;<\/a> con data di rilascio non superiore ad un anno.<\/p>\n<p style=\"text-align: justify;\">c). <strong>Traduzione<\/strong> dell&#8217;atto in originale, debitamente accompagnata dall&#8217;Apostille sulla firma del traduttore. <strong>NOTA<\/strong>: la traduzione deve essere effettuata dalla lingua originale del documento all&#8217;italiano e non saranno accettate traduzioni con firma digitale.<\/p>\n<p style=\"text-align: justify;\">d). Documento di identit\u00e0 del minore e dei genitori in originale;<\/p>\n<p style=\"text-align: justify;\">e). Tutti i documenti sopra elencati devono essere accompagnati da una fotocopia leggibile degli stessi.<\/p>\n<p>Se i documenti presentano scritte o annotazioni sul retro del foglio, dovranno essere presentate anche le fotocopie del retro del suddetto foglio.<\/p>\n<p><strong><u> DOCUMENTI DA PRESENTARE PER I FIGLI\u00a0NATI IN ALTRI PAESI<\/u><\/strong><\/p>\n<p style=\"text-align: justify;\">a). <a href=\"https:\/\/ambpanama.esteri.it\/wp-content\/uploads\/2025\/04\/nascita.pdf\"><strong>Modulo<\/strong><\/a>\u00a0di richiesta di trascrizione, debitamente compilato per entrambi genitori;<\/p>\n<p style=\"text-align: justify;\">b). <strong>Atto di nascita<\/strong> &#8220;integrale&#8221; o &#8220;extended&#8221; secondo la modalit\u00e0 di rilascio di ogni Paese in originale emesso dall\u2019Autorit\u00e0 competente dal Paese di nascita; (con data di rilascio non superiore ad un anno.) e <strong>Apostille <\/strong>dell\u2019Atto in originale rilasciata dall\u2019Autorit\u00e0 competente nel Paese di origine. I certificati USA dovranno essere sempre nel formato esteso (cosiddetto Long Form o Extended Form che riporta esatto luogo di nascita, data o et\u00e0 e luogo di nascita dei genitori), secondo le modalit\u00e0 con cui tali certificati vengono rilasciati nei singoli Stati.<\/p>\n<p style=\"text-align: justify;\">c). <strong>Traduzione <\/strong>dell&#8217;atto in originale, debitamente accompagnata dall&#8217;apostille della firma del traduttore. <strong>NOTA<\/strong>: la traduzione deve essere effettuata dalla lingua originale del documento all&#8217;italiano e non saranno accettate traduzioni con firma digitale.<\/p>\n<p style=\"text-align: justify;\">d). Fotocopie dei documenti d&#8217;identit\u00e0 del minore e dei genitori;<\/p>\n<p style=\"text-align: justify;\">e). Tutti i documenti sopra elencati devono essere accompagnati da una fotocopia leggibile degli stessi.<\/p>\n<p>Se i documenti presentano scritte o annotazioni sul retro del foglio, dovranno essere presentate anche le fotocopie del retro del suddetto foglio.<\/p>\n<p><strong>Dove richiedere il servizio:<\/strong><\/p>\n<p>a). Presentandosi entrambi i genitori presso l\u2019Ambasciata d\u2019Italia a Panama, previa prenotazione di un appuntamento per \u201c<strong>Servizi consolari<\/strong>\u201d attraverso il portale.\u00a0<a href=\"https:\/\/prenotami.esteri.it\/\">Prenota@mi<\/a>;<\/p>\n<p>b). rivolgendosi direttamente al proprio Comune di iscrizione A.I.R.E. (in questo caso \u00e8 necessario rivolgersi all\u2019Ufficio di Stato Civile comunale).<\/p>\n<p data-start=\"1396\" data-end=\"1522\"><strong><span style=\"text-decoration: underline;\">IMPORTANTE<\/span><\/strong><\/p>\n<p style=\"text-align: justify;\" data-start=\"1396\" data-end=\"1522\">In entrambi i casi, se i genitori <strong>sono sposati<\/strong>, \u00e8 indispensabile che il matrimonio risulti previamente registrato in Italia. Se, invece, i genitori <strong data-start=\"1551\" data-end=\"1571\">non sono sposati<\/strong>, entrambi dovranno presentarsi personalmente, <strong data-start=\"1618\" data-end=\"1639\">insieme al minore<\/strong>, presso la Cancelleria Consolare dell\u2019Ambasciata d\u2019Italia, al fine di sottoscrivere l\u2019<strong data-start=\"1726\" data-end=\"1752\">atto di riconoscimento<\/strong> del figlio nato fuori dal matrimonio.<\/p>\n<p style=\"text-align: justify;\" data-start=\"1798\" data-end=\"1955\">Si informa che la redazione di tale atto prevede un costo di <strong data-start=\"1859\" data-end=\"1869\">20 EUR<\/strong>, da versare <strong data-start=\"1882\" data-end=\"1906\">in contanti e in USD<\/strong>, secondo il tasso di cambio consolare vigente.\u00a0In assenza dei requisiti sopra indicati, <strong data-start=\"2002\" data-end=\"2067\">non sar\u00e0 possibile procedere alla registrazione della nascita<\/strong>.<\/p>\n<p style=\"text-align: justify;\">Nel caso in cui entrambi i genitori siano italiani ed appartengano o siano residenti presso Comuni diversi &#8211; salvo diverso accordo tra di loro &#8211; l&#8217;atto di nascita verr\u00e0 trascritto presso il Comune di riferimento della madre.<\/p>\n<p style=\"text-align: justify;\" data-start=\"315\" data-end=\"497\">Una volta completata l\u2019istruttoria, l\u2019Ambasciata provveder\u00e0 a inviare un\u2019e-mail all\u2019interessato per confermare l\u2019avvenuta trasmissione della documentazione al Comune competente. Non \u00e8 pertanto necessario contattare l\u2019Ufficio per richiedere aggiornamenti sullo stato della pratica, in quanto il relativo seguito \u00e8 di competenza di altre autorit\u00e0.\u00a0 <strong>Si raccomanda di fornire un indirizzo e-mail valido e di comunicare tempestivamente eventuali variazioni dei propri recapiti.<\/strong><\/p>\n<h4 style=\"text-align: justify;\"><strong>NUOVI CASI DI ACQUISTO DELLA CITTADINANZA ALL\u2019ESTERO DA PARTE DEI FIGLI MINORENNI DI CITTADINI ITALIANI CHE\u00a0<u>NON<\/u>\u00a0TRASMETTONO AUTOMATICAMENTE LA CITTADINANZA ITALIANA.<\/strong><\/h4>\n<h5 style=\"text-align: justify;\">Il minore\u00a0<strong><u>nato all\u2019estero<\/u><\/strong>\u00a0da genitori italiani, che\u00a0<strong>non<\/strong>\u00a0possa essere considerato automaticamente cittadino italiano in conseguenza dei limiti di cui sopra (ovvero: minore in possesso di altra cittadinanza; genitori\/nonni in possesso di altra cittadinanza), potr\u00e0 acquistare la cittadinanza italiana\u00a0<u>per beneficio di legge<\/u>\u00a0se i genitori o il tutore dichiarano la volont\u00e0 dell\u2019acquisto della cittadinanza<strong> entro tre anni dalla nascita del minore<\/strong>\u00a0e ricorrono\u00a0congiuntamente\u00a0i seguenti requisiti:<\/h5>\n<ol style=\"text-align: justify;\">\n<li><strong><em>Almeno uno dei genitori \u00e8 cittadino italiano iure sanguinis.<br \/>\n<\/em><\/strong>Si escludono quindi i casi di cittadini italiani per naturalizzazione (art. 9 della legge n. 91\/1992), per beneficio di legge (art. 4 della legge n. 91\/1992), per matrimonio (art. 5 della legge n. 91\/1992 o art. 10 della legge n. 555\/1912), o\u00a0<em>iuris communicatione\u00a0<\/em>(articolo 14 della legge n. 91\/1992)<em>.<br \/>\n<\/em>La responsabilit\u00e0 di fornire una valida prova di possesso della cittadinanza\u00a0<em>iure sanguinis<\/em>\u00a0\u00e8\u00a0<u>esclusivamente a carico del richiedente<\/u>.<\/li>\n<li><strong><em>Entrambi i genitori (incluso il genitore straniero) o il tutore presentano la\u00a0dichiarazione di volont\u00e0\u00a0dell\u2019acquisto della cittadinanza\u00a0<u>entro tre anni<\/u>\u00a0dalla nascita del minore o dalla data successiva in cui \u00e8 stabilita la filiazione, anche adottiva durante la minore et\u00e0, da cittadino italiano.<\/em><\/strong><\/li>\n<\/ol>\n<p style=\"text-align: justify;\"><strong>IMPORTANTE:<\/strong><\/p>\n<ul style=\"text-align: justify;\">\n<li>Il minore che acquista la cittadinanza italiana\u00a0<u>per beneficio di legge<\/u>\u00a0<strong>non<\/strong>\u00a0\u00e8 cittadino per nascita o\u00a0<em>iure sanguinis<\/em>. In base all\u2019articolo 15 della legge n. 91\/1992, il minore acquista la cittadinanza dal giorno successivo in cui si saranno verificate le condizioni previste dalla legge (per le dichiarazioni presentate in consolato: dal giorno successivo alla dichiarazione effettuata da entrambi i genitori).<\/li>\n<li>Divenuto maggiorenne, chi ha acquistato la cittadinanza\u00a0<u>a seguito di dichiarazione di volont\u00e0<\/u>\u00a0come illustrato sopra, pu\u00f2 rinunciarvi se in possesso di altra cittadinanza.<\/li>\n<\/ul>\n<p style=\"text-align: justify;\">\u00c8 stata altres\u00ec introdotta una\u00a0<strong>norma transitoria (art. 1, c. 1-ter del D.L. n. 36\/2025)\u00a0<\/strong>che consente la possibilit\u00e0 di effettuare la suddetta dichiarazione di volont\u00e0 di acquisto della cittadinanza in favore di minore figlio di cittadino\/a, al quale non venga trasmessa automaticamente la cittadinanza, allorch\u00e9 ricorrano\u00a0<strong>tutte\u00a0<\/strong>le condizioni seguenti:<\/p>\n<ul style=\"text-align: justify;\">\n<li><strong><u>minore et\u00e0 del figlio alla data del 24 maggio 2025 (entrata in vigore della legge di conversione del decreto-legge n. 36\/2025)<\/u><\/strong>;<\/li>\n<li><strong>genitore cittadino\u00a0<u>per nascita<\/u><\/strong>\u00a0riconosciuto come tale sulla base di domanda amministrativa o giudiziale presentata entro le 23:59 (ora di Roma) del 27 marzo 2025, o sulla base di domanda di riconoscimento della cittadinanza italiana presentata sulla base di appuntamento comunicato dall\u2019Ufficio consolare o dal Comune entro la medesima data;<\/li>\n<li>dichiarazione dei genitori o del tutore presentata all\u2019Ufficio consolare\u00a0<strong><u>entro il 31 maggio 2026<\/u><\/strong>.<\/li>\n<\/ul>\n<p style=\"text-align: justify;\">Si precisa che in entrambi i casi trattandosi di\u00a0<strong><u>acquisto della cittadinanza per \u201cbeneficio di legge\u201d<\/u><\/strong>\u00a0il minore non acquister\u00e0 la cittadinanza dal giorno della nascita ma\u00a0<strong><u>dal giorno successivo alla dichiarazione dei genitori in Consolato<\/u><\/strong>.<\/p>\n<p style=\"text-align: justify;\"><span style=\"text-decoration: underline;\"><strong>DOCUMENTI DA PRESENTARE PER LA REGISTRAZIONE DI FIGLI NATI A PANAMA O ALL&#8217;ESTERO MA RESIDENTI IN PANAMA<\/strong><\/span><\/p>\n<p style=\"text-align: justify;\">a). <a href=\"https:\/\/ambpanama.esteri.it\/wp-content\/uploads\/2025\/04\/nascita.pdf\"><strong>Modulo<\/strong><\/a>\u00a0di richiesta di trascrizione, debitamente compilato e firmato per entrambi genitori;<\/p>\n<p style=\"text-align: justify;\">b). <strong>Atto integrale di nascita<\/strong>, a seconda dei casi:<\/p>\n<ul>\n<li style=\"text-align: justify;\"><strong>Per i minori nati in Panama<\/strong>: atto integrale di nascita in originale rilasciato dal &#8220;Tribunal Electoral&#8221;, munito di Apostille rilasciata dal <a href=\"https:\/\/mire.gob.pa\/\">Ministero degli Affari Esteri di Panama.;<\/a> con data di rilascio non superiore ad un anno. E la t<strong>raduzione<\/strong> dell&#8217;atto in originale, debitamente accompagnata dall&#8217;Apostille sulla firma del traduttore. <strong>NOTA<\/strong>: la traduzione deve essere effettuata dalla lingua originale del documento all&#8217;italiano e non saranno accettate traduzioni con firma digitale.<\/li>\n<li style=\"text-align: justify;\"><strong>Per i minori nati all&#8217;estero: <\/strong>atto di nascita\u00a0\u201cintegrale\u201d o \u201cextended\u201d secondo la modalit\u00e0 di rilascio di ogni Paese in originale emesso dall\u2019Autorit\u00e0 competente dal Paese di nascita; (con data di rilascio non superiore ad un anno.) e\u00a0<strong>Apostille\u00a0<\/strong>dell\u2019Atto in originale rilasciata dall\u2019Autorit\u00e0 competente nel Paese di origine. I certificati USA dovranno essere sempre nel formato esteso (cosiddetto Long Form o Extended Form che riporta esatto luogo di nascita, data o et\u00e0 e luogo di nascita dei genitori), secondo le modalit\u00e0 con cui tali certificati vengono rilasciati nei singoli Stati.\u00a0 E la t<strong>raduzione<\/strong> dell&#8217;atto in originale, debitamente accompagnata dall&#8217;Apostille sulla firma del traduttore. <strong>NOTA<\/strong>: la traduzione deve essere effettuata dalla lingua originale del documento all&#8217;italiano e non saranno accettate traduzioni con firma digitale.<\/li>\n<\/ul>\n<p>Se i documenti presentano scritte o annotazioni sul retro del foglio, dovranno essere presentate anche le fotocopie del retro del suddetto foglio.<\/p>\n<p style=\"text-align: justify;\">c).<strong> Certificato di cittadinanza<\/strong> in originale, rilasciato dal &#8220;Tribunal Electoral&#8221;, munito di Apostille rilasciata dal <a href=\"https:\/\/mire.gob.pa\/\">Ministero degli Affari Esteri di Panama.;<\/a> con data di rilascio non superiore ad un anno, debitamente accompagnata dall&#8217;Apostille sulla firma del traduttore. <strong>NOTA<\/strong>: la traduzione deve essere effettuata dalla lingua originale del documento all&#8217;italiano e non saranno accettate traduzioni con firma digitale.<\/p>\n<p style=\"padding-left: 40px; text-align: justify;\"><strong>NOTA:<\/strong> Nel caso di <strong data-start=\"176\" data-end=\"248\">minori nati all\u2019estero in Paesi che non rilasciano il certificato di cittadinanza<\/strong>, \u00e8 necessario presentare <strong data-start=\"274\" data-end=\"302\">documentazione ufficiale<\/strong> rilasciata dalle autorit\u00e0 locali del paese di nascita, che attesti <strong data-start=\"349\" data-end=\"397\">l\u2019impossibilit\u00e0 di ottenere tale certificato<\/strong>.<br data-start=\"398\" data-end=\"401\" \/>In assenza di tale documentazione giustificativa, <strong data-start=\"451\" data-end=\"515\" data-is-only-node=\"\">non sar\u00e0 possibile procedere alla trascrizione della nascita<\/strong> in Italia.<\/p>\n<p style=\"text-align: justify;\">d).<strong> Certificato di nascita del padre\/madre del minore<\/strong>, cittadino italiano per nascita (da richiedere al Comune italiano AIRE dove \u00e8 iscritto il padre\/madre italiano). In alternativa pu\u00f2 essere presentato il certificato di cittadinanza italiana per nascita del genitore italiano del minore. I cittadini italiani residenti nella circoscrizione consolare di questa Ambasciata d&#8217;Italia possono scegliere di presentare una dichiarazione sostitutiva di certificazione al posto del certificato di cittadinanza <a href=\"https:\/\/ambpanama.esteri.it\/wp-content\/uploads\/2023\/11\/fac-simile_autodichiarazione.pdf\">fac-simile autodichiarazione<\/a>.<\/p>\n<p style=\"text-align: justify;\">e). <strong>Certificato di residenza<\/strong> in originale, rilasciato dalla \u201c<strong>Corregidur\u00eda\/Juzgado de Paz<\/strong>\u201d competente per il luogo di residenza; con data di rilascio non superiore a 6 mesi. (questo documento non dev&#8217;essere tradotto ne apostillato).<\/p>\n<p style=\"text-align: justify;\">f). Documento di identit\u00e0 del minore e dei genitori in originale;<\/p>\n<p style=\"text-align: justify;\">g). Tutti i documenti sopra elencati devono essere accompagnati da una fotocopia leggibile degli stessi.<\/p>\n<p><strong>Dove richiedere il servizio:<\/strong><\/p>\n<p>a). Presentandosi entrambi i genitori con il\/la minore presso l\u2019Ambasciata d\u2019Italia a Panama, previa prenotazione di un appuntamento per \u201c<strong>Cittadinanza per discendenza \u2013 beneficio di legge<\/strong>\u201d attraverso il portale.\u00a0<a href=\"https:\/\/prenotami.esteri.it\/\">Prenota@mi<\/a>;<\/p>\n<p>b). rivolgendosi direttamente al proprio Comune di iscrizione A.I.R.E. (in questo caso \u00e8 necessario rivolgersi all\u2019Ufficio di Stato Civile comunale).<\/p>\n<p data-start=\"1396\" data-end=\"1522\"><strong><span style=\"text-decoration: underline;\">IMPORTANTE<\/span><\/strong><\/p>\n<p style=\"text-align: justify;\" data-start=\"1396\" data-end=\"1522\">Se i genitori <strong>sono sposati<\/strong>, \u00e8 indispensabile che il matrimonio risulti previamente registrato in Italia. Se, invece, i genitori <strong data-start=\"1551\" data-end=\"1571\">non sono sposati<\/strong>, entrambi dovranno presentarsi personalmente, <strong data-start=\"1618\" data-end=\"1639\">insieme al minore<\/strong>, presso la Cancelleria Consolare dell\u2019Ambasciata d\u2019Italia, al fine di sottoscrivere l\u2019<strong data-start=\"1726\" data-end=\"1752\">atto di riconoscimento<\/strong> del figlio nato fuori dal matrimonio.<\/p>\n<p style=\"text-align: justify;\" data-start=\"1798\" data-end=\"1955\">Si informa che la redazione di tale atto prevede un costo di <strong data-start=\"1859\" data-end=\"1869\">20 EUR<\/strong>, da versare <strong data-start=\"1882\" data-end=\"1906\">in contanti e in USD<\/strong>, secondo il tasso di cambio consolare vigente.\u00a0In assenza dei requisiti sopra indicati, <strong data-start=\"2002\" data-end=\"2067\">non sar\u00e0 possibile procedere alla registrazione della nascita<\/strong>.<\/p>\n<p style=\"text-align: justify;\">Nel caso in cui entrambi i genitori siano italiani ed appartengano o siano residenti presso Comuni diversi &#8211; salvo diverso accordo tra di loro &#8211; l&#8217;atto di nascita verr\u00e0 trascritto presso il Comune di riferimento della madre.<\/p>\n<p style=\"text-align: justify;\" data-start=\"315\" data-end=\"497\">Una volta completata l\u2019istruttoria, l\u2019Ambasciata provveder\u00e0 a inviare un\u2019e-mail all\u2019interessato per confermare l\u2019avvenuta trasmissione della documentazione al Comune competente. Non \u00e8 pertanto necessario contattare l\u2019Ufficio per richiedere aggiornamenti sullo stato della pratica, in quanto il relativo seguito \u00e8 di competenza di altre autorit\u00e0.\u00a0 <strong>Si raccomanda di fornire un indirizzo e-mail valido e di comunicare tempestivamente eventuali variazioni dei propri recapiti.<\/strong><\/p>\n","protected":false},"excerpt":{"rendered":"La Legge n.74 del 23\/05\/2025, che ha convertito con modificazioni il decreto-legge n.36 del 28\/03\/2025,\u00a0ha introdotto importanti limitazioni alla trasmissione della cittadinanza italiana e di conseguenza anche alla procedura di trascrizione degli atti di nascita dei minori nati all\u2019estero. La nuova legge di cittadinanza ha introdotto il principio per cui \u00e8 considerato\u00a0non avere mai acquistato [&hellip;]","protected":false},"author":4,"featured_media":0,"parent":68,"menu_order":0,"comment_status":"closed","ping_status":"closed","template":"","meta":{"footnotes":""},"class_list":["post-354","page","type-page","status-publish","hentry"],"_links":{"self":[{"href":"https:\/\/ambpanama.esteri.it\/it\/wp-json\/wp\/v2\/pages\/354","targetHints":{"allow":["GET"]}}],"collection":[{"href":"https:\/\/ambpanama.esteri.it\/it\/wp-json\/wp\/v2\/pages"}],"about":[{"href":"https:\/\/ambpanama.esteri.it\/it\/wp-json\/wp\/v2\/types\/page"}],"author":[{"embeddable":true,"href":"https:\/\/ambpanama.esteri.it\/it\/wp-json\/wp\/v2\/users\/4"}],"replies":[{"embeddable":true,"href":"https:\/\/ambpanama.esteri.it\/it\/wp-json\/wp\/v2\/comments?post=354"}],"version-history":[{"count":6,"href":"https:\/\/ambpanama.esteri.it\/it\/wp-json\/wp\/v2\/pages\/354\/revisions"}],"predecessor-version":[{"id":8590,"href":"https:\/\/ambpanama.esteri.it\/it\/wp-json\/wp\/v2\/pages\/354\/revisions\/8590"}],"up":[{"embeddable":true,"href":"https:\/\/ambpanama.esteri.it\/it\/wp-json\/wp\/v2\/pages\/68"}],"wp:attachment":[{"href":"https:\/\/ambpanama.esteri.it\/it\/wp-json\/wp\/v2\/media?parent=354"}],"curies":[{"name":"wp","href":"https:\/\/api.w.org\/{rel}","templated":true}]}}