{"id":365,"date":"2023-11-01T15:28:36","date_gmt":"2023-11-01T20:28:36","guid":{"rendered":"https:\/\/ambpanama.esteri.it\/?page_id=365"},"modified":"2024-12-10T13:54:55","modified_gmt":"2024-12-10T18:54:55","slug":"registrare-un-divorzio","status":"publish","type":"page","link":"https:\/\/ambpanama.esteri.it\/it\/servizi-consolari-e-visti\/servizi-per-il-cittadino-italiano\/stato-civile\/registrare-un-divorzio\/","title":{"rendered":"Registrare un divorzio"},"content":{"rendered":"<p style=\"text-align: justify;\">Le sentenze di divorzio o atti notarili di divorzio eseguiti all&#8217;estero\u00a0<strong>NON<\/strong>\u00a0sono automaticamente validi in Italia, devono essere trascritti presso l&#8217;Ufficio dello Stato Civile del Comune dove risulta registrato il relativo atto di matrimonio. L\u2019interessato\/a deve essere residente in Panama.<\/p>\n<p style=\"text-align: justify;\"><strong>Dove richiedere il servizio:<\/strong><\/p>\n<p style=\"text-align: justify; padding-left: 40px;\">a. presentandosi il cittadino italiano interessato presso l\u2019Ambasciata d\u2019Italia a Panama, prenotando un appuntamento per \u201cServizi consolari\u201d attraverso il portale <a href=\"https:\/\/prenotami.esteri.it\/\">Prenota@mi<\/a>;<\/p>\n<p style=\"text-align: justify; padding-left: 40px;\">b. rivolgendosi direttamente al proprio Comune di iscrizione A.I.R.E. (in questo caso \u00e8 necessario rivolgersi all&#8217;Ufficio di Stato Civile comunale).<\/p>\n<p style=\"text-align: justify;\"><strong>Documenti da presentare:<\/strong><\/p>\n<ul style=\"text-align: justify;\">\n<li><a href=\"https:\/\/ambpanama.esteri.it\/wp-content\/uploads\/2024\/08\/DIVORZIO-MODULO.pdf\">Modulo<\/a> di trascrizione debitamente compilato (si firma davanti al funzionario);<\/li>\n<li>Dichiarazione sostitutiva dell&#8217;atto notorio;<\/li>\n<li>Sentenza integrale in originale, rilasciata dal Tribunale competente, munita di Apostille dell\u2019Aja<\/li>\n<li>Nella sentenza (o in una dichiarazione aggiuntiva del Tribunale) dovr\u00e0 essere specificato che si tratta di sentenza passata in giudicato con l\u2019indicazione della data da cui la sentenza \u00e8 definitiva (<strong>NB<\/strong>: si precisa che la sentenza di divorzio effettuata nel territorio panamense prima di essere legalizzata al MIRE dovr\u00e0 essere presentata presso la segreteria generale della Corte Suprema di Giustizia per l&#8217;eventualmente autorizzazione alla richiesta dell&#8217;Apostille).<\/li>\n<li>In presenza di figli minori, la sentenza dovr\u00e0 specificare il regime di affidamento degli stessi.<\/li>\n<li>Traduzione dell\u2019atto in originale debitamente accompagnata dall&#8217;apostille della firma del traduttore.\u00a0<strong>NOTA<\/strong>: non si accettano traduzioni con firma digitale;<\/li>\n<li>copia di un documento d&#8217;identit\u00e0.<\/li>\n<\/ul>\n<p style=\"text-align: justify;\">Tutti i documenti devono essere presentati in originale e fotocopia degli stessi (leggibile).<\/p>\n<p style=\"text-align: justify;\"><strong>L\u2019Ambasciata provveder\u00e0 ad inviare una e-mail all\u2019interessato sull\u2019effettiva trasmissione delle pratiche all\u2019autorit\u00e0 di competenza. Non \u00e8 quindi necessario chiedere informazioni sullo stato della pratica in quanto di competenza di altre autorit\u00e0.<\/strong><\/p>\n<p style=\"text-align: justify;\"><strong>Si raccomanda pertanto di voler fornire un indirizzo e-mail valido e di comunicare gli eventuali aggiornamenti dei propri contatti.<\/strong><\/p>\n","protected":false},"excerpt":{"rendered":"Le sentenze di divorzio o atti notarili di divorzio eseguiti all&#8217;estero\u00a0NON\u00a0sono automaticamente validi in Italia, devono essere trascritti presso l&#8217;Ufficio dello Stato Civile del Comune dove risulta registrato il relativo atto di matrimonio. L\u2019interessato\/a deve essere residente in Panama. Dove richiedere il servizio: a. presentandosi il cittadino italiano interessato presso l\u2019Ambasciata d\u2019Italia a Panama, prenotando [&hellip;]","protected":false},"author":4,"featured_media":0,"parent":68,"menu_order":2,"comment_status":"closed","ping_status":"closed","template":"","meta":{"footnotes":""},"class_list":["post-365","page","type-page","status-publish","hentry"],"_links":{"self":[{"href":"https:\/\/ambpanama.esteri.it\/it\/wp-json\/wp\/v2\/pages\/365","targetHints":{"allow":["GET"]}}],"collection":[{"href":"https:\/\/ambpanama.esteri.it\/it\/wp-json\/wp\/v2\/pages"}],"about":[{"href":"https:\/\/ambpanama.esteri.it\/it\/wp-json\/wp\/v2\/types\/page"}],"author":[{"embeddable":true,"href":"https:\/\/ambpanama.esteri.it\/it\/wp-json\/wp\/v2\/users\/4"}],"replies":[{"embeddable":true,"href":"https:\/\/ambpanama.esteri.it\/it\/wp-json\/wp\/v2\/comments?post=365"}],"version-history":[{"count":7,"href":"https:\/\/ambpanama.esteri.it\/it\/wp-json\/wp\/v2\/pages\/365\/revisions"}],"predecessor-version":[{"id":7040,"href":"https:\/\/ambpanama.esteri.it\/it\/wp-json\/wp\/v2\/pages\/365\/revisions\/7040"}],"up":[{"embeddable":true,"href":"https:\/\/ambpanama.esteri.it\/it\/wp-json\/wp\/v2\/pages\/68"}],"wp:attachment":[{"href":"https:\/\/ambpanama.esteri.it\/it\/wp-json\/wp\/v2\/media?parent=365"}],"curies":[{"name":"wp","href":"https:\/\/api.w.org\/{rel}","templated":true}]}}