{"id":370,"date":"2023-11-01T15:30:45","date_gmt":"2023-11-01T20:30:45","guid":{"rendered":"https:\/\/ambpanama.esteri.it\/?page_id=370"},"modified":"2025-03-26T15:01:31","modified_gmt":"2025-03-26T20:01:31","slug":"registrare-una-morte","status":"publish","type":"page","link":"https:\/\/ambpanama.esteri.it\/it\/servizi-consolari-e-visti\/servizi-per-il-cittadino-italiano\/stato-civile\/registrare-una-morte\/","title":{"rendered":"Registrare un decesso"},"content":{"rendered":"<p style=\"text-align: justify;\">La morte di un cittadino italiano avvenuta all\u2019estero deve essere trascritta in Italia.<\/p>\n<p style=\"text-align: justify;\"><strong>Dove richiedere il servizio:<\/strong><\/p>\n<p style=\"text-align: justify; padding-left: 40px;\">a). presentandosi il cittadino italiano interessato presso l\u2019Ambasciata d\u2019Italia a Panama, prenotando un appuntamento per \u201cServizi consolari\u201d attraverso il portale <a href=\"https:\/\/prenotami.esteri.it\/\">Prenota@mi<\/a>;<\/p>\n<p style=\"text-align: justify; padding-left: 40px;\">b). rivolgendosi direttamente al proprio Comune di iscrizione A.I.R.E. (in questo caso \u00e8 necessario rivolgersi all&#8217;Ufficio di Stato Civile comunale).<\/p>\n<p style=\"text-align: justify;\">Se si richiede\u00a0<strong>SOLAMENTE<\/strong>\u00a0la\u00a0<strong>LEGALIZZAZIONE<\/strong>\u00a0delle\u00a0<strong>TRADUZIONE<\/strong>\u00a0bisogna prendere appuntamento per \u201cServizi Consolari\u201d<\/p>\n<p style=\"text-align: justify;\"><strong>DOCUMENTI DA PRESENTARE PER DECESSO IN PANAMA:<\/strong><\/p>\n<p style=\"text-align: justify; padding-left: 40px;\">a). <a href=\"https:\/\/ambpanama.esteri.it\/wp-content\/uploads\/2024\/08\/MORTE-MODULO.pdf\">Modulo<\/a>\u00a0di richiesta di trascrizione, debitamente compilato (si firma davanti ad un funzionario)<\/p>\n<p style=\"text-align: justify; padding-left: 40px;\">b). Atto di morte integrale in originale, rilasciato dall\u2019Ufficio competente, munito di Apostille rilasciata dal <a href=\"https:\/\/mire.gob.pa\/\">Ministero degli Affari Esteri di Panama.<\/a><\/p>\n<p style=\"text-align: justify; padding-left: 40px;\">c). Traduzione dell&#8217;atto in originale, debitamente accompagnata dall&#8217;apostille sulla firma del traduttore. <strong>NOTA<\/strong>: la traduzione deve essere effettuata dalla lingua originale del documento all&#8217;italiano e non saranno accettate traduzioni con firma digitale.<\/p>\n<p style=\"text-align: justify; padding-left: 40px;\">d). copia del documento d&#8217;identit\u00e0 del dichiarante della morte.<\/p>\n<p style=\"text-align: justify;\">Tutti i documenti devono essere presentati in originale e fotocopia degli stessi (leggibile).<\/p>\n<p style=\"text-align: justify;\"><strong>L\u2019Ambasciata provveder\u00e0 ad inviare una e-mail all\u2019interessato sull\u2019effettiva trasmissione delle pratiche all\u2019autorit\u00e0 di competenza. Non \u00e8 quindi necessario chiedere informazioni sullo stato della pratica in quanto di competenza di altre autorit\u00e0.<\/strong><\/p>\n<p style=\"text-align: justify;\"><strong>Si raccomanda pertanto di voler fornire un indirizzo e-mail valido e di comunicare gli eventuali aggiornamenti dei propri contatti.<\/strong><\/p>\n","protected":false},"excerpt":{"rendered":"La morte di un cittadino italiano avvenuta all\u2019estero deve essere trascritta in Italia. Dove richiedere il servizio: a). presentandosi il cittadino italiano interessato presso l\u2019Ambasciata d\u2019Italia a Panama, prenotando un appuntamento per \u201cServizi consolari\u201d attraverso il portale Prenota@mi; b). rivolgendosi direttamente al proprio Comune di iscrizione A.I.R.E. (in questo caso \u00e8 necessario rivolgersi all&#8217;Ufficio di [&hellip;]","protected":false},"author":4,"featured_media":0,"parent":68,"menu_order":3,"comment_status":"closed","ping_status":"closed","template":"","meta":{"footnotes":""},"class_list":["post-370","page","type-page","status-publish","hentry"],"_links":{"self":[{"href":"https:\/\/ambpanama.esteri.it\/it\/wp-json\/wp\/v2\/pages\/370","targetHints":{"allow":["GET"]}}],"collection":[{"href":"https:\/\/ambpanama.esteri.it\/it\/wp-json\/wp\/v2\/pages"}],"about":[{"href":"https:\/\/ambpanama.esteri.it\/it\/wp-json\/wp\/v2\/types\/page"}],"author":[{"embeddable":true,"href":"https:\/\/ambpanama.esteri.it\/it\/wp-json\/wp\/v2\/users\/4"}],"replies":[{"embeddable":true,"href":"https:\/\/ambpanama.esteri.it\/it\/wp-json\/wp\/v2\/comments?post=370"}],"version-history":[{"count":6,"href":"https:\/\/ambpanama.esteri.it\/it\/wp-json\/wp\/v2\/pages\/370\/revisions"}],"predecessor-version":[{"id":7515,"href":"https:\/\/ambpanama.esteri.it\/it\/wp-json\/wp\/v2\/pages\/370\/revisions\/7515"}],"up":[{"embeddable":true,"href":"https:\/\/ambpanama.esteri.it\/it\/wp-json\/wp\/v2\/pages\/68"}],"wp:attachment":[{"href":"https:\/\/ambpanama.esteri.it\/it\/wp-json\/wp\/v2\/media?parent=370"}],"curies":[{"name":"wp","href":"https:\/\/api.w.org\/{rel}","templated":true}]}}