{"id":373,"date":"2023-11-01T15:32:34","date_gmt":"2023-11-01T20:32:34","guid":{"rendered":"https:\/\/ambpanama.esteri.it\/?page_id=373"},"modified":"2025-11-13T13:37:07","modified_gmt":"2025-11-13T18:37:07","slug":"certificato-di-cittadinanza","status":"publish","type":"page","link":"https:\/\/ambpanama.esteri.it\/it\/servizi-consolari-e-visti\/servizi-per-il-cittadino-italiano\/stato-civile\/certificato-di-cittadinanza\/","title":{"rendered":"Certificato di Cittadinanza"},"content":{"rendered":"<p style=\"text-align: justify;\">I cittadini italiani iscritti all&#8217;AIRE in Panama possono richiedere il Certificato di Cittadinanza. Presentandosi personalmente presso l\u2019Ambasciata d\u2019Italia a Panama, prenotando un appuntamento per \u201cServizi consolari\u201d attraverso il portale <a href=\"https:\/\/prenotami.esteri.it\/\">Prenota@mi.<\/a> Il giorno dell&#8217;appuntamento, i richiedenti dovranno presentare.<\/p>\n<p style=\"text-align: justify; padding-left: 40px;\">a). Il <a href=\"https:\/\/ambpanama.esteri.it\/wp-content\/uploads\/2024\/08\/modulo_epr_richiesta_di_certificati.pdf\">modulo<\/a>\u00a0debitamente compilato (si firma davanti ad un funzionario);<\/p>\n<p style=\"text-align: justify; padding-left: 40px;\">b). Copia del documento di riconoscimento italiano in corso di validit\u00e0;<\/p>\n<p style=\"text-align: justify; padding-left: 40px;\">c). pagamento dell&#8217;art. <strong>4A<\/strong>.\u00a0<em>certificato di cittadinanza<\/em>, per il valore riportato nella\u00a0Tabella dei <a href=\"https:\/\/ambpanama.esteri.it\/it\/servizi-consolari-e-visti\/servizi-per-il-cittadino-italiano\/diritti-consolari\/\">diritti consolari<\/a>\u00a0in contanti da pagare lo stesso giorno dell\u2019appuntamento allo sportello.<\/p>\n<p style=\"text-align: justify;\"><strong>NOTA:<\/strong> Successivamente, dopo aver effettuato i controlli necessari, l&#8217;Ambasciata emetter\u00e0 il certificato richiesto. Il certificato sar\u00e0 consegnato direttamente allo sportello il giorno stesso dell&#8217;appuntamento. In altri casi, il richiedente sar\u00e0 avvisato per ritirarlo presso l&#8217;Ambasciata in una data successiva.<\/p>\n<p style=\"text-align: justify;\"><strong>Certificato di Iscrizione nello Schedario Consolare.<\/strong><\/p>\n<p style=\"text-align: justify;\">I cittadini italiani iscritti all&#8217;AIRE in Panama possono richiedere presso l&#8217;Ambasciata d&#8217;Italia a Panama il Certificato di Iscrizione allo Schedario Consolare (singolo o familiare), non il certificato di residenza. Per effettuare la richiesta, \u00e8 necessario prendere appuntamento per i &#8216;Servizi Consolari&#8217; tramite il sistema \u00a0<a href=\"https:\/\/prenotami.esteri.it\/\">Prenot@mi<\/a>. Il giorno dell&#8217;appuntamento, dovranno presentare:<\/p>\n<p style=\"text-align: justify; padding-left: 40px;\">a). Il <a href=\"https:\/\/ambpanama.esteri.it\/wp-content\/uploads\/2024\/08\/modulo_epr_richiesta_di_certificati.pdf\">modulo<\/a> debitamente compilato e firmato (si firma davanti ad un funzionario);<\/p>\n<p style=\"text-align: justify; padding-left: 40px;\">b). Copia del documento di riconoscimento italiano in corso di validit\u00e0;<\/p>\n<p style=\"text-align: justify; padding-left: 40px;\">c). pagamento dell&#8217;art. <strong>68<\/strong>\u00a0per il valore riportato nella\u00a0Tabella dei <a href=\"https:\/\/ambpanama.esteri.it\/it\/servizi-consolari-e-visti\/servizi-per-il-cittadino-italiano\/diritti-consolari\/\">diritti consolari<\/a>\u00a0in contanti da pagare lo stesso giorno dell\u2019appuntamento allo sportello.<\/p>\n<p style=\"text-align: justify;\"><strong>NOTA:<\/strong> Successivamente, dopo aver effettuato i controlli necessari, l&#8217;Ambasciata emetter\u00e0 il certificato richiesto. Il certificato sar\u00e0 consegnato direttamente allo sportello il giorno stesso dell&#8217;appuntamento. In altri casi, il richiedente sar\u00e0 avvisato per ritirarlo presso l&#8217;Ambasciata in una data successiva.<\/p>\n","protected":false},"excerpt":{"rendered":"I cittadini italiani iscritti all&#8217;AIRE in Panama possono richiedere il Certificato di Cittadinanza. Presentandosi personalmente presso l\u2019Ambasciata d\u2019Italia a Panama, prenotando un appuntamento per \u201cServizi consolari\u201d attraverso il portale Prenota@mi. Il giorno dell&#8217;appuntamento, i richiedenti dovranno presentare. a). Il modulo\u00a0debitamente compilato (si firma davanti ad un funzionario); b). Copia del documento di riconoscimento italiano in [&hellip;]","protected":false},"author":4,"featured_media":0,"parent":68,"menu_order":4,"comment_status":"closed","ping_status":"closed","template":"","meta":{"footnotes":""},"class_list":["post-373","page","type-page","status-publish","hentry"],"_links":{"self":[{"href":"https:\/\/ambpanama.esteri.it\/it\/wp-json\/wp\/v2\/pages\/373","targetHints":{"allow":["GET"]}}],"collection":[{"href":"https:\/\/ambpanama.esteri.it\/it\/wp-json\/wp\/v2\/pages"}],"about":[{"href":"https:\/\/ambpanama.esteri.it\/it\/wp-json\/wp\/v2\/types\/page"}],"author":[{"embeddable":true,"href":"https:\/\/ambpanama.esteri.it\/it\/wp-json\/wp\/v2\/users\/4"}],"replies":[{"embeddable":true,"href":"https:\/\/ambpanama.esteri.it\/it\/wp-json\/wp\/v2\/comments?post=373"}],"version-history":[{"count":6,"href":"https:\/\/ambpanama.esteri.it\/it\/wp-json\/wp\/v2\/pages\/373\/revisions"}],"predecessor-version":[{"id":8263,"href":"https:\/\/ambpanama.esteri.it\/it\/wp-json\/wp\/v2\/pages\/373\/revisions\/8263"}],"up":[{"embeddable":true,"href":"https:\/\/ambpanama.esteri.it\/it\/wp-json\/wp\/v2\/pages\/68"}],"wp:attachment":[{"href":"https:\/\/ambpanama.esteri.it\/it\/wp-json\/wp\/v2\/media?parent=373"}],"curies":[{"name":"wp","href":"https:\/\/api.w.org\/{rel}","templated":true}]}}