{"id":377,"date":"2023-11-01T15:34:04","date_gmt":"2023-11-01T20:34:04","guid":{"rendered":"https:\/\/ambpanama.esteri.it\/?page_id=377"},"modified":"2024-12-10T14:01:23","modified_gmt":"2024-12-10T19:01:23","slug":"certificato-di-cittadinanza-2","status":"publish","type":"page","link":"https:\/\/ambpanama.esteri.it\/it\/servizi-consolari-e-visti\/servizi-per-il-cittadino-italiano\/stato-civile\/certificato-di-cittadinanza-2\/","title":{"rendered":"Certificato di stato libero"},"content":{"rendered":"<p style=\"text-align: justify;\">I cittadini italiani iscritti all&#8217;AIRE in Panama possono richiedere presso l&#8217;Ambasciata d&#8217;Italia a Panama il <strong>Certificato di Stato Libero<\/strong>. Per fare la richiesta, \u00e8 necessario prendere un appuntamento per i &#8216;Servizi Consolari&#8217; tramite il sito <a href=\"https:\/\/prenotami.esteri.it\/\" target=\"_new\" rel=\"noopener\">Prenot@mi<\/a>. Il giorno dell&#8217;appuntamento, dovranno presentare:<\/p>\n<p style=\"text-align: justify; padding-left: 40px;\">a). Il <a href=\"https:\/\/ambpanama.esteri.it\/wp-content\/uploads\/2024\/08\/modulo_epr_richiesta_di_certificati.pdf\">modulo<\/a> debitamente compilato (si firma davanti al funzionario);<\/p>\n<p style=\"text-align: justify; padding-left: 40px;\">b). <a href=\"https:\/\/ambpanama.esteri.it\/wp-content\/uploads\/2023\/11\/dichiarazione_atto_notorieta.pdf\">Dichiarazione sostitutiva di atto notorio<\/a>, compilata e firmata, nella quale il richiedente dichiara il proprio stato civile;<\/p>\n<p style=\"text-align: justify; padding-left: 40px;\">c). Copia del documento di riconoscimento italiano in corso di validit\u00e0;<\/p>\n<p style=\"text-align: justify; padding-left: 40px;\">d). pagamento dell&#8217;art. <strong>2B<\/strong>\u00a0 in contanti (si paga il giorno stesso dell&#8217;appuntamento allo sportello) per il valore riportato nella Tabella dei <a href=\"https:\/\/ambpanama.esteri.it\/it\/servizi-consolari-e-visti\/servizi-per-il-cittadino-italiano\/diritti-consolari\/\">diritti consolari<\/a><\/p>\n<p style=\"text-align: justify;\">Successivamente, dopo aver effettuato i controlli necessari, l&#8217;Ambasciata emetter\u00e0 il certificato richiesto. Il certificato sar\u00e0 consegnato direttamente allo sportello il giorno stesso dell&#8217;appuntamento. In altri casi, il richiedente sar\u00e0 avvisato per ritirarlo presso l&#8217;Ambasciata in una data successiva.<\/p>\n","protected":false},"excerpt":{"rendered":"I cittadini italiani iscritti all&#8217;AIRE in Panama possono richiedere presso l&#8217;Ambasciata d&#8217;Italia a Panama il Certificato di Stato Libero. Per fare la richiesta, \u00e8 necessario prendere un appuntamento per i &#8216;Servizi Consolari&#8217; tramite il sito Prenot@mi. Il giorno dell&#8217;appuntamento, dovranno presentare: a). Il modulo debitamente compilato (si firma davanti al funzionario); b). Dichiarazione sostitutiva di [&hellip;]","protected":false},"author":4,"featured_media":0,"parent":68,"menu_order":5,"comment_status":"closed","ping_status":"closed","template":"","meta":{"footnotes":""},"class_list":["post-377","page","type-page","status-publish","hentry"],"_links":{"self":[{"href":"https:\/\/ambpanama.esteri.it\/it\/wp-json\/wp\/v2\/pages\/377","targetHints":{"allow":["GET"]}}],"collection":[{"href":"https:\/\/ambpanama.esteri.it\/it\/wp-json\/wp\/v2\/pages"}],"about":[{"href":"https:\/\/ambpanama.esteri.it\/it\/wp-json\/wp\/v2\/types\/page"}],"author":[{"embeddable":true,"href":"https:\/\/ambpanama.esteri.it\/it\/wp-json\/wp\/v2\/users\/4"}],"replies":[{"embeddable":true,"href":"https:\/\/ambpanama.esteri.it\/it\/wp-json\/wp\/v2\/comments?post=377"}],"version-history":[{"count":6,"href":"https:\/\/ambpanama.esteri.it\/it\/wp-json\/wp\/v2\/pages\/377\/revisions"}],"predecessor-version":[{"id":7062,"href":"https:\/\/ambpanama.esteri.it\/it\/wp-json\/wp\/v2\/pages\/377\/revisions\/7062"}],"up":[{"embeddable":true,"href":"https:\/\/ambpanama.esteri.it\/it\/wp-json\/wp\/v2\/pages\/68"}],"wp:attachment":[{"href":"https:\/\/ambpanama.esteri.it\/it\/wp-json\/wp\/v2\/media?parent=377"}],"curies":[{"name":"wp","href":"https:\/\/api.w.org\/{rel}","templated":true}]}}