{"id":3786,"date":"2024-03-27T14:40:45","date_gmt":"2024-03-27T19:40:45","guid":{"rendered":"https:\/\/ambpanama.esteri.it\/?page_id=3786"},"modified":"2024-09-17T10:35:39","modified_gmt":"2024-09-17T15:35:39","slug":"notifiche","status":"publish","type":"page","link":"https:\/\/ambpanama.esteri.it\/it\/servizi-consolari-e-visti\/servizi-per-il-cittadino-italiano\/notifiche\/","title":{"rendered":"Notifiche"},"content":{"rendered":"<p style=\"text-align: justify;\"><strong>Notifica all\u2019estero di atti giudiziari ed extragiudiziari<\/strong><\/p>\n<p style=\"text-align: justify;\">L\u2019attivit\u00e0 di notificazione \u00e8 una fase fondamentale dei processi civili, penali, tributari, amministrativi, fallimentari e del lavoro, nonch\u00e9 di alcune fasi pre-processuali o amministrative, che d\u00e0 la conoscenza legale di un provvedimento mediante la consegna di un atto, giudiziario o extragiudiziario, da parte di un particolare soggetto notificatore, secondo precise modalit\u00e0.<\/p>\n<p style=\"text-align: justify;\">Ai sensi dell\u2019art. 37 del D.Lgs. 71\/2011 l\u2019Ufficio Consolare provvede alla notifica degli atti ad esso rimessi, in conformit\u00e0 alle disposizioni di cooperazione giudiziaria dell\u2019UE, alle convenzioni internazionali in materia e alle leggi dello Stato di residenza.<\/p>\n<p style=\"text-align: justify;\">Va effettuata una distinzione tra\u00a0<em>atti civili<\/em>\u00a0e\u00a0<em>atti amministrativi<\/em>.<\/p>\n<p style=\"text-align: justify;\">Per quanto riguarda i primi, in base alla quale la richiesta di notifica diretta a stranieri (ma anche italiani, quando non si preferisce la via diplomatica) va indirizzata direttamente \u2013 non tramite l\u2019Ambasciata \u2013 all\u2019autorit\u00e0 Centrale indicata dal Paese aderente. In questo caso il Ministerio de Relaciones Exteriores \u2013 Direcci\u00f3n de Asuntos Migratorios, Consulares y Servicio al Ciudadano.<\/p>\n<p style=\"text-align: justify;\">Gli atti amministrativi, invece, devono essere inviati direttamente dall\u2019Italia con plico raccomandato a cura dell\u2019Ente interessato. In questi casi eventuali richieste che pervengano direttamente all\u2019Ambasciata possono essere respinte al mittente, a meno che non venga richiesta espressamente la via diplomatica, cui si ricorre a volte quando il primo tentativo per via ordinaria non ha dato buon esito.<\/p>\n<p style=\"text-align: justify;\"><strong>In caso di indirizzo sconosciuto non \u00e8 possibile effettuare la notifica dell\u2019atto all\u2019estero.<\/strong><\/p>\n<p style=\"text-align: justify;\">Sul sito del MAECI sono presenti delle guide sulla notifica di atti all\u2019estero, dove si trovano tutti i riferimenti normativi:<\/p>\n<ul style=\"text-align: justify;\">\n<li><a href=\"https:\/\/www.esteri.it\/wp-content\/uploads\/2022\/10\/Guida-notifiche-civili-e-commerciali-2022.pdf\">Notifica all\u2019estero degli atti giudiziari ed extragiudiziali in materia civile e commerciale<\/a><\/li>\n<li><a href=\"https:\/\/www.esteri.it\/wp-content\/uploads\/2022\/10\/Guida-Notifiche-Amministrative-2022.pdf\">Notifica di atti amministrativi a persone residenti all\u2019estero<\/a><\/li>\n<li><a href=\"https:\/\/www.esteri.it\/wp-content\/uploads\/2022\/06\/Vademecum-Notifiche-in-Italia-2022.pdf\">Notifica in Italia di atti giudiziari ed extragiudiziali in materia civile-commerciale, amministrativa e penale<\/a><\/li>\n<\/ul>\n<p style=\"text-align: justify;\">Si consiglia inoltre di consultare i seguenti siti ufficiali dei competenti organismi professionali preposti alla trattazione della materia:<\/p>\n<ul>\n<li style=\"text-align: justify;\">sito ufficiale del\u00a0<a href=\"https:\/\/www.notariato.it\/\" target=\"_blank\" rel=\"noopener\">Notariato<\/a>;<\/li>\n<li style=\"text-align: justify;\">sito ufficiale dell\u2019<a href=\"http:\/\/www.auge.it\/\" target=\"_blank\" rel=\"noopener\">Associazione Ufficiali Giudiziari in Europa (AUGE)<\/a>;<\/li>\n<li style=\"text-align: justify;\">sito ufficiale dell\u2019<a href=\"http:\/\/www.anusca.it\/\" target=\"_blank\" rel=\"noopener\">Associazione Nazionale Ufficiali di Stato Civile e d\u2019Anagrafe (ANUSCA)<\/a>.<\/li>\n<\/ul>\n","protected":false},"excerpt":{"rendered":"Notifica all\u2019estero di atti giudiziari ed extragiudiziari L\u2019attivit\u00e0 di notificazione \u00e8 una fase fondamentale dei processi civili, penali, tributari, amministrativi, fallimentari e del lavoro, nonch\u00e9 di alcune fasi pre-processuali o amministrative, che d\u00e0 la conoscenza legale di un provvedimento mediante la consegna di un atto, giudiziario o extragiudiziario, da parte di un particolare soggetto notificatore, [&hellip;]","protected":false},"author":4,"featured_media":0,"parent":47,"menu_order":10,"comment_status":"closed","ping_status":"closed","template":"","meta":{"footnotes":""},"class_list":["post-3786","page","type-page","status-publish","hentry"],"_links":{"self":[{"href":"https:\/\/ambpanama.esteri.it\/it\/wp-json\/wp\/v2\/pages\/3786","targetHints":{"allow":["GET"]}}],"collection":[{"href":"https:\/\/ambpanama.esteri.it\/it\/wp-json\/wp\/v2\/pages"}],"about":[{"href":"https:\/\/ambpanama.esteri.it\/it\/wp-json\/wp\/v2\/types\/page"}],"author":[{"embeddable":true,"href":"https:\/\/ambpanama.esteri.it\/it\/wp-json\/wp\/v2\/users\/4"}],"replies":[{"embeddable":true,"href":"https:\/\/ambpanama.esteri.it\/it\/wp-json\/wp\/v2\/comments?post=3786"}],"version-history":[{"count":3,"href":"https:\/\/ambpanama.esteri.it\/it\/wp-json\/wp\/v2\/pages\/3786\/revisions"}],"predecessor-version":[{"id":6099,"href":"https:\/\/ambpanama.esteri.it\/it\/wp-json\/wp\/v2\/pages\/3786\/revisions\/6099"}],"up":[{"embeddable":true,"href":"https:\/\/ambpanama.esteri.it\/it\/wp-json\/wp\/v2\/pages\/47"}],"wp:attachment":[{"href":"https:\/\/ambpanama.esteri.it\/it\/wp-json\/wp\/v2\/media?parent=3786"}],"curies":[{"name":"wp","href":"https:\/\/api.w.org\/{rel}","templated":true}]}}