{"id":40,"date":"2023-04-11T18:01:19","date_gmt":"2023-04-11T16:01:19","guid":{"rendered":"https:\/\/ambasciatapraga.esteri.it\/?page_id=40"},"modified":"2026-01-08T15:49:14","modified_gmt":"2026-01-08T20:49:14","slug":"gli-uffici","status":"publish","type":"page","link":"https:\/\/ambpanama.esteri.it\/it\/chi-siamo\/gli-uffici\/","title":{"rendered":"Gli Uffici"},"content":{"rendered":"<table class=\"table table-bordered\" style=\"height: 63px;\" width=\"732\">\n<thead>\n<tr class=\"active\">\n<th style=\"text-align: center;\" colspan=\"2\">Ambasciata d\u2019Italia a Panama<\/th>\n<\/tr>\n<\/thead>\n<tbody>\n<tr>\n<td>PH Plaza 58, 6\u00b0 pianoCalle 58 Este con Ricardo Arango, Obarrio, Citt\u00e1 di Panama<\/p>\n<p>Apartado Postal 0816<\/p>\n<p>Tel: +507 225 8948\/49\/50<\/td>\n<td>Posta Elettronica Certificata Consolare:<\/p>\n<p><a href=\"mailto:amb.panama@cert.esteri.it\">amb.panama@cert.esteri.it<\/a><br \/>\nPassaporti:<\/p>\n<p><a href=\"mailto:amb.panama.pass@cert.esteri.it\">amb.panama.pass@cert.esteri.it<\/a><\/td>\n<\/tr>\n<\/tbody>\n<\/table>\n<table class=\"table table-bordered\">\n<thead>\n<tr class=\"active\">\n<th style=\"text-align: center;\" colspan=\"2\">Centralino \u2013 Cancelleria consolare e visti<\/th>\n<\/tr>\n<\/thead>\n<tbody>\n<tr>\n<td colspan=\"2\">Per informazioni telefoniche sui servizi consolari: chiamare il numero +507 225 8948\/49\/50 nelle seguenti fasce orarie:<\/p>\n<p style=\"text-align: center;\">&#8211; luned\u00ec\/mercoled\u00ec: 14:00-16:00<\/p>\n<p style=\"text-align: center;\">&#8211; marted\u00ec\/ gioved\u00ec\/venerd\u00ec: 10:00 &#8211; 12:00<\/p>\n<table class=\"table\" width=\"723\">\n<tbody>\n<tr>\n<td style=\"text-align: center;\"><strong>Orario di apertura al pubblico:<\/strong><\/td>\n<\/tr>\n<\/tbody>\n<\/table>\n<table class=\"table\" width=\"723\" frame=\"border\" rules=\"all\">\n<tbody>\n<tr>\n<td style=\"text-align: center;\">lunedi \u2013 mercoledi \u2013 venerdi 9.00 \u2013 12.30<br \/>\nmartedi e giovedi 13.30 \u2013 15.30<\/td>\n<\/tr>\n<\/tbody>\n<\/table>\n<\/td>\n<\/tr>\n<tr>\n<td style=\"text-align: center;\"><a href=\"mailto:consolare.panama@esteri.it\">consolare.panama@esteri.it<\/a><br \/>\n<strong>SOLO PER QUESTIONI CONSOLARI<\/strong><\/td>\n<td style=\"text-align: center;\"><a href=\"mailto:panama.visti@esteri.it\">panama.visti@esteri.it<\/a><br \/>\n<strong>SOLO PER QUESTIONI DI VISTI<\/strong><\/td>\n<\/tr>\n<tr>\n<td colspan=\"2\">&nbsp;<\/p>\n<table class=\"table\" style=\"height: 54px;\" width=\"726\" frame=\"border\" rules=\"groups\">\n<tbody>\n<tr>\n<td style=\"text-align: center;\"><strong>\u00a0Ambasciatrice<\/strong><\/td>\n<td style=\"text-align: center;\"><strong>Vicario del Capo Missione\u00a0<\/strong><\/td>\n<\/tr>\n<tr>\n<td style=\"text-align: center;\">Cons. Amb. Giuditta Giorgio<\/td>\n<td style=\"text-align: center;\">\u00a0Dott. Giuseppe Abignente<\/td>\n<\/tr>\n<\/tbody>\n<\/table>\n<p>&nbsp;<\/td>\n<\/tr>\n<\/tbody>\n<\/table>\n<table class=\"table table-bordered\" style=\"height: 415px;\" width=\"733\">\n<tbody>\n<tr>\n<td><strong>\u00a0Ufficio <\/strong><strong style=\"font-family: inherit; font-size: inherit;\">Segreteria<\/strong><\/td>\n<td><a href=\"mailto:panama.segreteriacm@esteri.it\">panama.segreteriacm@esteri.it<\/a><\/td>\n<\/tr>\n<tr>\n<td><strong>Ufficio Commerciale e Culturale<\/strong><\/p>\n<p>&nbsp;<\/td>\n<td><a href=\"mailto:comm.ambpanama@esteri.it\">comm.ambpanama@esteri.it<\/a><\/td>\n<\/tr>\n<tr>\n<td><strong>Ufficio Amministrativo &#8211; Contabile<\/strong><\/p>\n<p>Dott. Lorenzo Collinassi<\/td>\n<td><a href=\"mailto:panama.contabile@esteri.it\">panama.contabile@esteri.it<\/a><\/td>\n<\/tr>\n<tr>\n<td><strong>Ufficio dell&#8217;esperto economico finanziario<\/strong><\/td>\n<td><\/td>\n<\/tr>\n<tr>\n<td><strong>Ufficio passaporti<\/strong><\/td>\n<td>\u00a0<a href=\"mailto:panama.passaporti@esteri.it\">panama.passaporti@esteri.it<\/a><\/td>\n<\/tr>\n<\/tbody>\n<\/table>\n<table class=\"table\" frame=\"vsides\" rules=\"all\">\n<tbody>\n<tr>\n<td><strong>Telefono per le emergenze durante gli orari di chiusura:<\/strong><\/td>\n<\/tr>\n<tr>\n<td style=\"text-align: justify;\">+507) 6942 7852. Il numero di telefono,\u00a0<strong>ESCLUSIVAMENTE<\/strong> per emergenze, \u00e8 attivo da luned\u00ec a venerd\u00ec dalle 15.30 alle 22.00, sabato e domenica dalle 08.00 alle 22.00 e il Funzionario di Turno del Ministero degli Esteri (24\/7) Tel. <strong>+39-0636912666<\/strong>Si fa presente che\u00a0<strong>i numeri di emergenza vanno utilizzati esclusivamente per la gestione di situazioni di eccezionale emergenza che richiedono interventi immediati e non differibili da parte del Ministero degli Esteri a tutela dei cittadini italiani all\u2019estero. Tali numeri non devono essere usati per richieste generiche di informazioni relative a pratiche amministrative.<\/strong><\/td>\n<\/tr>\n<\/tbody>\n<\/table>\n<div class=\"panel panel-danger\">\n<div class=\"panel-body\">\n<p><strong>ATTENZIONE:\u00a0<\/strong><strong>Prenotazione appuntamenti consolari<\/strong><\/p>\n<table class=\"table\">\n<tbody>\n<tr>\n<td><strong>\u00a0Festivit\u00e0 osservate dall\u2019Ambasciata anno 2026<\/strong><\/td>\n<\/tr>\n<\/tbody>\n<\/table>\n<table class=\"table\" style=\"height: 331px;\" width=\"394\" frame=\"above\">\n<tbody>\n<tr>\n<td>01 gennaio<\/td>\n<td>Capodanno<\/td>\n<\/tr>\n<tr>\n<td>17 febbraio<\/td>\n<td>Carnevale<\/td>\n<\/tr>\n<tr>\n<td>03 aprile<\/td>\n<td>Venerd\u00ec Santo<\/td>\n<\/tr>\n<tr>\n<td>06 aprile<\/td>\n<td>Luned\u00ec dell\u2019Angelo<\/td>\n<\/tr>\n<tr>\n<td>01 maggio<\/td>\n<td>Festa del lavoro<\/td>\n<\/tr>\n<tr>\n<td>02 giugno<\/td>\n<td>Festa della Repubblica Italiana<\/td>\n<\/tr>\n<tr>\n<td>15 agosto<\/td>\n<td>Assunzione &#8211; Fondazione di Panama<\/td>\n<\/tr>\n<tr>\n<td>03 novembre<\/td>\n<td>Festa dell&#8217;Indipendenza di Panama<\/td>\n<\/tr>\n<tr>\n<td>08 dicembre<\/td>\n<td>Festa dell&#8217;Immacolata Concezione<\/td>\n<\/tr>\n<tr>\n<td>25 dicembre<\/td>\n<td>Natale<\/td>\n<\/tr>\n<tr>\n<td>26 dicembre<\/td>\n<td>Santo Stefano<\/td>\n<\/tr>\n<\/tbody>\n<\/table>\n<\/div>\n<\/div>\n","protected":false},"excerpt":{"rendered":"Ambasciata d\u2019Italia a Panama PH Plaza 58, 6\u00b0 pianoCalle 58 Este con Ricardo Arango, Obarrio, Citt\u00e1 di Panama Apartado Postal 0816 Tel: +507 225 8948\/49\/50 Posta Elettronica Certificata Consolare: amb.panama@cert.esteri.it Passaporti: amb.panama.pass@cert.esteri.it Centralino \u2013 Cancelleria consolare e visti Per informazioni telefoniche sui servizi consolari: chiamare il numero +507 225 8948\/49\/50 nelle seguenti fasce orarie: &#8211; [&hellip;]","protected":false},"author":1,"featured_media":0,"parent":13,"menu_order":4,"comment_status":"closed","ping_status":"closed","template":"","meta":{"footnotes":""},"class_list":["post-40","page","type-page","status-publish","hentry"],"_links":{"self":[{"href":"https:\/\/ambpanama.esteri.it\/it\/wp-json\/wp\/v2\/pages\/40","targetHints":{"allow":["GET"]}}],"collection":[{"href":"https:\/\/ambpanama.esteri.it\/it\/wp-json\/wp\/v2\/pages"}],"about":[{"href":"https:\/\/ambpanama.esteri.it\/it\/wp-json\/wp\/v2\/types\/page"}],"author":[{"embeddable":true,"href":"https:\/\/ambpanama.esteri.it\/it\/wp-json\/wp\/v2\/users\/1"}],"replies":[{"embeddable":true,"href":"https:\/\/ambpanama.esteri.it\/it\/wp-json\/wp\/v2\/comments?post=40"}],"version-history":[{"count":7,"href":"https:\/\/ambpanama.esteri.it\/it\/wp-json\/wp\/v2\/pages\/40\/revisions"}],"predecessor-version":[{"id":8605,"href":"https:\/\/ambpanama.esteri.it\/it\/wp-json\/wp\/v2\/pages\/40\/revisions\/8605"}],"up":[{"embeddable":true,"href":"https:\/\/ambpanama.esteri.it\/it\/wp-json\/wp\/v2\/pages\/13"}],"wp:attachment":[{"href":"https:\/\/ambpanama.esteri.it\/it\/wp-json\/wp\/v2\/media?parent=40"}],"curies":[{"name":"wp","href":"https:\/\/api.w.org\/{rel}","templated":true}]}}