{"id":407,"date":"2023-11-01T15:52:03","date_gmt":"2023-11-01T20:52:03","guid":{"rendered":"https:\/\/ambpanama.esteri.it\/?page_id=407"},"modified":"2024-09-17T10:25:45","modified_gmt":"2024-09-17T15:25:45","slug":"viaggi-dei-minori-accompagnati","status":"publish","type":"page","link":"https:\/\/ambpanama.esteri.it\/it\/servizi-consolari-e-visti\/servizi-per-il-cittadino-italiano\/passaporti-e-carte-didentita\/viaggi-dei-minori-accompagnati\/","title":{"rendered":"Viaggi dei minori accompagnati"},"content":{"rendered":"<p style=\"text-align: justify;\">Nel caso di viaggi all&#8217;estero di minori italiani di et\u00e0 inferiore agli anni 14 (non accompagnati da almeno uno dei due genitori o da chi ne fa le veci), \u00e8 necessario richiedere una menzione sul passaporto italiano o una dichiarazione di accompagnamento.<\/p>\n<p style=\"text-align: justify;\"><strong>Alla dichiarazione vanno allegati i seguenti documenti:<\/strong><\/p>\n<ul style=\"text-align: justify;\">\n<li>copia del documento d&#8217;identit\u00e0 che il minore utilizzer\u00e0 per il viaggio;<\/li>\n<li>copia dei documenti d&#8217;identit\u00e0 dei genitori (o esercenti potest\u00e0 tutoria);<\/li>\n<li>copia dei documenti d&#8217;identit\u00e0 degli accompagnatori;<\/li>\n<li>prenotazione o biglietto di viaggio (con indicazione dell&#8217;itinerario).<\/li>\n<\/ul>\n<p style=\"text-align: justify;\"><strong>La dichiarazione pu\u00f2 essere presentata:<\/strong><\/p>\n<p style=\"text-align: justify;\">di persona in Ambasciata, previo appuntamento per \u201cservizi consolari\u201d da prenotare attraverso il sistema\u00a0<a href=\"https:\/\/prenotami.esteri.it\/\">Prenotami<\/a><\/p>\n<p style=\"text-align: justify;\">L&#8217;Ambasciata pu\u00f2 comunque richiedere, in casi specifici, la presenza fisica degli esercenti la potest\u00e0 genitoriale.<\/p>\n<p style=\"text-align: justify;\">I genitori o gli esercenti la potest\u00e0 genitoriale dovranno presentare una dichiarazione all\u2019Autorit\u00e0 competente al rilascio del passaporto (fare clic <strong><a href=\"https:\/\/ambpanama.esteri.it\/wp-content\/uploads\/2023\/11\/dichiarazione_accompagnamento.pdf\">qui<\/a><\/strong>\u00a0per scaricare il modulo dichiarazione accompagnamento minori), che \u00e8 di norma quella nella cui circoscrizione risiede il richiedente (Questura o Consolato), nella quale indicano il nome della\/e persona\/e o dell&#8217;ente cui il minore \u00e8 affidato, chiedendo che la menzione venga apposta sul passaporto del minore o in un\u2019attestazione separata.<\/p>\n<p style=\"text-align: justify;\">La dichiarazione \u00e8 di norma valida per un solo viaggio (da intendersi come andata e\/o ritorno) fuori dal Paese di residenza del minore infra-quattordicenne, con destinazione determinata. Il termine massimo di validit\u00e0 della dichiarazione (entro cui devono essere ricomprese la data di partenza e di rientro) \u00e8 di 6 mesi. La validit\u00e0 non pu\u00f2 comunque superare la data di scadenza del passaporto del minore.<\/p>\n<p style=\"text-align: justify;\">Nel caso di viaggi che prevedono l&#8217;attraversamento di diversi Stati, spetta ai genitori o di che ne fa le veci &#8211; sulla base delle modalit\u00e0 del viaggio stesso &#8211; indicare solo il Paese di destinazione finale o tutti i singoli Paesi visitati.<\/p>\n<p style=\"text-align: justify;\">Nel caso di affidamento ad un ente o compagnia di trasporto non \u00e8 possibile la menzione sul passaporto e verr\u00e0 rilasciata la sola attestazione.<\/p>\n<p style=\"text-align: justify;\">Le eventuali spese di spedizione a domicilio dell\u2019attestato o del passaporto sono a carico dei richiedenti.<\/p>\n","protected":false},"excerpt":{"rendered":"Nel caso di viaggi all&#8217;estero di minori italiani di et\u00e0 inferiore agli anni 14 (non accompagnati da almeno uno dei due genitori o da chi ne fa le veci), \u00e8 necessario richiedere una menzione sul passaporto italiano o una dichiarazione di accompagnamento. Alla dichiarazione vanno allegati i seguenti documenti: copia del documento d&#8217;identit\u00e0 che il [&hellip;]","protected":false},"author":4,"featured_media":0,"parent":49,"menu_order":5,"comment_status":"closed","ping_status":"closed","template":"","meta":{"footnotes":""},"class_list":["post-407","page","type-page","status-publish","hentry"],"_links":{"self":[{"href":"https:\/\/ambpanama.esteri.it\/it\/wp-json\/wp\/v2\/pages\/407","targetHints":{"allow":["GET"]}}],"collection":[{"href":"https:\/\/ambpanama.esteri.it\/it\/wp-json\/wp\/v2\/pages"}],"about":[{"href":"https:\/\/ambpanama.esteri.it\/it\/wp-json\/wp\/v2\/types\/page"}],"author":[{"embeddable":true,"href":"https:\/\/ambpanama.esteri.it\/it\/wp-json\/wp\/v2\/users\/4"}],"replies":[{"embeddable":true,"href":"https:\/\/ambpanama.esteri.it\/it\/wp-json\/wp\/v2\/comments?post=407"}],"version-history":[{"count":4,"href":"https:\/\/ambpanama.esteri.it\/it\/wp-json\/wp\/v2\/pages\/407\/revisions"}],"predecessor-version":[{"id":6051,"href":"https:\/\/ambpanama.esteri.it\/it\/wp-json\/wp\/v2\/pages\/407\/revisions\/6051"}],"up":[{"embeddable":true,"href":"https:\/\/ambpanama.esteri.it\/it\/wp-json\/wp\/v2\/pages\/49"}],"wp:attachment":[{"href":"https:\/\/ambpanama.esteri.it\/it\/wp-json\/wp\/v2\/media?parent=407"}],"curies":[{"name":"wp","href":"https:\/\/api.w.org\/{rel}","templated":true}]}}