{"id":41,"date":"2023-04-11T18:07:19","date_gmt":"2023-04-11T16:07:19","guid":{"rendered":"https:\/\/ambasciatapraga.esteri.it\/?page_id=41"},"modified":"2024-09-17T10:48:21","modified_gmt":"2024-09-17T15:48:21","slug":"numeri-di-emergenza","status":"publish","type":"page","link":"https:\/\/ambpanama.esteri.it\/it\/chi-siamo\/numeri-di-emergenza\/","title":{"rendered":"Numeri di emergenza"},"content":{"rendered":"<p><strong>Telefono per le emergenze durante gli orari di chiusura:<\/strong><\/p>\n<p style=\"text-align: justify;\">+507 6942 7852. Il numero di telefono, <strong>ESCLUSIVAMENTE<\/strong> per emergenze, \u00e8 attivo da luned\u00ec a venerd\u00ec dalle 15.30 alle 22.00, sabato e domenica dalle 08.00 alle 22.00 e il Funzionario di Turno del Ministero degli Esteri (24\/7) Tel. <strong>+39-0636912666<\/strong>Si fa presente che\u00a0i numeri di emergenza vanno utilizzati esclusivamente per la gestione di situazioni di eccezionale emergenza che richiedono interventi immediati e non differibili da parte del Ministero degli Esteri a tutela dei cittadini italiani all\u2019estero. Tali numeri non devono essere usati per richieste generiche di informazioni relative a pratiche amministrative.<\/p>\n<p style=\"text-align: justify;\"><strong>L\u2019Ambasciata d\u2019Italia a Panama non si avvale di collaboratori esterni o agenzie e sconsiglia di rivolgersi a intermediari o \u201ctramitadores\u201d per il disbrigo di pratiche consolari, rimanendo a disposizione dell\u2019utenza per una comunicazione diretta con coloro che necessitano di assistenza.<\/strong><\/p>\n<p style=\"text-align: justify;\">L\u2019Ambasciata presta gratuitamente i propri servizi, tranne il dovuto pagamento dei diritti consolari secondo quanto previsto dalla normativa nazionale. I pagamenti avvengono unicamente in contanti, direttamente allo sportello consolare, sulla base delle tariffe pubblicate nella\u00a0tabella dei diritti consolari. Per ogni pagamento viene rilasciata una ricevuta o relativo comprovante.<\/p>\n<p style=\"text-align: justify;\">Sul sito dell\u2019Ambasciata sono presenti tutte le informazioni necessarie per le diverse pratiche consolari e di cittadinanza. In caso di ulteriori dubbi, \u00e8 possibile contattare l\u2019Ambasciata via mail, ai seguenti indirizzi:<\/p>\n<ul style=\"text-align: justify;\">\n<li>Questioni consolari (anagrafe, cittadinanza, notarile, ecc.): <a href=\"mailto:consolare.panama@esteri.it\">consolare.panama@esteri.it<\/a> \u00a0;<\/li>\n<li>Rinnovo\/rilascio passaporti: <a href=\"mailto:panama.passaporti@esteri.it\">panama.passaporti@esteri.it<\/a> ;<\/li>\n<li>Visti: <a href=\"mailto:panama.visti@esteri.it\">panama.visti@esteri.it<\/a>\u00a0.<\/li>\n<\/ul>\n<p style=\"text-align: justify;\">Infine si ricorda che, salvo per i servizi\u00a0notarile\u00a0e per il rilascio di\u00a0visti\u00a0d\u2019ingresso in Italia, l\u2019Ufficio consolare riceve\u00a0solo ed esclusivamente\u00a0su appuntamento, da richiedere attraverso il portale &#8220;<a href=\"https:\/\/prenotami.esteri.it\/\">Prenot@mi<\/a>&#8220;<\/p>\n","protected":false},"excerpt":{"rendered":"Telefono per le emergenze durante gli orari di chiusura: +507 6942 7852. Il numero di telefono, ESCLUSIVAMENTE per emergenze, \u00e8 attivo da luned\u00ec a venerd\u00ec dalle 15.30 alle 22.00, sabato e domenica dalle 08.00 alle 22.00 e il Funzionario di Turno del Ministero degli Esteri (24\/7) Tel. +39-0636912666Si fa presente che\u00a0i numeri di emergenza vanno [&hellip;]","protected":false},"author":1,"featured_media":0,"parent":13,"menu_order":6,"comment_status":"closed","ping_status":"closed","template":"","meta":{"footnotes":""},"class_list":["post-41","page","type-page","status-publish","hentry"],"_links":{"self":[{"href":"https:\/\/ambpanama.esteri.it\/it\/wp-json\/wp\/v2\/pages\/41","targetHints":{"allow":["GET"]}}],"collection":[{"href":"https:\/\/ambpanama.esteri.it\/it\/wp-json\/wp\/v2\/pages"}],"about":[{"href":"https:\/\/ambpanama.esteri.it\/it\/wp-json\/wp\/v2\/types\/page"}],"author":[{"embeddable":true,"href":"https:\/\/ambpanama.esteri.it\/it\/wp-json\/wp\/v2\/users\/1"}],"replies":[{"embeddable":true,"href":"https:\/\/ambpanama.esteri.it\/it\/wp-json\/wp\/v2\/comments?post=41"}],"version-history":[{"count":7,"href":"https:\/\/ambpanama.esteri.it\/it\/wp-json\/wp\/v2\/pages\/41\/revisions"}],"predecessor-version":[{"id":6156,"href":"https:\/\/ambpanama.esteri.it\/it\/wp-json\/wp\/v2\/pages\/41\/revisions\/6156"}],"up":[{"embeddable":true,"href":"https:\/\/ambpanama.esteri.it\/it\/wp-json\/wp\/v2\/pages\/13"}],"wp:attachment":[{"href":"https:\/\/ambpanama.esteri.it\/it\/wp-json\/wp\/v2\/media?parent=41"}],"curies":[{"name":"wp","href":"https:\/\/api.w.org\/{rel}","templated":true}]}}