{"id":44,"date":"2023-04-11T18:10:45","date_gmt":"2023-04-11T16:10:45","guid":{"rendered":"https:\/\/ambasciatapraga.esteri.it\/?page_id=44"},"modified":"2024-09-17T10:53:49","modified_gmt":"2024-09-17T15:53:49","slug":"diplomazia-culturale","status":"publish","type":"page","link":"https:\/\/ambpanama.esteri.it\/it\/italia-e-panama\/diplomazia-culturale\/","title":{"rendered":"Diplomazia culturale"},"content":{"rendered":"<p style=\"text-align: justify;\">Negli ultimi anni, Italia e Panama hanno rafforzato la cooperazione bilaterale in campo culturale, nell&#8217;ambito dell&#8217;<strong>Accordo di cooperazione culturale e scientifica<\/strong>\u00a0tra il Governo della Repubblica italiana ed il Governo della Repubblica di Panama, firmato a Roma il 2 maggio 2007.<\/p>\n<p style=\"text-align: justify;\">In tale ambito, si \u00e8 rafforzata anzitutto la cooperazione accademica, con la firma di accordi tra diverse universit\u00e0 italiane e panamensi (da ultimo l&#8217;accordo tra Universit\u00e0 di Siena e Universidad de Panam\u00e1 e tra Universit\u00e0 La Sapienza e Universidad Tecnologica de Panam\u00e1).<\/p>\n<p style=\"text-align: justify;\">Particolare rilievo ha poi la collaborazione tra il Conservatorio di Santa Cecilia e il Ministerio de Cultura de Panama. In tale ambito, il prestigioso conservatorio romano mette a disposizione ogni anno un importante numero di borse di studio, che consentono a talentuosi giovani musicisti panamensi di perfezionarsi in uno dei pi\u00f9 prestigiosi Conservatori del nostro Paese.<\/p>\n<p style=\"text-align: justify;\">L\u2019assenza di un Istituto Italiano di cultura non ha peraltro impedito nel corso degli ultimi anni l\u2019organizzazione di eventi culturali (concerti, mostre, rassegne cinematografiche) volte a promuovere le diverse espressioni artistiche del nostro Paese. Si distaccano per qualit\u00e0 e quantit\u00e0 di eventi la Settimana della Lingua Italiana nel Mondo (ottobre), la Giornata del Design Italiano (marzo), cos\u00ec come le attivit\u00e0 promosse in occasione della Festa della Repubblica e di altre importanti ricorrenze.<\/p>\n<p style=\"text-align: justify;\">L&#8217;Ambasciata infine ha il compito di promuovere la cultura e la lingua italiana, con particolare attenzione alla diffusione dell&#8217;italiano, la cui conoscenza \u00e8 il veicolo pi\u00f9 importante per avvicinarsi alla cultura del Paese.<\/p>\n<p style=\"text-align: justify;\">L&#8217;Ambasciata fornisce inoltre i seguenti servizi ai cittadini panamensi:<\/p>\n<ul style=\"text-align: justify;\">\n<li>Informazioni a carattere culturale sul sistema educativo e formativo in Italia;<\/li>\n<li>Pratiche relative all&#8217;iscrizione dei cittadini\u00a0panamensi alle Universit\u00e0 italiane (il servizio si rivolge agli studenti con titolo di studio secondario);<\/li>\n<li>Gestione e informazioni relative alle borse di studio offerte dal Governo Italiano;<\/li>\n<li>Dichiarazioni di valore dei vari titoli di studio conseguiti in\u00a0Panama per studenti che si recano in Italia<\/li>\n<\/ul>\n<p style=\"text-align: justify;\">Le informazioni in dettaglio per chi desidera proseguire la propria formazione in Italia sono disponibili nell&#8217;apposita sezione.<\/p>\n<p style=\"text-align: justify;\">Ulteriori link utili:<\/p>\n<ul>\n<li style=\"text-align: justify;\"><a href=\"https:\/\/www.universitaly.it\/\">Iscrizione ad Universit\u00e0 italiane<\/a><\/li>\n<li style=\"text-align: justify;\"><a href=\"http:\/\/www.iila.org\/\" target=\"_blank\" rel=\"noopener\">Istituto Italo-Latino Americano<\/a>\u00a0(I.I.L.A.)<\/li>\n<li style=\"text-align: justify;\"><a href=\"https:\/\/fachumanidades.up.ac.pa\/cLenguas\">Centro de Lenguas Universidad de Panam\u00e0<\/a><\/li>\n<li style=\"text-align: justify;\"><a href=\"https:\/\/www.sociedaditalianadepanama.com\/\">Sociedad Italiana de Beneficencia<\/a>\u00a0(per corsi di italiano)<\/li>\n<\/ul>\n","protected":false},"excerpt":{"rendered":"Negli ultimi anni, Italia e Panama hanno rafforzato la cooperazione bilaterale in campo culturale, nell&#8217;ambito dell&#8217;Accordo di cooperazione culturale e scientifica\u00a0tra il Governo della Repubblica italiana ed il Governo della Repubblica di Panama, firmato a Roma il 2 maggio 2007. In tale ambito, si \u00e8 rafforzata anzitutto la cooperazione accademica, con la firma di accordi [&hellip;]","protected":false},"author":1,"featured_media":0,"parent":14,"menu_order":2,"comment_status":"closed","ping_status":"closed","template":"","meta":{"footnotes":""},"class_list":["post-44","page","type-page","status-publish","hentry"],"_links":{"self":[{"href":"https:\/\/ambpanama.esteri.it\/it\/wp-json\/wp\/v2\/pages\/44","targetHints":{"allow":["GET"]}}],"collection":[{"href":"https:\/\/ambpanama.esteri.it\/it\/wp-json\/wp\/v2\/pages"}],"about":[{"href":"https:\/\/ambpanama.esteri.it\/it\/wp-json\/wp\/v2\/types\/page"}],"author":[{"embeddable":true,"href":"https:\/\/ambpanama.esteri.it\/it\/wp-json\/wp\/v2\/users\/1"}],"replies":[{"embeddable":true,"href":"https:\/\/ambpanama.esteri.it\/it\/wp-json\/wp\/v2\/comments?post=44"}],"version-history":[{"count":5,"href":"https:\/\/ambpanama.esteri.it\/it\/wp-json\/wp\/v2\/pages\/44\/revisions"}],"predecessor-version":[{"id":6174,"href":"https:\/\/ambpanama.esteri.it\/it\/wp-json\/wp\/v2\/pages\/44\/revisions\/6174"}],"up":[{"embeddable":true,"href":"https:\/\/ambpanama.esteri.it\/it\/wp-json\/wp\/v2\/pages\/14"}],"wp:attachment":[{"href":"https:\/\/ambpanama.esteri.it\/it\/wp-json\/wp\/v2\/media?parent=44"}],"curies":[{"name":"wp","href":"https:\/\/api.w.org\/{rel}","templated":true}]}}