{"id":448,"date":"2023-11-02T10:36:11","date_gmt":"2023-11-02T15:36:11","guid":{"rendered":"https:\/\/ambpanama.esteri.it\/?page_id=448"},"modified":"2026-01-09T14:19:51","modified_gmt":"2026-01-09T19:19:51","slug":"altri-servizi-di-assistenza","status":"publish","type":"page","link":"https:\/\/ambpanama.esteri.it\/it\/servizi-consolari-e-visti\/servizi-per-il-cittadino-italiano\/assistenza-ai-cittadini-allestero\/altri-servizi-di-assistenza\/","title":{"rendered":"Altri servizi di assistenza"},"content":{"rendered":"<p><strong>Ricerche di Connazionali all&#8217;estero<\/strong><\/p>\n<p style=\"text-align: justify;\">Sulla base della Legge 675\/96 sulla riservatezza dei dati personali, nessun ente pubblico pu\u00f2 diffondere informazioni su persone a privati cittadini senza il consenso degli interessati.<\/p>\n<p style=\"text-align: justify;\">Pertanto, una volta individuata la persona cercata, il Ministero degli Affari Esteri chiede il consenso dell&#8217;interessato\/a ad informare chi ha inoltrato la richiesta di notizie.<\/p>\n<p style=\"text-align: justify;\">In alcuni Paesi, come per esempio gli Stati Uniti d&#8217;America, la locale legge sulla riservatezza non permette di diffondere notizie su persone sul loro territorio. E&#8217; pertanto necessario accertarsi caso per caso della legge applicabile.<\/p>\n<p style=\"text-align: justify;\">Entro tali limiti normativi \u00e8 possibile attivare una ricerca in uno dei modi seguenti:<\/p>\n<ul>\n<li style=\"text-align: justify;\">inviando un fax all&#8217;Ufficio IV della Direzione Generale Italiani all&#8217;estero ai numeri 06 36 91 86 09\/06 36 91 86 28;<\/li>\n<li style=\"text-align: justify;\">inviando un fax al Consolato competente territorialmente;<\/li>\n<li style=\"text-align: justify;\">telefonando al numero 06 36 91 29 30 dalle 9.30 alle 16.00 specificando i propri dati, quelli della persona che si sta cercando e il motivo per il quale la si vuole rintracciare.<\/li>\n<\/ul>\n<p><strong>Denunce di fatti o eventi, esposti, querele e remissioni di querela<\/strong><\/p>\n<p>Tramite questo Consolato, \u00e8 possibile presentare o revocare alle Autorit\u00e0 competenti in Italia denunce, querele ed esposti\u00a0\u00a0<a href=\"https:\/\/www.giustizia.it\/giustizia\/it\/mg_3_2_16.page\">Ministero della giustizia | Denuncia, esposto, querela<\/a> su fatti o eventi avvenuti in Italia o aventi rilevanza ai sensi del diritto italiano. Per fatti avvenuti in Panama si prega di rivolgersi all\u2019Autorit\u00e0 locale territorialmente competente <a href=\"https:\/\/www.policia.gob.pa\/\">Policia Nacional de Panam\u00e1<\/a>. Prima di procedere, consigliamo di consultarsi con un legale. Un elenco non esaustivo di professionisti noti a questo Consolato \u00e8 disponibile a questa pagina <a href=\"https:\/\/ambpanama.esteri.it\/it\/servizi-consolari-e-visti\/servizi-per-il-cittadino-italiano\/avvocati\/\">Avvocati<\/a><\/p>\n<p>Gli interessati dovranno richiedere un appuntamento scrivendo all\u2019indirizzo\u00a0<a href=\"mailto:consolare.panama@esteri.it\">consolare.panama@esteri.it<\/a>\u00a0L\u2019email di richiesta dovr\u00e0 contenere:<\/p>\n<ul>\n<li>scansione di un proprio documento di identit\u00e0 in corso di validit\u00e0;<\/li>\n<li><a href=\"https:\/\/ambpanama.esteri.it\/wp-content\/uploads\/2026\/01\/Denuncia-modulo.docx\">Modulo<\/a> appositamente compilato con una descrizione dei fatti che si vogliono rappresentare alle Autorit\u00e0 italiane, redatto in formato modificabile (ad es. Word) e in lingua italiana,\u00a0<strong>NON\u00a0<\/strong>firmato<strong>.<\/strong><\/li>\n<\/ul>\n<p>Una volta ricevuta la richiesta, l\u2019Ufficio offrir\u00e0 un appuntamento in Consolato per formalizzare l\u2019istanza. All\u2019appuntamento l\u2019interessato dovr\u00e0 presentarsi con un documento di identit\u00e0, e sottoscriver\u00e0 di fronte al personale del Consolato la denuncia\/querela\/esposto che poi verr\u00e0 inviata alle Autorit\u00e0 indicate dall\u2019istante dal Consolato.<\/p>\n","protected":false},"excerpt":{"rendered":"Ricerche di Connazionali all&#8217;estero Sulla base della Legge 675\/96 sulla riservatezza dei dati personali, nessun ente pubblico pu\u00f2 diffondere informazioni su persone a privati cittadini senza il consenso degli interessati. Pertanto, una volta individuata la persona cercata, il Ministero degli Affari Esteri chiede il consenso dell&#8217;interessato\/a ad informare chi ha inoltrato la richiesta di notizie. [&hellip;]","protected":false},"author":4,"featured_media":0,"parent":69,"menu_order":3,"comment_status":"closed","ping_status":"closed","template":"","meta":{"footnotes":""},"class_list":["post-448","page","type-page","status-publish","hentry"],"_links":{"self":[{"href":"https:\/\/ambpanama.esteri.it\/it\/wp-json\/wp\/v2\/pages\/448","targetHints":{"allow":["GET"]}}],"collection":[{"href":"https:\/\/ambpanama.esteri.it\/it\/wp-json\/wp\/v2\/pages"}],"about":[{"href":"https:\/\/ambpanama.esteri.it\/it\/wp-json\/wp\/v2\/types\/page"}],"author":[{"embeddable":true,"href":"https:\/\/ambpanama.esteri.it\/it\/wp-json\/wp\/v2\/users\/4"}],"replies":[{"embeddable":true,"href":"https:\/\/ambpanama.esteri.it\/it\/wp-json\/wp\/v2\/comments?post=448"}],"version-history":[{"count":5,"href":"https:\/\/ambpanama.esteri.it\/it\/wp-json\/wp\/v2\/pages\/448\/revisions"}],"predecessor-version":[{"id":8612,"href":"https:\/\/ambpanama.esteri.it\/it\/wp-json\/wp\/v2\/pages\/448\/revisions\/8612"}],"up":[{"embeddable":true,"href":"https:\/\/ambpanama.esteri.it\/it\/wp-json\/wp\/v2\/pages\/69"}],"wp:attachment":[{"href":"https:\/\/ambpanama.esteri.it\/it\/wp-json\/wp\/v2\/media?parent=448"}],"curies":[{"name":"wp","href":"https:\/\/api.w.org\/{rel}","templated":true}]}}