{"id":45,"date":"2023-04-11T18:10:55","date_gmt":"2023-04-11T16:10:55","guid":{"rendered":"https:\/\/ambasciatapraga.esteri.it\/?page_id=45"},"modified":"2025-02-20T15:38:56","modified_gmt":"2025-02-20T20:38:56","slug":"diplomazia-scientifica","status":"publish","type":"page","link":"https:\/\/ambpanama.esteri.it\/it\/italia-e-panama\/diplomazia-scientifica\/","title":{"rendered":"Diplomazia scientifica"},"content":{"rendered":"<p style=\"text-align: justify;\">Gli obiettivi di questo settore includono la promozione e il sostegno della cooperazione internazionale nel campo della ricerca scientifica e tecnologica.<\/p>\n<p style=\"text-align: justify;\">L\u2019Ambasciata d\u2019Italia a Panama si occupa di facilitare l\u2019internazionalizzazione della ricerca italiana e lo sviluppo dei rapporti bilaterali tra i soggetti attivi nei due paesi, con particolare attenzione alla collaborazione tra Universit\u00e0, istituti di ricerca e imprese attive nei settori di tecnologia avanzata. In tale ambito, \u00e8 stato firmato a febbraio 2024 un memorandum fra Universit\u00e0 di Panama e Universit\u00e0 di Trieste. Altre collaborazioni coinvolgono l\u2019Istituto Superiore di Sanit\u00e0 e l\u2019Universit\u00e0 La Sapienza, nell\u2019ambito delle nanotecnologie spaziali.<\/p>\n<p style=\"text-align: justify;\">Fra le iniziative di cooperazione scientifica intraprese dall\u2019Ambasciata negli ultimi anni si segnalano in particolare:<\/p>\n<ul>\n<li style=\"text-align: justify;\">Presentazione delle <strong>mostre fotografiche<\/strong> \u201cMujeres Paname\u00f1as Impactando Nuestra Ciencia\u201d, curata da Senacyt, e \u201cUna vita da Scienziata\u201d, offerta dalla Fondazione Bracco Italiana, tenutasi dall\u20191 al 15 novembre 2022. Evento parte del Festival Italiano dello Sviluppo Sostenibile organizzato da ASVIS. L\u2019obiettivo era di promuovere la diffusione e lo studio delle discipline STEAM tra le donne di Panama e dell&#8217;America Centrale, stimolando la riflessione sull&#8217;importanza degli Obiettivi di Sostenibilit\u00e0 Sviluppo 4 e 5 dell&#8217;Agenda 2030 delle Nazioni Unite.<\/li>\n<li style=\"text-align: justify;\">Partecipazione alla quinta edizione dell\u2019International <strong>Space Forum at Ministerial Level <\/strong>(ISF) \u2013 The Central America and Caribbean Chapter, organizzato dall\u2019International Astronautical federation (IAF) con l\u2019Agenzia Spaziale Italiana (ASI) e svoltosi presso la sede del Parlatino (il \u201cParlamento latino-americano) a Panama, con il sostegno di autorit\u00e0 locali (Ministero degli Esteri, SENACYT, DINACE) e il patrocinio di Telespazio.<\/li>\n<li style=\"text-align: justify;\">Il Congresso della <strong>Asociaci\u00f3n Paname\u00f1a para el Avance de la Ciencia<\/strong> (APANAC) tenutosi a settembre 2023 \u00e8 stato inaugurato da una giornata interamente dedicata al contributo italiano al progresso scientifico e tecnologico, dal titolo: &#8220;BRIGHT: Costruire infrastrutture di ricerca orientate all&#8217;avanzamento dell&#8217;alta tecnologia: spazio, digitale ed ecosistemi\u201d, attivit\u00e0 organizzata dall\u2019Ambasciata in collaborazione con l&#8217;Universit\u00e0 di Panama, l&#8217;Universit\u00e0 Tecnologica di Panama (UTP), Istituto Tecnico Superiore Specializzato (ITSE) e la Segreteria Nazionale per la Scienza e la Tecnologia e l&#8217;Innovazione (SENACYT). L\u2019evento ha visto anche la partecipazione di importanti organizzazioni italiane come il Consiglio Nazionale delle Ricerche (CNR) e l&#8217;Istituto Superiore di Sanit\u00e0 (ISS).<\/li>\n<li style=\"text-align: justify;\">A febbraio 2024 l\u2019<strong>Universit\u00e0 di Trieste \u00e8 stata ospite a <em>la Escuela Internacional de Verano de la Universidad de Panam\u00e1<\/em>, <\/strong>occasione in cui \u00e8 stato firmato il citato Protocollo d\u2019intesa tra le due Universit\u00e0 e in cui \u00e8 stato evidenziato il valore di Trieste come capitale della conoscenza, con la pi\u00f9 alta concentrazione di scienziati al mondo (32 per ogni 1.000 abitanti).<\/li>\n<li style=\"text-align: justify;\">Dal 8 all\u201911 ottobre 2024 si \u00e8 tenuto il \u201c<strong>Primo Congresso Internazionale di Ricerca in Scienze Aziendali<\/strong>\u201d. Questo importante evento ha rappresentato una preziosa occasione per rafforzare la cooperazione italo-panamense, con la partecipazione dell&#8217;Ambasciata d&#8217;Italia a Panama, delle imprese italiane con sede a Panama e della CAMIP (Camera di Commercio Italo-panamense). L\u2019Ambasciata ha collaborato nella partecipazione delle imprese italiane all\u2019evento. In questa occasione, il Dott. Valter Sergo, Vicerettore dell\u2019Universit\u00e0 di Trieste, ha tenuto una lectio magistralis sul ruolo fondamentale della scienza nelle decisioni strategiche aziendale.<\/li>\n<li style=\"text-align: justify;\">Partecipazione al <strong>Congresso Internazionale di Ingegneria, Scienza e Tecnologia<\/strong> (IESTEC), evento di grande impatto sulla comunit\u00e0 scientifica e tecnologica internazionale, svoltosi dal 23 al 25 ottobre 2024 presso la Universidad Tecnologica de Panam\u00e1, con la partecipazione, come nel 2023 in occasione di APANAC, di 14 conferenzieri provenienti da Universit\u00e0 e Centri di ricerca nazionali.<\/li>\n<li style=\"text-align: justify;\">la Presidente del <strong>CNR<\/strong>, <strong>Prof. Maria Chiara Carrozza<\/strong>, ha guidato una delegazione a Panama dal 2 al 3 febbraio per promuovere la collaborazione accademica, scientifica e tecnologica tra Italia e Panama. La delegazione includeva vari direttori di dipartimenti e istituti del CNR, oltre a rappresentanti dell&#8217;Ufficio Relazioni Internazionali. La missione si \u00e8 conclusa con la firma di un Memorandum con la <strong>Senacyt<\/strong> (Secreteria Nacional de Ciencias y Teconologia), aprendo la strada a future collaborazioni tra i due paesi.<\/li>\n<\/ul>\n","protected":false},"excerpt":{"rendered":"Gli obiettivi di questo settore includono la promozione e il sostegno della cooperazione internazionale nel campo della ricerca scientifica e tecnologica. L\u2019Ambasciata d\u2019Italia a Panama si occupa di facilitare l\u2019internazionalizzazione della ricerca italiana e lo sviluppo dei rapporti bilaterali tra i soggetti attivi nei due paesi, con particolare attenzione alla collaborazione tra Universit\u00e0, istituti di [&hellip;]","protected":false},"author":1,"featured_media":0,"parent":14,"menu_order":4,"comment_status":"closed","ping_status":"closed","template":"","meta":{"footnotes":""},"class_list":["post-45","page","type-page","status-publish","hentry"],"_links":{"self":[{"href":"https:\/\/ambpanama.esteri.it\/it\/wp-json\/wp\/v2\/pages\/45","targetHints":{"allow":["GET"]}}],"collection":[{"href":"https:\/\/ambpanama.esteri.it\/it\/wp-json\/wp\/v2\/pages"}],"about":[{"href":"https:\/\/ambpanama.esteri.it\/it\/wp-json\/wp\/v2\/types\/page"}],"author":[{"embeddable":true,"href":"https:\/\/ambpanama.esteri.it\/it\/wp-json\/wp\/v2\/users\/1"}],"replies":[{"embeddable":true,"href":"https:\/\/ambpanama.esteri.it\/it\/wp-json\/wp\/v2\/comments?post=45"}],"version-history":[{"count":4,"href":"https:\/\/ambpanama.esteri.it\/it\/wp-json\/wp\/v2\/pages\/45\/revisions"}],"predecessor-version":[{"id":7285,"href":"https:\/\/ambpanama.esteri.it\/it\/wp-json\/wp\/v2\/pages\/45\/revisions\/7285"}],"up":[{"embeddable":true,"href":"https:\/\/ambpanama.esteri.it\/it\/wp-json\/wp\/v2\/pages\/14"}],"wp:attachment":[{"href":"https:\/\/ambpanama.esteri.it\/it\/wp-json\/wp\/v2\/media?parent=45"}],"curies":[{"name":"wp","href":"https:\/\/api.w.org\/{rel}","templated":true}]}}