{"id":474,"date":"2023-11-02T10:51:02","date_gmt":"2023-11-02T15:51:02","guid":{"rendered":"https:\/\/ambpanama.esteri.it\/?page_id=474"},"modified":"2024-09-17T10:34:36","modified_gmt":"2024-09-17T15:34:36","slug":"autocertificazione","status":"publish","type":"page","link":"https:\/\/ambpanama.esteri.it\/it\/servizi-consolari-e-visti\/servizi-per-il-cittadino-italiano\/servizi-notarili\/autocertificazione\/","title":{"rendered":"Autocertificazione"},"content":{"rendered":"<p style=\"text-align: justify;\">\u00c8 una dichiarazione che l&#8217;interessato redige e sottoscrive nel proprio interesse su stati, fatti e qualit\u00e0 personali e che utilizza nei rapporti con la P.A. e con i gestori di pubblici servizi. Nel rapporto con un soggetto privato il ricorso all&#8217;autocertificazione \u00e8 rimesso alla discrezionalit\u00e0 di quest&#8217;ultimo.<br \/>\nIl\u00a0<strong>1\u00b0 gennaio 2012<\/strong>\u00a0sono entrate in vigore le nuove disposizioni in materia di certificati e di dichiarazioni sostitutive, di cui all\u2019art. 15 della legge 12 novembre 2011 n. 183. A decorrere da tale data i certificati avranno pertanto validit\u00e0 solo nei rapporti tra privati, mentre<strong>\u00a0le Amministrazioni Pubbliche non potranno pi\u00f9 chiedere o accettare i certificati, che dovranno essere sempre sostituiti da autocertificazioni.<\/strong><br \/>\nLe norme sull\u2019autocertificazione si applicano ai cittadini italiani e dell\u2019Unione europea, nonch\u00e9 ai cittadini extracomunitari regolarmente soggiornanti in Italia limitatamente ai dati verificabili o certificabili in Italia da soggetti pubblici.<br \/>\nLe dichiarazioni sostitutive di cui agli artt. 46 e 47 del D.P.R. n. 445\/2000 possono essere sottoscritte in presenza del dipendente addetto oppure possono essere presentate o inviate gi\u00e0 sottoscritte purch\u00e9 ad esse sia allegata una copia fotostatica non autenticata di un documento d\u2019identit\u00e0 del sottoscrittore.<br \/>\nQualora le amministrazioni abbiano dubbi sulla veridicit\u00e0 delle autocertificazioni, sono tenute a effettuare i controlli necessari.<br \/>\nNel caso vengano riscontrate dichiarazioni mendaci, la falsit\u00e0 negli atti e l\u2019uso di atti falsi sono puniti ai sensi del codice penale e delle leggi speciali in materia (art. 76 DPR 445\/2000). Il dichiarante inoltre decade dai benefici eventualmente conseguiti grazie a provvedimenti basati su dichiarazioni non veritiere.<\/p>\n<p style=\"text-align: justify;\"><strong>a) Dichiarazione sostitutiva di certificazione (art. 46 DPR 445\/2000)<\/strong><br \/>\nPossono essere comprovati, tramite dichiarazione, i seguenti stati:<\/p>\n<ul style=\"text-align: justify;\">\n<li>data e il luogo di nascita;<\/li>\n<li>residenza; cittadinanza;<\/li>\n<li>godimento dei diritti civili e politici;<\/li>\n<li>stato di celibe, coniugato, vedovo o stato libero;<\/li>\n<li>stato di famiglia; esistenza in vita;<\/li>\n<li>nascita del figlio, decesso del coniuge, dell&#8217;ascendente o discendente;<\/li>\n<li>iscrizione in albi, in elenchi tenuti da pubbliche amministrazioni;<\/li>\n<li>appartenenza a ordini professionali; titolo di studio, esami sostenuti;<\/li>\n<li>qualifica professionale posseduta, titolo di specializzazione, di abilitazione, di formazione, di aggiornamento e di qualificazione tecnica;<\/li>\n<li>situazione reddituale o economica anche ai fini della concessione dei benefici di qualsiasi tipo previsti da leggi speciali;<\/li>\n<li>assolvimento di specifici obblighi contributivi con l&#8217;indicazione dell&#8217;ammontare corrisposto;<\/li>\n<li>possesso e numero del codice fiscale, della partita IVA e di qualsiasi dato presente nell&#8217;archivio dell&#8217;anagrafe tributaria;<\/li>\n<li>stato di disoccupazione;<\/li>\n<li>qualit\u00e0 di pensionato e categoria di pensione;<\/li>\n<li>qualit\u00e0 di studente;<\/li>\n<li>qualit\u00e0 di legale rappresentante di persone fisiche o giuridiche, di tutore, di curatore e simili;<\/li>\n<li>iscrizione presso associazioni o formazioni sociali di qualsiasi tipo;<\/li>\n<li>tutte le situazioni relative all&#8217;adempimento degli obblighi militari, ivi comprese quelle attestate nel foglio matricolare dello stato di servizio;<\/li>\n<li>di non aver riportato condanne penali e di non essere destinatario di provvedimenti che riguardano l&#8217;applicazione di misure di prevenzione, di decisioni civili e di provvedimenti amministrativi iscritti nel casellario giudiziale ai sensi della vigente normativa;<\/li>\n<li>di non essere a conoscenza di essere sottoposto a procedimenti penali;<\/li>\n<li>qualit\u00e0 di vivenza a carico;<\/li>\n<li>tutti i dati a diretta conoscenza dell&#8217;interessato contenuti nei registri dello stato civile;<\/li>\n<li>di non trovarsi in stato di liquidazione o di fallimento e di non aver presentato domanda di concordato.<\/li>\n<\/ul>\n<p style=\"text-align: justify;\">Nessuna imposta di bollo deve essere corrisposta dal cittadino quando l&#8217;uso dell&#8217;atto \u00e8 esente, per legge, dalla stessa.<br \/>\nLe istanze e le dichiarazioni da presentare alla Pubblica Amministrazione possono essere inviate anche per fax e per via telematica.<\/p>\n<p style=\"text-align: justify;\"><strong>b) DICHIARAZIONE SOSTITUTIVA DI ATTO DI NOTORIETA&#8217; (art. 47 DPR 445\/2000)<\/strong><br \/>\nGli interessati possono ricorrere alla dichiarazione sostitutiva dell\u2019atto di notoriet\u00e0 per tutti gli stati, fatti e qualit\u00e0 personali di cui siano a diretta conoscenza.<br \/>\nTale dichiarazione pu\u00f2 riguardare anche circostanze relative ad altri soggetti, di cui il dichiarante abbia diretta conoscenza, nonch\u00e9 la conformit\u00e0 all\u2019originale di copie di atti o documenti conservati o rilasciati da una pubblica amministrazione, di copie di pubblicazioni, di copie di titoli di studio o di servizio, ovvero di copie di documenti fiscali che devono essere obbligatoriamente conservati dai privati.<\/p>\n<p style=\"text-align: justify;\"><strong>La possibilit\u00e0 di avvalersi dell\u2019autocertificazione non \u00e8 mai ammessa per i certificati:<\/strong><\/p>\n<ul>\n<li style=\"text-align: justify;\">medici;<\/li>\n<li style=\"text-align: justify;\">sanitari;<\/li>\n<li style=\"text-align: justify;\">veterinari;<\/li>\n<li style=\"text-align: justify;\">di origine;<\/li>\n<li style=\"text-align: justify;\">di conformit\u00e0 CE;<\/li>\n<li style=\"text-align: justify;\">marchi o brevetti.<\/li>\n<\/ul>\n","protected":false},"excerpt":{"rendered":"\u00c8 una dichiarazione che l&#8217;interessato redige e sottoscrive nel proprio interesse su stati, fatti e qualit\u00e0 personali e che utilizza nei rapporti con la P.A. e con i gestori di pubblici servizi. Nel rapporto con un soggetto privato il ricorso all&#8217;autocertificazione \u00e8 rimesso alla discrezionalit\u00e0 di quest&#8217;ultimo. Il\u00a01\u00b0 gennaio 2012\u00a0sono entrate in vigore le nuove [&hellip;]","protected":false},"author":4,"featured_media":0,"parent":71,"menu_order":2,"comment_status":"closed","ping_status":"closed","template":"","meta":{"footnotes":""},"class_list":["post-474","page","type-page","status-publish","hentry"],"_links":{"self":[{"href":"https:\/\/ambpanama.esteri.it\/it\/wp-json\/wp\/v2\/pages\/474","targetHints":{"allow":["GET"]}}],"collection":[{"href":"https:\/\/ambpanama.esteri.it\/it\/wp-json\/wp\/v2\/pages"}],"about":[{"href":"https:\/\/ambpanama.esteri.it\/it\/wp-json\/wp\/v2\/types\/page"}],"author":[{"embeddable":true,"href":"https:\/\/ambpanama.esteri.it\/it\/wp-json\/wp\/v2\/users\/4"}],"replies":[{"embeddable":true,"href":"https:\/\/ambpanama.esteri.it\/it\/wp-json\/wp\/v2\/comments?post=474"}],"version-history":[{"count":2,"href":"https:\/\/ambpanama.esteri.it\/it\/wp-json\/wp\/v2\/pages\/474\/revisions"}],"predecessor-version":[{"id":6094,"href":"https:\/\/ambpanama.esteri.it\/it\/wp-json\/wp\/v2\/pages\/474\/revisions\/6094"}],"up":[{"embeddable":true,"href":"https:\/\/ambpanama.esteri.it\/it\/wp-json\/wp\/v2\/pages\/71"}],"wp:attachment":[{"href":"https:\/\/ambpanama.esteri.it\/it\/wp-json\/wp\/v2\/media?parent=474"}],"curies":[{"name":"wp","href":"https:\/\/api.w.org\/{rel}","templated":true}]}}