{"id":4930,"date":"2024-08-12T09:30:08","date_gmt":"2024-08-12T14:30:08","guid":{"rendered":"https:\/\/ambpanama.esteri.it\/?page_id=4930"},"modified":"2024-08-14T03:39:24","modified_gmt":"2024-08-14T08:39:24","slug":"visto-per-ricongiungimento-familiare-per-figli","status":"publish","type":"page","link":"https:\/\/ambpanama.esteri.it\/it\/servizi-consolari-e-visti\/servizi-per-il-cittadino-straniero\/visti\/visto-per-ricongiungimento-familiare-per-figli\/","title":{"rendered":"Visto per ricongiungimento familiare per figli"},"content":{"rendered":"<p>Per informazioni generali su questo tipo di VISTO, visitate il seguente sito del Governo italiano:\u00a0<a href=\"http:\/\/vistoperitalia.esteri.it\/\">vistoperitalia.esteri.it<\/a><\/p>\n<p><strong>A cosa serve e chi pu\u00f2 richiederlo<\/strong>:<\/p>\n<p>Viene utilizzato per il reinserimento familiare tra i genitori (cittadini stranieri regolarmente residenti in Italia) e i figli minorenni residenti in Panama<\/p>\n<p>La procedura inizia in Italia, dove il genitore presenta la domanda di ricongiungimento familiare presso la\u00a0<em>Prefettura<\/em>\u00a0territorialmente competente del figlio minore. Una volta che la\u00a0<em>Prefettura<\/em>\u00a0ha rilasciato il\u00a0<em>Nulla Osta<\/em>, il minore pu\u00f2 richiedere il visto.<\/p>\n<p>Il visto pu\u00f2 essere richiesto tre mesi prima della data del viaggio e fino ad 1 mese prima della data del viaggio.<\/p>\n<p><strong>Tipo di visto:<\/strong>\u00a0\u201cD\u201d Visto per soggiorni di lunga durata, per soggiorni superiori a 90 giorni fino a 365 giorni.<\/p>\n<p><strong>REQUISITI<\/strong>: Devono essere presentati seguendo il rigoroso ordine sotto indicato:<\/p>\n<ol>\n<li><a href=\"https:\/\/ambpanama.esteri.it\/wp-content\/uploads\/2023\/11\/formulario_visto_nazionale_-italiano.pdf\">Modulo di richiesta di visto Nazionale\u00a0<\/a>debitamente compilato in tutti i campi e firmato.<\/li>\n<li><strong>Due fotografie<\/strong> (3,5 cm x 4 cm), sfondo bianco a colore (identiche e recenti), una delle quali deve essere incollata al modulo nella casella corrispondente.<\/li>\n<li><strong>Passaporto valido<\/strong>\u00a0(con validit\u00e0 di almeno 3 mesi oltre la durata del visto) con almeno due pagine libere e una\u00a0<strong>copia<\/strong>\u00a0semplice del\u00a0<strong>passaporto<\/strong>\u00a0(solo la pagina del passaporto contenente i dati personali del titolare).<\/li>\n<li><strong>Pagamento dei diritti consolari<\/strong>\u00a0in contanti (si pagano il giorno stesso dell\u2019appuntamento, vedere la <a href=\"https:\/\/ambpanama.esteri.it\/it\/servizi-consolari-e-visti\/servizi-per-il-cittadino-italiano\/diritti-consolari\/\">Tabella dei diritti consolari<\/a> )<\/li>\n<li><strong>Carta d\u2019identit\u00e0 <\/strong>\u2013 per gli stranieri\u00a0<em>c\u00e9dula de extranjer\u00eda o carne de residencia<\/em>, in corso di validit\u00e0 (in entrambi i casi solo una copia ingrandita e leggibile).<\/li>\n<li><strong>Originale e copia del \u201cNulla Osta\u201d<\/strong>\u00a0rilasciato dalla Prefettura \u2013 S.U.I. (Sportello Unico Immigrazione).<\/li>\n<li><strong>Atto di nascita del bambino che richiede il visto<\/strong>\u00a0\u2013 deve essere presentato in originale e in copia insieme all\u2019apostilla rilasciata dal Ministero degli Affari Esteri del paese di origine.<\/li>\n<li>Traduzione in italiano dell\u2019atto di nascita accompagnata dall\u2019Apostille della firma del traduttore.<\/li>\n<li><strong>Atto di matrimonio dei genitori<\/strong>, (se esiste un matrimonio). Deve essere presentato in originale e in copia insieme all\u2019apostilla rilasciata dal Ministero degli Affari Esteri del paese di origine.<\/li>\n<li><strong>Autorizzazione scritta<\/strong>\u00a0del genitore residente in Panama o in uno degli Stati di accreditamento, che confermi\u00a0<strong>che il minore \u00e8 autorizzato a viaggiare e risiedere in Italia<\/strong>. L\u2019autorizzazione deve <strong>essere rilasciata dalle autorit\u00e0 competente <\/strong>o al giudice minorile (Apostillata e tradotta in originale e copia). In alternativa, nel caso in cui entrambi i genitori si trovino in Italia, l\u2019autorizzazione deve essere rilasciata davanti a uno dei Consolati del loro Paese operanti in Italia (originale e copia). In tutti i casi portare con s\u00e9 l\u2019originale \u2013 che verr\u00e0 restituito \u2013 e la copia che verr\u00e0 conservata negli archivi dell\u2019Ambasciata.<br \/>\n<strong>Importante<\/strong>: \u00e8 fondamentale che sull\u2019autorizzazione al viaggio compaia le diciture \u201c<strong>uscita del paese\u2026. e residenza\u2026\u201d.<\/strong> Se non compare, la domanda di visto non sar\u00e0 accettata.<\/li>\n<li><strong>Autorizzazione dei genitori a richiedere il visto per un minore<\/strong>. L\u2019autorizzazione deve essere rilasciata davanti ad uno studio notarile (o a un giudice minorile). In alternativa, nel caso in cui entrambi i genitori si trovino in Italia, l\u2019autorizzazione deve essere rilasciata davanti a uno dei Consolati del loro Paese operanti in Italia (originale e copia). In ogni caso portare con s\u00e9 l\u2019originale \u2013 che verr\u00e0 restituito \u2013 e la copia che verr\u00e0 conservata negli archivi dell\u2019Ambasciata.<\/li>\n<li><strong>I minori che viaggiano da soli<\/strong>\u00a0(che devono essere presenti anche al colloquio) devono essere accompagnati da un adulto debitamente autorizzato con una procura legalizzata dalle autorit\u00e0 competenti (originale e copia).<\/li>\n<li><strong>Prenotazione<\/strong>\u00a0<strong>di un volo<\/strong>\u00a0di sola andata con destinazione finale Italia a nome del\/la richiedente. <strong>NOTA<\/strong>: La prenotazione aerea deve essere effettuata direttamente dalla compagnia aerea o da un&#8217;agenzia di viaggi nel paese di residenza o direttamente in Italia (non si accettano prenotazioni effettuate online).<\/li>\n<\/ol>\n<p><strong>NOTE:<\/strong><\/p>\n<ul>\n<li>La procedura \u00e8 strettamente personale.\u00a0<u>L\u2019Ambasciata non ha autorizzato alcuna agenzia o intermediario per la richiesta del visto<\/u>.<\/li>\n<li>Si ricorda che l\u2019Ufficio Visti non pu\u00f2 ricevere la domanda di visto finch\u00e9 l<strong>\u2018Ambasciata non riceve il Nulla Osta trasmesso dall\u2019Ufficio S.U.I. (Prefettura in Italia)<\/strong>.<\/li>\n<li>Si ricorda che il \u201c<em>Nulla Osta<\/em>\u201d\u00a0<strong>ha una validit\u00e0 di 6 mesi<\/strong>\u00a0(dalla data di emissione del S.U.I.) e\u00a0<strong>deve essere utilizzato prima della sua scadenza. L\u2019Ambasciata pu\u00f2 ricevere richieste di visto da parte di persone che hanno appena raggiunto la maggiore et\u00e0, purch\u00e9 il \u201cNulla Osta\u201d sia stato rilasciato prima dei 18 anni<\/strong>.<\/li>\n<li>La mancata presentazione di uno dei documenti sopra indicati pu\u00f2 comportare il rifiuto della domanda di visto allo sportello. L\u2019Ambasciata d\u2019Italia si riserva il diritto di richiedere la documentazione aggiuntiva che ritiene necessaria attraverso il documento denominato \u201c<em>Preavviso di Rigetto<\/em>\u201d che pu\u00f2 essere rilasciato pochi giorni dopo aver esaminato la domanda di visto.<\/li>\n<li>Poich\u00e9 il visto \u00e8 una concessione, anche se vengono presentati tutti i documenti richiesti, questo pu\u00f2 essere concesso o rifiutato. In quest\u2019ultimo caso, verr\u00e0 rilasciato un \u201c<em>Provvedimento di Diniego<\/em>\u201c.<\/li>\n<li>Se il visto viene concesso, il titolare, una volta arrivato in Italia, deve richiedere il\u00a0<em>Permesso di Soggiorno<\/em>\u00a0alle autorit\u00e0 italiane competenti entro i primi otto giorni lavorativi.<\/li>\n<\/ul>\n","protected":false},"excerpt":{"rendered":"Per informazioni generali su questo tipo di VISTO, visitate il seguente sito del Governo italiano:\u00a0vistoperitalia.esteri.it A cosa serve e chi pu\u00f2 richiederlo: Viene utilizzato per il reinserimento familiare tra i genitori (cittadini stranieri regolarmente residenti in Italia) e i figli minorenni residenti in Panama La procedura inizia in Italia, dove il genitore presenta la domanda [&hellip;]","protected":false},"author":1,"featured_media":0,"parent":89,"menu_order":28,"comment_status":"closed","ping_status":"closed","template":"","meta":{"footnotes":""},"class_list":["post-4930","page","type-page","status-publish","hentry"],"_links":{"self":[{"href":"https:\/\/ambpanama.esteri.it\/it\/wp-json\/wp\/v2\/pages\/4930","targetHints":{"allow":["GET"]}}],"collection":[{"href":"https:\/\/ambpanama.esteri.it\/it\/wp-json\/wp\/v2\/pages"}],"about":[{"href":"https:\/\/ambpanama.esteri.it\/it\/wp-json\/wp\/v2\/types\/page"}],"author":[{"embeddable":true,"href":"https:\/\/ambpanama.esteri.it\/it\/wp-json\/wp\/v2\/users\/1"}],"replies":[{"embeddable":true,"href":"https:\/\/ambpanama.esteri.it\/it\/wp-json\/wp\/v2\/comments?post=4930"}],"version-history":[{"count":2,"href":"https:\/\/ambpanama.esteri.it\/it\/wp-json\/wp\/v2\/pages\/4930\/revisions"}],"predecessor-version":[{"id":5196,"href":"https:\/\/ambpanama.esteri.it\/it\/wp-json\/wp\/v2\/pages\/4930\/revisions\/5196"}],"up":[{"embeddable":true,"href":"https:\/\/ambpanama.esteri.it\/it\/wp-json\/wp\/v2\/pages\/89"}],"wp:attachment":[{"href":"https:\/\/ambpanama.esteri.it\/it\/wp-json\/wp\/v2\/media?parent=4930"}],"curies":[{"name":"wp","href":"https:\/\/api.w.org\/{rel}","templated":true}]}}