{"id":4957,"date":"2024-08-12T09:40:42","date_gmt":"2024-08-12T14:40:42","guid":{"rendered":"https:\/\/ambpanama.esteri.it\/?page_id=4957"},"modified":"2024-08-14T03:41:49","modified_gmt":"2024-08-14T08:41:49","slug":"visto-per-il-ricongiungimento-tra-figli-e-genitori-a-carico","status":"publish","type":"page","link":"https:\/\/ambpanama.esteri.it\/it\/servizi-consolari-e-visti\/servizi-per-il-cittadino-straniero\/visti\/visto-per-il-ricongiungimento-tra-figli-e-genitori-a-carico\/","title":{"rendered":"Visto per il ricongiungimento tra figli e genitori a carico"},"content":{"rendered":"<p>Per informazioni generali su questo tipo di VISTO, visitate il seguente sito del Governo italiano:\u00a0<a href=\"http:\/\/vistoperitalia.esteri.it\/\">vistoperitalia.esteri.it<\/a><\/p>\n<p><strong>A cosa serve e chi pu\u00f2 richiederlo:<\/strong><\/p>\n<p>Serve per il ricongiungimento familiare tra il\u00a0<strong>cittadino straniero<\/strong>\u00a0(regolarmente residente in Italia) e\u00a0<strong>il\/i genitore\/i\u00a0<\/strong>(regolarmente residente\/i in Panama o in uno degli Stati di accreditamento)\u00a0<strong>economicamente dipendente dall\u2019invitante<\/strong>.<\/p>\n<p><em>Per il ricongiungimento familiare tra italiani\/europei e stranieri si vedano le rispettive istruzioni<\/em>.<\/p>\n<p>La procedura inizia in Italia, dove\u00a0<strong>il cittadino straniero<\/strong>, regolarmente residente in Italia, presenta la domanda di ricongiungimento familiare alla \u201cPrefettura\u201d (<strong>Ufficio S.U.I.<\/strong>). Una volta che la Prefettura ha rilasciato il nulla osta (\u201cNulla Osta\u201d), i genitori possono richiedere il visto.<\/p>\n<p>Il visto pu\u00f2 essere richiesto tre mesi prima della data del viaggio e fino ad 1 mese prima della data del viaggio.<\/p>\n<p><strong>Tipo di visto<\/strong>: \u201cD\u201d Visto per soggiorni di lunga durata, per soggiorni superiori a 90 giorni fino a 365 giorni.<\/p>\n<p><strong>REQUISITI<\/strong>:<\/p>\n<ol>\n<li><a href=\"https:\/\/ambpanama.esteri.it\/wp-content\/uploads\/2023\/11\/formulario_visto_nazionale_-italiano.pdf\">Modulo di richiesta di visto Nazionale\u00a0<\/a>debitamente compilato in tutti i campi e firmato.<\/li>\n<li><strong>Due fotografie<\/strong> (3,5 cm x 4 cm), sfondo bianco a colore (identiche e recenti), una delle quali deve essere incollata al modulo nella casella corrispondente.<\/li>\n<li><strong>Passaporto valido<\/strong>\u00a0(con validit\u00e0 di almeno 3 mesi oltre la durata del visto) con almeno due pagine libere e una\u00a0<strong>copia<\/strong>\u00a0semplice del\u00a0<strong>passaporto<\/strong>\u00a0(solo la pagina del passaporto contenente i dati personali del titolare).<\/li>\n<li><strong>Pagamento dei diritti consolari<\/strong>\u00a0in contanti (si pagano il giorno stesso dell\u2019appuntamento, vedere la <a href=\"https:\/\/ambpanama.esteri.it\/it\/servizi-consolari-e-visti\/servizi-per-il-cittadino-italiano\/diritti-consolari\/\">Tabella dei diritti consolari<\/a>)<\/li>\n<li><strong>Carta d\u2019identit\u00e0 <\/strong>\u2013 per gli stranieri\u00a0<em>c\u00e9dula de extranjer\u00eda o carne de residencia<\/em>, in corso di validit\u00e0 (in entrambi i casi solo una copia ingrandita e leggibile).<\/li>\n<li><strong>Originale e copia del \u201cNulla Osta\u201d<\/strong>\u00a0rilasciato dalla Prefettura \u2013 S.U.I. (Sportello Unico Immigrazione).<\/li>\n<li><strong>Atto di nascita\u00a0<\/strong>dell\u2019invitante residente in Italia \u2013 deve essere presentato in originale e in copia insieme all\u2019apostilla rilasciata dal Ministero degli Affari Esteri del paese di origine accompagnata della t<strong>raduzione in italiano<\/strong>\u00a0dell\u2019atto e apostille della firma del traduttore.<\/li>\n<li><strong>Copia del permesso di soggiorno dall\u2019invitante.<\/strong><\/li>\n<li><strong>Prova di dipendenza economica del richiedente <\/strong><strong>al<\/strong> ricongiungimento familiare, attraverso trasferimenti di valuta\/banche dimostrabili e pertinenti (in base al costo della vita locale), continui, costanti e prolungati per un periodo minimo di due anni. Tale documentazione deve essere presentata in originale.<\/li>\n<li><strong>Prenotazione di un volo<\/strong>\u00a0di sola andata con destinazione finale Italia a nome del genitore. <strong>NOTA<\/strong>: La prenotazione aerea deve essere effettuata direttamente dalla compagnia aerea o da un&#8217;agenzia di viaggi nel paese di residenza o direttamente in Italia (non si accettano prenotazioni effettuate online).<\/li>\n<\/ol>\n<p><strong>NOTE IMPORTANTI:<\/strong><\/p>\n<ul>\n<li><strong><u>Se i genitori hanno pi\u00f9 di 65 anni e hanno altri figli, deve essere dimostrato che questi ultimi non sono in grado di prendersi cura dei genitori per gravi motivi di salute debitamente documentati.<\/u><\/strong><\/li>\n<li><strong><u>Per i genitori di et\u00e0 inferiore ai 65 anni, la dipendenza economica pu\u00f2 essere dimostrata se i genitori non hanno altri figli nel Paese di origine o di precedenza.<\/u><\/strong><\/li>\n<li><u>La procedura \u00e8 strettamente personale<\/u>.\u00a0<u>L\u2019Ambasciata non ha autorizzato alcuna agenzia o intermediario per la richiesta del visto<\/u>.<\/li>\n<li>Si ricorda che l\u2019Ufficio Visti non pu\u00f2 ricevere la domanda di visto finch\u00e9 l<strong>\u2018Ambasciata non riceve il Nulla Osta trasmesso dall\u2019Ufficio S.U.I. (Prefettura in Italia)<\/strong>.<\/li>\n<li>Si ricorda che il \u201c<em>Nulla Osta<\/em>\u201d\u00a0<strong>ha una validit\u00e0 di 6 mesi<\/strong>\u00a0(dalla data di emissione del S.U.I.) e\u00a0<strong>deve essere utilizzato prima della sua scadenza.<\/strong><\/li>\n<li>La mancata presentazione di uno dei documenti sopra indicati pu\u00f2 comportare il rifiuto della domanda di visto allo sportello. L\u2019Ambasciata d\u2019Italia si riserva il diritto di richiedere la documentazione aggiuntiva che ritiene necessaria attraverso il documento denominato \u201c<em>Preavviso di Rigetto<\/em>\u201d che pu\u00f2 essere rilasciato pochi giorni dopo aver esaminato la domanda di visto.<\/li>\n<li>Poich\u00e9 il visto \u00e8 una concessione, anche se vengono presentati tutti i documenti richiesti, questo pu\u00f2 essere concesso o rifiutato. In quest\u2019ultimo caso, verr\u00e0 rilasciato un \u201c<em>Provvedimento di Diniego<\/em>\u201c.<\/li>\n<li>Se il visto viene concesso, il titolare, una volta arrivato in Italia, deve richiedere il\u00a0<em>Permesso di Soggiorno<\/em>\u00a0alle autorit\u00e0 italiane competenti entro i primi otto giorni lavorativi.<\/li>\n<\/ul>\n","protected":false},"excerpt":{"rendered":"Per informazioni generali su questo tipo di VISTO, visitate il seguente sito del Governo italiano:\u00a0vistoperitalia.esteri.it A cosa serve e chi pu\u00f2 richiederlo: Serve per il ricongiungimento familiare tra il\u00a0cittadino straniero\u00a0(regolarmente residente in Italia) e\u00a0il\/i genitore\/i\u00a0(regolarmente residente\/i in Panama o in uno degli Stati di accreditamento)\u00a0economicamente dipendente dall\u2019invitante. Per il ricongiungimento familiare tra italiani\/europei e stranieri [&hellip;]","protected":false},"author":1,"featured_media":0,"parent":89,"menu_order":32,"comment_status":"closed","ping_status":"closed","template":"","meta":{"footnotes":""},"class_list":["post-4957","page","type-page","status-publish","hentry"],"_links":{"self":[{"href":"https:\/\/ambpanama.esteri.it\/it\/wp-json\/wp\/v2\/pages\/4957","targetHints":{"allow":["GET"]}}],"collection":[{"href":"https:\/\/ambpanama.esteri.it\/it\/wp-json\/wp\/v2\/pages"}],"about":[{"href":"https:\/\/ambpanama.esteri.it\/it\/wp-json\/wp\/v2\/types\/page"}],"author":[{"embeddable":true,"href":"https:\/\/ambpanama.esteri.it\/it\/wp-json\/wp\/v2\/users\/1"}],"replies":[{"embeddable":true,"href":"https:\/\/ambpanama.esteri.it\/it\/wp-json\/wp\/v2\/comments?post=4957"}],"version-history":[{"count":1,"href":"https:\/\/ambpanama.esteri.it\/it\/wp-json\/wp\/v2\/pages\/4957\/revisions"}],"predecessor-version":[{"id":4958,"href":"https:\/\/ambpanama.esteri.it\/it\/wp-json\/wp\/v2\/pages\/4957\/revisions\/4958"}],"up":[{"embeddable":true,"href":"https:\/\/ambpanama.esteri.it\/it\/wp-json\/wp\/v2\/pages\/89"}],"wp:attachment":[{"href":"https:\/\/ambpanama.esteri.it\/it\/wp-json\/wp\/v2\/media?parent=4957"}],"curies":[{"name":"wp","href":"https:\/\/api.w.org\/{rel}","templated":true}]}}