{"id":5707,"date":"2024-08-21T14:12:13","date_gmt":"2024-08-21T19:12:13","guid":{"rendered":"https:\/\/ambpanama.esteri.it\/?page_id=5707"},"modified":"2025-10-21T14:48:01","modified_gmt":"2025-10-21T19:48:01","slug":"5707-2","status":"publish","type":"page","link":"https:\/\/ambpanama.esteri.it\/it\/servizi-consolari-e-visti\/servizi-per-il-cittadino-italiano\/passaporti-e-carte-didentita\/5707-2\/","title":{"rendered":"Passaporto per cittadini minori di 18 anni"},"content":{"rendered":"<blockquote><p>Si avvisano i cittadini italiani residenti presso i\u00a0<strong>Paesi di accreditamento\u00a0<\/strong>secondario che debbano recarsi a Panama per usufruire dei servizi consolari erogati da questa Ambasciata d\u2019Italia, che, in base alla normativa locale, per poter entrare a Panama \u00e8 necessario che il passaporto straniero abbia una validit\u00e0 di<strong>\u00a0tre mesi oltre la durata del viaggio previsto.<\/strong><\/p><\/blockquote>\n<p style=\"text-align: justify;\"><strong>Passaporto per cittadini minori di 18 anni<\/strong><\/p>\n<ul style=\"text-align: justify;\">\n<li>Presentandosi il minore accompagnato con entrambi genitori presso l\u2019Ambasciata d\u2019Italia a Panama previo appuntamento online per \u201c<strong>passaporto<\/strong>\u201d attraverso il portale\u00a0<a href=\"https:\/\/prenotami.esteri.it\/\">Prenot@mi<\/a> <strong>IMPORTANTE<\/strong>: Nel portale\u00a0Prenot@Mi \u00e8 possibile prenotare appuntamenti individuali o multipli, purch\u00e9 siano disponibili. Si precisa che gli appuntamenti multipli sono applicabili solo per i minori di et\u00e0 e devono essere prenotati direttamente da uno dei genitori.<\/li>\n<li>Per i richiedenti di et\u00e0 pari o superiore ai 12 anni sar\u00e0 necessario effettuare il prelievo delle impronte digitali.<\/li>\n<li>Il passaporto rilasciato ad un minorenne non cambia al raggiungimento della maggiore et\u00e0 e resta valido fino alla scadenza dello stesso.<\/li>\n<\/ul>\n<p style=\"text-align: justify;\"><strong>Documenti necessari:<\/strong><\/p>\n<ul style=\"text-align: justify;\">\n<li>gli utenti gi\u00e0 in possesso di un passaporto italiano devono presentare all\u2019appuntamento il passaporto scaduto che verr\u00e0 contestualmente annullato;<\/li>\n<li><strong>per gli utenti minori di 8 anni<\/strong> n. 2 fotografie 4 x 4, fondo bianco, frontali<\/li>\n<li>pagamento in contanti dell\u2019<strong>art. 27 <\/strong><em>rilascio art.27 (A+B)<\/em>, della tabella delle\u00a0<a href=\"https:\/\/ambpanama.esteri.it\/it\/servizi-consolari-e-visti\/servizi-per-il-cittadino-italiano\/diritti-consolari\/\">tariffe consolari<\/a>\u00a0(i corrispettivi citati cambiano trimestralmente, si prega pertanto di verificare l\u2019importo)<\/li>\n<li>atto di assenso dei genitori (Vedere\u00a0<a href=\"https:\/\/ambpanama.esteri.it\/it\/servizi-consolari-e-visti\/servizi-per-il-cittadino-italiano\/passaporti-e-carte-didentita\/atto-di-assenso\/\">atto di assenso<\/a>)<\/li>\n<\/ul>\n<p style=\"text-align: justify;\">Per ulteriori informazioni sull\u2019atto di assenso si prega all\u2019utenza di prendere visione della normativa vigente al seguente link:<a href=\"https:\/\/ambpanama.esteri.it\/it\/servizi-consolari-e-visti\/servizi-per-il-cittadino-italiano\/passaporti-e-carte-didentita\/atto-di-assenso\/\">\u00a0Atto di Assenso<\/a><\/p>\n<p style=\"text-align: justify;\">In caso di\u00a0<strong>furto o di smarrimento del passaporto<\/strong>, gli interessati devono prenotare l\u2019appuntamento attraverso il servizio\u00a0<a href=\"https:\/\/prenotami.esteri.it\/\">Prenot@mi<\/a>\u00a0e presentare la denuncia di furto resa davanti alle Autorit\u00e0 di Polizia del luogo, in cui sia indicato l\u2019Ente che aveva emesso il documento e, se possibile, il numero e la data di rilascio del medesimo.<\/p>\n<p style=\"text-align: justify;\">Se il passaporto o altri documenti di riconoscimento italiani appartenevano ad un minore, la denuncia deve essere presentata dai genitori presso la Cancelleria Consolare il giorno dell\u2019appuntamento (o da chi esercita la patria potest\u00e0). \u00c8 fondamentale indicare il numero del passaporto al quale si riferisce la denuncia.<\/p>\n<p style=\"text-align: justify;\"><strong>Ritiro passaporto<\/strong><\/p>\n<p style=\"text-align: justify;\">Si informano i connazionali residenti nella circoscrizione consolare di Panama (<em>competente per le isole Antigua e Barbuda, Barbados, Dominica, Grenada, Guyana, Saint Kitts e Nevis, Saint Lucia, Saint Vincent e Grenadine, Trinidad e Tobago<\/em>) che\u00a0<strong>a partire del 30 maggio 2023<\/strong>\u00a0Il servizio di ritiro di passaporto verr\u00e0 effettuato presso lo sportello di questa cancelleria consolare\u00a0<strong>SOLO<\/strong>\u00a0i venerd\u00ec di ogni settimana nel seguente orario\u00a0<strong>dalle 9:00 \u2013 12:30.<\/strong>\u00a0Ricordiamo all\u2019utenza di portare i seguenti documenti per il ritiro del proprio passaporto:<\/p>\n<ul style=\"text-align: justify;\">\n<li><strong>passaporto precedente<\/strong> (per effettuare l\u2019annullamento, se \u00e8 il caso) e ricevuta del rilascio\/rinnovo del proprio passaporto.<\/li>\n<li>Nel caso in cui il passaporto siano ritirati da una terza persona, la stessa deve portare \u201c<strong>La Delega<\/strong>\u201d notariata \u00e8 in originale nella quale l\u2019interessato indica: i propri dati anagrafici, quelli della persona delegata ed esattamente il servizio richiesto con copia del documento d\u2019identit\u00e0 della persona delegata, passaporto precedente (per effettuare l\u2019annullamento, se \u00e8 il caso) e ricevuta del rilascio\/rinnovo del proprio passaporto.<\/li>\n<\/ul>\n<p style=\"text-align: justify;\">Si segnala che quando sopra stabilito \u00e8 passabile di modifica per futuri\u00a0<strong>venerd\u00ec<\/strong>, in base alle esigenze della cancelleria consolare. Di tali modifiche si dar\u00e0 comunque tempestiva informazione all\u2019utenza.<\/p>\n<p style=\"text-align: justify;\"><strong>Con l\u2019occasione si ricorda che l\u2019Ambasciata non si avvale di collaboratori esterni, agenzie o intermediari per la gestione delle pratiche consolari.<\/strong><\/p>\n<p style=\"text-align: justify;\">\n","protected":false},"excerpt":{"rendered":"Si avvisano i cittadini italiani residenti presso i\u00a0Paesi di accreditamento\u00a0secondario che debbano recarsi a Panama per usufruire dei servizi consolari erogati da questa Ambasciata d\u2019Italia, che, in base alla normativa locale, per poter entrare a Panama \u00e8 necessario che il passaporto straniero abbia una validit\u00e0 di\u00a0tre mesi oltre la durata del viaggio previsto. Passaporto per [&hellip;]","protected":false},"author":4,"featured_media":0,"parent":49,"menu_order":2,"comment_status":"closed","ping_status":"closed","template":"","meta":{"footnotes":""},"class_list":["post-5707","page","type-page","status-publish","hentry"],"_links":{"self":[{"href":"https:\/\/ambpanama.esteri.it\/it\/wp-json\/wp\/v2\/pages\/5707","targetHints":{"allow":["GET"]}}],"collection":[{"href":"https:\/\/ambpanama.esteri.it\/it\/wp-json\/wp\/v2\/pages"}],"about":[{"href":"https:\/\/ambpanama.esteri.it\/it\/wp-json\/wp\/v2\/types\/page"}],"author":[{"embeddable":true,"href":"https:\/\/ambpanama.esteri.it\/it\/wp-json\/wp\/v2\/users\/4"}],"replies":[{"embeddable":true,"href":"https:\/\/ambpanama.esteri.it\/it\/wp-json\/wp\/v2\/comments?post=5707"}],"version-history":[{"count":6,"href":"https:\/\/ambpanama.esteri.it\/it\/wp-json\/wp\/v2\/pages\/5707\/revisions"}],"predecessor-version":[{"id":8240,"href":"https:\/\/ambpanama.esteri.it\/it\/wp-json\/wp\/v2\/pages\/5707\/revisions\/8240"}],"up":[{"embeddable":true,"href":"https:\/\/ambpanama.esteri.it\/it\/wp-json\/wp\/v2\/pages\/49"}],"wp:attachment":[{"href":"https:\/\/ambpanama.esteri.it\/it\/wp-json\/wp\/v2\/media?parent=5707"}],"curies":[{"name":"wp","href":"https:\/\/api.w.org\/{rel}","templated":true}]}}