{"id":593,"date":"2023-11-07T10:27:32","date_gmt":"2023-11-07T15:27:32","guid":{"rendered":"https:\/\/ambpanama.esteri.it\/?page_id=593"},"modified":"2024-11-25T13:54:45","modified_gmt":"2024-11-25T18:54:45","slug":"saint-lucia","status":"publish","type":"page","link":"https:\/\/ambpanama.esteri.it\/it\/chi-siamo\/la-sede\/sedi-accreditate\/saint-lucia\/","title":{"rendered":"Saint Lucia"},"content":{"rendered":"<p>Si riportano di seguito i principali dati relativi al Paese e i contatti del Vice Console Onorario in loco.<\/p>\n<p>Per maggiori e pi\u00f9 dettagliate informazioni si invitano i connazionali a visitare il sito\u00a0<a href=\"http:\/\/www.viaggiaresicuri.it\/country\/ATG\">Viaggiare Sicuri<\/a>\u00a0e i link riportati in questa pagina.<\/p>\n<p>Si invitano i connazionali intenzionati a recarsi nel Paese a registrarsi sul sito\u00a0<a href=\"https:\/\/www.dovesiamonelmondo.it\/home.html\">Dove Siamo nel Mondo<\/a>.<\/p>\n<p><strong>DATI PAESE<\/strong><\/p>\n<p>Capitale: Castries<br \/>\nPopolazione: 164.464 abitanti<br \/>\nSuperficie: 616 km2<br \/>\nFuso orario: -5 ore rispetto all\u2019Italia; -6 quando in Italia vige l\u2019ora legale.<br \/>\nLingue: inglese (lingua ufficiale); patois francese<br \/>\nMoneta: Dollaro dei Caraibi Orientali (ECD).<br \/>\nPrefisso dall\u2019Italia: 001-758.<br \/>\nPrefisso per l\u2019Italia: 0011-39<br \/>\nClima: clima tropicale mitigato dagli Alisei provenienti da nord-est. Tendenzialmente la stagione delle piogge si estende da maggio ad agosto, la stagione secca da gennaio ad aprile, la probabilit\u00e0 di uragani \u00e8 pi\u00f9 elevata da giugno a novembre.<\/p>\n<p><strong>VICE CONSOLATO ONORARIO<\/strong><\/p>\n<p>Corrispondente Consolare : Sig.ra Maria Piccinin Thonr<\/p>\n<p>Indirizzo: Spice Travel Ltd., Casa Lucia, Beausejour Road, Gros Islet<br \/>\nP.o. GM 848, Castries<br \/>\nTel 001-758-452.08.65 e\u00a0001-758-452.08.69<br \/>\nE-mail\u00a0<a href=\"mailto:casalucia@candw.lc\">casalucia@candw.lc<\/a><\/p>\n<blockquote><p><strong>NOTA:<\/strong> Si avvisano i cittadini italiani residenti presso i <strong>Paesi di accreditamento<\/strong> secondario che debbano recarsi a Panama per usufruire dei servizi consolari erogati da questa Ambasciata d\u2019Italia, che, in base alla normativa locale, per poter entrare a Panama \u00e8 necessario che il passaporto straniero abbia una validit\u00e0 di<strong> tre mesi oltre la durata del viaggio previsto.<\/strong><\/p><\/blockquote>\n<p><strong>Siti utili<\/strong><\/p>\n<ul>\n<li><a href=\"http:\/\/www.acs-aec.org\/\">Associazione Stati Caraibici<\/a><\/li>\n<li><a href=\"https:\/\/caricom.org\/\">Comunit\u00e0 Caraibica<\/a><\/li>\n<\/ul>\n","protected":false},"excerpt":{"rendered":"Si riportano di seguito i principali dati relativi al Paese e i contatti del Vice Console Onorario in loco. Per maggiori e pi\u00f9 dettagliate informazioni si invitano i connazionali a visitare il sito\u00a0Viaggiare Sicuri\u00a0e i link riportati in questa pagina. Si invitano i connazionali intenzionati a recarsi nel Paese a registrarsi sul sito\u00a0Dove Siamo nel [&hellip;]","protected":false},"author":4,"featured_media":0,"parent":562,"menu_order":5,"comment_status":"closed","ping_status":"closed","template":"","meta":{"footnotes":""},"class_list":["post-593","page","type-page","status-publish","hentry"],"_links":{"self":[{"href":"https:\/\/ambpanama.esteri.it\/it\/wp-json\/wp\/v2\/pages\/593","targetHints":{"allow":["GET"]}}],"collection":[{"href":"https:\/\/ambpanama.esteri.it\/it\/wp-json\/wp\/v2\/pages"}],"about":[{"href":"https:\/\/ambpanama.esteri.it\/it\/wp-json\/wp\/v2\/types\/page"}],"author":[{"embeddable":true,"href":"https:\/\/ambpanama.esteri.it\/it\/wp-json\/wp\/v2\/users\/4"}],"replies":[{"embeddable":true,"href":"https:\/\/ambpanama.esteri.it\/it\/wp-json\/wp\/v2\/comments?post=593"}],"version-history":[{"count":5,"href":"https:\/\/ambpanama.esteri.it\/it\/wp-json\/wp\/v2\/pages\/593\/revisions"}],"predecessor-version":[{"id":6818,"href":"https:\/\/ambpanama.esteri.it\/it\/wp-json\/wp\/v2\/pages\/593\/revisions\/6818"}],"up":[{"embeddable":true,"href":"https:\/\/ambpanama.esteri.it\/it\/wp-json\/wp\/v2\/pages\/562"}],"wp:attachment":[{"href":"https:\/\/ambpanama.esteri.it\/it\/wp-json\/wp\/v2\/media?parent=593"}],"curies":[{"name":"wp","href":"https:\/\/api.w.org\/{rel}","templated":true}]}}