{"id":636,"date":"2023-11-07T11:09:43","date_gmt":"2023-11-07T16:09:43","guid":{"rendered":"https:\/\/ambpanama.esteri.it\/?page_id=636"},"modified":"2024-09-17T10:33:50","modified_gmt":"2024-09-17T15:33:50","slug":"apostille","status":"publish","type":"page","link":"https:\/\/ambpanama.esteri.it\/it\/servizi-consolari-e-visti\/servizi-per-il-cittadino-italiano\/servizi-notarili\/apostille\/","title":{"rendered":"Apostille"},"content":{"rendered":"<p style=\"text-align: justify;\">Nei Paesi che come Italia e Panama hanno sottoscritto la Convenzione dell\u2019Aia del 5 ottobre 1961 relativa all\u2019abolizione della legalizzazione di atti pubblici stranieri, la necessit\u00e0 di legalizzare gli atti e i documenti rilasciati da autorit\u00e0 straniere \u00e8 sostituita da un\u2019altra formalit\u00e0: l\u2019apposizione della \u201cpostilla\u201d (o apostille).<\/p>\n<p style=\"text-align: justify;\">Pertanto, una persona proveniente da un Paese che ha aderito a questa Convenzione non ha bisogno di recarsi presso la Rappresentanza consolare e chiedere la legalizzazione, ma pu\u00f2 recarsi presso la competente autorit\u00e0 interna designata da ciascuno Stato \u2013 e indicata per ciascun Paese nell\u2019atto di adesione alla Convenzione stessa (normalmente si tratta del Ministero degli Esteri) \u2013 per ottenere l\u2019apposizione dell\u2019apostille sul documento. Al termine del processo, il documento deve essere tradotto da un traduttore ufficiale e successivamente apostillata la firma del traduttore, cos\u00ec perfezionato, il documento viene riconosciuto in Italia.<\/p>\n<p style=\"text-align: justify;\">L\u2019elenco delle autorit\u00e0 competenti all\u2019apposizione dell\u2019apostille per ciascuno dei sopra indicati Stati \u00e8 disponibile sul sito della Conferenza de l\u2019Aja di diritto internazionale privato:\u00a0<a href=\"http:\/\/www.hcch.net\/\">http:\/\/www.hcch.net\/<\/a>.<\/p>\n<p style=\"text-align: justify;\">\n<p style=\"text-align: justify;\"><strong>La Apostille dell&#8217;Aja viene apposta dallo Stato che ha rilasciato il documento:<\/strong><\/p>\n<ol style=\"text-align: justify;\">\n<li>In Panama presso la\u00a0<a href=\"https:\/\/mire.gob.pa\/\">Ministero degli Affari Esteri della Repubblica di Panama<\/a>.<\/li>\n<li>In Italia: per gli atti notarili, giudiziari e dello stato civile rivolgersi agli Uffici Giudiziari nella cui giurisdizione sono stati formati gli atti da legalizzare; per gli altri atti amministrativi (per es. la firma del Sindaco) rivolgersi al Prefetto territorialmente competente, eccetto per la Valle d\u2019Aosta (Presidente della Regione) e per le province di Trento e Bolzano (Commissario di Governo).<\/li>\n<\/ol>\n<p style=\"text-align: justify;\"><strong>Non \u00e8 necessario tradurre la Apostille apposta ad un documento da far valere in Italia.<\/strong><\/p>\n","protected":false},"excerpt":{"rendered":"Nei Paesi che come Italia e Panama hanno sottoscritto la Convenzione dell\u2019Aia del 5 ottobre 1961 relativa all\u2019abolizione della legalizzazione di atti pubblici stranieri, la necessit\u00e0 di legalizzare gli atti e i documenti rilasciati da autorit\u00e0 straniere \u00e8 sostituita da un\u2019altra formalit\u00e0: l\u2019apposizione della \u201cpostilla\u201d (o apostille). Pertanto, una persona proveniente da un Paese che [&hellip;]","protected":false},"author":4,"featured_media":0,"parent":71,"menu_order":0,"comment_status":"closed","ping_status":"closed","template":"","meta":{"footnotes":""},"class_list":["post-636","page","type-page","status-publish","hentry"],"_links":{"self":[{"href":"https:\/\/ambpanama.esteri.it\/it\/wp-json\/wp\/v2\/pages\/636","targetHints":{"allow":["GET"]}}],"collection":[{"href":"https:\/\/ambpanama.esteri.it\/it\/wp-json\/wp\/v2\/pages"}],"about":[{"href":"https:\/\/ambpanama.esteri.it\/it\/wp-json\/wp\/v2\/types\/page"}],"author":[{"embeddable":true,"href":"https:\/\/ambpanama.esteri.it\/it\/wp-json\/wp\/v2\/users\/4"}],"replies":[{"embeddable":true,"href":"https:\/\/ambpanama.esteri.it\/it\/wp-json\/wp\/v2\/comments?post=636"}],"version-history":[{"count":4,"href":"https:\/\/ambpanama.esteri.it\/it\/wp-json\/wp\/v2\/pages\/636\/revisions"}],"predecessor-version":[{"id":6089,"href":"https:\/\/ambpanama.esteri.it\/it\/wp-json\/wp\/v2\/pages\/636\/revisions\/6089"}],"up":[{"embeddable":true,"href":"https:\/\/ambpanama.esteri.it\/it\/wp-json\/wp\/v2\/pages\/71"}],"wp:attachment":[{"href":"https:\/\/ambpanama.esteri.it\/it\/wp-json\/wp\/v2\/media?parent=636"}],"curies":[{"name":"wp","href":"https:\/\/api.w.org\/{rel}","templated":true}]}}