{"id":645,"date":"2023-11-07T11:16:21","date_gmt":"2023-11-07T16:16:21","guid":{"rendered":"https:\/\/ambpanama.esteri.it\/?page_id=645"},"modified":"2024-09-17T10:34:56","modified_gmt":"2024-09-17T15:34:56","slug":"attivita-di-autenticazione","status":"publish","type":"page","link":"https:\/\/ambpanama.esteri.it\/it\/servizi-consolari-e-visti\/servizi-per-il-cittadino-italiano\/servizi-notarili\/attivita-di-autenticazione\/","title":{"rendered":"Attivit\u00e0 di autenticazione"},"content":{"rendered":"<p style=\"text-align: justify;\">Trattasi in particolare di:<\/p>\n<p style=\"text-align: justify;\"><strong>Autentica di firma:<\/strong>\u00a0L&#8217;autentica notarile di firma (ex art. 1 Legge Notarile) pu\u00f2 essere effettuata, ai sensi dell\u2019art. 28 del D. Lgs. n. 71\/2011, solo a favore di cittadini italiani. La nozione generale di sottoscrizione autenticata \u00e8 data dall\u2019art. 2703, comma 2, del codice civile: \u201cl\u2019autenticazione consiste nell\u2019attestazione da parte del pubblico ufficiale che la sottoscrizione \u00e8 stata apposta in sua presenza. Il pubblico ufficiale deve previamente accertare l\u2019identit\u00e0 della persona che sottoscrive\u201d. Ai sensi dell\u2019art. 2702 c.c., l\u2019autentica di firma non conferisce alcun carattere di autenticit\u00e0 alla sostanza dell\u2019atto, ma fa prova, fino a querela di falso, della sua provenienza.<\/p>\n<p style=\"text-align: justify;\">Per procedere all&#8217;autenticazione della firma, \u00e8 necessario presentarsi personalmente presso l\u2019Ufficio Notarile, previo appuntamento richiesto via mail\u00a0<a href=\"mailto:consolare.panama@esteri.it\">consolare.panama@esteri.it<\/a>\u00a0indicando nell\u2019oggetto &#8220;<strong>RICHIESTA DI AUTENTICAZIONE DI FIRMA<\/strong>&#8221; con un documento di riconoscimento italiano ed il proprio codice fiscale; Costo dell&#8217;autenticazione di firma: art. 26 della tabella dei <a href=\"https:\/\/ambpanama.esteri.it\/it\/servizi-consolari-e-visti\/servizi-per-il-cittadino-italiano\/diritti-consolari\/\">diritti consolari<\/a>.<\/p>\n<p style=\"text-align: justify;\"><strong>AUTENTICAZIONE AMMINISTRATIVA DI FIRMA:<\/strong><\/p>\n<p style=\"text-align: justify;\">Il D.P.R. 28 dicembre 2000, n. 445 dispone che, per i cittadini italiani o dell\u2019Unione Europea e gli stranieri regolarmente soggiornanti in Italia (art. 3), la sottoscrizione di domande o di dichiarazioni da presentare alla Pubblica Amministrazione o ai gestori di pubblici servizi non deve pi\u00f9 essere autenticata, ma \u00e8 sufficiente allegarvi copia di un valido documento di identit\u00e0 del sottoscrittore. L\u2019autentica rimane invece necessaria, anche per gli stessi soggetti ex art. 3 sopracitato, in caso di istanza presentata a privati ovvero a fini di riscossione di benefici economici da parte di terzi (ad esempio, in caso di deleghe per ritiro di pensioni, passaggi di propriet\u00e0 di veicoli, apertura di un conto in banca, ecc.). Per gli stranieri non regolarmente soggiornanti in Italia e non cittadini dell\u2019Unione Europea, l\u2019autentica amministrativa \u00e8 sempre necessaria.<\/p>\n<p style=\"text-align: justify;\">Differenze tra autenticazione notarile e autenticazione amministrativa.<\/p>\n<ul style=\"text-align: justify;\">\n<li>L\u2019autenticazione amministrativa si caratterizza per la pluralit\u00e0 dei soggetti legittimati all\u2019autenticazione (indicati all\u2019art. 21 D.P.R. 445\/2000: notaio, cancelliere, segretario comunale, dipendente addetto a ricevere la documentazione o altro dipendente incaricato dal Sindaco), che costituisce un\u2019eccezione al principio generale della competenza notarile.<\/li>\n<li>L\u2019autentica amministrativa si limita a documentare una situazione giuridica o fattuale, senza costituirla o modificarla, a riprodurre informazioni desunte da altri atti gi\u00e0 documentati e non ha distinta ed autonoma efficacia giuridica.<\/li>\n<li>Nell&#8217;autentica notarile, inoltre, il funzionario non si limita ad attestare che la firma sul documento \u00e8 stata apposta in sua presenza, ma controlla che il contenuto dell&#8217;atto sia conforme alla legge, all&#8217;ordine pubblico e al buon costume.<\/li>\n<\/ul>\n<p style=\"text-align: justify;\"><strong>Autentica di fotografia:<\/strong>\u00a0Consiste nell&#8217;attestazione che un&#8217;immagine fotografica corrisponde alla persona dell&#8217;interessato.<\/p>\n<p style=\"text-align: justify;\">Il richiedente dovr\u00e0 presentarsi presso l\u2019ufficio consolare previo appuntamento richiesto alla seguente mail\u00a0<a href=\"mailto:consolare.panama@esteri.it\">consolare.panama@esteri.it<\/a>\u00a0indicando nell\u2019oggetto &#8220;<strong>RICHIESTA DI AUTENTICAZIONE DI FOTOGRAFIA<\/strong>&#8221; &#8211; munito di un valido documento di riconoscimento e del documento o della fotografia da autenticare. L\u2019attivit\u00e0 di autenticazione \u00e8 soggetta al pagamento dei diritti di cui alla Tariffa consolare attualmente vigente.<\/p>\n<p style=\"text-align: justify;\"><strong>Costo<\/strong>: dell&#8217;autenticazione di fotografia: art.\u00a0<strong>26<\/strong>\u00a0della tabella dei <a href=\"https:\/\/ambpanama.esteri.it\/it\/servizi-consolari-e-visti\/servizi-per-il-cittadino-italiano\/diritti-consolari\/\">diritti consolari<\/a>.<\/p>\n","protected":false},"excerpt":{"rendered":"Trattasi in particolare di: Autentica di firma:\u00a0L&#8217;autentica notarile di firma (ex art. 1 Legge Notarile) pu\u00f2 essere effettuata, ai sensi dell\u2019art. 28 del D. Lgs. n. 71\/2011, solo a favore di cittadini italiani. La nozione generale di sottoscrizione autenticata \u00e8 data dall\u2019art. 2703, comma 2, del codice civile: \u201cl\u2019autenticazione consiste nell\u2019attestazione da parte del pubblico [&hellip;]","protected":false},"author":4,"featured_media":0,"parent":71,"menu_order":4,"comment_status":"closed","ping_status":"closed","template":"","meta":{"footnotes":""},"class_list":["post-645","page","type-page","status-publish","hentry"],"_links":{"self":[{"href":"https:\/\/ambpanama.esteri.it\/it\/wp-json\/wp\/v2\/pages\/645","targetHints":{"allow":["GET"]}}],"collection":[{"href":"https:\/\/ambpanama.esteri.it\/it\/wp-json\/wp\/v2\/pages"}],"about":[{"href":"https:\/\/ambpanama.esteri.it\/it\/wp-json\/wp\/v2\/types\/page"}],"author":[{"embeddable":true,"href":"https:\/\/ambpanama.esteri.it\/it\/wp-json\/wp\/v2\/users\/4"}],"replies":[{"embeddable":true,"href":"https:\/\/ambpanama.esteri.it\/it\/wp-json\/wp\/v2\/comments?post=645"}],"version-history":[{"count":4,"href":"https:\/\/ambpanama.esteri.it\/it\/wp-json\/wp\/v2\/pages\/645\/revisions"}],"predecessor-version":[{"id":6097,"href":"https:\/\/ambpanama.esteri.it\/it\/wp-json\/wp\/v2\/pages\/645\/revisions\/6097"}],"up":[{"embeddable":true,"href":"https:\/\/ambpanama.esteri.it\/it\/wp-json\/wp\/v2\/pages\/71"}],"wp:attachment":[{"href":"https:\/\/ambpanama.esteri.it\/it\/wp-json\/wp\/v2\/media?parent=645"}],"curies":[{"name":"wp","href":"https:\/\/api.w.org\/{rel}","templated":true}]}}