{"id":67,"date":"2023-04-11T18:17:44","date_gmt":"2023-04-11T16:17:44","guid":{"rendered":"https:\/\/ambasciatapraga.esteri.it\/?page_id=67"},"modified":"2024-09-17T10:29:11","modified_gmt":"2024-09-17T15:29:11","slug":"emergency-travel-documents-etd","status":"publish","type":"page","link":"https:\/\/ambpanama.esteri.it\/it\/servizi-consolari-e-visti\/servizi-per-il-cittadino-italiano\/emergency-travel-documents-etd\/","title":{"rendered":"Emergency Travel Documents (ETD)"},"content":{"rendered":"<p style=\"text-align: justify;\">Se ci si trova in una situazione di emergenza (ad esempio, da turisti in transito si deve ripartire e si ha smarrito o si \u00e8 stati derubati del proprio passaporto) e non si ha modo o tempo di richiedere l\u2019emissione di un nuovo passaporto, l\u2019Ambasciata pu\u00f2 rilasciare un documento provvisorio di viaggio chiamato<strong> E.T.D. (Emergency Travel Documents)<\/strong><\/p>\n<ul style=\"text-align: justify;\">\n<li>Il documento non \u00e8 valido per un viaggio con destinazione o scalo negli Stati Uniti d&#8217;America.<\/li>\n<li>\u00c8 un documento che vale solo per il viaggio di rientro in Italia (o nel Paese dove si risiede stabilmente).<\/li>\n<\/ul>\n<p style=\"text-align: justify;\"><strong>Dove presentarsi per ottenere il ETD?<\/strong><\/p>\n<ul style=\"text-align: justify;\">\n<li>presentandosi il cittadino italiano presso l&#8217;Ambasciata d&#8217;Italia nella fasce oraria di apertura al pubblico, in altre istanze l&#8217;interessato potr\u00e0 eventualmente contattarci al seguente recapito telefonico <strong>(+507) 6942 7852,<\/strong> Il cellulare,<strong> ESCLUSIVAMENTE<\/strong> per emergenze, \u00e8 attivo da luned\u00ec a venerd\u00ec dalle 15.30 alle 22.00, sabato e domenica dalle 08.00 alle 22.00<strong>.<\/strong><\/li>\n<\/ul>\n<p style=\"text-align: justify;\"><strong>Il richiedente deve presentarsi in Ambasciata a Panama presentando la seguente documentazione:<\/strong><\/p>\n<ol style=\"text-align: justify;\">\n<li>denuncia di smarrimento o furto del passaporto o di altro documento di viaggio fatta precedentemente presso le autorit\u00e0 locali, resa al Consolato ai sensi degli articoli 46 e 47 e con le avvertenze di cui all&#8217;art. 76 del D.P.R. 445\/2000;<\/li>\n<li>N.2 fotografie (uguali, frontali, a colori, sfondo bianco, formato 3,5 cm x 4 cm);<\/li>\n<li>titolo di viaggio;<\/li>\n<li>pagamento in dollari del costo del documento (attualmente pari a \u20ac 1,55 ma \u00e8 importante consultare le\u00a0<a href=\"https:\/\/ambpanama.esteri.it\/it\/servizi-consolari-e-visti\/servizi-per-il-cittadino-italiano\/diritti-consolari\/\">tariffe consolari<\/a>\u00a0che cambiano trimestralmente) e delle eventuali spese di spedizione qualora l&#8217;interessato non possa recarsi personalmente a ritirare il documento.<\/li>\n<li>formulario di richiesta di ETD:<\/li>\n<\/ol>\n<ul style=\"text-align: justify;\">\n<li><a href=\"https:\/\/ambpanama.esteri.it\/wp-content\/uploads\/2024\/06\/Richiesta-ETD-maggiorenni.pdf\">formulario di richiesta ETD per maggiorenni<\/a><\/li>\n<li><a href=\"https:\/\/ambpanama.esteri.it\/wp-content\/uploads\/2024\/06\/Richiesta-ETD-minorenni.pdf\">formulario di richiesta ETD per minorenni<\/a><\/li>\n<\/ul>\n<p style=\"text-align: justify;\"><strong>N.B:<\/strong>\u00a0Nei giorni prefestivi e festivi questa forma di assistenza potrebbe essere preclusa a causa della chiusura degli Uffici stessi e differita &#8211; tranne che in situazioni di comprovata emergenza &#8211; al primo giorno lavorativo utile.<\/p>\n<p style=\"text-align: justify;\">I Consolati onorari non sono abilitati al rilascio\u00a0<strong>dell\u2019ETD<\/strong>, ma si limitano alla trasmissione delle domande all&#8217;Ambasciata d&#8217;Italia in Panama e a ricevere il documento una volta predisposto. Le spese di spedizione della documentazione e d&#8217;invio\u00a0<strong>dell&#8217;ETD<\/strong>\u00a0personalizzato da parte dell&#8217;Ufficio consolare sono a carico del richiedente.<\/p>\n","protected":false},"excerpt":{"rendered":"Se ci si trova in una situazione di emergenza (ad esempio, da turisti in transito si deve ripartire e si ha smarrito o si \u00e8 stati derubati del proprio passaporto) e non si ha modo o tempo di richiedere l\u2019emissione di un nuovo passaporto, l\u2019Ambasciata pu\u00f2 rilasciare un documento provvisorio di viaggio chiamato E.T.D. (Emergency [&hellip;]","protected":false},"author":1,"featured_media":0,"parent":47,"menu_order":2,"comment_status":"closed","ping_status":"closed","template":"","meta":{"footnotes":""},"class_list":["post-67","page","type-page","status-publish","hentry"],"_links":{"self":[{"href":"https:\/\/ambpanama.esteri.it\/it\/wp-json\/wp\/v2\/pages\/67","targetHints":{"allow":["GET"]}}],"collection":[{"href":"https:\/\/ambpanama.esteri.it\/it\/wp-json\/wp\/v2\/pages"}],"about":[{"href":"https:\/\/ambpanama.esteri.it\/it\/wp-json\/wp\/v2\/types\/page"}],"author":[{"embeddable":true,"href":"https:\/\/ambpanama.esteri.it\/it\/wp-json\/wp\/v2\/users\/1"}],"replies":[{"embeddable":true,"href":"https:\/\/ambpanama.esteri.it\/it\/wp-json\/wp\/v2\/comments?post=67"}],"version-history":[{"count":6,"href":"https:\/\/ambpanama.esteri.it\/it\/wp-json\/wp\/v2\/pages\/67\/revisions"}],"predecessor-version":[{"id":6062,"href":"https:\/\/ambpanama.esteri.it\/it\/wp-json\/wp\/v2\/pages\/67\/revisions\/6062"}],"up":[{"embeddable":true,"href":"https:\/\/ambpanama.esteri.it\/it\/wp-json\/wp\/v2\/pages\/47"}],"wp:attachment":[{"href":"https:\/\/ambpanama.esteri.it\/it\/wp-json\/wp\/v2\/media?parent=67"}],"curies":[{"name":"wp","href":"https:\/\/api.w.org\/{rel}","templated":true}]}}