{"id":670,"date":"2023-11-07T11:29:02","date_gmt":"2023-11-07T16:29:02","guid":{"rendered":"https:\/\/ambpanama.esteri.it\/?page_id=670"},"modified":"2024-09-17T10:54:27","modified_gmt":"2024-09-17T15:54:27","slug":"scuole","status":"publish","type":"page","link":"https:\/\/ambpanama.esteri.it\/it\/italia-e-panama\/diplomazia-culturale\/studiare-in-italia\/scuole\/","title":{"rendered":"Scuole"},"content":{"rendered":"<p style=\"text-align: justify;\">Un elenco completo di\u00a0<a href=\"http:\/\/www.istruzione.it\/anagrafica_scuole\/statali.shtml\" target=\"_blank\" rel=\"noopener\"><strong>Scuole Elementari, Medie e dei Licei Italiani<\/strong>\u00a0<strong>statali<\/strong>\u00a0<\/a>\u00e8 costantemente aggiornato dal Ministero dell\u2019Istruzione, dell\u2019Universit\u00e0 e della Ricerca.<\/p>\n<p style=\"text-align: justify;\">Un elenco completo di\u00a0<a href=\"http:\/\/www.istruzione.it\/anagrafica_scuole\/nonstatali.shtml\" target=\"_blank\" rel=\"noopener\"><strong>Scuole Elementari, Scuole Medie e dei Licei Italiani<\/strong>\u00a0<strong>non<\/strong>\u00a0<strong>statali<\/strong>\u00a0<\/a>\u00e8 consultabile nel sito ufficiale del MIUR.<\/p>\n<p style=\"text-align: justify;\"><strong>Il sistema di formazione italiano<\/strong><\/p>\n<p style=\"text-align: justify;\">Il Governo italiano, da diversi anni, si \u00e8 posto l\u2019obiettivo di internazionalizzare il proprio sistema formativo e accademico, per attrarre in Italia un sempre maggior numero di studenti da tutto il mondo.<\/p>\n<p style=\"text-align: justify;\">D\u2019altronde, l\u2019Italia \u00e8 una destinazione di eccellenza per chi vuole proseguire i propri studi in diversi settori, da quelli tradizionali come<br \/>\nquelli relativi ad arte e beni culturali, design o moda, sino a quelli scientifici e legati all\u2019innovazione tecnologica.<\/p>\n<p style=\"text-align: justify;\">Per quanto riguarda il solo settore universitario, gli studenti stranieri in Italia sono una fetta sempre pi\u00f9 importante della popolazione scolastica nazionale. A partire dagli anni Ottanta, quando gli studenti con cittadinanza non italiana erano poche migliaia (0,06% del totale nell\u2019anno 1983-1984) c\u2019\u00e8 stata una costante crescita, sia in termini di valore assoluto che percentuale. Ad oggi, la percentuale di studenti stranieri nelle universit\u00e1 italiane \u00e9 pari al 5% circa del totale degli iscritti.<\/p>\n<p style=\"text-align: justify;\">Inoltre, \u00e8 in forte e costante crescita l\u2019interesse per apprendere la nostra lingua. Sempre pi\u00f9 persone decidono di imparare l\u2019italiano, che da alcuni anni \u00e8 diventata la quarta lingua pi\u00f9 studiata al mondo, prescelta non solo da chi ha origini italiane ma anche ai fini del<br \/>\nproprio sviluppo professionale in una gamma di settori che vanno dalla moda al design, dall\u2019enogastronomia all\u2019arte sino alla musica classica e operistica.<\/p>\n<p style=\"text-align: justify;\">Il sistema educativo italiano \u00e8 organizzato come segue:<\/p>\n<ul style=\"text-align: justify;\">\n<li><a href=\"https:\/\/www.miur.gov.it\/web\/guest\/scuola-dell-infanzia\"><strong>scuola dell&#8217;infanzia<\/strong><\/a>, non obbligatoria, per le bambine e i bambini da 3 a 6 anni;<\/li>\n<li><strong>primo ciclo di istruzione<\/strong>, della durata complessiva di 8 anni, articolato ins\n<ul>\n<li><a href=\"https:\/\/www.miur.gov.it\/web\/guest\/scuola-primaria\">scuola primaria<\/a>, di durata quinquennale, per le alunne e gli alunni da 6 a 11 anni;<\/li>\n<li><a href=\"https:\/\/www.miur.gov.it\/web\/guest\/scuola-secondaria-di-primo-grado\">scuola secondaria di primo grado<\/a>, di durata triennale, per le alunne e gli alunni da 11 a 14 anni;<\/li>\n<\/ul>\n<\/li>\n<li><strong>secondo ciclo di istruzione<\/strong>\u00a0articolato in due tipologie di percorsi:\n<ul>\n<li><a href=\"https:\/\/www.miur.gov.it\/web\/guest\/scuola-secondaria-di-secondo-grado\">scuola secondaria di secondo grado<\/a>, di durata quinquennale, per le studentesse e gli studenti che hanno concluso positivamente il primo ciclo di istruzione. Le scuole organizzano percorsi di liceo, di istituti tecnici e di istituti professionali per le studentesse e gli studenti da 14 a 19 anni;<\/li>\n<\/ul>\n<\/li>\n<li>percorsi triennali e quadriennali di\u00a0<a href=\"https:\/\/www.miur.gov.it\/web\/guest\/percorsi-di-studio-e-formazione\">istruzione e formazione professionale<\/a>\u00a0(IeFP) di competenza regionale, rivolti sempre alle studentesse e agli studenti che hanno concluso positivamente il primo ciclo di istruzione.<\/li>\n<\/ul>\n<p style=\"text-align: justify;\"><strong>istruzione superiore offerta dalle Universit\u00e0, dalle istituzioni dell&#8217;Alta Formazione Artistica, Musicale e Coreutica (AFAM) e dagli istituti tecnici Superiori (ITS)<\/strong>\u00a0con diverse tipologie di percorsi:<\/p>\n<ul style=\"text-align: justify;\">\n<li>percorsi di istruzione terziaria offerti dalle Universit\u00e0;<\/li>\n<li>percorsi di istruzione terziaria offerti dalle istituzioni dell&#8217;AFAM (Alta Formazione Artistica, Musicale e Coreutica);<\/li>\n<li>percorsi di formazione terziaria professionalizzante offerti dagli ITS (Istituti Tecnici Superiori)<\/li>\n<\/ul>\n<p style=\"text-align: justify;\"><strong>Domande frequenti<\/strong><\/p>\n<p style=\"text-align: justify;\"><strong>Sono uno straniero non cittadino europeo. Voglio iscrivermi a una Universit\u00e0 italiana: dove trovo le informazioni e la lista dei documenti che mi servono?<\/strong><\/p>\n<p style=\"text-align: justify;\">Sul sito\u00a0<a href=\"https:\/\/www.studiare-in-italia.it\/studentistranieri\">https:\/\/www.studiare-in-italia.it\/studentistranieri<\/a>\u00a0\u00e8 disponibile, in versione italiana e inglese,\u00a0<strong>la circolare MIUR relativa alle procedure per l\u2019ingresso, il soggiorno, l\u2019immatricolazione degli studenti internazionali e il relativo riconoscimento dei titoli, per i corsi accademici della formazione superiore.\u00a0<\/strong>Il Ministero degli Affari Esteri ha approntato un<br \/>\nportale che illustra i vari passi della\u00a0<a href=\"https:\/\/studyinitaly.esteri.it\/it\/node\/2\">procedura per l\u2019iscrizione<\/a>, disponibile anche in\u00a0<a href=\"https:\/\/studyinitaly.esteri.it\/en\/node\/2\">lingua inglese<\/a>.<\/p>\n<p style=\"text-align: justify;\"><strong>Dove trovo l&#8217;elenco delle borse di studio per stranieri?<\/strong><\/p>\n<p style=\"text-align: justify;\">Ogni anno il Governo italiano mette a disposizione borse di studio a cittadini stranieri o italiani residenti all&#8217;estero per portare a termine studi formali e\/o per seguire programmi di studio o ricerca, bilaterali o multilaterali, in Italia. Per maggiori informazioni, \u00e8 possibile visitare\u00a0<a href=\"https:\/\/ambpanama.esteri.it\/ambasciata_panama\/it\/i_rapporti_bilaterali\/cooperazione%20culturale\/borsedistudio.html\">l\u2019apposita pagina sul nostro sito<\/a>.<\/p>\n<p style=\"text-align: justify;\"><strong>Ho fatto richiesta per il visto, posso gi\u00e0 iscrivermi all\u2019Universit\u00e0 di mia scelta?<\/strong><\/p>\n<p style=\"text-align: justify;\">Tutti gli studenti internazionali richiedenti visto possono gi\u00e0 effettuare le pre iscrizioni presso le Universit\u00e0 attraverso il portale\u00a0<a href=\"https:\/\/www.universitaly.it\/\">https:\/\/www.universitaly.it\/<\/a><\/p>\n<p style=\"text-align: justify;\">Per gli studenti internazionali richiedenti visto candidati all\u2019ammissione ai corsi delle Istituzioni dell\u2019Alta Formazione Artistica Musicale e Coreutica (AFAM) e delle Scuole Superiori di Mediazione Linguistica (SSML), sar\u00e0 possibile attivare la medesima procedura di iscrizione digitalizzata a partire dal 14 maggio 2021; entro tale data il MIUR fornir\u00e0 a tali categorie di istituzioni le necessarie istruzioni sull\u2019uso del portale Universitaly.<\/p>\n<p style=\"text-align: justify;\"><strong>Come inoltro la richiesta di visto di studio\/immatricolazione all\u2019Ambasciata d\u2019Italia?<\/strong><\/p>\n<p style=\"text-align: justify;\">Una volta completata la procedura di iscrizione digitalizzata ed avere ottenuto la validazione dall\u2019Universit\u00e0 sar\u00e0 possibile inoltrare la domanda di visto di studio\/immatricolazione all\u2019Ambasciata d\u2019Italia scrivendo una mail all&#8217;indirizzo\u00a0<a href=\"mailto:panama.visti@esteri.it\">panama.visti@esteri.it<\/a>.<\/p>\n<p style=\"text-align: justify;\"><strong>Che altri documenti mi servono per richiedere il visto di studio\/immatricolazione?<\/strong><\/p>\n<p style=\"text-align: justify;\">In aggiunta alla documentazione prevista per il rilascio di visto di studio, lo studente dovr\u00e0 presentare anche il riepilogo della domanda di preiscrizione generata dalla piattaforma, come validata dall\u2019Universit\u00e0, e i titoli di studio in originale, tradotti in italiano e legalizzati o la Dichiarazione di Valore, se richiesta dall\u2019Universit\u00e0. Nel caso in cui l\u2019Universit\u00e0 richieda la Dichiarazione di Valore, lo studente dovr\u00e0 farne richiesta all&#8217;Ambasciata prima di poter richiedere il visto, seguendo le modalit\u00e0 pubblicate sul nostro sito a questo\u00a0<a href=\"https:\/\/ambpanama.esteri.it\/ambasciata_panama\/it\/informazioni_e_servizi\/servizi_consolari\/studi\/dichiarazioni_di_valore\">link<\/a>.<\/p>\n<p style=\"text-align: justify;\">Si segnala inoltre che l\u2019Associazione Uni-Italia, d\u2019intesa con la Conferenza dei Rettori delle Universit\u00e0 Italiane (CRUI), ha reso disponibile per tutti gli studenti internazionali il sito web\u00a0<a href=\"https:\/\/uniitalia.studioware.it\/registration-form\">https:\/\/uniitalia.studioware.it\/registration-form<\/a>. La pagina \u00e8 concepita come strumento di supporto integrativo e consente agli studenti di registrarsi indicando l\u2019istituzione e il corso di loro interesse, al fine ricevere assistenza e informazioni utili nelle successive fasi di ingresso, immatricolazione e permanenza in Italia, cos\u00ec come di ricevere aggiornamenti periodici.<\/p>\n<p style=\"text-align: justify;\">Si ricorda inoltre di visitare il sito\u00a0<a href=\"https:\/\/studyinitaly.esteri.it\/en\/home_borse\">https:\/\/studyinitaly.esteri.it\/en\/home_borse<\/a>\u00a0per ulteriori informazioni sul sistema educativo, i corsi e le borse di studio offerte dalle universit\u00e0 italiane.<\/p>\n<p style=\"text-align: justify;\"><strong>Che disponibilit\u00e0 economiche devo dimostrare per ottenere un visto per studio?<\/strong><\/p>\n<p style=\"text-align: justify;\">Per l\u2019anno accademico 2021 \u2013 2022, chi richiede un visto per l\u2019immatricolazione in un\u2019Universit\u00e0 italiana (visto studio-Universit\u00e0), deve dimostrare una disponibilit\u00e0 minima annuale di \u20ac 5.983,64 (460,28 euro al mese per ogni mese di durata dell\u2019anno accademico). Tale cifra \u00e8 commisurata all\u2019importo per l\u2019anno del cosiddetto \u201cassegno sociale\u201d. Se il corso di studi si sviluppa su pi\u00f9 anni, \u00e8 sufficiente dimostrare le disponibilit\u00e0 per il primo anno.<\/p>\n<p style=\"text-align: justify;\"><strong>Sono stato ammesso ad un corso di laurea pluriennale, ma l\u2019Ambasciata mi ha rilasciato un visto per un anno. Come far\u00f2 per gli anni futuri? Dovr\u00f2 richiedere un nuovo visto?<\/strong><\/p>\n<p style=\"text-align: justify;\">Non sar\u00e0 necessario. Il visto costituisce il permesso di entrare in Italia la prima volta con la motivazione riportata sull\u2019etichetta visto (studio-Universit\u00e0, in questo caso). Entro 8 giorni dall\u2019ingresso in Italia, lo studente straniero deve presentare una richiesta di permesso di soggiorno all\u2019Ufficio Immigrazione della Questura competente per il Comune di residenza. Il permesso di soggiorno \u00e8 il titolo che legittima la presenza dello straniero in Italia. Deve essere rinnovato prima della sua scadenza.<\/p>\n<p style=\"text-align: justify;\"><strong>Mi sono diplomato\/laureato all&#8217;estero. Il mio titolo di studio \u00e8 riconosciuto in Italia?<\/strong><\/p>\n<p style=\"text-align: justify;\">I titoli di studio stranieri non sono automaticamente riconosciuti in Italia. Per informazioni su come ottenere il riconoscimento consultare il sito del\u00a0<a href=\"http:\/\/www.cimea.it\/\">CIMEA\u00a0<\/a>\u2013 Centro Informazioni sulla Mobilit\u00e0 e le Equivalenze Accademiche.<\/p>\n","protected":false},"excerpt":{"rendered":"Un elenco completo di\u00a0Scuole Elementari, Medie e dei Licei Italiani\u00a0statali\u00a0\u00e8 costantemente aggiornato dal Ministero dell\u2019Istruzione, dell\u2019Universit\u00e0 e della Ricerca. Un elenco completo di\u00a0Scuole Elementari, Scuole Medie e dei Licei Italiani\u00a0non\u00a0statali\u00a0\u00e8 consultabile nel sito ufficiale del MIUR. Il sistema di formazione italiano Il Governo italiano, da diversi anni, si \u00e8 posto l\u2019obiettivo di internazionalizzare il proprio [&hellip;]","protected":false},"author":4,"featured_media":0,"parent":99,"menu_order":0,"comment_status":"closed","ping_status":"closed","template":"","meta":{"footnotes":""},"class_list":["post-670","page","type-page","status-publish","hentry"],"_links":{"self":[{"href":"https:\/\/ambpanama.esteri.it\/it\/wp-json\/wp\/v2\/pages\/670","targetHints":{"allow":["GET"]}}],"collection":[{"href":"https:\/\/ambpanama.esteri.it\/it\/wp-json\/wp\/v2\/pages"}],"about":[{"href":"https:\/\/ambpanama.esteri.it\/it\/wp-json\/wp\/v2\/types\/page"}],"author":[{"embeddable":true,"href":"https:\/\/ambpanama.esteri.it\/it\/wp-json\/wp\/v2\/users\/4"}],"replies":[{"embeddable":true,"href":"https:\/\/ambpanama.esteri.it\/it\/wp-json\/wp\/v2\/comments?post=670"}],"version-history":[{"count":5,"href":"https:\/\/ambpanama.esteri.it\/it\/wp-json\/wp\/v2\/pages\/670\/revisions"}],"predecessor-version":[{"id":6175,"href":"https:\/\/ambpanama.esteri.it\/it\/wp-json\/wp\/v2\/pages\/670\/revisions\/6175"}],"up":[{"embeddable":true,"href":"https:\/\/ambpanama.esteri.it\/it\/wp-json\/wp\/v2\/pages\/99"}],"wp:attachment":[{"href":"https:\/\/ambpanama.esteri.it\/it\/wp-json\/wp\/v2\/media?parent=670"}],"curies":[{"name":"wp","href":"https:\/\/api.w.org\/{rel}","templated":true}]}}