{"id":675,"date":"2023-11-07T11:30:15","date_gmt":"2023-11-07T16:30:15","guid":{"rendered":"https:\/\/ambpanama.esteri.it\/?page_id=675"},"modified":"2024-09-17T10:58:26","modified_gmt":"2024-09-17T15:58:26","slug":"universita","status":"publish","type":"page","link":"https:\/\/ambpanama.esteri.it\/it\/italia-e-panama\/diplomazia-culturale\/studiare-in-italia\/universita\/","title":{"rendered":"Universit\u00e0 italiane"},"content":{"rendered":"<p style=\"font-weight: 400; text-align: justify;\">Informazioni sulle\u00a0<a href=\"https:\/\/www.miur.gov.it\/\">universit\u00e0<\/a>\u00a0italiane.<\/p>\n<p style=\"font-weight: 400; text-align: justify;\">Elenco delle\u00a0<a href=\"https:\/\/cercauniversita.cineca.it\/index.php?module=strutture&amp;page=StructureSearchParams&amp;advanced_serch=1\">Universit\u00e0 italiane<\/a>\u00a0e delle Accademie, Conservatori e Istituti di alta formazione artistica e musicale (<a href=\"http:\/\/www.miur.it\/0004Alta_F\/0027Istitu\/index_cf4.htm\">AFAM<\/a>).<\/p>\n<p style=\"font-weight: 400; text-align: justify;\"><b><strong>COME FUNZIONA IL SISTEMA FORMATIVO SUPERIORE ITALIANO?<\/strong><\/b><\/p>\n<p style=\"font-weight: 400; text-align: justify;\">Nell&#8217;ambito del\u00a0<b><strong>Processo di Bologna<\/strong><\/b>, l&#8217;Italia ha introdotto il\u00a0<b><strong>nuovo sistema di ordinamento<\/strong><\/b>: l&#8217;istruzione superiore in Italia consiste ora in una\u00a0<b><strong>laurea triennale<\/strong><\/b>, che pu\u00f2 essere seguita da una\u00a0<b><strong>laurea magistrale di due anni<\/strong><\/b>\u00a0(precedentemente chiamata laurea specialistica).<\/p>\n<p style=\"font-weight: 400; text-align: justify;\">Il Processo ha stabilito una serie di standard per l&#8217;eccellenza nell&#8217;istruzione superiore concretizzatisi nello\u00a0<a href=\"https:\/\/www.study.eu\/article\/the-european-higher-education-area-ehea\">Spazio Europeo dell&#8217;Istruzione Superiore (EHEA)<\/a>. C&#8217;\u00e8 un sistema di crediti per quantificare la quantit\u00e0 di lavoro necessaria per superare ogni corso (ad esempio, 25 ore di lavoro = un credito), cos\u00ec come la possibilit\u00e0 di cambiare corso o continuare gli studi all&#8217;estero dopo tre anni. Sono state mantenute alcune lauree a ciclo unico: gli studenti che desiderano studiare legge devono prendere la Laurea Magistrale a Ciclo Unico di cinque anni, mentre gli studenti di medicina devono prendere una laurea di sei anni.<\/p>\n<p style=\"font-weight: 400; text-align: justify;\"><b><strong>Primo Ciclo<\/strong><\/b><\/p>\n<p style=\"font-weight: 400; text-align: justify;\"><b><strong>Corso di Laurea<\/strong><\/b><\/p>\n<p style=\"font-weight: 400; text-align: justify;\">Ha l&#8217;obiettivo di assicurare allo studente\u00a0un&#8217;adeguata padronanza di metodi e contenuti scientifici generali. I corsi di Laurea sono della\u00a0durata di 3 anni, pari a 180 CFU\u00a0(Crediti Formativi Universitari). Vi si accede con diploma di scuola secondaria superiore o altro titolo di studio conseguito all&#8217;estero e riconosciuto idoneo.<\/p>\n<p style=\"font-weight: 400; text-align: justify;\">La\u00a0Laurea corrisponde al Bachelor of Science\u00a0del sistema universitario europeo definito a Bologna nel 1998.<\/p>\n<p style=\"font-weight: 400; text-align: justify;\"><b><strong>Secondo ciclo<\/strong><\/b><\/p>\n<p style=\"font-weight: 400; text-align: justify;\"><b><strong>Corso di Laurea Magistrale<\/strong><\/b><\/p>\n<p style=\"font-weight: 400; text-align: justify;\">Ha l&#8217;obiettivo di fornire allo studente una\u00a0formazione di livello avanzato per l&#8217;esercizio di attivit\u00e0 di elevata qualificazione\u00a0in ambiti specifici. I corsi sono della\u00a0durata di 2 anni pari a 120 CFU. Vi si accede con la laurea o altro titolo di studio conseguito all&#8217;estero riconosciuto idoneo.<\/p>\n<p style=\"font-weight: 400; text-align: justify;\">In alcune sedi e per alcune discipline (Medicina, Farmaceutica) vi sono\u00a0corsi di Laurea Magistrale cui si accede direttamente con il diploma di scuola secondaria superiore o altro titolo di studio estero equivalente, che si articolano in un unico ciclo di 5 o 6 anni, per un numero complessivo di 300 o 360 CFU.<\/p>\n<p style=\"font-weight: 400; text-align: justify;\">La\u00a0Laurea magistrale \u00e8 il Master of Science\u00a0del Sistema universitario europeo definito a Bologna nel 1998.<\/p>\n<p style=\"font-weight: 400; text-align: justify;\">In alcune sedi si offre anche un livello di specializzazione della Laurea volto a accrescere la formazione professionale: il Master universitario di 1\u00b0 livello. Tale titolo non rientra tra quelli del sistema universitario europeo definito a Bologna nel 1998.<\/p>\n<p style=\"font-weight: 400; text-align: justify;\"><b><strong>Terzo ciclo<\/strong><\/b><\/p>\n<p style=\"font-weight: 400; text-align: justify;\"><b><strong>Dottorato di ricerca<\/strong><\/b><\/p>\n<p style=\"font-weight: 400; text-align: justify;\">Ha il fine di fornire le competenze necessarie per esercitare attivit\u00e0 di ricerca altamente qualificata. Il corso dura 3 anni. Per accedere bisogna essere in possesso del Diploma di Laurea Specialistica\/Magistrale italiano o straniero. Sono previsti esami di ammissione.<\/p>\n<p style=\"font-weight: 400; text-align: justify;\"><b><strong>Corso di Diploma di specializzazione<\/strong><\/b><\/p>\n<p style=\"font-weight: 400; text-align: justify;\">Ha l&#8217;obiettivo di fornire conoscenze e abilit\u00e0 per funzioni richieste nell&#8217;esercizio di particolari attivit\u00e0 professionali. Permette di ottenere l&#8217;abilitazione all&#8217;esercizio di queste professioni ed \u00e8 finalizzato alla formazione di specialisti in determinati settori professionali. La durata di un corso di specializzazione \u00e8 di almeno 2 anni.<\/p>\n<p style=\"font-weight: 400; text-align: justify;\"><b><strong>Master di II livello<\/strong><\/b><\/p>\n<p style=\"font-weight: 400; text-align: justify;\">Il Master di II livello \u00e8 un corso di perfezionamento della formazione universitaria al quale si accede al completamento del secondo ciclo universitario. Prevede l&#8217;acquisizione di almeno 60 CFU.<\/p>\n<p style=\"font-weight: 400; text-align: justify;\"><b><strong>Informazione Generale<\/strong><\/b><\/p>\n<p style=\"font-weight: 400; text-align: justify;\">Non \u00e8 sorprendente che molti studenti internazionali decidano di proseguire i propri studi accademici in Italia. Con le sue 91 universit\u00e1 in 170 citt\u00e1, ciascuno studente pu\u00f3 scegliere l&#8217;istituzione, i corsi e la sede pi\u00fa affine per proseguire il suo percorso formativo.<\/p>\n<p style=\"font-weight: 400; text-align: justify;\">Oltre alle universit\u00e1, la maggior parte delle quali sono finanziate pubblicamente (<b><strong>ci\u00f3 significa che in molti casi non \u00e9 necessario disporre di una borsa di studio per frequentare un&#8217;universit\u00e1 italiana<\/strong><\/b>), nel nostro Paese vi sono un notevole numero di centri specializzati post-laurea, politecnici, conservatori musicali e accademie di alta formazione artistica, che fanno parte del sistema dell&#8217;istruzione superiore, cos\u00ed come universit\u00e1 private tra le migliori in Europa.<\/p>\n<p style=\"font-weight: 400; text-align: justify;\">Iscrizioni di studenti stranieri: gli studenti stranieri interessati ad effettuare studi presso le Universit\u00e0 Italiane trovano notizie utili sui posti loro riservati in un&#8217;apposita sezione del sito\u00a0<a href=\"https:\/\/www.studiare-in-italia.it\/studentistranieri\/\"><b><strong>MIUR<\/strong><\/b><\/a>.<\/p>\n<p style=\"font-weight: 400; text-align: justify;\"><b><strong>QUALI E QUANTE SONO LE UNIVERSITA IN ITALIA?<\/strong><\/b><\/p>\n<p style=\"font-weight: 400; text-align: justify;\">Un totale di 40 universit\u00e0 italiane figurano nel QS World University Rankings\u00ae 2021, di cui 11 rientrano nella top 500 mondiale. Le top 5 sono:<\/p>\n<ul style=\"font-weight: 400; text-align: justify;\">\n<li>Politecnico di Milano<\/li>\n<li>Alma Mater Studiorum<\/li>\n<li>Universit\u00e0 di Bologna<\/li>\n<li>Sapienza Universit\u00e0 di Roma<\/li>\n<li>Universit\u00e0 degli Studi di Padova<\/li>\n<li>Universit\u00e0 Statale di Milano<\/li>\n<\/ul>\n<p style=\"font-weight: 400; text-align: justify;\">L&#8217;Italia \u00e8 anche sede di alcune delle migliori business school d&#8217;Europa, tra cui la prestigiosa\u00a0<b><strong>SDA<\/strong><\/b>\u00a0Bocconi di Milano, la capitale finanziaria del paese. I suoi programmi\u00a0<b><strong>MBA<\/strong><\/b>\u00a0sono spesso in cima alle classifiche globali ed europee, e molti top business leader sono tra i suoi alumni.<\/p>\n<p style=\"font-weight: 400; text-align: justify;\">Queste e molte altre universit\u00e0 in Italia stanno intensificando gli sforzi per accelerare la loro internazionalizzazione e offrire programmi di laurea specifici per gli studenti internazionali. Ci sono attualmente pi\u00f9 di 500 programmi di studio in inglese disponibili nel paese. E ogni anno, ci sono sempre pi\u00f9 opzioni per studiare in Italia in inglese.<\/p>\n<p style=\"font-weight: 400; text-align: justify;\"><b><strong>LINK UTILI<\/strong><\/b><\/p>\n<p style=\"font-weight: 400; text-align: justify;\"><b><strong>Corsi universitari tenuti in lingua inglese presso le universit\u00e0 italiane<\/strong><\/b><\/p>\n<p style=\"font-weight: 400; text-align: justify;\">Gli studenti stranieri che intendano realizzare parte del loro percorso di studi universitari in Italia possono trovare sul sito Universitaly l\u2019elenco dei corsi offerti in lingua inglese dalle diverse Universit\u00e0 italiane :\u00a0<a href=\"http:\/\/www.universitaly.it\/index.php\/public\/cercacorsiInglese\">http:\/\/www.universitaly.it\/index.php\/public\/cercacorsiInglese<\/a><\/p>\n<p style=\"font-weight: 400; text-align: justify;\">Inoltre, per una pi\u00f9 agevole consultazione dei corsi offerti in lingua inglese, a seguire riportiamo una lista di link che discriminano i corsi per categoria, area disciplinare, universit\u00e0 di afferenza e livello:<\/p>\n<p style=\"padding-left: 40px;\">Corsi di Master Universitario per area disciplinare <a href=\"https:\/\/www2.crui.it\/crui\/corsi_lingua_inglese_rilevazione2019\/Master_by_field_of_study_2019_2020.pdf\">https:\/\/www2.crui.it\/crui\/corsi_lingua_inglese_rilevazione2019\/Master_by_field_of_study_2019_2020.pdf<\/a><\/p>\n<p style=\"padding-left: 40px;\">Corsi di Master Universitario per universit\u00e0 di afferenza <a href=\"https:\/\/www2.crui.it\/crui\/corsi_lingua_inglese_rilevazione2019\/Master_by_univ_2019_2020_rev2.pdf\">https:\/\/www2.crui.it\/crui\/corsi_lingua_inglese_rilevazione2019\/Master_by_univ_2019_2020_rev2.pdf<\/a><\/p>\n<p style=\"padding-left: 40px;\">Corsi di Dottorato di Ricerca per area disciplinare\u00a0 <a href=\"https:\/\/www2.crui.it\/crui\/corsi_lingua_inglese_rilevazione2019\/PhD_by_field_of_study_2019_2020.pdf\">https:\/\/www2.crui.it\/crui\/corsi_lingua_inglese_rilevazione2019\/PhD_by_field_of_study_2019_2020.pdf<\/a><\/p>\n<p style=\"padding-left: 40px;\">Corsi di Dottorato di Ricerca per universit\u00e0 di afferenza\u00a0 <a href=\"https:\/\/www2.crui.it\/crui\/corsi_lingua_inglese_rilevazione2019\/PhD_by_univ_2019_2020.pdf\">https:\/\/www2.crui.it\/crui\/corsi_lingua_inglese_rilevazione2019\/PhD_by_univ_2019_2020.pdf<\/a><\/p>\n<p style=\"padding-left: 40px;\">Winter\/Summer School per area disciplinare <a href=\"https:\/\/www2.crui.it\/crui\/corsi_lingua_inglese_rilevazione2019\/Winter_Summer_school_by_field_of_study_2019_2020.pdf\">https:\/\/www2.crui.it\/crui\/corsi_lingua_inglese_rilevazione2019\/Winter_Summer_school_by_field_of_study_2019_2020.pdf<\/a><\/p>\n<p style=\"padding-left: 40px;\">Winter\/Summer School per universit\u00e0 di afferenza\u00a0 <a href=\"https:\/\/www2.crui.it\/crui\/corsi_lingua_inglese_rilevazione2019\/Winter_Summer_school_by_university_2019_2020.pdf\">https:\/\/www2.crui.it\/crui\/corsi_lingua_inglese_rilevazione2019\/Winter_Summer_school_by_university_2019_2020.pdf<\/a><\/p>\n<p style=\"font-weight: 400; text-align: justify;\"><b><strong>Liste complete degli Atenei sono consultabili attraverso:<\/strong><\/b><\/p>\n<ul style=\"font-weight: 400; text-align: justify;\">\n<li>Il motore di ricerca del MIUR<\/li>\n<li><a href=\"https:\/\/www.universitaly.it\/index.php\/\">Universitaly<\/a>\u00a0(l&#8217;Universit\u00e0 Italiana a portata di click)<\/li>\n<li><a href=\"https:\/\/www.universitaly.it\/index.php\/university\/universitaitalia\">Gli Atenei, uno per uno<\/a><\/li>\n<li><a href=\"http:\/\/www.afam.miur.it\/argomenti\/istituzioni.aspx\">Istituzioni AFAM<\/a>\u00a0(Formazione artistica e musicale)<\/li>\n<li>Lo speciale motore di ricerca\u00a0<b><strong><a href=\"http:\/\/www.cineca.it\/\">CINECA<\/a><\/strong><\/b>.<\/li>\n<\/ul>\n<p style=\"font-weight: 400; text-align: justify;\">Gli studenti stranieri interessati a effettuare studi presso le Universit\u00e0 Italiane trovano inoltre notizie utili sui posti loro riservati nel\u00a0<a href=\"https:\/\/www.studiare-in-italia.it\/studentistranieri\/\">sito del MIUR<\/a>\u00a0alla pagina relativa all&#8217;offerta formativa e alle norme per l&#8217;accesso degli studenti stranieri o nel sito Universitaly curato sempre dal MIUR.<\/p>\n<p style=\"font-weight: 400; text-align: justify;\">E&#8217; presente anche una pagina dedicata alle Universit\u00e0 nel sito della\u00a0<a href=\"https:\/\/www.crui.it\/index.php\/atenei-e-rettori-crui\">CRUI &#8211; Conferenza dei Rettori delle Universit\u00e0 Italiane.<\/a><\/p>\n<p style=\"font-weight: 400; text-align: justify;\">Per la regione dell\u2019America Latina esiste un\u00a0<a href=\"http:\/\/www.recolatin.eu\/\">centro di valutazione e riconoscimento<\/a>. Il progetto RecoLATIN mira a favorire e aumentare la qualit\u00e0 della mobilit\u00e0 verticale e orizzontale all&#8217;interno dei sistemi di istruzione superiore latinoamericani ed europei, aumentando il riconoscimento delle qualifiche all&#8217;interno della regione latinoamericana ed europea.<\/p>\n<p style=\"font-weight: 400; text-align: justify;\">Si ricorda che le informazioni riguardo le offerte in favore di studenti stranieri e italiani residenti all\u2019estero (IRE) sono reperibili alle sezioni \u201cBorse di studio\u201d e \u201cIILA \u2013 Borse di studio per cittadini latinoamericani\u201d di questo sito.<\/p>\n<p style=\"font-weight: 400; text-align: justify;\">Per fornire orientamenti alle scelte degli studenti pronti ad intraprendere la carriera universitaria pu\u00f2 risultare utile infine consultare la\u00a0<a href=\"https:\/\/www.censis.it\/formazione\/la-classifica-censis-delle-universit%C3%A0-italiane-edizione-20202021-0\">Classifica Censis delle Universit\u00e0 italiane<\/a>.<\/p>\n<p style=\"font-weight: 400; text-align: justify;\"><b><strong>Iscrizioni\u00a0<\/strong><\/b><b><strong>di studenti stranieri:<\/strong><\/b><\/p>\n<p style=\"font-weight: 400; text-align: justify;\">Per quegli studenti che desiderino avere la certezza di essere in grado di iniziare i loro studi in una delle Universit\u00e0 italiane esistono<br \/>\nistituzioni come \u201cFoundation course\u201d, un ponte necessario per inserire proficuamente gli studenti internazionali nel sistema universitario italiano. Creato in convenzione con parecchie istituzioni italiane di Alta Formazione, questo corso preparatorio ha tutte le caratteristiche di flessibilit\u00e0 operativa (online e\/o in presenza), durata e tutorato personalizzato per essere veramente efficace, com\u2019\u00e8 spiegato nel PDF di presentazione (in italiano).<\/p>\n<p style=\"font-weight: 400; text-align: justify;\">Le residenze universitarie della CCU costituiscono soluzioni notevolmente competitive in termini di rapporto qualit\u00e0\/prezzo e sono ubicate in 14 citt\u00e0 italiane.<\/p>\n<p style=\"font-weight: 400; text-align: justify;\">Nell&#8217;ambito della CCU si pu\u00f3\u00a0segnalare l&#8217;eccellenza dei collegi della Fondazione RUI (<a href=\"http:\/\/www.fondazionerui.it\/\">www.fondazionerui.it<\/a>) e Camplus(<a href=\"http:\/\/www.camplus.it\/\">www.camplus.it<\/a>).<\/p>\n<p style=\"font-weight: 400; text-align: justify;\">Eduitalia \u00e8 un\u2019associazione di 111 scuole\/Accademie\/Universit\u00e0 pubbliche e private che offre informazioni sulle opzioni di studio per periodi di breve o lunga durata a studenti stranieri di ogni et\u00e0 che vogliono studiare in Italia.<\/p>\n<p style=\"font-weight: 400; text-align: justify;\"><b><strong>Internazionalizzazione degli atenei<\/strong><\/b><\/p>\n<ul style=\"font-weight: 400;\">\n<li style=\"text-align: justify;\"><a href=\"https:\/\/www.crui.it\/home-ri.html\">CRUI (Conferenza dei Rettori delle Universit\u00e0 Italiane)<\/a><\/li>\n<li style=\"text-align: justify;\"><a href=\"http:\/\/www.universitaly.it\/index.php\/imat_home\">Examen IMAT (International Medical Admissions Test)IMAT (International Medical Admissions Test)<\/a><\/li>\n<\/ul>\n","protected":false},"excerpt":{"rendered":"Informazioni sulle\u00a0universit\u00e0\u00a0italiane. Elenco delle\u00a0Universit\u00e0 italiane\u00a0e delle Accademie, Conservatori e Istituti di alta formazione artistica e musicale (AFAM). COME FUNZIONA IL SISTEMA FORMATIVO SUPERIORE ITALIANO? Nell&#8217;ambito del\u00a0Processo di Bologna, l&#8217;Italia ha introdotto il\u00a0nuovo sistema di ordinamento: l&#8217;istruzione superiore in Italia consiste ora in una\u00a0laurea triennale, che pu\u00f2 essere seguita da una\u00a0laurea magistrale di due anni\u00a0(precedentemente chiamata [&hellip;]","protected":false},"author":4,"featured_media":0,"parent":99,"menu_order":1,"comment_status":"closed","ping_status":"closed","template":"","meta":{"footnotes":""},"class_list":["post-675","page","type-page","status-publish","hentry"],"_links":{"self":[{"href":"https:\/\/ambpanama.esteri.it\/it\/wp-json\/wp\/v2\/pages\/675","targetHints":{"allow":["GET"]}}],"collection":[{"href":"https:\/\/ambpanama.esteri.it\/it\/wp-json\/wp\/v2\/pages"}],"about":[{"href":"https:\/\/ambpanama.esteri.it\/it\/wp-json\/wp\/v2\/types\/page"}],"author":[{"embeddable":true,"href":"https:\/\/ambpanama.esteri.it\/it\/wp-json\/wp\/v2\/users\/4"}],"replies":[{"embeddable":true,"href":"https:\/\/ambpanama.esteri.it\/it\/wp-json\/wp\/v2\/comments?post=675"}],"version-history":[{"count":6,"href":"https:\/\/ambpanama.esteri.it\/it\/wp-json\/wp\/v2\/pages\/675\/revisions"}],"predecessor-version":[{"id":6179,"href":"https:\/\/ambpanama.esteri.it\/it\/wp-json\/wp\/v2\/pages\/675\/revisions\/6179"}],"up":[{"embeddable":true,"href":"https:\/\/ambpanama.esteri.it\/it\/wp-json\/wp\/v2\/pages\/99"}],"wp:attachment":[{"href":"https:\/\/ambpanama.esteri.it\/it\/wp-json\/wp\/v2\/media?parent=675"}],"curies":[{"name":"wp","href":"https:\/\/api.w.org\/{rel}","templated":true}]}}