{"id":69,"date":"2023-04-11T18:18:20","date_gmt":"2023-04-11T16:18:20","guid":{"rendered":"https:\/\/ambasciatapraga.esteri.it\/?page_id=69"},"modified":"2024-09-17T10:30:03","modified_gmt":"2024-09-17T15:30:03","slug":"assistenza-ai-cittadini-allestero","status":"publish","type":"page","link":"https:\/\/ambpanama.esteri.it\/it\/servizi-consolari-e-visti\/servizi-per-il-cittadino-italiano\/assistenza-ai-cittadini-allestero\/","title":{"rendered":"Assistenza ai cittadini all&#8217;estero"},"content":{"rendered":"<p style=\"text-align: justify;\">L\u2019attivit\u00e0 di assistenza consolare \u00e8 destinata ai cittadini italiani che versano in una momentanea situazione di difficolt\u00e0 e\/o indigenza.<\/p>\n<p style=\"text-align: justify;\">L\u2019assistenza consolare pu\u00f2 essere:<\/p>\n<ul style=\"text-align: justify;\">\n<li>Sanitaria;<\/li>\n<li>Economica;<\/li>\n<li>Rimpatrio, rimpatrio sanitario e rimpatrio salme;<\/li>\n<li>Protezione Consolare, questioni legali e sottrazione di minori;<\/li>\n<li>Ricerche connazionali all\u2019estero;<\/li>\n<\/ul>\n<p style=\"text-align: justify;\">Per richiedere assistenza si prega di inviare una richiesta dettagliata a\u00a0<a href=\"mailto:consolare.panama@esteri.it\">consolare.panama@esteri.it<\/a>\u00a0indicando:<\/p>\n<ul style=\"text-align: justify;\">\n<li>Tipo di assistenza consolare di cui si necessita<\/li>\n<li>Copia del documento d\u2019identit\u00e0 italiano<\/li>\n<li>Numero di telefono<\/li>\n<li>Indirizzo di residenza<\/li>\n<li>Documentazione a supporto della richiesta di assistenza<\/li>\n<li>Nomi, indirizzo ed e-mail di familiari a cui fare riferimento<\/li>\n<\/ul>\n<p style=\"text-align: justify;\">Il servizio di\u00a0assistenza sociale\u00a0\u00e8 destinato ai cittadini italiani che versano in una situazione di indigenza;\u00a0La Cancelleria Consolare, inoltre, assicura assistenza per le pratiche di\u00a0successione\u00a0aperte all&#8217;estero.<\/p>\n","protected":false},"excerpt":{"rendered":"L\u2019attivit\u00e0 di assistenza consolare \u00e8 destinata ai cittadini italiani che versano in una momentanea situazione di difficolt\u00e0 e\/o indigenza. L\u2019assistenza consolare pu\u00f2 essere: Sanitaria; Economica; Rimpatrio, rimpatrio sanitario e rimpatrio salme; Protezione Consolare, questioni legali e sottrazione di minori; Ricerche connazionali all\u2019estero; Per richiedere assistenza si prega di inviare una richiesta dettagliata a\u00a0consolare.panama@esteri.it\u00a0indicando: Tipo di [&hellip;]","protected":false},"author":1,"featured_media":0,"parent":47,"menu_order":6,"comment_status":"closed","ping_status":"closed","template":"","meta":{"footnotes":""},"class_list":["post-69","page","type-page","status-publish","hentry"],"_links":{"self":[{"href":"https:\/\/ambpanama.esteri.it\/it\/wp-json\/wp\/v2\/pages\/69","targetHints":{"allow":["GET"]}}],"collection":[{"href":"https:\/\/ambpanama.esteri.it\/it\/wp-json\/wp\/v2\/pages"}],"about":[{"href":"https:\/\/ambpanama.esteri.it\/it\/wp-json\/wp\/v2\/types\/page"}],"author":[{"embeddable":true,"href":"https:\/\/ambpanama.esteri.it\/it\/wp-json\/wp\/v2\/users\/1"}],"replies":[{"embeddable":true,"href":"https:\/\/ambpanama.esteri.it\/it\/wp-json\/wp\/v2\/comments?post=69"}],"version-history":[{"count":4,"href":"https:\/\/ambpanama.esteri.it\/it\/wp-json\/wp\/v2\/pages\/69\/revisions"}],"predecessor-version":[{"id":6065,"href":"https:\/\/ambpanama.esteri.it\/it\/wp-json\/wp\/v2\/pages\/69\/revisions\/6065"}],"up":[{"embeddable":true,"href":"https:\/\/ambpanama.esteri.it\/it\/wp-json\/wp\/v2\/pages\/47"}],"wp:attachment":[{"href":"https:\/\/ambpanama.esteri.it\/it\/wp-json\/wp\/v2\/media?parent=69"}],"curies":[{"name":"wp","href":"https:\/\/api.w.org\/{rel}","templated":true}]}}