{"id":700,"date":"2023-11-07T12:11:02","date_gmt":"2023-11-07T17:11:02","guid":{"rendered":"https:\/\/ambpanama.esteri.it\/?page_id=700"},"modified":"2026-01-21T10:22:53","modified_gmt":"2026-01-21T15:22:53","slug":"informazioni-appuntamenti","status":"publish","type":"page","link":"https:\/\/ambpanama.esteri.it\/it\/servizi-consolari-e-visti\/servizi-per-il-cittadino-italiano\/informazioni-appuntamenti\/","title":{"rendered":"Informazioni appuntamenti"},"content":{"rendered":"<blockquote>\n<p style=\"text-align: justify;\">Per richieste urgenti (<strong>perdita\/furto passaporto, E.T.D<\/strong>. e dichiarazione esistenza in vita) scrivere a\u00a0<a href=\"mailto:consolare.panama@esteri.it\">consolare.panama@esteri.it<\/a><\/p>\n<\/blockquote>\n<p style=\"text-align: justify;\">Si raccomanda all&#8217;utenza di consultare attentamente le diverse sezioni del sito web dell&#8217;Ambasciata per le informazioni dettagliate sulla documentazione necessaria per ciascun servizio consolare richiesto. Si ricorda inoltre che l&#8217;Ambasciata non utilizza collaboratori esterni, agenzie o intermediari per la gestione delle pratiche consolari e che il servizio di prenotazione nel sistema <a href=\"https:\/\/prenotami.esteri.it\/\">Prenot@Mi<\/a> \u00e8 gratuito.<\/p>\n<p style=\"text-align: justify;\"><strong>\u00c8 fondamentale che l&#8217;appuntamento prenotato corrisponda esattamente al tipo di servizio richiesto. In caso di appuntamento prenotato per un servizio diverso da quello per cui si presenta la richiesta, l&#8217;utente non sar\u00e0 ricevuto.<\/strong><\/p>\n<p style=\"text-align: justify;\">Per prenotare un appuntamento, l&#8217;utente deve registrarsi nel portale <a href=\"https:\/\/prenotami.esteri.it\/\">Prenot@Mi<\/a>, indicando i dati richiesti, fornendo un indirizzo email, scegliendo una password e selezionando &#8220;<strong>AMBASCIATA D&#8217;ITALIA A PANAM\u00c1<\/strong>&#8221; nel riquadro Consolato.<strong> (Si consiglia di utilizzare il browser Edge).<\/strong><\/p>\n<p style=\"text-align: justify;\">Una volta completata la registrazione, l&#8217;utente potr\u00e0 accedere al portale con l&#8217;indirizzo email e la password utilizzati durante la registrazione. Ci\u00f2 gli permetter\u00e0 di scegliere non solo il servizio, ma anche la data e l&#8217;orario dell&#8217;appuntamento tra le opzioni disponibili.<\/p>\n<p style=\"text-align: justify;\">Nel portale <a href=\"https:\/\/prenotami.esteri.it\/\">Prenot@Mi<\/a> \u00e8 possibile prenotare appuntamenti individuali o multipli, purch\u00e9 siano disponibili. Si precisa che gli appuntamenti multipli sono applicabili solo per i minori di et\u00e0 e devono essere prenotati direttamente da uno dei genitori.<\/p>\n<p style=\"text-align: justify;\">Quando l&#8217;utente riceve l&#8217;email con la proposta di appuntamento, dovr\u00e0 confermarlo accedendo al portale <a href=\"https:\/\/prenotami.esteri.it\/\">Prenot@Mi<\/a> nella sezione &#8220;<strong>I miei appuntamenti<\/strong>&#8221; entro la data specificata nel messaggio.<\/p>\n<p style=\"text-align: justify;\">L&#8217;appuntamento proposto non pu\u00f2 essere modificato e, in caso di mancata conferma o cancellazione, sar\u00e0 necessario prenotarne uno nuovo.<\/p>\n<p style=\"text-align: justify;\">L&#8217;appuntamento deve essere confermato obbligatoriamente dall&#8217;utente tra i 10 e i 3 giorni prima della data fissata, accedendo al portale <a href=\"https:\/\/prenotami.esteri.it\/\">Prenot@Mi<\/a> e cliccando sulla sezione &#8220;<strong>I miei appuntamenti<\/strong>&#8220;. Se l&#8217;appuntamento non viene confermato, il sistema lo eliminer\u00e0 <strong>AUTOMATICAMENTE<\/strong> e sar\u00e0 disponibile per altri utenti. In questo caso, l&#8217;utente non potr\u00e0 accedere all&#8217;Ambasciata.<\/p>\n<p style=\"text-align: justify;\"><strong>I servizi consolari che devono essere prenotati sul portale Prenot@mi sono i seguenti:<\/strong><\/p>\n<ul style=\"text-align: justify;\">\n<li><strong>Passaporti e CIE<\/strong> (carta d&#8217;Identit\u00e0 Elettronica);<\/li>\n<li><strong>Servizi consolari<\/strong> (per la registrazione di atti civili, richieste di pubblicazione di matrimonio, rilascio di certificati, autenticazione di firme, atti di autorizzazione \u00abatto di assenso\u00bb, proroga della validit\u00e0 della patente di guida italiana, certificato di esistenza in vita, passaporti mortuari, ecc.);<\/li>\n<li><strong>Cittadinanza per discendenza per figli maggiorenni di cittadino italiano;<\/strong><\/li>\n<li><strong>Cittadinanza per discendenza per &#8220;beneficio di legge&#8221;;<\/strong><\/li>\n<li><strong>Cittadinanza per matrimonio;<\/strong><\/li>\n<li><strong>Visti<\/strong>.<\/li>\n<\/ul>\n<p style=\"text-align: justify;\"><span class=\"Y2IQFc\" lang=\"es\"><strong>Appuntamenti per Dichiarazione di Valore:<\/strong> Si prega prendere visione nella sezione di <a href=\"https:\/\/ambpanama.esteri.it\/it\/italia-e-panama\/diplomazia-culturale\/studiare-in-italia\/dichiarazione-di-valore\/\">Dichiarazione di valore \u2013 Ambasciata d&#8217;Italia Panama (esteri.it)<\/a><\/span><\/p>\n<p style=\"text-align: justify;\"><strong>\u00c8 indispensabile che i cittadini italiani presentino un documento di identit\u00e0 italiano valido per qualsiasi tipo di richiesta presso questa Cancelleria Consolare.<\/strong><\/p>\n<p style=\"text-align: justify;\"><strong>NOTA:<\/strong> Si informa agli interessati che questa Ambasciata, pur essendo consapevole delle enormi difficolt\u00e0 che gli utenti incontrano nel prenotare un appuntamento, non pu\u00f2 aiutarli a fissarne uno. Infatti, il sistema di prenotazione online \u00e8 centralmente automatizzato e non pu\u00f2 essere influenzato. La disponibilit\u00e0 di date o fasce orarie dipende dalla domanda da parte degli utenti.<\/p>\n<p style=\"text-align: justify;\"><strong>Erogazione servizi consolari senza appuntamento<\/strong><\/p>\n<p style=\"text-align: justify;\">I cittadini italiani e i cittadini stranieri in possesso di una pensione italiana, per le relative competenze del certificato di esistenza in vita, possono recarsi direttamente presso l&#8217;Ambasciata d&#8217;Italia a Panama senza previo appuntamento solo negli orari di apertura al pubblico: luned\u00ec, mercoled\u00ec e venerd\u00ec dalle 9:00 alle 12:30; marted\u00ec e gioved\u00ec dalle 13:30 alle 15:00<\/p>\n<p style=\"text-align: justify; padding-left: 40px;\"><strong>Documentazione da presentare:<\/strong><\/p>\n<p style=\"text-align: justify; padding-left: 40px;\">1. Passaporto o carta d\u2019identit\u00e0 italiana in corso di validit\u00e0 (per gli stranieri documento d\u2019identit\u00e0 in corso di validit\u00e0)<\/p>\n<p style=\"text-align: justify; padding-left: 40px;\">2. Modulo rilasciato dall\u2019ente competente <strong>(modulo citibank, l\u2019inps. Ecc)<\/strong>.<\/p>\n<p style=\"text-align: justify; padding-left: 40px;\">Nel caso in cui si richieda il certificato di esistenza in vita per motivi diversi da quelli relativi alla pensione, si informa che tale certificato viene rilasciato <strong>solo<\/strong> ai cittadini italiani iscritti all&#8217;AIRE presso questa circoscrizione consolare e che \u00e8 <strong>gratuito<\/strong>.<\/p>\n","protected":false},"excerpt":{"rendered":"Per richieste urgenti (perdita\/furto passaporto, E.T.D. e dichiarazione esistenza in vita) scrivere a\u00a0consolare.panama@esteri.it Si raccomanda all&#8217;utenza di consultare attentamente le diverse sezioni del sito web dell&#8217;Ambasciata per le informazioni dettagliate sulla documentazione necessaria per ciascun servizio consolare richiesto. Si ricorda inoltre che l&#8217;Ambasciata non utilizza collaboratori esterni, agenzie o intermediari per la gestione delle pratiche [&hellip;]","protected":false},"author":4,"featured_media":0,"parent":47,"menu_order":21,"comment_status":"closed","ping_status":"closed","template":"","meta":{"footnotes":""},"class_list":["post-700","page","type-page","status-publish","hentry"],"_links":{"self":[{"href":"https:\/\/ambpanama.esteri.it\/it\/wp-json\/wp\/v2\/pages\/700","targetHints":{"allow":["GET"]}}],"collection":[{"href":"https:\/\/ambpanama.esteri.it\/it\/wp-json\/wp\/v2\/pages"}],"about":[{"href":"https:\/\/ambpanama.esteri.it\/it\/wp-json\/wp\/v2\/types\/page"}],"author":[{"embeddable":true,"href":"https:\/\/ambpanama.esteri.it\/it\/wp-json\/wp\/v2\/users\/4"}],"replies":[{"embeddable":true,"href":"https:\/\/ambpanama.esteri.it\/it\/wp-json\/wp\/v2\/comments?post=700"}],"version-history":[{"count":6,"href":"https:\/\/ambpanama.esteri.it\/it\/wp-json\/wp\/v2\/pages\/700\/revisions"}],"predecessor-version":[{"id":8860,"href":"https:\/\/ambpanama.esteri.it\/it\/wp-json\/wp\/v2\/pages\/700\/revisions\/8860"}],"up":[{"embeddable":true,"href":"https:\/\/ambpanama.esteri.it\/it\/wp-json\/wp\/v2\/pages\/47"}],"wp:attachment":[{"href":"https:\/\/ambpanama.esteri.it\/it\/wp-json\/wp\/v2\/media?parent=700"}],"curies":[{"name":"wp","href":"https:\/\/api.w.org\/{rel}","templated":true}]}}