{"id":705,"date":"2023-11-07T12:13:08","date_gmt":"2023-11-07T17:13:08","guid":{"rendered":"https:\/\/ambpanama.esteri.it\/?page_id=705"},"modified":"2026-03-12T10:25:20","modified_gmt":"2026-03-12T15:25:20","slug":"fast-it","status":"publish","type":"page","link":"https:\/\/ambpanama.esteri.it\/it\/servizi-consolari-e-visti\/servizi-per-il-cittadino-italiano\/a-i-r-e\/fast-it\/","title":{"rendered":"Iscrizione A.I.R.E. (Fast It)"},"content":{"rendered":"<p style=\"text-align: justify;\">L&#8217;iscrizione e l&#8217;aggiornamento all&#8217;A.I.R.E. (Anagrafe degli Italiani Residenti all&#8217;Estero) si effettuano direttamente sul portale &#8220;Fast It&#8221; Servizi Consolari Online dopo essersi registrati al seguente link: <a href=\"https:\/\/serviziconsolarionline.esteri.it\/\">https:\/\/serviziconsolarionline.esteri.it<\/a> Tale sistema consente un&#8217;iscrizione semplificata e pi\u00f9 veloce all&#8217;A.I.R.E., rispondendo alle esigenze degli italiani residenti all&#8217;estero.<\/p>\n<p style=\"text-align: justify;\">All\u2019interno del portale Fast-It sono consultabili le Domande frequenti utili a facilitare il suo utilizzo.<\/p>\n<blockquote>\n<p style=\"padding-left: 40px;\"><strong>Si invita l\u2019utenza a prestare particolare attenzione ai seguenti aspetti:<\/strong><\/p>\n<ul>\n<li>La creazione dell\u2019utenza in \u201cFast It\u201d <strong>NON COMPORTA<\/strong>\u00a0automaticamente l\u2019iscrizione\/aggiornamento A.I.R.E.;<\/li>\n<li>I dati inseriti per l\u2019iscrizione devono rispecchiare\u00a0<strong>ESATTAMENTE<\/strong> quelli riportati sul passaporto italiano o carta d&#8217;identit\u00e0;<\/li>\n<li>Se non si possiede un passaporto italiano, i dati devono rispecchiare\u00a0<strong>ESATTAMENTE\u00a0<\/strong>quelli riportati sull\u2019atto di nascita, emesso dal Comune italiano;<\/li>\n<li>Le date inserite devono essere in formato europeo\u00a0<strong>GIORNO\/MESE\/ ANNO<\/strong>;<\/li>\n<\/ul>\n<\/blockquote>\n<p style=\"text-align: justify;\"><strong data-start=\"211\" data-end=\"226\">Attenzione:<\/strong>\u00a0coloro che si sono gi\u00e0 iscritti all\u2019AIRE tramite FAST IT in una circoscrizione diversa da quella di Panama e desiderano trasferire la propria residenza AIRE a Panama devono mantenere il proprio account FAST IT, in modo da permettere la comunicazione automatica del trasferimento alla sede precedente.<br data-start=\"527\" data-end=\"530\" \/>In questo caso sar\u00e0 necessario modificare la sede di appartenenza dell\u2019account e richiedere l\u2019iscrizione all\u2019AIRE. L\u2019aggiornamento AIRE non sar\u00e0 pi\u00f9 valido in questa situazione, in quanto quest\u2019ultimo riguarda esclusivamente variazioni all\u2019interno dello stesso Paese e non trasferimenti all\u2019estero.<\/p>\n<p style=\"text-align: justify;\"><strong>IMPORTANTE<\/strong>: Ogni cittadino italiano\u00a0<strong>MAGGIORENNE<\/strong>\u00a0potr\u00e0 presentare richiesta di iscrizione\u00a0<strong>AIRE<\/strong>\u00a0per lui e per i figli conviventi\u00a0minorenne di cittadinanza italiana. Qualora tuttavia si dovesse richiedere anche la registrazione di uno dei componenti del nucleo familiare i cui atti di stato civile (nascite di figli minori) non sono stati trascritti in precedenza, sar\u00e0 necessario regolarizzare previamente la posizione seguendo le istruzioni presenti nella sezione \u201c<a href=\"https:\/\/ambpanama.esteri.it\/it\/servizi-consolari-e-visti\/servizi-per-il-cittadino-italiano\/stato-civile\/\">Stato Civile<\/a>\u201d<\/p>\n<p style=\"padding-left: 40px;\">I cittadini <strong data-start=\"206\" data-end=\"317\">gi\u00e0 iscritti all\u2019A.I.R.E. presso questa Circoscrizione Consolare prima dell\u2019istituzione del sistema Fast It<\/strong>\u00a0non devono effettuare una nuova iscrizione all\u2019A.I.R.E.;\u00a0<strong data-start=\"375\" data-end=\"459\">devono invece associare il proprio account Fast It alla propria scheda consolare<\/strong>, seguendo i passaggi sotto indicati.<\/p>\n<ol>\n<li style=\"list-style-type: none;\">\n<ol data-start=\"386\" data-end=\"881\">\n<li data-start=\"386\" data-end=\"496\">\n<p data-start=\"389\" data-end=\"496\"><strong data-start=\"389\" data-end=\"404\">Registrarsi<\/strong>\u00a0sul portale\u00a0<strong data-start=\"417\" data-end=\"428\"><a href=\"https:\/\/serviziconsolari.esteri.it\/home\">FAST IT<\/a><\/strong>\u00a0oppure\u00a0<strong data-start=\"436\" data-end=\"448\">accedere<\/strong>\u00a0se si \u00e8 gi\u00e0 in possesso di un account attivo.<\/p>\n<\/li>\n<li data-start=\"497\" data-end=\"641\">\n<p data-start=\"500\" data-end=\"641\">Selezionare la voce\u00a0<strong data-start=\"520\" data-end=\"560\">\u201cRegistrazione Consolare e A.I.R.E.\u201d<\/strong>\u00a0e successivamente cliccare su\u00a0<strong data-start=\"591\" data-end=\"638\">\u201cVisualizzare la propria scheda anagrafica\u201d<\/strong>.<\/p>\n<\/li>\n<li data-start=\"642\" data-end=\"784\">\n<p data-start=\"645\" data-end=\"784\">Richiedere l\u2019<strong data-start=\"658\" data-end=\"683\">\u201cAssociazione Online\u201d<\/strong>\u00a0e attendere la ricezione del\u00a0<strong data-start=\"713\" data-end=\"738\">messaggio di conferma<\/strong>\u00a0nella propria casella di posta elettronica.<\/p>\n<\/li>\n<li data-start=\"785\" data-end=\"881\">\n<p data-start=\"788\" data-end=\"881\">Accedere nuovamente al portale\u00a0<strong>FAST IT<\/strong> al fine di visualizzare la propria scheda anagrafica.<\/p>\n<\/li>\n<\/ol>\n<\/li>\n<\/ol>\n<p style=\"text-align: justify;\"><strong>ISTRUZIONI PRATICHE NUOVE:<\/strong><\/p>\n<p style=\"text-align: justify;\">Compila la richiesta sul\u00a0<a href=\"https:\/\/serviziconsolarionline.esteri.it\/ScoFE\/index.sco\">FAST IT<\/a>.\u00a0Dopo aver compilato i campi richiesti nel modulo on line, sar\u00e0 necessario allegare anche:<\/p>\n<p style=\"text-align: justify;\"><span style=\"text-decoration: underline;\"><strong>ALLEGATO A<\/strong><\/span> &#8211; Scansione di un documento che attesti la cittadinanza italiana di ogni membro del nucleo familiare, i documenti accettabile sono:<\/p>\n<ul style=\"text-align: justify;\">\n<li>Passaporto italiano in corso di validit\u00e0;<\/li>\n<li>Carta d&#8217;identit\u00e0 italiana in corso di validit\u00e0;<\/li>\n<li>Estratto per riassunto dell\u2019atto di nascita rilasciato dal Comune;<\/li>\n<li>Certificato di cittadinanza italiana rilasciato dal comune italiano o da una Rappresentanza italiana all&#8217;estero;<\/li>\n<\/ul>\n<p style=\"text-align: justify;\"><strong>NOTA<\/strong>: \u00c8 necessario includere nella domanda di iscrizione AIRE il proprio coniuge (moglie, marito) o convivente di fatto, anche se si tratta di un cittadino straniero. In tal caso, \u00e8 richiesta una copia del passaporto in corso di validit\u00e0. Per i figli non ancora registrati presso il comune d&#8217;Italia, \u00e8 richiesta una copia del passaporto.<\/p>\n<p style=\"text-align: justify;\"><span style=\"text-decoration: underline;\"><strong>ALLEGATO B<\/strong><\/span> &#8211; Si tratta della scansione del modulo di richiesta AIRE, compilato online tramite il portale <strong data-start=\"251\" data-end=\"262\">FAST IT<\/strong>. Il modulo dovr\u00e0 essere scaricato e firmato prima di essere inviato all\u2019Ufficio consolare competente <strong>Nota<\/strong>: \u00c8 importante che il modulo di richiesta, cos\u00ec come i campi corrispondenti del modulo online, specifichi la municipalit\u00e0 esatta di riferimento. Inoltre, in caso di presenza di figli minori, \u00e8 indispensabile che il modulo sia firmato da entrambi i genitori.<\/p>\n<p style=\"text-align: justify;\"><span style=\"text-decoration: underline;\"><strong>ALLEGATO C<\/strong> <\/span>&#8211; Scansione di una bolletta di utenza (acqua, luce, gas, TV\/internet, contratto d\u2019affitto (legalizzato da uno studio notarile) o scrittura pubblica) intestata a nome del richiedente, che indichi l&#8217;indirizzo completo del domicilio. <strong>Nota<\/strong>: Se il richiedente abita in una stanza di un appartamento, deve presentare una lettera legalizzata da uno studio notarile redatta dal padrone di casa, insieme a una bolletta di utenza per confermare tale dichiarazione.\u00a0Se la bolletta di un\u2019utenza o il contratto di locazione risultano intestati a un membro della famiglia residente nel medesimo domicilio, sar\u00e0 necessario presentare una dichiarazione notarile <strong data-start=\"309\" data-end=\"366\">resa dall\u2019intestatario della bolletta o del contratto<\/strong>, attestante la presenza del richiedente presso il suddetto indirizzo.\u00a0<strong>Si precisa che non sar\u00e0 accettata documentazione diversa da quella espressamente richiesta.<\/strong><\/p>\n<p><strong>Attenzione:<\/strong>\u00a0Si informa che la domanda di iscrizione A.I.R.E. non \u00e8 perfezionata finch\u00e9 l\u2019utente non ricever\u00e0 un\u2019e-mail con cui si conferma l\u2019invio della richiesta di iscrizione al Comune italiano competente.<\/p>\n<p style=\"text-align: justify;\"><strong>Ricorda<\/strong>! Il sistema di upload del sito respinge qualsiasi allegato di dimensioni superiori a 1.0 MB (o 1024KB). Del resto non \u00e8 necessario utilizzare lo scanner al massimo della potenzialit\u00e0 per ottenere una versione digitale del documento da inviare. <strong>Si raccomanda di utilizzate il navigatore Edge (Internet Explorer)<\/strong><\/p>\n<p style=\"text-align: justify;\"><strong>Nota<\/strong>: la mancanza di uno dei requisiti sopra indicati sar\u00e0 motivo di rifiuto dell&#8217;iscrizione AIRE.<\/p>\n<p>L\u2019iscrizione pu\u00f2 essere effettuata anche d\u2019ufficio, previa prenotazione di un appuntamento per i &#8220;servizi consolari&#8221; tramite il portale <a href=\"https:\/\/prenotami.esteri.it\/\">Prenot@mi<\/a>, con la presentazione del cittadino interessato munito di tutta la documentazione sopra indicata.<\/p>\n<ul style=\"text-align: justify;\">\n<li><a href=\"https:\/\/ambpanama.esteri.it\/wp-content\/uploads\/2024\/08\/iscrizione_al_portale_sei_servizi_consolari_-panama.pdf\">Istruzioni per la registrazione al Fast It<\/a><\/li>\n<li><a href=\"https:\/\/ambpanama.esteri.it\/wp-content\/uploads\/2024\/08\/iscrizione-aire-panama.pdf\">Istruzioni per l&#8217;iscrizione all&#8217;A.I.R.E. attraverso il portale Fast It<\/a><\/li>\n<li><a href=\"https:\/\/ambpanama.esteri.it\/wp-content\/uploads\/2024\/08\/comunicare_la_variazione_della_propria_residenza_ita.pdf\">Istruzioni per la variazione del proprio indirizzo d&#8217;iscrizione A.I.R.E. attraverso il portale Fast It<\/a><\/li>\n<li><a href=\"https:\/\/ambpanama.esteri.it\/wp-content\/uploads\/2024\/08\/iscrizione_aire_minori_ita_-PANAMA.pdf\">Istruzioni per l&#8217;iscrizione all&#8217;AIRE di minori non conviventi con entrambi i genitori<\/a><\/li>\n<li><a href=\"https:\/\/ambpanama.esteri.it\/wp-content\/uploads\/2024\/08\/visualizzare_scheda_anagrafica_panama.pdf\">Istruzioni per visualizzare la propria scheda anagrafica<\/a><\/li>\n<\/ul>\n","protected":false},"excerpt":{"rendered":"L&#8217;iscrizione e l&#8217;aggiornamento all&#8217;A.I.R.E. (Anagrafe degli Italiani Residenti all&#8217;Estero) si effettuano direttamente sul portale &#8220;Fast It&#8221; Servizi Consolari Online dopo essersi registrati al seguente link: https:\/\/serviziconsolarionline.esteri.it Tale sistema consente un&#8217;iscrizione semplificata e pi\u00f9 veloce all&#8217;A.I.R.E., rispondendo alle esigenze degli italiani residenti all&#8217;estero. All\u2019interno del portale Fast-It sono consultabili le Domande frequenti utili a facilitare il [&hellip;]","protected":false},"author":4,"featured_media":0,"parent":455,"menu_order":0,"comment_status":"closed","ping_status":"closed","template":"","meta":{"footnotes":""},"class_list":["post-705","page","type-page","status-publish","hentry"],"_links":{"self":[{"href":"https:\/\/ambpanama.esteri.it\/it\/wp-json\/wp\/v2\/pages\/705","targetHints":{"allow":["GET"]}}],"collection":[{"href":"https:\/\/ambpanama.esteri.it\/it\/wp-json\/wp\/v2\/pages"}],"about":[{"href":"https:\/\/ambpanama.esteri.it\/it\/wp-json\/wp\/v2\/types\/page"}],"author":[{"embeddable":true,"href":"https:\/\/ambpanama.esteri.it\/it\/wp-json\/wp\/v2\/users\/4"}],"replies":[{"embeddable":true,"href":"https:\/\/ambpanama.esteri.it\/it\/wp-json\/wp\/v2\/comments?post=705"}],"version-history":[{"count":8,"href":"https:\/\/ambpanama.esteri.it\/it\/wp-json\/wp\/v2\/pages\/705\/revisions"}],"predecessor-version":[{"id":9228,"href":"https:\/\/ambpanama.esteri.it\/it\/wp-json\/wp\/v2\/pages\/705\/revisions\/9228"}],"up":[{"embeddable":true,"href":"https:\/\/ambpanama.esteri.it\/it\/wp-json\/wp\/v2\/pages\/455"}],"wp:attachment":[{"href":"https:\/\/ambpanama.esteri.it\/it\/wp-json\/wp\/v2\/media?parent=705"}],"curies":[{"name":"wp","href":"https:\/\/api.w.org\/{rel}","templated":true}]}}