{"id":71,"date":"2023-04-11T18:19:16","date_gmt":"2023-04-11T16:19:16","guid":{"rendered":"https:\/\/ambasciatapraga.esteri.it\/?page_id=71"},"modified":"2024-09-17T10:33:31","modified_gmt":"2024-09-17T15:33:31","slug":"servizi-notarili","status":"publish","type":"page","link":"https:\/\/ambpanama.esteri.it\/it\/servizi-consolari-e-visti\/servizi-per-il-cittadino-italiano\/servizi-notarili\/","title":{"rendered":"Servizi notarili"},"content":{"rendered":"<p style=\"text-align: justify;\" align=\"left\">L\u2019ufficio consolare esercita \u2013\u00a0<strong>esclusivamente nei confronti di cittadini italiani che si trovano all\u2019estero in via permanente o temporanea<\/strong>\u00a0\u2013 alcune funzioni notarili previste dal nostro ordinamento. Essenzialmente si tratta del ricevimento di atti pubblici (procure, testamenti), di atti notori, di autenticazioni e di sottoscrizioni apposte a scritture private.<\/p>\n<p style=\"text-align: justify;\" align=\"left\">Esistono tuttavia alcune differenze tra le competenze consolari in materia notarile e quelle attribuite ai notai esercenti in Italia, sostanzialmente connesse alla diversa posizione del Capo della Rappresentanza consolare, funzionario dello Stato, e quella del notaio, libero professionista.<\/p>\n<p style=\"text-align: justify;\" align=\"left\">In effetti:<\/p>\n<ul style=\"text-align: justify;\">\n<li>\n<div style=\"text-align: justify;\" align=\"left\">il notaio pu\u00f2 anche essere chiamato a fungere da consulente legale del cliente; egli pertanto pu\u00f2 assumere informazioni circa la solvibilit\u00e0 di una persona o agire da mediatore in una transazione, oppure consigliare il cliente circa rapporti familiari o finanziari.\u00a0<strong>E\u2019 escluso che l\u2019Autorit\u00e0 consolare possa svolgere attivit\u00e0 analoghe<\/strong>. Il suo consiglio, se richiesto, deve essere limitato al campo giuridico, con particolare riguardo alla validit\u00e0 degli atti che le si domanda di ricevere. La sua assistenza deve limitarsi alla legalit\u00e0 degli atti prospettati e non alla loro utilit\u00e0 economica.<\/div>\n<\/li>\n<li>\n<div align=\"left\">il notaio pu\u00f2 essere a volte il mandatario del cliente rispetto alla pubblicit\u00e0 e alla esecuzione di formalit\u00e0 relative agli atti da lui ricevuti.\u00a0<strong>Nessuna attivit\u00e0 di tale natura pu\u00f2, invece, essere svolta dal capo della Rappresentanza consolare<\/strong>.<\/div>\n<\/li>\n<li>\n<div align=\"left\">mentre il notaio ha diritto ad un onorario,\u00a0<strong>tutti gli atti consolari sono soggetti unicamente alla tassa indicata nella Tariffa consolare<\/strong>.<\/div>\n<\/li>\n<\/ul>\n<p style=\"text-align: justify;\" align=\"left\">Il cittadino italiano all\u2019estero pu\u00f2, in alternativa, formalizzare l\u2019atto presso un pubblico notaio ufficialmente accreditato nel Paese di residenza. Successivamente, se il Paese ha aderito alla Convenzione dell\u2019Aja del 1961 per l\u2019abolizione della legalizzazione, deve provvedere a far apporre sul documento l\u2019\u00abapostille\u00bb da parte dell\u2019Autorit\u00e0 preposta nel Paese di residenza. Se il Paese non ha aderito alla Convenzione suddetta, dovr\u00e0 far legalizzare la firma del notaio a cura della Rappresentanza consolare italiana.<\/p>\n<ul>\n<li><a href=\"https:\/\/www.esteri.it\/mae\/it\/ministero\/servizi\/sportello_info\">Ufficio relazioni con il pubblico<\/a><\/li>\n<li><a href=\"https:\/\/notariato.it\/it\/\">Consiglio nazionale del notariato<\/a><\/li>\n<li><a href=\"https:\/\/www.hcch.net\/en\/home\">Convenzione dell&#8217;Aja<\/a><\/li>\n<li><a href=\"https:\/\/www.esteri.it\/mae\/it\/ministero\/servizi\/italiani\/rappresentanze\/\">Rete uffici italiani all&#8217;estero<\/a><\/li>\n<li><a href=\"https:\/\/www.esteri.it\/mae\/it\/ministero\/servizi\/italiani\/rappresentanzestraniere.html\">Rappresentanze straniere in Italia<\/a><\/li>\n<\/ul>\n","protected":false},"excerpt":{"rendered":"L\u2019ufficio consolare esercita \u2013\u00a0esclusivamente nei confronti di cittadini italiani che si trovano all\u2019estero in via permanente o temporanea\u00a0\u2013 alcune funzioni notarili previste dal nostro ordinamento. Essenzialmente si tratta del ricevimento di atti pubblici (procure, testamenti), di atti notori, di autenticazioni e di sottoscrizioni apposte a scritture private. Esistono tuttavia alcune differenze tra le competenze consolari [&hellip;]","protected":false},"author":1,"featured_media":0,"parent":47,"menu_order":10,"comment_status":"closed","ping_status":"closed","template":"","meta":{"footnotes":""},"class_list":["post-71","page","type-page","status-publish","hentry"],"_links":{"self":[{"href":"https:\/\/ambpanama.esteri.it\/it\/wp-json\/wp\/v2\/pages\/71","targetHints":{"allow":["GET"]}}],"collection":[{"href":"https:\/\/ambpanama.esteri.it\/it\/wp-json\/wp\/v2\/pages"}],"about":[{"href":"https:\/\/ambpanama.esteri.it\/it\/wp-json\/wp\/v2\/types\/page"}],"author":[{"embeddable":true,"href":"https:\/\/ambpanama.esteri.it\/it\/wp-json\/wp\/v2\/users\/1"}],"replies":[{"embeddable":true,"href":"https:\/\/ambpanama.esteri.it\/it\/wp-json\/wp\/v2\/comments?post=71"}],"version-history":[{"count":6,"href":"https:\/\/ambpanama.esteri.it\/it\/wp-json\/wp\/v2\/pages\/71\/revisions"}],"predecessor-version":[{"id":6086,"href":"https:\/\/ambpanama.esteri.it\/it\/wp-json\/wp\/v2\/pages\/71\/revisions\/6086"}],"up":[{"embeddable":true,"href":"https:\/\/ambpanama.esteri.it\/it\/wp-json\/wp\/v2\/pages\/47"}],"wp:attachment":[{"href":"https:\/\/ambpanama.esteri.it\/it\/wp-json\/wp\/v2\/media?parent=71"}],"curies":[{"name":"wp","href":"https:\/\/api.w.org\/{rel}","templated":true}]}}