{"id":710,"date":"2023-11-07T12:15:56","date_gmt":"2023-11-07T17:15:56","guid":{"rendered":"https:\/\/ambpanama.esteri.it\/?page_id=710"},"modified":"2024-09-17T10:59:19","modified_gmt":"2024-09-17T15:59:19","slug":"borse-di-studio","status":"publish","type":"page","link":"https:\/\/ambpanama.esteri.it\/it\/italia-e-panama\/diplomazia-culturale\/studiare-in-italia\/borse-di-studio\/","title":{"rendered":"Borse di studio"},"content":{"rendered":"<p style=\"text-align: justify;\">Il Ministero degli Affari Esteri e della Cooperazione Internazionale (MAECI) offre ogni anno borse di studio, in favore di studenti stranieri e italiani residenti all\u2019estero (IRE), con l\u2019obiettivo di favorire la cooperazione in campo culturale, scientifico e tecnologico, la proiezione del sistema economico dell\u2019Italia nel mondo e la diffusione della conoscenza della lingua e cultura italiana (Rif. Legge 288\/55 e successive modifiche e integrazioni).<\/p>\n<p style=\"text-align: justify;\">Le borse di studio sono offerte per svolgere programmi di studio, formazione e\/o ricerca presso Istituzioni italiane statali o legalmente riconosciute.<\/p>\n<p style=\"text-align: justify;\">L\u2019elenco dell\u2019offerta formativa \u00e8 consultabile alla seguente pagina:<\/p>\n<p style=\"text-align: justify;\"><a href=\"https:\/\/studyinitaly.esteri.it\/\">https:\/\/studyinitaly.esteri.it<\/a><\/p>\n<p style=\"text-align: justify;\">Tipologie di corsi per i quali si possono presentare le candidature<\/p>\n<ul style=\"text-align: justify;\">\n<li>Corsi universitari di Laurea magistrale;<\/li>\n<li>Corsi di alta formazione professionale, artistica e musicale (AFAM);<\/li>\n<li>Dottorati di ricerca;<\/li>\n<li>Progetti di Studio in co-tutela;<\/li>\n<\/ul>\n<p style=\"text-align: justify;\">Le candidature online devono essere trasmesse utilizzando il Portale\u00a0<a href=\"https:\/\/studyinitaly.esteri.it\/\">Study in Italy<\/a><\/p>\n<p style=\"text-align: justify;\">Le candidature devono essere inviate esclusivamente per via telematica, accedendo al portale, previa registrazione attraverso username e password. Si raccomanda di leggere attentamente i relativi bandi.<\/p>\n<p style=\"text-align: justify;\">Ulteriori informazioni sono reperibili sul sito del Ministero degli Affari esteri e della Cooperazione Internazionale al seguente link: <a href=\"http:\/\/www.esteri.it\/mae\/it\/ministero\/servizi\/stranieri\/opportunita\/borsestudio_stranieri.html\">http:\/\/www.esteri.it\/mae\/it\/ministero\/servizi\/stranieri\/opportunita\/borsestudio_stranieri.html<\/a><\/p>\n<p style=\"text-align: justify;\">Per un elenco non esaustivo delle borse di studio e opportunit\u00e0 offerte dalle singole universit\u00e0 italiane, \u00e8 possibile consultare il seguente link: <a href=\"https:\/\/www.esteri.it\/mae\/it\/servizi\/stranieri\/opportunita\/borse-di-studio-offerte-dalle-universita.html\">https:\/\/www.esteri.it\/mae\/it\/servizi\/stranieri\/opportunita\/borse-di-studio-offerte-dalle-universita.html<\/a><\/p>\n","protected":false},"excerpt":{"rendered":"Il Ministero degli Affari Esteri e della Cooperazione Internazionale (MAECI) offre ogni anno borse di studio, in favore di studenti stranieri e italiani residenti all\u2019estero (IRE), con l\u2019obiettivo di favorire la cooperazione in campo culturale, scientifico e tecnologico, la proiezione del sistema economico dell\u2019Italia nel mondo e la diffusione della conoscenza della lingua e cultura [&hellip;]","protected":false},"author":4,"featured_media":0,"parent":99,"menu_order":3,"comment_status":"closed","ping_status":"closed","template":"","meta":{"footnotes":""},"class_list":["post-710","page","type-page","status-publish","hentry"],"_links":{"self":[{"href":"https:\/\/ambpanama.esteri.it\/it\/wp-json\/wp\/v2\/pages\/710","targetHints":{"allow":["GET"]}}],"collection":[{"href":"https:\/\/ambpanama.esteri.it\/it\/wp-json\/wp\/v2\/pages"}],"about":[{"href":"https:\/\/ambpanama.esteri.it\/it\/wp-json\/wp\/v2\/types\/page"}],"author":[{"embeddable":true,"href":"https:\/\/ambpanama.esteri.it\/it\/wp-json\/wp\/v2\/users\/4"}],"replies":[{"embeddable":true,"href":"https:\/\/ambpanama.esteri.it\/it\/wp-json\/wp\/v2\/comments?post=710"}],"version-history":[{"count":2,"href":"https:\/\/ambpanama.esteri.it\/it\/wp-json\/wp\/v2\/pages\/710\/revisions"}],"predecessor-version":[{"id":6180,"href":"https:\/\/ambpanama.esteri.it\/it\/wp-json\/wp\/v2\/pages\/710\/revisions\/6180"}],"up":[{"embeddable":true,"href":"https:\/\/ambpanama.esteri.it\/it\/wp-json\/wp\/v2\/pages\/99"}],"wp:attachment":[{"href":"https:\/\/ambpanama.esteri.it\/it\/wp-json\/wp\/v2\/media?parent=710"}],"curies":[{"name":"wp","href":"https:\/\/api.w.org\/{rel}","templated":true}]}}