{"id":722,"date":"2023-11-09T10:01:26","date_gmt":"2023-11-09T15:01:26","guid":{"rendered":"https:\/\/ambpanama.esteri.it\/?page_id=722"},"modified":"2024-09-17T10:51:26","modified_gmt":"2024-09-17T15:51:26","slug":"incontri","status":"publish","type":"page","link":"https:\/\/ambpanama.esteri.it\/it\/italia-e-panama\/diplomazia-economica\/incontri\/","title":{"rendered":"Incontri"},"content":{"rendered":"<p style=\"text-align: justify;\">L\u2019incontro pi\u00f9 recente tra autorit\u00e0 italiane e panamensi \u00e8 avvenuto con la visita del Sottosegretario di Stato agli Affari Esteri ed alla Cooperazione Internazionale,\u00a0<strong>Giorgio Silli<\/strong>, in occasione dell\u2019insediamento del nuovo Presidente <strong>Jos\u00e8 Raul Mulino<\/strong>\u00a0lo scorso 1 luglio 2024 e, precedentemente, nell\u2019ambito della XI Conferenza Italia-America Latina e Caraibi nell\u2019ottobre 2023, tenutasi a Roma con la partecipazione del\u00a0<strong>Vice Ministro degli Esteri di Panama, con delega alla cooperazione internazionale,<\/strong>\u00a0Yill Otero.<\/p>\n<p class=\"boxlevel04\" style=\"margin-top: 0cm; background: white;\">\n","protected":false},"excerpt":{"rendered":"L\u2019incontro pi\u00f9 recente tra autorit\u00e0 italiane e panamensi \u00e8 avvenuto con la visita del Sottosegretario di Stato agli Affari Esteri ed alla Cooperazione Internazionale,\u00a0Giorgio Silli, in occasione dell\u2019insediamento del nuovo Presidente Jos\u00e8 Raul Mulino\u00a0lo scorso 1 luglio 2024 e, precedentemente, nell\u2019ambito della XI Conferenza Italia-America Latina e Caraibi nell\u2019ottobre 2023, tenutasi a Roma con la [&hellip;]","protected":false},"author":4,"featured_media":0,"parent":43,"menu_order":3,"comment_status":"closed","ping_status":"closed","template":"","meta":{"footnotes":""},"class_list":["post-722","page","type-page","status-publish","hentry"],"_links":{"self":[{"href":"https:\/\/ambpanama.esteri.it\/it\/wp-json\/wp\/v2\/pages\/722","targetHints":{"allow":["GET"]}}],"collection":[{"href":"https:\/\/ambpanama.esteri.it\/it\/wp-json\/wp\/v2\/pages"}],"about":[{"href":"https:\/\/ambpanama.esteri.it\/it\/wp-json\/wp\/v2\/types\/page"}],"author":[{"embeddable":true,"href":"https:\/\/ambpanama.esteri.it\/it\/wp-json\/wp\/v2\/users\/4"}],"replies":[{"embeddable":true,"href":"https:\/\/ambpanama.esteri.it\/it\/wp-json\/wp\/v2\/comments?post=722"}],"version-history":[{"count":6,"href":"https:\/\/ambpanama.esteri.it\/it\/wp-json\/wp\/v2\/pages\/722\/revisions"}],"predecessor-version":[{"id":6167,"href":"https:\/\/ambpanama.esteri.it\/it\/wp-json\/wp\/v2\/pages\/722\/revisions\/6167"}],"up":[{"embeddable":true,"href":"https:\/\/ambpanama.esteri.it\/it\/wp-json\/wp\/v2\/pages\/43"}],"wp:attachment":[{"href":"https:\/\/ambpanama.esteri.it\/it\/wp-json\/wp\/v2\/media?parent=722"}],"curies":[{"name":"wp","href":"https:\/\/api.w.org\/{rel}","templated":true}]}}