{"id":73,"date":"2023-04-11T18:19:45","date_gmt":"2023-04-11T16:19:45","guid":{"rendered":"https:\/\/ambasciatapraga.esteri.it\/?page_id=73"},"modified":"2025-03-26T15:03:28","modified_gmt":"2025-03-26T20:03:28","slug":"traduzione-e-legalizzazione-dei-documenti","status":"publish","type":"page","link":"https:\/\/ambpanama.esteri.it\/it\/servizi-consolari-e-visti\/servizi-per-il-cittadino-italiano\/traduzione-e-legalizzazione-dei-documenti\/","title":{"rendered":"Traduzione e legalizzazione dei documenti"},"content":{"rendered":"<p><strong>Legalizzazione dei documenti<\/strong><\/p>\n<p style=\"text-align: justify;\">La Repubblica di Panama ha sottoscritto la Convenzione dell\u2019Aja del 5 ottobre 1961 relativa all\u2019abolizione della legalizzazione di atti pubblici stranieri. La necessit\u00e0 di legalizzare gli atti e i documenti rilasciati da autorit\u00e0 straniere \u00e8 sostituita da un&#8217;altra formalit\u00e0: l&#8217;apposizione della &#8220;apostille&#8221;. Pertanto, gli atti locali possono essere legalizzati mediante l&#8217;apposizione dell&#8217;Apostille sul documento stesso, presso il Ministerio de Relaciones Exteriores secondo le modalit\u00e0 pubblicate sul sito <a href=\"https:\/\/mire.gob.pa\/ministerio\/autenticaciones-y-legalizaciones\/\">istituzionale<\/a><\/p>\n<p style=\"text-align: justify;\"><strong>Traduzione<\/strong><\/p>\n<p style=\"text-align: justify;\"><em>Si forniscono qui di seguito le informazioni di carattere generale relative alla traduzione di qualsiasi atto o documento da presentare alle Autorit\u00e0 italiane.<\/em><\/p>\n<p style=\"text-align: justify;\">Per poter essere fatti valere dinanzi alle Autorit\u00e0 italiane, gli atti e i documenti rilasciati da autorit\u00e0 straniere, eccetto quelli redatti su modelli plurilingue previsti da Convenzioni internazionali, devono essere tradotti in italiano, si precisa che la traduzione deve essere effettuata dalla lingua originale del documento all&#8217;italiano.<\/p>\n<p style=\"text-align: justify;\">Per i documenti rilasciati in lingua spagnola e inglese si informa che questa Ambasciata d\u2019Italia accetta le traduzioni in italiano effettuate dai traduttori pubblici autorizzati iscritti nei registri del Ministero degli Esteri della Repubblica di Panama, la cui lista completa \u00e8 disponibile sul sito dello stesso Ministero degli Esteri (elenco di <a href=\"https:\/\/mire.gob.pa\/listado-de-traductores-publicos-actualizado\/?nowprocket=1\">traduttori<\/a>)<\/p>\n<p style=\"text-align: justify;\">Gli interessati al servizio di traduzione di atti e documenti, dovranno mettersi in contatto diretto con uno dei traduttori presenti sulla predetta lista. Le traduzioni effettuate dal traduttore pubblico autorizzato dovranno essere dichiarate conformi all\u2019originale dallo stesso traduttore, che apporr\u00e0 in calce alla traduzione la propria qualifica, la dicitura che, sotto la sua responsabilit\u00e0, dichiara la traduzione perfettamente conforme al testo originale e la sua sottoscrizione.<\/p>\n<p style=\"text-align: justify;\">La firma del traduttore pubblico dovr\u00e0 essere successivamente legalizzata mediante l\u2019Apostille, per poi poter presentare il documento completo di traduzione e legalizzazione alle Autorit\u00e0 italiane competenti.<\/p>\n<p style=\"text-align: justify;\">Per i documenti ed atti da presentare a questa Ambasciata, consultare le informazioni presenti nelle apposite sezioni di questo sito.<\/p>\n<p style=\"text-align: justify;\">(Orario di ricevimento del pubblico : luned\u00ec, mercoled\u00ec, venerd\u00ec 9.00 \u2013 12.30 \/ marted\u00ec, gioved\u00ec 13.30 -15.00 previo appuntamento)<\/p>\n<p style=\"text-align: justify;\"><strong>N.B. La scelta del professionista \u00e8 strettamente personale. L\u2019Ambasciata non sottopone a verifica la loro attivit\u00e0, n\u00e9 risponde per il loro operato, n\u00e9 risponde per le tariffe dai medesimi praticate. L\u2019Ambasciata non pu\u00f2 pertanto assumere alcuna responsabilit\u00e0 sugli esiti di eventuali rapporti che avverranno su base del tutto diretta e privatistica.<\/strong><\/p>\n<p style=\"text-align: justify;\"><a id=\"Traduzione Legalizzazione Documenti\" title=\"Traduzione Legalizzazione Documenti\" href=\"https:\/\/www.esteri.it\/mae\/it\/servizi\/italiani-all-estero\/traduzione-e-legalizzazione-documenti.html\"><strong>Link informazioni generali<\/strong><\/a><\/p>\n","protected":false},"excerpt":{"rendered":"Legalizzazione dei documenti La Repubblica di Panama ha sottoscritto la Convenzione dell\u2019Aja del 5 ottobre 1961 relativa all\u2019abolizione della legalizzazione di atti pubblici stranieri. La necessit\u00e0 di legalizzare gli atti e i documenti rilasciati da autorit\u00e0 straniere \u00e8 sostituita da un&#8217;altra formalit\u00e0: l&#8217;apposizione della &#8220;apostille&#8221;. Pertanto, gli atti locali possono essere legalizzati mediante l&#8217;apposizione dell&#8217;Apostille [&hellip;]","protected":false},"author":1,"featured_media":0,"parent":47,"menu_order":14,"comment_status":"closed","ping_status":"closed","template":"","meta":{"footnotes":""},"class_list":["post-73","page","type-page","status-publish","hentry"],"_links":{"self":[{"href":"https:\/\/ambpanama.esteri.it\/it\/wp-json\/wp\/v2\/pages\/73","targetHints":{"allow":["GET"]}}],"collection":[{"href":"https:\/\/ambpanama.esteri.it\/it\/wp-json\/wp\/v2\/pages"}],"about":[{"href":"https:\/\/ambpanama.esteri.it\/it\/wp-json\/wp\/v2\/types\/page"}],"author":[{"embeddable":true,"href":"https:\/\/ambpanama.esteri.it\/it\/wp-json\/wp\/v2\/users\/1"}],"replies":[{"embeddable":true,"href":"https:\/\/ambpanama.esteri.it\/it\/wp-json\/wp\/v2\/comments?post=73"}],"version-history":[{"count":5,"href":"https:\/\/ambpanama.esteri.it\/it\/wp-json\/wp\/v2\/pages\/73\/revisions"}],"predecessor-version":[{"id":7516,"href":"https:\/\/ambpanama.esteri.it\/it\/wp-json\/wp\/v2\/pages\/73\/revisions\/7516"}],"up":[{"embeddable":true,"href":"https:\/\/ambpanama.esteri.it\/it\/wp-json\/wp\/v2\/pages\/47"}],"wp:attachment":[{"href":"https:\/\/ambpanama.esteri.it\/it\/wp-json\/wp\/v2\/media?parent=73"}],"curies":[{"name":"wp","href":"https:\/\/api.w.org\/{rel}","templated":true}]}}