{"id":737,"date":"2023-11-09T10:07:55","date_gmt":"2023-11-09T15:07:55","guid":{"rendered":"https:\/\/ambpanama.esteri.it\/?page_id=737"},"modified":"2024-09-17T10:53:01","modified_gmt":"2024-09-17T15:53:01","slug":"turismo","status":"publish","type":"page","link":"https:\/\/ambpanama.esteri.it\/it\/italia-e-panama\/diplomazia-economica\/scheda-del-paese\/turismo\/","title":{"rendered":"Turismo"},"content":{"rendered":"<p class=\"boxlevel03\" style=\"text-align: justify;\"><b><span style=\"font-size: 13.5pt; font-family: 'Geneva',sans-serif; color: #1a1a1a;\">Panama<\/span><\/b><span style=\"font-size: 13.5pt; font-family: 'Geneva',sans-serif; color: #1a1a1a;\">\u00a0\u00e8 uno stato dell\u2019America centrale, caratterizzato da una particolare forma a \u201cS\u201d orizzontale, bagnata da due ampi versanti marini, l\u2019uno sull\u2019oceano Pacifico, l\u2019altro sul mar dei Caraibi. Tra l\u2019uno e l\u2019altro versante si interpongono catene montuose che raggiungono cime elevate nella \u201cCordillera Central\u201d situata nell\u2019ovest, ai confini con la Costa Rica e in quella detta \u201cSerran\u00eda del Dari\u00e9n\u201d dalla parte opposta, ai confini con la Colombia.<\/span><\/p>\n<p class=\"boxlevel03\" style=\"text-align: justify;\"><span style=\"font-size: 13.5pt; font-family: 'Geneva',sans-serif; color: #1a1a1a;\">Il confine tra l\u2019America Settentrionale, comprensiva della zona comunemente indicata come America Centrale, e l\u2019America Meridionale, viene generalmente posto lungo l\u2019Istmo di Panama. Questa circostanza rende Panama un\u00a0<b>Paese transcontinentale<\/b>, in quanto posto a cavallo tra due continenti, ed un\u00a0<b>ponte naturale che porta dall\u2019America Settentrionale verso quella Meridionale<\/b>.<\/span><\/p>\n<p class=\"boxlevel03\" style=\"text-align: justify;\"><span style=\"font-size: 13.5pt; font-family: 'Geneva',sans-serif; color: #1a1a1a;\">Circondata dal mare, illuminata dal sole tropicale e dalla ricca biodiversit\u00e0, Panama (che in lingua indigena significa abbondanza di pesci) \u00e8 una delle\u00a0<b>attrazioni turistiche dal maggior potenziale di crescita al mondo<\/b>. Il Forum Economico Mondiale nel <\/span><span style=\"font-size: 13.5pt; font-family: 'Geneva',sans-serif;\">2021 (edizione pi\u00f9 recente) <span style=\"color: #1a1a1a;\">colloca Panama alla <\/span>60ma<span style=\"color: #1a1a1a;\"> posizione tra le 140 mete turistiche pi\u00f9 competitive al mondo. La percentuale dell\u2019industria dei viaggi e del turismo \u00e8 pari al 5.8% del PIL.<\/span><\/span><\/p>\n<p class=\"boxlevel03\" style=\"text-align: justify;\"><span style=\"font-size: 13.5pt; font-family: 'Geneva',sans-serif; color: #1a1a1a;\">Definito \u201c<b>Hub delle Americhe<\/b>\u201d l\u2019aeroporto internazionale di Tocumen offre la\u00a0<b>migliore connessione nell\u2019America Latina<\/b>, essendo il pi\u00f9 connesso nella regione, con il maggior numero di voli internazionali diretti (pi\u00f9 di 132.000 all\u2019anno).<\/span><\/p>\n<p class=\"boxlevel03\" style=\"text-align: justify;\"><span style=\"font-size: 13.5pt; font-family: 'Geneva',sans-serif; color: #1a1a1a;\">La ATP- Autoridad de Turismo de Panam\u00e1, \u00e8 l\u2019ente governativo che assicura la promozione mondiale di Panama\u00a0<\/span><a href=\"https:\/\/www.atp.gob.pa\/\"><span style=\"font-size: 13.5pt; font-family: 'Geneva',sans-serif;\">https:\/\/www.atp.gob.pa<\/span><\/a><\/p>\n<p class=\"boxlevel03\" style=\"text-align: justify;\"><span style=\"font-size: 13.5pt; font-family: 'Geneva',sans-serif; color: #1a1a1a;\">La costruzione del\u00a0<b>Canale di Panama<\/b>\u00a0ha permesso l\u2019incontro fra le acque dei due Oceani ed \u00e8 per questo che si parla di Panama come del\u00a0<b><i>Paese dove gli Oceani si baciano<\/i><\/b>.<\/span><\/p>\n<p class=\"boxlevel03\" style=\"text-align: justify;\"><span style=\"font-size: 13.5pt; font-family: 'Geneva',sans-serif; color: #1a1a1a;\">Panama tuttavia non \u00e8 soltanto il Canale, ma \u00e8 un territorio pieno di sorprese che vanta un\u2019incredibile variet\u00e0 di fauna e flora. La\u00a0<b>natura rappresenta uno dei punti di attrazione maggiore del Paese<\/b>: sono famosi il parco internazionale La Amistad, il parco nazionale del\u00a0<b>Dari\u00e9n<\/b>, l\u2019isola di\u00a0<b>Coiba<\/b>\u00a0(dichiarata Patrimonio Mondiale dell\u2019Umanit\u00e0 dell\u2019UNESCO nel 2005) e molte altre dalle spiagge incantevoli. Nella zona della giungla pi\u00f9 fitta vivono i puma e i giaguari e nel Paese vi sono pi\u00f9 di 10.000 specie di piante diverse. L\u2019arcipelago di\u00a0<b>San Blas<\/b>\u00a0\u00e9 uno dei pi\u00fa incontaminati paradisi tropicali al mondo, mentre l\u2019arcipelago di\u00a0<b>Bocas del Toro<\/b>, dalla natura rigogliosa, attira turisti e amanti del surf.<\/span><\/p>\n<p class=\"boxlevel03\" style=\"text-align: justify;\"><b><span style=\"font-size: 13.5pt; font-family: 'Geneva',sans-serif; color: #1a1a1a;\">Provincia di Panama e Panama Oeste<\/span><\/b><\/p>\n<p class=\"boxlevel03\" style=\"text-align: justify;\"><b><span style=\"font-size: 13.5pt; font-family: 'Geneva',sans-serif; color: #1a1a1a;\">Citt\u00e0\u00a0di Panama<\/span><\/b><span style=\"font-size: 13.5pt; font-family: 'Geneva',sans-serif; color: #1a1a1a;\">\u00a0(in spagnolo Ciudad de Panam\u00e1, in inglese Panama city) \u00e8 il capoluogo dell\u2019omonima provincia. Costeggiata dal Canale di Panama, una delle pi\u00f9 importanti opere ingegneristiche mai realizzate che ogni anno attrae circa un milione di visitatori, nella\u00a0capitale cosmopolita e dinamica si fondono la modernit\u00e0 e la colonizzazione, creando un\u2019atmosfera vibrante. Il quartiere coloniale del Casco Antiguo, con i suoi edifici storici e i locali con terrazze dalla vista mozzafiato, richiama turisti giorno e notte, mentre un\u2019offerta gastronomica\u00a0internazionale soddisfa gli amanti della buona cucina.<\/span><\/p>\n<p class=\"boxlevel03\" style=\"text-align: justify;\"><span style=\"font-size: 13.5pt; font-family: 'Geneva',sans-serif; color: #1a1a1a;\">Il\u00a0<b>Golfo di Panama<\/b>\u00a0si pu\u00f2 suddividere in tre aree principali:\u00a0<b>l\u2019area Nord-Ovest<\/b>\u00a0che comprende le isole di Taboga, Taboguilla e Urab\u00e1;\u00a0<b>l\u2019area centrale<\/b>\u00a0formata dal maggior numero di isole tra cui Contadora;\u00a0<b>l\u2019area Sud<\/b>\u00a0che comprende le tre isole maggiori: Isla del Rey, Isla San Jos\u00e9, Isla Pedro Gonzal\u00e9s.<\/span><\/p>\n<p class=\"boxlevel03\" style=\"text-align: justify;\"><span style=\"font-size: 13.5pt; font-family: 'Geneva',sans-serif; color: #1a1a1a;\">L\u2019isola di\u00a0<b>Taboga<\/b>\u00a0si trova a circa 12 km dalla capitale sul vesante del Pacifico. Lungo la traversata in barca \u00e8 possibile vedere l\u2019entrata del Canale, il Ponte de Las Am\u00e9ricas e la Cazada di Amador. Per la mancanza di auto, le stradine strette, la chiesetta coloniale del 1550 e i molti fiori che adornano le case, viene denominata isola dei fiori.<\/span><\/p>\n<p class=\"boxlevel03\" style=\"text-align: justify;\"><span style=\"font-size: 13.5pt; font-family: 'Geneva',sans-serif; color: #1a1a1a;\">L\u2019arcipelago\u00a0<b>Las Perlas<\/b>\u00a0comprende circa duecento isolotti con spiagge bianche, sabbie finissime e fondali di corallo. L\u2019isola maggiore dell\u2019arcipelago \u00e8 Isla del Rey, una riserva marina ricca di gamberi che vengono esportati in tutto il mondo. Nonostante sia un\u2019isola di piccole dimensioni, dal punto di vista turistico,\u00a0<b>Contadora<\/b>\u00a0\u00e8 la pi\u00f9 importante dell\u2019arcipelago. L\u2019isola \u00e8 di appena un chilometro quadrato ed \u00e8 possibile percorrerla a piedi.<\/span><\/p>\n<p class=\"boxlevel03\" style=\"text-align: justify;\"><b><span style=\"font-size: 13.5pt; font-family: 'Geneva',sans-serif; color: #1a1a1a;\">Provincia di Bocas del Toro<\/span><\/b><\/p>\n<p class=\"boxlevel03\" style=\"text-align: justify;\"><span style=\"font-size: 13.5pt; font-family: 'Geneva',sans-serif; color: #1a1a1a;\">L\u2019arcipelago di\u00a0<b>Bocas del Toro<\/b>, comprendente la laguna di Chriqu\u00ed e la Baia di Almirante, fu scoperto da Colombo nel 1502. La Provincia di Bocas del Toro, creata dal governo panamense al momento della separazione dalla Colombia (22 aprile 1904), comprende un arcipelago di nove isole a cui fanno da contorno circa duecento isolotti e si caratterizza per l\u2019estensione della costa, ricca di fondali corallini e di mangrovie e per la ricchezza dei boschi e della giungla. Negli anni Venti, Bocas del Toro era una citt\u00e0 cosmopolita di circa 22 mila abitanti che comunicavano tra loro soprattutto in inglese. Solo con l\u2019avvento della Repubblica, a inizio Novecento, lo spagnolo \u00e8 diventato lingua ufficiale. L\u2019attivit\u00e0 bananera ha dato una gran prosperit\u00e0 alla zona ma negli anni Trenta un fungo distrusse le piantagioni e port\u00f2 al declino economico dell\u2019area. Tuttavia, negli ultimi decenni, l\u2019arcipelago \u00e9 divenuto un\u2019importante meta turistica che attrae giovani e\u00a0<b>amanti del surf<\/b>\u00a0da tutto il continente americano, mentre nelle isole di Col\u00f3n e Bastimentos sono nati numerosi hotel ed ecoresort per una vacanza all\u2019insegna del mare e delle\u00a0<b>immersioni<\/b>.<\/span><\/p>\n<p class=\"boxlevel03\" style=\"text-align: justify;\"><b><span style=\"font-size: 13.5pt; font-family: 'Geneva',sans-serif; color: #1a1a1a;\">Provincia di Chiriqu\u00ed<\/span><\/b><\/p>\n<p class=\"boxlevel03\" style=\"text-align: justify;\"><span style=\"font-size: 13.5pt; font-family: 'Geneva',sans-serif; color: #1a1a1a;\">La Provincia di\u00a0<b>Chiriqu\u00ed<\/b>\u00a0e\u2019 considerata la Svizzera panamense per le sue vallate ricche di fiori, gli chalet e la freschezza del suo clima, mentre gli indios la chiamano Valle della Luna per i suoi contrasti paesaggistici: montagne alte, terre fertili e spiagge oceaniche. Proprio questa variet\u00e0 paesaggistica ha permesso lo sviluppo di varie attivit\u00e0 produttive: dall\u2019allevamento dei cavalli alle piantagioni di caff\u00e8 e di banane, dalle serre di fiori coltivati agli aranceti. La principale destinazione turistica \u00e8 la piccola citt\u00e0 di\u00a0<b>Boquete<\/b>, da dove si possono visitare\u00a0<b>piantagioni di\u00a0caff\u00e8<\/b>\u00a0e percorsi naturali che portano sino alla vetta del\u00a0<b>vulcano Bar\u00fa<\/b>.<\/span><\/p>\n<p class=\"boxlevel03\" style=\"text-align: justify;\"><b><span style=\"font-size: 13.5pt; font-family: 'Geneva',sans-serif; color: #1a1a1a;\">Comarca Kuna Yala<\/span><\/b><\/p>\n<p class=\"boxlevel03\" style=\"text-align: justify;\"><span style=\"font-size: 13.5pt; font-family: 'Geneva',sans-serif; color: #1a1a1a;\">La\u00a0<b>Comarca Kuna Yala<\/b>\u00a0\u00e8 un territorio autonomo che si trova a Nordest del Paese e comprende oltre all\u2019Arcipelago di\u00a0<b>San Blas<\/b>\u00a0anche una stretta striscia di costa caraibica lunga circa 350 km. Questo territorio \u00e8 abitato da circa 50.000\u00a0<b>Indios Kuna<\/b>, molti dei quali vivono anche nella provincia del Dari\u00e9n.<\/span><\/p>\n<p class=\"boxlevel03\" style=\"text-align: justify;\"><b><span style=\"font-size: 13.5pt; font-family: 'Geneva',sans-serif; color: #1a1a1a;\">Kuna Yala<\/span><\/b><span style=\"font-size: 13.5pt; font-family: 'Geneva',sans-serif; color: #1a1a1a;\">, la pi\u00f9 grande tra le Comarche abitate dai Kuna, \u00e8 stata dichiarata nel 1957 riserva indigena e come tale protetta. I Kuna sono dotati oggi di grande autonomia, sono proprietari delle loro isole e non pagano imposte al governo. Da sempre utilizzano una loro lingua che fino al secolo scorso era solamente orale e che ancora oggi trova delle resistenze ad essere utilizzata per iscritto. La struttura sociale e familiare \u00e8 matriarcale,\u00a0i\u00a0beni vengono trasmessi di madre in figlia e l\u2019uomo deve lavorare per garantire il benessere della famiglia. Credono nella Grande Madre e in otto livelli spirituali che si trovano in tutto ci\u00f2 che esiste, per questo hanno un gran rispetto per l\u2019ambiente e rifiutano ogni intrusione nella loro civilt\u00e0.<\/span><\/p>\n<p class=\"boxlevel03\" style=\"text-align: justify;\"><span style=\"font-size: 13.5pt; font-family: 'Geneva',sans-serif; color: #1a1a1a;\">L\u2019arcipelago di\u00a0<b>San Blas<\/b>, composto da oltre 360 isole ed atolli, \u00e9 un paradiso tropicale di sabbia bianca e mare cristallino. Viene visitato da numerosi turisti sia in alloggi gestiti dai Kuna, sia con crociere e charter in barca a vela e catamarano.<\/span><\/p>\n<p class=\"boxlevel03\" style=\"text-align: justify;\"><b><span style=\"font-size: 13.5pt; font-family: 'Geneva',sans-serif; color: #1a1a1a;\">Provincia di Col\u00f3n<\/span><\/b><\/p>\n<p class=\"boxlevel03\" style=\"text-align: justify;\"><span style=\"font-size: 13.5pt; font-family: 'Geneva',sans-serif; color: #1a1a1a;\">La provincia di Col\u00f3n (cos\u00ec chiamata in onore all\u2019esploratore italiano) \u00e8 la\u00a0<b>seconda per importanza nel Paese.<\/b>\u00a0Il territorio nella parte interna \u00e8 pianeggiante e tale conformazione \u00e8 stata determinante per la costruzione del Canale interoceanico. L\u2019omonima capitale,\u00a0<b>Col\u00f3n, \u00e8 un\u2019importante citt\u00e0 portuaria<\/b>\u00a0sede della ZLC (Zona libera Col\u00f3n). A livello portuario Col\u00f3n \u00e8 considerata la citt\u00e0 pi\u00f9 importante dei Caribi, grazie alla sua posizione sull\u2019entrata atlantica del Canale e grazie alla sua zona libera, seconda per importanza solo a Hong Kong. La citt\u00e0 \u00e8 stata fondata nel 1852 dagli statunitensi.<\/span><\/p>\n<p class=\"boxlevel03\" style=\"text-align: justify;\"><span style=\"font-size: 13.5pt; font-family: 'Geneva',sans-serif; color: #1a1a1a;\">Sulla costa vi sono ancora i resti di splendide fortificazioni coloniali di epoca spagnola, tra cui\u00a0<b>Portobelo<\/b>\u00a0e il\u00a0<b>Forte di San Lorenzo<\/b>, numerose isole incontaminate e spiagge\u00a0tropicali, ed \u00e9 molto diffusa e caratteristica la\u00a0<b>cultura Congo<\/b>, che contraddistingue la popolazione di origine\u00a0afrocaraibica, dichiarata patrimonio immateriale dell\u2019UNESCO nel 2018.<\/span><\/p>\n<p class=\"boxlevel03\" style=\"text-align: justify;\"><b><span style=\"font-size: 13.5pt; font-family: 'Geneva',sans-serif; color: #1a1a1a;\">Los Santos e province centrali<\/span><\/b><\/p>\n<p class=\"boxlevel03\" style=\"text-align: justify;\"><span style=\"font-size: 13.5pt; font-family: 'Geneva',sans-serif; color: #1a1a1a;\">La Provincia di Los Santos, creata nel 1850, fa parte della\u00a0<b>penisola di Azuero<\/b>\u00a0e con\u00a0<b>Herrera, Cocl\u00e9 e Veraguas<\/b>\u00a0forma le cosiddette province centrali del paese. Nella parte interna il territorio \u00e8 piuttosto montuoso mentre il litorale \u00e8 caratterizzato da spiagge solitarie disseminate lungo tutta la costa, anch\u2019esse meta di surfisti. Si tratta delle\u00a0<b>province pi\u00f9 tradizionali<\/b>\u00a0di Panama, dove sono celebri le\u00a0<b>feste di carnevale<\/b>\u00a0e le\u00a0<b><i>polleras<\/i><\/b><i>\u00a0<\/i>(gli abiti tipici delle donne panamensi).<\/span><\/p>\n<p class=\"boxlevel03\" style=\"text-align: justify;\"><span style=\"font-size: 13.5pt; font-family: 'Geneva',sans-serif; color: #1a1a1a;\">La Riserva Naturale\u00a0<b>Isla Iguana<\/b>, a 7 km dalla costa, si trova nella Provincia di Los Santos, nel distretto di\u00a0<b>Pedasi<\/b>, e vi si pu\u00f2 ammirare la\u00a0<b>barriera corallina pi\u00f9 grande e meglio preservata di Panama<\/b>. Estesa quasi 16 ettari, la barriera comprende 11 specie di coralli, che, secondo gli studiosi, risalgono a cinque mila anni fa, e centinaia di pesci. Nell\u2019area costiera si trovano diverse specie di mangrovie mentre la parte interna \u00e8 boscosa. Nel 1980 l\u2019isola \u00e8 stata dichiarata Rifugio di Vita Silvestre e in quanto tale protetta.<\/span><\/p>\n<p class=\"boxlevel03\" style=\"text-align: justify;\"><b><span style=\"font-size: 13.5pt; font-family: 'Geneva',sans-serif; color: #1a1a1a;\">Provincia del Darien<\/span><\/b><\/p>\n<p class=\"boxlevel03\" style=\"text-align: justify;\"><span style=\"font-size: 13.5pt; font-family: 'Geneva',sans-serif; color: #1a1a1a;\">La Provincia del\u00a0<b>Dari\u00e9n<\/b>\u00a0\u00e8 la pi\u00f9 selvaggia ed impenetrabile di tutto l\u2019Istmo panamense. Questa vasta Provincia, creata nel 1922, comprende circa il 22% di tutto il territorio nazionale. I quasi 17.000 km quadrati, scarsamente abitati, sono ricoperti per buona parte dalla giungla e sono solcati da ampi fiumi che possono raggiungere i 18 km di larghezza. Buona parte della giungla \u00e8 stata dichiarata area protetta dall\u2019UNESCO e da altre organizzazioni internazionali ed infatti gran parte della provincia \u00e8 parte del Parco Nazionale del Dari\u00e9n.<\/span><\/p>\n<p class=\"boxlevel03\" style=\"text-align: justify;\"><span style=\"font-size: 13.5pt; font-family: 'Geneva',sans-serif; color: #1a1a1a;\">La giungla costituisce una barriera naturale che impedisce ogni collegamento diretto con la vicina Colombia ed \u00e9, anche questo motivo,\u00a0<b>una zona particolarmente\u00a0pericolosa, dove \u00e8 sconsigliato avventurarsi senza tutte le opportune precauzioni<\/b>. Vi sono comunque alcuni esclusivi eco resort nella giungla e mentre diverse agenzie turistiche offrono tour e percorsi naturalistici.<\/span><\/p>\n","protected":false},"excerpt":{"rendered":"Panama\u00a0\u00e8 uno stato dell\u2019America centrale, caratterizzato da una particolare forma a \u201cS\u201d orizzontale, bagnata da due ampi versanti marini, l\u2019uno sull\u2019oceano Pacifico, l\u2019altro sul mar dei Caraibi. Tra l\u2019uno e l\u2019altro versante si interpongono catene montuose che raggiungono cime elevate nella \u201cCordillera Central\u201d situata nell\u2019ovest, ai confini con la Costa Rica e in quella detta [&hellip;]","protected":false},"author":4,"featured_media":0,"parent":732,"menu_order":0,"comment_status":"closed","ping_status":"closed","template":"","meta":{"footnotes":""},"class_list":["post-737","page","type-page","status-publish","hentry"],"_links":{"self":[{"href":"https:\/\/ambpanama.esteri.it\/it\/wp-json\/wp\/v2\/pages\/737","targetHints":{"allow":["GET"]}}],"collection":[{"href":"https:\/\/ambpanama.esteri.it\/it\/wp-json\/wp\/v2\/pages"}],"about":[{"href":"https:\/\/ambpanama.esteri.it\/it\/wp-json\/wp\/v2\/types\/page"}],"author":[{"embeddable":true,"href":"https:\/\/ambpanama.esteri.it\/it\/wp-json\/wp\/v2\/users\/4"}],"replies":[{"embeddable":true,"href":"https:\/\/ambpanama.esteri.it\/it\/wp-json\/wp\/v2\/comments?post=737"}],"version-history":[{"count":4,"href":"https:\/\/ambpanama.esteri.it\/it\/wp-json\/wp\/v2\/pages\/737\/revisions"}],"predecessor-version":[{"id":6170,"href":"https:\/\/ambpanama.esteri.it\/it\/wp-json\/wp\/v2\/pages\/737\/revisions\/6170"}],"up":[{"embeddable":true,"href":"https:\/\/ambpanama.esteri.it\/it\/wp-json\/wp\/v2\/pages\/732"}],"wp:attachment":[{"href":"https:\/\/ambpanama.esteri.it\/it\/wp-json\/wp\/v2\/media?parent=737"}],"curies":[{"name":"wp","href":"https:\/\/api.w.org\/{rel}","templated":true}]}}