{"id":74,"date":"2023-04-11T18:20:09","date_gmt":"2023-04-11T16:20:09","guid":{"rendered":"https:\/\/ambasciatapraga.esteri.it\/?page_id=74"},"modified":"2026-01-29T14:43:22","modified_gmt":"2026-01-29T19:43:22","slug":"autoveicoli-e-patenti-di-guida","status":"publish","type":"page","link":"https:\/\/ambpanama.esteri.it\/it\/servizi-consolari-e-visti\/servizi-per-il-cittadino-italiano\/autoveicoli-e-patenti-di-guida\/","title":{"rendered":"Autoveicoli e Patenti di guida"},"content":{"rendered":"<p style=\"text-align: justify;\"><strong>Rinnovo della patente italiana<\/strong><\/p>\n<p style=\"text-align: justify;\">Si informa che possono richiedere il rilascio dell\u2019<strong>attestazione del rinnovo della patente italiana<\/strong>\u00a0(sempre che\u00a0<strong>non sia scaduta da pi\u00f9 di cinque anni<\/strong>) i titolari di patente di guida residenti in questa circoscrizione consolare.<\/p>\n<p style=\"text-align: justify;\">I cittadini italiani iscritti all&#8217;AIRE in Panama possono richiedere il servizio di &#8216;<strong>Rinnovo della patente italiana<\/strong>&#8216; presso l&#8217;Ambasciata d&#8217;Italia a Panama. Per accedere al servizio, \u00e8 necessario prendere un appuntamento online per &#8216;Servizi Consolari&#8217; attraverso il sistema <a href=\"https:\/\/prenotami.esteri.it\/\">Prenot@Mi<\/a>. e presentarsi personalmente all&#8217;appuntamento.<\/p>\n<p style=\"text-align: justify;\">Si ricorda che in caso di furto o smarrimento della patente non viene rilasciato un duplicato della stessa.<\/p>\n<p style=\"text-align: justify;\"><strong>Prima del rilascio dell\u2019Attestazione del rinnovo della patente<\/strong>\u00a0da parte della gli interessati dovranno\u00a0<strong>effettuare la visita medica<\/strong>\u00a0con il medico di fiducia di questa Ambasciata, per ottenere il relativo certificato.<\/p>\n<blockquote><p>Dr. Frederick Medrano (Hospital Nacional) 207 8342 \/ 6676 3744, che verifichi la sussistenza dei requisiti psico-fisici di legge. <strong>Il costo del certificato \u00e8 a carico dell\u2019interessato<\/strong>;<\/p><\/blockquote>\n<p style=\"text-align: justify;\">A tale scopo i cittadini italiani residenti all&#8217;estero ed iscritti AIRE in questa circoscrizione consolare dovranno presentare la seguente documentazione:<\/p>\n<p style=\"text-align: justify;\">1. <a href=\"https:\/\/ambpanama.esteri.it\/wp-content\/uploads\/2023\/11\/rinnovo_patente.pdf\">Formulario<\/a>\u00a0di richiesta\u00a0rinnovo patente, da compilare in ogni sua parte;<br \/>\n2. Originale del Certificato medico rilasciato dal medico di fiducia durante la visita con timbro e firma;<br \/>\n3. pagamento in contatti\u00a0 degli art. <strong>66D <\/strong>(conferma della patente di guida) \u00a0e dell&#8217;art. <strong>NAA<\/strong> (imposta di bollo) della <a href=\"https:\/\/ambpanama.esteri.it\/it\/servizi-consolari-e-visti\/servizi-per-il-cittadino-italiano\/diritti-consolari\/\">tabella dei diritti consolari<\/a>)<br \/>\n4. una foto formato carnet a colori sfondo bianco;<br \/>\n5. originale e copia della patente fronte\/retro.<\/p>\n<blockquote><p><strong>Dove richiedere il servizio:\u00a0<\/strong><\/p>\n<p>presentandosi il cittadino italiano interessato presso l\u2019Ambasciata d\u2019Italia a Panama, prenotando un appuntamento per \u201c<strong>Servizi Consolar<\/strong>i\u201d attraverso il portale\u00a0<a href=\"mailto:Prenota@mI\">Prenota@mi<\/a><\/p><\/blockquote>\n<p style=\"text-align: justify;\">Si informano i connazionali, che l\u2019incompleta o inesatta compilazione della domanda potrebbe comportare la restituzione della documentazione senza il rilascio del certificato richiesto.<\/p>\n<p style=\"text-align: justify;\">Si ricorda l\u2019<strong>obbligo<\/strong>,\u00a0<strong>entro sei mesi dalla riacquisizione della residenza in Italia<\/strong>, di\u00a0<strong>rinnovare la patente<\/strong>\u00a0stessa secondo la procedura ordinaria prevista al comma 8 dell\u2019Art. 126 del Codice della Strada anche nel caso in cui il rinnovo fatto presso l\u2019Autorit\u00e0 diplomatico-consolare italiana sia ancora valido.<\/p>\n<p style=\"text-align: justify;\">Sar\u00e0\u00a0<strong>sempre necessario conservare l\u2019attestazione unitamente alla patente di guida<\/strong>\u00a0e in particolare esibirla per effettuare la visita medica per la conferma di validit\u00e0 in Italia al fine di provare al medico accertatore l\u2019avvenuto rinnovo all\u2019estero e quindi di dimostrare l\u2019assenza di periodi di mancato esercizio alla guida.<\/p>\n<p style=\"text-align: justify;\"><strong>CONVERSIONE PATENTE DI GUIDA ITALIANA A PANAMENSE<\/strong><\/p>\n<p style=\"text-align: justify;\">L\u2019ente competente per la conversione di una patente italiana nel territorio panamense \u00e8 il <strong>Sertracen<\/strong>. Per informazioni sui requisiti per la conversione si consiglia di visitare il sito web del\u00a0<a href=\"https:\/\/www.sertracen.com.pa\/homologacion-de-licencia\/\">Sertracen\u00a0<\/a>.<\/p>\n<p style=\"text-align: justify;\">Tra i requisiti richiesti per la conversione ci sono:<\/p>\n<ul style=\"text-align: justify;\">\n<li><strong>Certificato di validit\u00e0 della patente di guida oggetto della conversione<\/strong>, contenente i dati della propria patente di guida. Si precisa che l\u2019Autorit\u00e0 competente al rilascio del certificato di validit\u00e0 non \u00e8 questa Ambasciata ma esclusivamente gli Uffici della Motorizzazione Civile, come esplicitato nella <a href=\"https:\/\/www.mit.gov.it\/normativa\/circolare-protocollo-4305-del-19022015\">Circolar<\/a><a href=\"https:\/\/www.mit.gov.it\/normativa\/circolare-protocollo-4305-del-19022015\">e<\/a><a href=\"https:\/\/www.mit.gov.it\/normativa\/circolare-protocollo-4305-del-19022015\"> protocollo 4305 del 19\/02\/2015 | Ministero delle infrastrutture e dei<\/a><a href=\"https:\/\/www.mit.gov.it\/normativa\/circolare-protocollo-4305-del-19022015\"> trasporti<\/a><a href=\"https:\/\/www.mit.gov.it\/normativa\/circolare-protocollo-4305-del-19022015\"> (mit.g<\/a><a href=\"https:\/\/www.mit.gov.it\/normativa\/circolare-protocollo-4305-del-19022015\">ov.it)<\/a>. Il certificato si potr\u00e0 richiedere presso qualsiasi\u00a0<strong>ufficio della Motorizzazione Civile presente sul territorio italiano e dev&#8217;essere munito dell&#8217;apostilla per poter avere validit\u00e0 sul territorio panamense<\/strong>;<\/li>\n<li>Copia autenticata della patente di guida per entrambi lati (fronte\/retro) che dev\u2019essere effettuata presso gli Uffici Consolari di questa Ambasciata.<\/li>\n<\/ul>\n<p>A tal fine, il cittadino italiano interessato dovr\u00e0 presentarsi previo appuntamento, da prenotare tramite il portale <strong><a href=\"https:\/\/prenotami.esteri.it\/\">Prenot@mi<\/a>, <\/strong>per i \u201cServizi Consolari\u201d.<\/p>\n<p style=\"text-align: justify;\"><strong>GUIDARE IN ITALIA CON PATENTE STRANIERA<\/strong><\/p>\n<p style=\"text-align: justify;\">I titolari di una patente di guida rilasciata da uno Stato non appartenente all&#8217;Unione Europea possono guidare sul territorio italiano a condizione che non siano residenti in Italia da oltre un anno. Inoltre, devono avere con s\u00e9 la patente di guida e un permesso internazionale di guida o una traduzione ufficiale della patente in lingua italiana.<\/p>\n<ul>\n<li style=\"text-align: justify;\">Sia la patente di guida che il permesso internazionale devono essere in corso di validit\u00e0.<\/li>\n<\/ul>\n","protected":false},"excerpt":{"rendered":"Rinnovo della patente italiana Si informa che possono richiedere il rilascio dell\u2019attestazione del rinnovo della patente italiana\u00a0(sempre che\u00a0non sia scaduta da pi\u00f9 di cinque anni) i titolari di patente di guida residenti in questa circoscrizione consolare. I cittadini italiani iscritti all&#8217;AIRE in Panama possono richiedere il servizio di &#8216;Rinnovo della patente italiana&#8216; presso l&#8217;Ambasciata d&#8217;Italia [&hellip;]","protected":false},"author":1,"featured_media":0,"parent":47,"menu_order":16,"comment_status":"closed","ping_status":"closed","template":"","meta":{"footnotes":""},"class_list":["post-74","page","type-page","status-publish","hentry"],"_links":{"self":[{"href":"https:\/\/ambpanama.esteri.it\/it\/wp-json\/wp\/v2\/pages\/74","targetHints":{"allow":["GET"]}}],"collection":[{"href":"https:\/\/ambpanama.esteri.it\/it\/wp-json\/wp\/v2\/pages"}],"about":[{"href":"https:\/\/ambpanama.esteri.it\/it\/wp-json\/wp\/v2\/types\/page"}],"author":[{"embeddable":true,"href":"https:\/\/ambpanama.esteri.it\/it\/wp-json\/wp\/v2\/users\/1"}],"replies":[{"embeddable":true,"href":"https:\/\/ambpanama.esteri.it\/it\/wp-json\/wp\/v2\/comments?post=74"}],"version-history":[{"count":8,"href":"https:\/\/ambpanama.esteri.it\/it\/wp-json\/wp\/v2\/pages\/74\/revisions"}],"predecessor-version":[{"id":8932,"href":"https:\/\/ambpanama.esteri.it\/it\/wp-json\/wp\/v2\/pages\/74\/revisions\/8932"}],"up":[{"embeddable":true,"href":"https:\/\/ambpanama.esteri.it\/it\/wp-json\/wp\/v2\/pages\/47"}],"wp:attachment":[{"href":"https:\/\/ambpanama.esteri.it\/it\/wp-json\/wp\/v2\/media?parent=74"}],"curies":[{"name":"wp","href":"https:\/\/api.w.org\/{rel}","templated":true}]}}