{"id":754,"date":"2023-11-09T10:24:01","date_gmt":"2023-11-09T15:24:01","guid":{"rendered":"https:\/\/ambpanama.esteri.it\/?page_id=754"},"modified":"2024-08-21T11:35:34","modified_gmt":"2024-08-21T16:35:34","slug":"visitare-panama","status":"publish","type":"page","link":"https:\/\/ambpanama.esteri.it\/it\/italia-e-panama\/diplomazia-culturale\/visitare-panama\/","title":{"rendered":"Visitare Panama"},"content":{"rendered":"<p><strong>Informazioni utili per chi intende soggiornare a Panama<\/strong><\/p>\n<p>Si invitano coloro che intendono recarsi\u00a0a Panama\u00a0a visitare il sito\u00a0<a href=\"http:\/\/www.viaggiaresicuri.it\/country\/PAN\">Viaggiare Sicuri<\/a>\u00a0per approfondire le condizioni sanitarie, di sicurezza e di mobilit\u00e0 nel Paese.<\/p>\n<p>Si invitano i cittadini italiani che stanno programmando un viaggio per affari o per turismo a Panama a segnalare la propria presenza nel Paese sul sito\u00a0<a href=\"https:\/\/www.dovesiamonelmondo.it\/?1\">Dove siamo nel mondo<\/a><\/p>\n<p>Per informazioni generali e per approfondire l&#8217;offerta turistica di Panama, si prega di visitare la\u00a0<a href=\"https:\/\/ambpanama.esteri.it\/ambasciata_panama\/it\/i_rapporti_bilaterali\/cooperazione_economica\/scheda_paese\/turismo\">pagina dedicata<\/a>\u00a0sul nostro sito.<\/p>\n<p><strong>NB. Alla luce dell&#8217;emergenza Covid-19, si fa presente che le informazioni in calce non tengono conto delle misure di emergenza introdotte dal governo locale e relative agli ingressi nel Paese, alle condizioni sanitarie e di sicurezza. Per maggiori informazioni in merito consultare i link in homepage e il sito Viaggiare Sicuri.<\/strong><\/p>\n<p><strong>Ingresso nel Paese<\/strong><\/p>\n<p>Passaporto:\u00a0<b>Non \u00e8 necessario il visto<\/b>\u00a0per Panama se il soggiorno e&#8217; a fini turistici e fino a 90 giorni. E&#8217; necessario presentare il proprio, con validit\u00e0 residua di almeno tre mesi (90 gg) dal momento dell\u2019arrivo nel Paese. L\u2019ingresso nel Paese \u00e8 consentito previa esibizione del biglietto di ritorno o di altro titolo di viaggio che attesta l\u2019 uscita dal Paese anche verso un luogo diverso da quello di provenienza. Pu\u00f3 essere richiesta la dimostrazione di mezzi di sussistenza non inferiori a 500 dollari americani.\u00a0Per le eventuali modifiche relative alla validit\u00e0 residua richiesta del passaporto si consiglia di informarsi preventivamente presso l\u2019Ambasciata o il Consolato del Paese presente in Italia o presso il proprio Agente di viaggio<\/p>\n<p><strong>Formalit\u00e0 valutarie e doganali<\/strong><\/p>\n<p>La valuta che ha corso legale a Panama \u00e8 il\u00a0<strong>dollaro USA<\/strong>. Esiste ufficialmente una moneta nazionale, denominata &#8220;balboa&#8221;, con valore sempre uguale al dollaro USA ma che \u00e8 emessa solo in monete da 5, 10, 25 e 50 centesimi e 1 balboa (le monete, tranne quella da 50 cents e 1 balboa, sono identiche per forma, peso e colore a quelle americane). Al momento dell\u2019arrivo nel Paese occorre dichiarare alla dogana il possesso di valuta per somme superiori ai 10.000 dollari.<br \/>\nLe banche non sono quasi mai provviste di servizio di cambio valuta; al momento il cambio euro-dollaro \u00e8 effettuato solamente da alcune banche (BNP, HSBC) con sede solo nella capitale.<br \/>\nSi consiglia pertanto di viaggiare con dollari USA in biglietti non superiori al taglio da 50 dollari, in quanto vengono accettati con meno difficolt\u00e0. Si possono in genere ritirare contanti dai Bancomat locali nelle maggiori citt\u00e0 con le carte di credito italiane. All&#8217;uscita dal Paese \u00e8 previsto il pagamento di una tassa d&#8217;imbarco di 20 dollari a persona, che di norma viene inclusa nel costo del biglietto.<\/p>\n<p><strong>Fuso orario<\/strong><\/p>\n<p>&#8211; 6 ore rispetto all&#8217;Italia; &#8211; 7 ore quando in Italia \u00e8 in vigore l&#8217;ora legale.<\/p>\n<p><strong>Situazione climatica<\/strong><\/p>\n<p>Il clima \u00e8 tropicale, molto caldo e umido. La temperatura durante tutto l&#8217;anno \u00e8 intorno ai 30 gradi, di giorno e di notte. Ci sono due stagioni: una piovosa e molto umida da fine aprile a fine dicembre, con piogge pi\u00f9 forti nei mesi di ottobre e novembre, ed una secca, con minor umidit\u00e0, da gennaio a fine marzo. La costa atlantica \u00e8 molto pi\u00f9 piovosa di quella pacifica durante tutto l&#8217;anno.<\/p>\n<p><strong>Collegamenti con l&#8217;Italia<\/strong><\/p>\n<p>Circa 15 ore di viaggio, con almeno un cambio di aereo, non esistendo voli diretti dall&#8217;Italia. Via Europa, \u00e8 possibile raggiungere Panama volando con Iberia (con scalo a Madrid), Air France (con scalo a Parigi), KLM (con scalo ad Amsterdam), Lufthansa (con scalo a Francoforte) e, da giugno 2019, Air Europa (con scalo a Madrid). Volando a Miami si possono prendere voli per l\u2019Europa di varie compagnie, tra cui Alitalia, che ha voli diretti giornalieri per Milano e Roma. Sono possibili ulteriori soluzioni di volo con scalo negli Stati Uniti (per le quali \u00e8 necessario munirsi di ESTA).<\/p>\n<p><strong>Situazione sanitaria<\/strong><\/p>\n<p>L\u2019assistenza sanitaria \u00e8 generalmente buona nelle strutture private nella citt\u00e0 di Panama, dove ci sono alcuni ospedali e cliniche di livello analogo a quello europeo. In provincia i servizi medici sono a volte limitati. La reperibilit\u00e0 di medicinali \u00e8 buona e non presenta problemi. L\u2019acqua del rubinetto \u00e8 potabile a Panama e nei principali centri urbani. Non sono necessarie particolari precauzioni in materia di alimenti: nei supermercati sono disponibili quasi tutti i normali prodotti, compresi quelli italiani pi\u00f9 diffusi (pasta, olio d\u2019oliva, ecc.). Nei ristoranti della capitale il livello igienico \u00e8 buono; si consiglia di evitare i chioschi lungo le strade, date le loro precarie condizioni igieniche.<br \/>\nLa malaria e il dengue, entrambi trasmessi dalle zanzare, sono presenti, ma i casi sono limitati e circoscritti a zone lontane dalla capitale e dai normali percorsi turistici. Non sono consigliati trattamenti preventivi, a parte l\u2019uso di repellenti anti-zanzare, specialmente nelle ore del tramonto fuori dai centri urbani ed in zone acquitrinose.<\/p>\n<p><strong>Situazione di sicurezza<\/strong><\/p>\n<p>In generale Panama non presenta particolari situazioni di rischio. Si pu\u00f2 viaggiare nel territorio nazionale senza particolari precauzioni. E\u2019 comunque prudente evitare di recarsi nelle seguenti zone: la parte orientale della provincia del Dari\u00e9n, soprattutto la zona di confine con la Colombia; nella capitale i quartieri di Curund\u00f9, Chorrillo e San Miguelito; il quartiere di Playita a Colon, e in generale le periferie delle citt\u00e0 pi\u00f9 grandi. Nelle citt\u00e0, salvo quanto detto sopra, la situazione di sicurezza \u00e8 normalmente paragonabile a quella delle citt\u00e0 italiane ed europee de stesse dimensione. Sono quindi consigliabili le normali misure di prudenza valide per tutti i grandi centri urbani. Per maggiori informazioni visitare il sito <a href=\"http:\/\/www.viaggiaresicuri.it\/country\/PAN\">Viaggiare Sicuri<\/a>.<\/p>\n<p><strong>Patente di guida<\/strong><\/p>\n<p>Per i turisti che rimangono nel Paese per non pi\u00f9 di 90 giorni \u00e8 sufficiente la patente italiana. Per ottenere una patente di guida panamense il cittadino italiano deve presentare:<\/p>\n<p>1) Passaporto<\/p>\n<p>2) Permesso di soggiorno<\/p>\n<p>3) Esame del glucosio<\/p>\n<p>4) Patente di guida originale e certificato validit\u00e0 della patente emesso in Italia dalla Motorizzazione Civile, debitamente apostillato (esclusivamente in Italia) e tradotto in spagnolo.<\/p>\n<p><strong>Corrente Elettronica<\/strong><\/p>\n<p>120V 60 HZ. Le prese sono identiche a quelle U.S.A<\/p>\n<p><b>Benzina <\/b>(prezzo orientativo per litro)<\/p>\n<p>Senza piombo &#8230;&#8230;.$ 1,10<br \/>\nGasolio &#8230;&#8230;&#8230;&#8230;&#8230;.$ 1,00<br \/>\nI prezzi, aggiornati a maggio 2022,\u00a0sono soggetti a fluttuazioni.<\/p>\n","protected":false},"excerpt":{"rendered":"Informazioni utili per chi intende soggiornare a Panama Si invitano coloro che intendono recarsi\u00a0a Panama\u00a0a visitare il sito\u00a0Viaggiare Sicuri\u00a0per approfondire le condizioni sanitarie, di sicurezza e di mobilit\u00e0 nel Paese. Si invitano i cittadini italiani che stanno programmando un viaggio per affari o per turismo a Panama a segnalare la propria presenza nel Paese sul [&hellip;]","protected":false},"author":4,"featured_media":0,"parent":44,"menu_order":4,"comment_status":"closed","ping_status":"closed","template":"","meta":{"footnotes":""},"class_list":["post-754","page","type-page","status-publish","hentry"],"_links":{"self":[{"href":"https:\/\/ambpanama.esteri.it\/it\/wp-json\/wp\/v2\/pages\/754","targetHints":{"allow":["GET"]}}],"collection":[{"href":"https:\/\/ambpanama.esteri.it\/it\/wp-json\/wp\/v2\/pages"}],"about":[{"href":"https:\/\/ambpanama.esteri.it\/it\/wp-json\/wp\/v2\/types\/page"}],"author":[{"embeddable":true,"href":"https:\/\/ambpanama.esteri.it\/it\/wp-json\/wp\/v2\/users\/4"}],"replies":[{"embeddable":true,"href":"https:\/\/ambpanama.esteri.it\/it\/wp-json\/wp\/v2\/comments?post=754"}],"version-history":[{"count":3,"href":"https:\/\/ambpanama.esteri.it\/it\/wp-json\/wp\/v2\/pages\/754\/revisions"}],"predecessor-version":[{"id":5664,"href":"https:\/\/ambpanama.esteri.it\/it\/wp-json\/wp\/v2\/pages\/754\/revisions\/5664"}],"up":[{"embeddable":true,"href":"https:\/\/ambpanama.esteri.it\/it\/wp-json\/wp\/v2\/pages\/44"}],"wp:attachment":[{"href":"https:\/\/ambpanama.esteri.it\/it\/wp-json\/wp\/v2\/media?parent=754"}],"curies":[{"name":"wp","href":"https:\/\/api.w.org\/{rel}","templated":true}]}}