{"id":7899,"date":"2025-06-26T15:53:20","date_gmt":"2025-06-26T20:53:20","guid":{"rendered":"https:\/\/ambpanama.esteri.it\/?page_id=7899"},"modified":"2026-01-14T10:57:36","modified_gmt":"2026-01-14T15:57:36","slug":"riacquisto-cittadinanza","status":"publish","type":"page","link":"https:\/\/ambpanama.esteri.it\/it\/servizi-consolari-e-visti\/servizi-per-il-cittadino-straniero\/cittadinanza\/riacquisto-cittadinanza\/","title":{"rendered":"Riacquisto cittadinanza"},"content":{"rendered":"<p>La legge di conversione del Decreto Legge 36\/2025 ha modificato l\u2019articolo 17, comma 1, della legge n. 91\/1992, consentendo ad ex cittadini anche residenti all\u2019estero, in determinati casi e per un periodo di tempo limitato, di riacquistare la cittadinanza italiana presentando una dichiarazione. Di seguito si forniscono opportune informazioni relative alle novit\u00e0 normative descritte.<\/p>\n<p><strong><u>Ambito di applicazione<\/u><\/strong><\/p>\n<p>Il nuovo articolo 17, comma 1, della legge n. 91\/1992 si applica, in presenza dei seguenti requisiti:<\/p>\n<ol>\n<li>a) l\u2019interessato deve essere\u00a0<strong>nato in Italia oppure\u00a0<\/strong>essere stato\u00a0<strong>residente in Italia per almeno due anni continuativi\u00a0<\/strong>(questo requisito non era previsto nel testo originario, applicato dal 16 agosto 1992 al 31 dicembre 1997);<br \/>\nb) l\u2019interessato\u00a0<strong>ha perso la cittadinanza non oltre il 15 agosto 1992 in uno dei seguenti casi<\/strong>:<\/li>\n<\/ol>\n<p>1) ha volontariamente acquistato una cittadinanza straniera non oltre il 15 agosto 1992 e stabilito all\u2019estero la propria residenza (articolo 8, numero 1\u00b0, della legge n. 555\/1912);<br \/>\n2) avendo acquistato senza concorso di volont\u00e0 propria una cittadinanza straniera, ha rinunciato alla cittadinanza italiana e ha stabilito la propria residenza all\u2019estero (articolo 8, numero 2\u00b0, della legge n. 555\/1912);<br \/>\n3) essendo figlio minore non emancipato di chi ha perso la cittadinanza, aveva in comune con il genitore la residenza e ha acquistato la cittadinanza di uno Stato straniero (articolo 12 della legge n. 555\/1912).<\/p>\n<p>Il nuovo articolo 17, comma 1, della legge n. 91\/1992,\u00a0<strong>non si applica\u00a0<\/strong>invece a favore di:<\/p>\n<p>\u2013 ex cittadini nati all\u2019estero che non sono stati residenti in Italia per almeno due anni continuativi;<br \/>\n\u2013 chi ha perso la cittadinanza dopo il 15 agosto 1992 (per qualunque motivo);<br \/>\n\u2013 chi ha perso la cittadinanza nei casi previsti dall\u2019articolo 8, numero 3\u00b0 (colui che, \u201cavendo accettato impiego da un Governo estero od essendo entrato al servizio militare di potenza estera, vi persista nonostante l\u2019intimazione del Governo italiano di abbandonare entro un termine fissato l\u2019impiego o il servizio\u201d);<br \/>\n\u2013 chi non ha esercitato l\u2019opzione prevista dall\u2019articolo 5, secondo comma, della legge n. 123\/1983 (figlio minorenne, anche adottivo, di padre cittadino o di madre cittadina che, in caso di doppia cittadinanza, poteva optare per una sola cittadinanza entro un anno dal raggiungimento della maggiore et\u00e0).<\/p>\n<p><strong><u>Termini<\/u><\/strong><\/p>\n<p>La\u00a0<strong>dichiarazione di riacquisto da parte dell\u2019ex cittadino pu\u00f2 essere presentata tra il 1\u00b0 luglio 2025 e il 31 dicembre 2027<\/strong>.<\/p>\n<p>L\u2019interessato al riacquisto deve presentare:<\/p>\n<ol>\n<li>Valido documento di identit\u00e0 emesso dall\u2019Autorit\u00e0 del Paese di attuale cittadinanza;<\/li>\n<li>Certificato di nascita: se nato all\u2019estero, dovr\u00e0 essere presentato nelle forme previste per la trascrizione in Italia, legalizzato e tradotto;<\/li>\n<li>Per i nati all\u2019estero, certificato storico di residenza rilasciato dal Comune italiano competente;<\/li>\n<li>Certificato storico di cittadinanza;<\/li>\n<li>Documentazione che dimostri la causa e la data della perdita della cittadinanza (si dovr\u00e0 dimostrare l\u2019acquisto della cittadinanza straniera e, nei casi previsti, la rinuncia a quella italiana:\u00a0<strong>certificato di naturalizzazione<\/strong>\u00a0oppure, se previsto dalla prassi locale, certificato di nascita corredato della certificazione di cittadinanza e del titolo al quale essa \u00e8 acquisita; la documentazione emessa da Autorit\u00e0 straniere dovr\u00e0 essere opportunamente legalizzata e tradotta).<\/li>\n<\/ol>\n<p>La dichiarazione deve essere resa dall\u2019interessato\u00a0<u><strong>personalmente<\/strong>.<\/u><\/p>\n<p><strong>Dove richiedere il servizio:<\/strong><\/p>\n<ul>\n<li>Presentandosi presso l\u2019Ambasciata d\u2019Italia a Panama, previa prenotazione di un appuntamento per \u201c<strong>Riacquisto della cittadinanza<\/strong>\u201d attraverso il portale.\u00a0<a href=\"https:\/\/prenotami.esteri.it\/\">Prenota@mi<\/a>;<\/li>\n<\/ul>\n<p>&nbsp;<\/p>\n","protected":false},"excerpt":{"rendered":"La legge di conversione del Decreto Legge 36\/2025 ha modificato l\u2019articolo 17, comma 1, della legge n. 91\/1992, consentendo ad ex cittadini anche residenti all\u2019estero, in determinati casi e per un periodo di tempo limitato, di riacquistare la cittadinanza italiana presentando una dichiarazione. Di seguito si forniscono opportune informazioni relative alle novit\u00e0 normative descritte. Ambito [&hellip;]","protected":false},"author":4,"featured_media":0,"parent":90,"menu_order":3,"comment_status":"closed","ping_status":"closed","template":"","meta":{"footnotes":""},"class_list":["post-7899","page","type-page","status-publish","hentry"],"_links":{"self":[{"href":"https:\/\/ambpanama.esteri.it\/it\/wp-json\/wp\/v2\/pages\/7899","targetHints":{"allow":["GET"]}}],"collection":[{"href":"https:\/\/ambpanama.esteri.it\/it\/wp-json\/wp\/v2\/pages"}],"about":[{"href":"https:\/\/ambpanama.esteri.it\/it\/wp-json\/wp\/v2\/types\/page"}],"author":[{"embeddable":true,"href":"https:\/\/ambpanama.esteri.it\/it\/wp-json\/wp\/v2\/users\/4"}],"replies":[{"embeddable":true,"href":"https:\/\/ambpanama.esteri.it\/it\/wp-json\/wp\/v2\/comments?post=7899"}],"version-history":[{"count":4,"href":"https:\/\/ambpanama.esteri.it\/it\/wp-json\/wp\/v2\/pages\/7899\/revisions"}],"predecessor-version":[{"id":8631,"href":"https:\/\/ambpanama.esteri.it\/it\/wp-json\/wp\/v2\/pages\/7899\/revisions\/8631"}],"up":[{"embeddable":true,"href":"https:\/\/ambpanama.esteri.it\/it\/wp-json\/wp\/v2\/pages\/90"}],"wp:attachment":[{"href":"https:\/\/ambpanama.esteri.it\/it\/wp-json\/wp\/v2\/media?parent=7899"}],"curies":[{"name":"wp","href":"https:\/\/api.w.org\/{rel}","templated":true}]}}