{"id":8638,"date":"2026-01-15T11:49:22","date_gmt":"2026-01-15T16:49:22","guid":{"rendered":"https:\/\/ambpanama.esteri.it\/?page_id=8638"},"modified":"2026-01-15T11:49:22","modified_gmt":"2026-01-15T16:49:22","slug":"nascita-derivata-da-maternita-surrogata","status":"publish","type":"page","link":"https:\/\/ambpanama.esteri.it\/it\/servizi-consolari-e-visti\/servizi-per-il-cittadino-italiano\/stato-civile\/nascita-derivata-da-maternita-surrogata\/","title":{"rendered":"Nascita derivata da \u201cmaternita\u2019 surrogata\u201d"},"content":{"rendered":"<div class=\"entry-content\">\n<p>Con l\u2019entrata in vigore, il 3 dicembre 2024, della Legge 4 novembre 2024 n. 169,\u00a0<strong>il reato di<\/strong>\u00a0<strong>surrogazione di maternit\u00e0<\/strong>\u00a0commesso da cittadino italiano\u00a0<strong>\u00e8 perseguibile anche all\u2019estero<\/strong>\u00a0e punito ai sensi della legge italiana. Ci\u00f2 indipendentemente dal fatto che la relativa pratica sia consentita nel Paese estero in cui ha avuto luogo. Al reato di surrogazione di maternit\u00e0 si applica la pena prevista dall\u2019art. 12, comma 6, della Legge 19 febbraio 2004 n. 40, che gi\u00e0 lo prevedeva e sanzionava sul territorio nazionale.<\/p>\n<p>Si attira pertanto l\u2019attenzione degli utenti sulla circostanza che, in applicazione dell\u2019art. 38, comma 1, del D.Lgs. 3 febbraio 2011 n. 71,\u00a0<strong>l\u2019autorit\u00e0 consolare<\/strong>\u00a0cui venga presentato l\u2019atto di nascita di un bambino che risulti, o si possa presumere, essere nato mediante surrogazione di maternit\u00e0,\u00a0<strong>sar\u00e0 tenuta a comunicare alla competente autorit\u00e0 giudiziaria<\/strong>\u00a0<strong>nazionale<\/strong>\u00a0<strong>la relativa ipotesi di reato<\/strong>, in concomitanza con l\u2019invio dell\u2019atto stesso al Comune italiano di riferimento.<\/p>\n<p>La \u201cmaternita\u2019 surrogata\u201d e\u2019 una pratica, assolutamente legale in alcuni Paesi, in base alla quale viene impiantato nell\u2019utero della madre surrogata, donna estranea alla coppia, la quale porta avanti la gravidanza.<br \/>\nCon la madre surrogata e\u2019 normalmente concluso un contratto con cui la donna, in cambio del pagamento di una somma di denaro, si impegna a portare avanti la gravidanza e a non riconoscere il nascituro.<br \/>\nAl momento del parto il bambino viene immediatamente dato ai genitori acquirenti ed e\u2019 rilasciato dalle competenti autorita\u2019 il certificato di nascita che attesta che i genitori sono i due coniugi.<br \/>\nIn Italia, tale pratica e\u2019 vietata dalla Legge 19 febbraio 2004, n. 40. Tale legge, tuttavia, pur ponendo un divieto assoluto alla maternita\u2019 surrogata, non disciplina i casi in cui vi siano bambini ormai nati e voluti dalla coppia.<br \/>\nSi osserva, altresi\u2019, che la maternita\u2019 surrogata e\u2019 contraria anche ai principi sanciti dall\u2019Unione Europea con la Convenzione di Oviedo con legge 145 del 2001.<\/p>\n<p>A fronte delle segnalazioni da parte di alcune nostre Rappresentanze di casi di supposta surrogazione di maternita\u2019, si e\u2019 provveduto a consultare il Ministero dell\u2019Interno al fine di individuare una condivisa norma di linguaggio nei casi di presentazione dei certificati di nascita e di emissione di idonei documenti di viaggio per l\u2019ingresso in Italia dei minori.<br \/>\nSulla base di quanto concordato con il competente Ministero dell\u2019Interno si e\u2019 concluso che in presenza di atti di nascita formalmente validi, il funzionario consolare, sebbene a conoscenza del fatto che la nascita derivi da \u201cmaternita\u2019 surrogata\u201d, deve accettare gli atti e inoltrarli al Comune competente, dando tuttavia nel contempo opportuna informazione delle particolari circostanze della nascita al Comune e alla Procura della Repubblica competente. L\u2019ufficiale di stato civile, ai sensi della normativa vigente, verifichera\u2019 la sussistenza dell\u2019ipotesi che la nascita derivi da maternita\u2019 surrogata per il rifiuto motivato alla trascrizione dell\u2019atto. Al momento di ricevere l\u2019atto di nascita i funzionari consolari faranno presente agli interessati che il medesimo atto, prima di essere trascritto nei registri di stato civile, sara\u2019 fatto oggetto di scrupolosa attenzione relativamente ad eventuali problemi di contrarieta\u2019 alla normativa vigente per violazione dei principi dell\u2019ordinamento italiano in materia di \u201cprocreazione medicalmente assistita\u201d. Dovra\u2019 altresi\u2019 essere evidenziato da parte del funzionario consolare che nel caso in cui dalle indagini dovesse emergere che si tratta di \u201cmaternita\u2019 surrogata\u201d l\u2019ufficiale dello stato civile non potra\u2019 trascrivere gli atti di nascita nei registri di stato civile e gli interessati incorreranno nel delitto di cui all\u2019art. 567 c.p., che comporta per gli indagati, in caso di condanna, la pena accessoria della decadenza della potesta\u2019 genitoriale con evidenti conseguenze sui bambini ormai nati. Si e\u2019 comunque concordato d\u2019intesa con il Ministero dell\u2019Interno che, nel supremo interesse del minore, allo stesso debba essere comunque rilasciato un documento di viaggio idoneo all\u2019ingresso in Italia.<\/p>\n<p>Le Sezioni Unite Civili della Corte Suprema di Cassazione decidendo, su questione di massima di particolare importanza, relativa alla trascrivibilit\u00e0 in Italia dell\u2019atto di nascita, regolamente formato in paese estero, di un bambino nato in Canada attraverso la pratica della gestazione per altri, cui aveva fatto ricorso una coppia omoaffettiva maschile di cittadini italiani, uniti in matrimonio presso tale Stato estero, con atto successivamente trascritto in Italia nel registro delle unioni civili, hanno affermato che: la pratica della gestazione per altri, quali che siano le modalit\u00e0 della condotta e gli scopi perseguiti, offende in modo intollerabile la dignit\u00e0 della donna e mina nel profondo le relazioni umane; ci\u00f2 esclude l\u2019automatica trascrivibilit\u00e0 del provvedimento giudiziario straniero, e \u201ca fortiori\u201d dell\u2019originario atto di nascita, nel quale sia indicato quale genitore del bambino il genitore d\u2019intenzione, oltre al padre biologico, anche se l\u2019atto di nascita \u00e8 stato formato in conformit\u00e0 della \u201c<em>lex loci<\/em>\u201d; che, nondimeno, anche il bambino nato ricorrendo alla gestazione per altri ha un diritto fondamentale al riconoscimento, anche giuridico, del legame sorto in forza del rapporto affettivo instaurato e vissuto con colui che ha condiviso il disegno genitoriale, e che l\u2019ineludibile esigenza di assicurargli i medesimi diritti degli altri bambini \u00e8 garantita attraverso l\u2019adozione in casi particolari, ai sensi dell\u2019art. 44, comma 1, lett. d), della l. n. 184 del 1983, in quanto, allo stato dell\u2019evoluzione dell\u2019ordinamento, l\u2019adozione rappresenta lo strumento che consente di dare riconoscimento giuridico, con il conseguimento dello \u201cstatus\u201d di figlio, al legame di fatto con il \u201cpartner\u201d del genitore genetico che ha condiviso il disegno procreativo e ha concorso nel prendersi cura del bambino sin dal momento della nascita.<\/p>\n<\/div>\n","protected":false},"excerpt":{"rendered":"Con l\u2019entrata in vigore, il 3 dicembre 2024, della Legge 4 novembre 2024 n. 169,\u00a0il reato di\u00a0surrogazione di maternit\u00e0\u00a0commesso da cittadino italiano\u00a0\u00e8 perseguibile anche all\u2019estero\u00a0e punito ai sensi della legge italiana. Ci\u00f2 indipendentemente dal fatto che la relativa pratica sia consentita nel Paese estero in cui ha avuto luogo. Al reato di surrogazione di maternit\u00e0 [&hellip;]","protected":false},"author":5,"featured_media":0,"parent":68,"menu_order":0,"comment_status":"closed","ping_status":"closed","template":"","meta":{"footnotes":""},"class_list":["post-8638","page","type-page","status-publish","hentry"],"_links":{"self":[{"href":"https:\/\/ambpanama.esteri.it\/it\/wp-json\/wp\/v2\/pages\/8638","targetHints":{"allow":["GET"]}}],"collection":[{"href":"https:\/\/ambpanama.esteri.it\/it\/wp-json\/wp\/v2\/pages"}],"about":[{"href":"https:\/\/ambpanama.esteri.it\/it\/wp-json\/wp\/v2\/types\/page"}],"author":[{"embeddable":true,"href":"https:\/\/ambpanama.esteri.it\/it\/wp-json\/wp\/v2\/users\/5"}],"replies":[{"embeddable":true,"href":"https:\/\/ambpanama.esteri.it\/it\/wp-json\/wp\/v2\/comments?post=8638"}],"version-history":[{"count":1,"href":"https:\/\/ambpanama.esteri.it\/it\/wp-json\/wp\/v2\/pages\/8638\/revisions"}],"predecessor-version":[{"id":8639,"href":"https:\/\/ambpanama.esteri.it\/it\/wp-json\/wp\/v2\/pages\/8638\/revisions\/8639"}],"up":[{"embeddable":true,"href":"https:\/\/ambpanama.esteri.it\/it\/wp-json\/wp\/v2\/pages\/68"}],"wp:attachment":[{"href":"https:\/\/ambpanama.esteri.it\/it\/wp-json\/wp\/v2\/media?parent=8638"}],"curies":[{"name":"wp","href":"https:\/\/api.w.org\/{rel}","templated":true}]}}