{"id":869,"date":"2023-11-10T14:16:32","date_gmt":"2023-11-10T19:16:32","guid":{"rendered":"https:\/\/ambpanama.esteri.it\/?page_id=869"},"modified":"2024-09-17T10:23:11","modified_gmt":"2024-09-17T15:23:11","slug":"adozioni-nazionali-e-internazionali","status":"publish","type":"page","link":"https:\/\/ambpanama.esteri.it\/it\/servizi-consolari-e-visti\/servizi-per-il-cittadino-italiano\/stato-civile\/adozioni-nazionali-e-internazionali\/","title":{"rendered":"Adozioni Nazionali e Internazionali"},"content":{"rendered":"<p style=\"text-align: justify;\">Nel caso in cui un cittadino italiano iscritto all\u2019A.I.R.E. voglia richiedere all\u2019Ambasciata la trascrizione della sentenza di adozione nazionale\/internazionale di un minore presso il competente Tribunale italiano per i Minorenni, dovr\u00e0 prenotare un appuntamento di \u201c<strong>Servizi Consolari<\/strong>\u201d sulla piattaforma\u00a0<a href=\"https:\/\/prenotami.esteri.it\/\">Prenot@mi<\/a>\u00a0e presentare la seguente documentazione:<\/p>\n<ol>\n<li style=\"text-align: justify;\"><a href=\"https:\/\/ambpanama.esteri.it\/wp-content\/uploads\/2023\/11\/istanza_trascrizione_sentenza_adozione_minore_ambpanama.pdf\">Modulo<\/a> di richiesta di trascrizione della sentenza di adozione;<\/li>\n<li style=\"text-align: justify;\"><a href=\"https:\/\/ambpanama.esteri.it\/wp-content\/uploads\/2024\/08\/NASCITA-MODULO.pdf\">Modulo<\/a> di richiesta di trascrizione dell&#8217;atto di nascita<\/li>\n<li style=\"text-align: justify;\">Primo atto di nascita del minore (emesso al momento della nascita con i cognomi dei genitori biologici); apostillato, tradotto e munita dell\u2019apostille della firma del traduttore,<\/li>\n<li style=\"text-align: justify;\">Risoluzione di adottabilit\u00e0; apostillata, tradotta e munita dell\u2019apostille della firma del traduttore,<\/li>\n<li style=\"text-align: justify;\">Sentenza di adozione con dichiarazione di \u201cpassato in giudicato\u201d; apostillata, tradotta e munita dell\u2019apostille della firma del traduttore,<\/li>\n<li style=\"text-align: justify;\">Nuovo atto di nascita (emesso in seguito all\u2019adozione con i nuovi cognomi). apostillato, tradotto e munita dell\u2019apostille della firma del traduttore,<\/li>\n<li style=\"text-align: justify;\">Copia dei documenti d\u2019identit\u00e0 di entrambi genitori (per il genitore italiano \u00e8 necessario copia del passaporto in corso di validit\u00e0)<\/li>\n<\/ol>\n","protected":false},"excerpt":{"rendered":"Nel caso in cui un cittadino italiano iscritto all\u2019A.I.R.E. voglia richiedere all\u2019Ambasciata la trascrizione della sentenza di adozione nazionale\/internazionale di un minore presso il competente Tribunale italiano per i Minorenni, dovr\u00e0 prenotare un appuntamento di \u201cServizi Consolari\u201d sulla piattaforma\u00a0Prenot@mi\u00a0e presentare la seguente documentazione: Modulo di richiesta di trascrizione della sentenza di adozione; Modulo di richiesta [&hellip;]","protected":false},"author":4,"featured_media":0,"parent":68,"menu_order":9,"comment_status":"closed","ping_status":"closed","template":"","meta":{"footnotes":""},"class_list":["post-869","page","type-page","status-publish","hentry"],"_links":{"self":[{"href":"https:\/\/ambpanama.esteri.it\/it\/wp-json\/wp\/v2\/pages\/869","targetHints":{"allow":["GET"]}}],"collection":[{"href":"https:\/\/ambpanama.esteri.it\/it\/wp-json\/wp\/v2\/pages"}],"about":[{"href":"https:\/\/ambpanama.esteri.it\/it\/wp-json\/wp\/v2\/types\/page"}],"author":[{"embeddable":true,"href":"https:\/\/ambpanama.esteri.it\/it\/wp-json\/wp\/v2\/users\/4"}],"replies":[{"embeddable":true,"href":"https:\/\/ambpanama.esteri.it\/it\/wp-json\/wp\/v2\/comments?post=869"}],"version-history":[{"count":4,"href":"https:\/\/ambpanama.esteri.it\/it\/wp-json\/wp\/v2\/pages\/869\/revisions"}],"predecessor-version":[{"id":6035,"href":"https:\/\/ambpanama.esteri.it\/it\/wp-json\/wp\/v2\/pages\/869\/revisions\/6035"}],"up":[{"embeddable":true,"href":"https:\/\/ambpanama.esteri.it\/it\/wp-json\/wp\/v2\/pages\/68"}],"wp:attachment":[{"href":"https:\/\/ambpanama.esteri.it\/it\/wp-json\/wp\/v2\/media?parent=869"}],"curies":[{"name":"wp","href":"https:\/\/api.w.org\/{rel}","templated":true}]}}