{"id":95,"date":"2023-04-11T18:23:52","date_gmt":"2023-04-11T16:23:52","guid":{"rendered":"https:\/\/ambasciatapraga.esteri.it\/?page_id=95"},"modified":"2024-09-17T10:50:19","modified_gmt":"2024-09-17T15:50:19","slug":"fare-affari-in-panama","status":"publish","type":"page","link":"https:\/\/ambpanama.esteri.it\/it\/italia-e-panama\/diplomazia-economica\/fare-affari-in-panama\/","title":{"rendered":"Fare affari in Panama"},"content":{"rendered":"<p><strong>Sezione Commerciale<\/strong><\/p>\n<p class=\"boxLevel04\" style=\"text-align: justify;\">L\u2019Ufficio economico e commerciale dell\u2019Ambasciata d\u2019Italia sostiene e favorisce le aziende italiane nella promozione delle loro attivit\u00e0 e nei loro investimenti a Panama. In egual misura sostiene le compagnie e le imprese panamensi interessate a investire in Italia e\/o a importare prodotti e servizi dall\u2019Italia.<\/p>\n<p style=\"text-align: justify;\">Per richiedere informazioni, inviare una mail a:\u00a0<a href=\"mailto:comm.ambpanama@esteri.it\">comm.ambpanama@esteri.it<\/a><\/p>\n<p style=\"text-align: justify;\">In alternativa, \u00e8 possibile richiedere informazioni su Panama (e ogni altro Paese nel mondo) attraverso la piattaforma <a href=\"https:\/\/nexus.esteri.it\/\">NEXUS\u00a0<\/a>del Ministero degli Affari Esteri e della Cooperazione Internazionale.<\/p>\n<p style=\"text-align: justify;\"><strong>Agenzia ICE<\/strong><\/p>\n<p style=\"text-align: justify;\">L&#8217;attivit\u00e0 di promozione economica-commerciale dell&#8217;Ambasciata d&#8217;Italia a Panama \u00e8 svolta in collaborazione con l&#8217;Ufficio ICE di Bogot\u00e1, competente per Panama.<\/p>\n<p style=\"text-align: justify;\">L\u2019ICE-Agenzia per la promozione all\u2019estero e l\u2019internazionalizzazione delle imprese italiane \u00e8 l\u2019organismo attraverso cui il nostro Governo favorisce il consolidamento e lo sviluppo economico-commerciale delle imprese italiane\u00a0sui mercati esteri. Ha inoltre l&#8217;obiettivo di promuovere l\u2019attrazione degli investimenti esteri in Italia.<\/p>\n<p style=\"text-align: justify;\">Attraverso la sua rete di uffici all\u2019estero, l\u2019ICE svolge\u00a0<strong>attivit\u00e0 di informazione, assistenza, consulenza, promozione e formazione<\/strong>, rivolta principalmente\u00a0alle\u00a0<strong>piccole e medie imprese italiane<\/strong>.<\/p>\n<p style=\"text-align: justify;\"><a href=\"https:\/\/www.ice.it\/it\/mercati\/panama\">ICE Bogot\u00e1<\/a><br \/>\nCalle 93b 9-92 Bogot\u00e1, COLOMBIA<br \/>\nE-mail:\u00a0<a href=\"mailto:bogota@ice.it\">bogota@ice.it<\/a><br \/>\nTel: (00571) 7030410 \/ 7030433<\/p>\n<p style=\"text-align: justify;\"><strong>PERCHE&#8217; PANAMA<\/strong><\/p>\n<p style=\"text-align: justify;\">Panama \u00e8 storicamente servita come\u00a0<strong>crocevia di commercio per le Americhe<\/strong>. La sua strategica posizione\u00a0di ponte tra due oceani e l&#8217;incontro di due continenti ha reso Panama non solo un hub marittimo e del trasporto aereo, ma anche\u00a0del commercio internazionale, bancario e centro servizi. Panama\u00a0sta progressivamente\u00a0consolidando la sua importanza a livello globale e regionale anche\u00a0grazie ai processi di liberalizzazione\u00a0 e privatizzazione e sta\u00a0aderendo attivamente agli accordi di libero scambio.<\/p>\n<p style=\"text-align: justify;\">Con un&#8217;economia basata sul dollaro, Panama offre i vantaggi di un sistema economico con una relativamente bassa inflazione &#8211; rispetto ai paesi vicini &#8211; nessun rischio di cambio, un governo\u00a0stabile e democratico\u00a0che\u00a0incoraggia attivamente gli investimenti stranieri in tutti i settori, in particolare i servizi, il turismo e il settore immobiliare.<\/p>\n<p style=\"text-align: justify;\">Sin dal 2010 le tre principali agenzie di rating &#8211; Standard &amp; Poor, Moody e Fitch &#8211; hanno elevato i loro rating su Panama innalzandolo a\u00a0<strong>investment grade<\/strong>,\u00a0a riconoscimento delle\u00a0importanti riforme fiscali\u00a0 e\u00a0del\u00a0record di crescita del PIL,\u00a0con un\u00a0deficit sotto controllo.<\/p>\n<p style=\"text-align: justify;\">L&#8217;economia di Panama \u00e8 basata principalmente su un\u00a0<strong>settore dei servizi<\/strong> ben sviluppato, che rappresenta circa il 75% del PIL. I servizi includono il Canale di Panama, banche, attivit\u00e0 nella zona di libero scambio di Colon, assicurazioni, porti container. Il paese ha da poco completato il progetto di espansione del Canale di Panama (del valore di 5,25\u00a0 miliardi $), che consente il transito a imbarcazioni notevolmente pi\u00f9 grandi, e che ha il potenziale per modificare le rotte di navigazione del commercio mondiale. L&#8217;espansione del Canale inaugurato nel giugno 2016, insieme con l&#8217;espansione delle capacit\u00e0 dei suoi porti sia sulle coste dell&#8217;Atlantico e del Pacifico e i continui investimenti in infrastrutture, consolider\u00e0 il vantaggio logistico globale di Panama nell&#8217;emisfero occidentale.<\/p>\n<p style=\"text-align: justify;\">Questa piattaforma logistica ha contribuito al successo della\u00a0<strong>Free Zone di Colon<\/strong> (CFZ), la seconda pi\u00f9 grande del mondo, che \u00e8 diventata un importante centro commerciale e di trasbordo che serve la regione e\u00a0 il mondo. La CFZ osserva importazioni da tutto il mondo &#8211; una vasta gamma di beni di lusso, prodotti elettronici, indumenti e altri prodotti di consumo &#8211; che sono rivendute, riconfezionate e rispedite, in primo luogo\u00a0nei mercati regionali. Il Governo ha istituito ulteriori zone franche, stabilendo incentivi e agevolazioni fiscali per le imprese internazionali interessate ad aprirvi una propria societ\u00e0.<\/p>\n<p style=\"text-align: justify;\">Panama ha accordi di libero scambio in vigore con i paesi seguenti: El Salvador, Taiwan, Singapore, Cile, Costa Rica, Honduras, Guatemala, Nicaragua, Per\u00f9, Stati Uniti, Canada e Messico. Panama ha accordi commerciali parziali con la Repubblica Dominicana e Cuba. E&#8217; stato firmato altres\u00ec un accordo con la Colombia, che non \u00e8 ancora entrato in vigore. E &#8216;anche parte della FTA dell&#8217;America Centrale con l&#8217;Unione europea, entrato in vigore nel 2013. Panama \u00e8 un osservatore dell&#8217;Alleanza del Pacifico e ha espresso interesse ad aderire al gruppo. Continua inoltre a negoziare accordi di libero scambio con la Corea e Israele.<\/p>\n<p style=\"text-align: justify;\"><b>Avviare un&#8217;attivit\u00e0 commerciale a Panama<\/b><\/p>\n<p style=\"text-align: justify;\">Avviare un&#8217;attivit\u00e0 commerciale a Panama \u00e9 molto semplice e veloce. E&#8217; necessario tuttavia affidarsi a uno studio legale locale, per procedere poi con l&#8217;apertura di una societ\u00e0 anonima di diritto locale. Una volta ottenuta la registrazione presso la Divisione Mercantile del <em>Registro P\u00fablico<\/em>\u00a0e\u00a0pagata la tassa unica annuale (valore ca 300 USD), \u00e9\u00a0possibile ottenere il c.d.\u00a0<em>Aviso de Operaci\u00f3n<\/em>, attraverso il portale\u00a0<a href=\"https:\/\/www.panamatramita.gob.pa\/es\/tramite\/solicitud-para-obtener-un-aviso-de-operaci%C3%B3n-licencia-comercial\">Panama Tramita<\/a>,\u00a0che consente di realizzare online questa e centinaia di altre pratiche amministrative.<\/p>\n<p style=\"text-align: justify;\">Per alcuni settori, \u00e9 necessario ottenere una &#8220;autorizaci\u00f3n previa&#8221; prima di poter richiedere l&#8217;Aviso de operaci\u00f3n. Consultare per maggiori informazioni il sito\u00a0<a href=\"https:\/\/www.panamatramita.gob.pa\/es\/tramite\/solicitud-para-obtener-un-aviso-de-operaci%C3%B3n-licencia-comercial\">https:\/\/www.panamatramita.gob.pa\/es\/tramite\/solicitud-para-obtener-un-aviso-de-operaci%C3%B3n-licencia-comercial<\/a><\/p>\n<p style=\"text-align: justify;\"><strong>PROPANAMA<\/strong><\/p>\n<p style=\"text-align: justify;\">L&#8217;Agenzia\u00a0<a href=\"https:\/\/www.propanama.gob.pa\/\">ProPanama<\/a>, in analogia con le funzioni dell&#8217;Agenzia ICE per l&#8217;Italia, si occupa di promuovere i prodotti e le imprese panamensi all&#8217;estero e di attrarre investimenti stranieri nel Paese. Sul proprio sito internet \u00e8 possibile trovare normativa, informazioni, statistiche, incentivi e agevolazioni in vigore a Panama.<\/p>\n<p style=\"text-align: justify;\">Nei due documenti allegati a questa pagina, \u00e9 possibile trovare una sintetica presentazione dei vantaggi e delle caratteristiche di Panama e un riepilogo dei principali regimi speciali per l&#8217;attrazione di imprese e capitali stranieri.<\/p>\n","protected":false},"excerpt":{"rendered":"Sezione Commerciale L\u2019Ufficio economico e commerciale dell\u2019Ambasciata d\u2019Italia sostiene e favorisce le aziende italiane nella promozione delle loro attivit\u00e0 e nei loro investimenti a Panama. In egual misura sostiene le compagnie e le imprese panamensi interessate a investire in Italia e\/o a importare prodotti e servizi dall\u2019Italia. Per richiedere informazioni, inviare una mail a:\u00a0comm.ambpanama@esteri.it In [&hellip;]","protected":false},"author":1,"featured_media":0,"parent":43,"menu_order":0,"comment_status":"closed","ping_status":"closed","template":"","meta":{"footnotes":""},"class_list":["post-95","page","type-page","status-publish","hentry"],"_links":{"self":[{"href":"https:\/\/ambpanama.esteri.it\/it\/wp-json\/wp\/v2\/pages\/95","targetHints":{"allow":["GET"]}}],"collection":[{"href":"https:\/\/ambpanama.esteri.it\/it\/wp-json\/wp\/v2\/pages"}],"about":[{"href":"https:\/\/ambpanama.esteri.it\/it\/wp-json\/wp\/v2\/types\/page"}],"author":[{"embeddable":true,"href":"https:\/\/ambpanama.esteri.it\/it\/wp-json\/wp\/v2\/users\/1"}],"replies":[{"embeddable":true,"href":"https:\/\/ambpanama.esteri.it\/it\/wp-json\/wp\/v2\/comments?post=95"}],"version-history":[{"count":5,"href":"https:\/\/ambpanama.esteri.it\/it\/wp-json\/wp\/v2\/pages\/95\/revisions"}],"predecessor-version":[{"id":6160,"href":"https:\/\/ambpanama.esteri.it\/it\/wp-json\/wp\/v2\/pages\/95\/revisions\/6160"}],"up":[{"embeddable":true,"href":"https:\/\/ambpanama.esteri.it\/it\/wp-json\/wp\/v2\/pages\/43"}],"wp:attachment":[{"href":"https:\/\/ambpanama.esteri.it\/it\/wp-json\/wp\/v2\/media?parent=95"}],"curies":[{"name":"wp","href":"https:\/\/api.w.org\/{rel}","templated":true}]}}